{"id":8120,"date":"2025-10-17T09:04:46","date_gmt":"2025-10-17T07:04:46","guid":{"rendered":"https:\/\/www.hsu-hh.de\/ees\/?page_id=8120"},"modified":"2025-10-17T09:04:53","modified_gmt":"2025-10-17T07:04:53","slug":"exkursion-nach-rostock-energieversorgung-zwischen-tradition-und-wandel","status":"publish","type":"page","link":"https:\/\/www.hsu-hh.de\/ees\/exkursion-nach-rostock-energieversorgung-zwischen-tradition-und-wandel","title":{"rendered":"Exkursion nach Rostock: Energieversorgung zwischen Tradition und Wandel"},"content":{"rendered":"\n<p>Am 13. und 14. Oktober 2025 f\u00fchrte die Professur f\u00fcr&nbsp;<strong>Elektrische Energiesysteme<\/strong>&nbsp;eine Exkursion nach Rostock durch. Studierende der Studieng\u00e4nge&nbsp;<strong>Elektrotechnik<\/strong>&nbsp;und&nbsp;<strong>Wirtschaftsingenieurwesen<\/strong>&nbsp;\u2013 \u00fcberwiegend Angeh\u00f6rige der Marine, aber auch anderer Teilstreitkr\u00e4fte \u2013 nutzten die Gelegenheit, vor Ort Technik zu erleben und dabei ein wenig Seeluft zu schnuppern.<\/p>\n\n\n\n<p>Den Auftakt bildete der Besuch der&nbsp;<strong>Korvette&nbsp;<em>Emden<\/em>&nbsp;(2. Los K130)<\/strong>&nbsp;des 1. Korvettengeschwaders. Unter technischen Gesichtspunkten erhielten die Teilnehmenden Einblicke in die Energieversorgung, die elektrischen Anlagen an Bord und das Zusammenspiel komplexer Systeme im maritimen Umfeld.<\/p>\n\n\n\n<p>Anschlie\u00dfend stand ein Besuch bei&nbsp;<strong>ENO Energy<\/strong>&nbsp;auf dem Programm. Der einf\u00fchrende Vortrag zur Windenergietechnik sorgte zun\u00e4chst f\u00fcr einige Diskussionen und Schmunzler in der Gruppe \u2013 der anschlie\u00dfende Rundgang durch die Werkshallen \u00fcberzeugte daf\u00fcr umso mehr. Zwischen tonnenschweren Maschinenh\u00e4usern und massiven Gusskomponenten wurde anschaulich, welche Ingenieurskunst hinter modernen Windkraftanlagen steckt.<\/p>\n\n\n\n<p>Den fachlichen H\u00f6hepunkt bildete die Besichtigung des&nbsp;<strong>Steinkohlekraftwerks Rostock<\/strong>, das am Exkursionstag mit rund&nbsp;<strong>514 MW<\/strong>&nbsp;elektrischer Leistung im Volllastbetrieb war. Nach einem kurzen Einf\u00fchrungsvortrag ergab sich eine lebhafte Fragerunde, bevor die Studierenden nahezu das gesamte Werk besichtigen konnten \u2013 von der Leitwarte \u00fcber die Turbinenhalle bis hin zur Kessel- und Schaltanlage. Die Dimensionen und der technische Aufbau vermittelten eindrucksvoll, welche Herausforderungen konventionelle Energieerzeugung im Zusammenspiel mit erneuerbaren Quellen bew\u00e4ltigen muss.<\/p>\n\n\n\n<p><strong>Fazit:<\/strong>&nbsp;Die Exkursion bot einen praxisnahen Blick auf das Spannungsfeld zwischen konventioneller und erneuerbarer Energieerzeugung \u2013 und zeigte, wie wichtig technisches Verst\u00e4ndnis f\u00fcr den Betrieb kritischer Infrastrukturen bleibt.<\/p>\n\n\n\n<div class=\"wp-block-columns is-layout-flex wp-container-core-columns-is-layout-9d6595d7 wp-block-columns-is-layout-flex\">\n<div class=\"wp-block-column is-layout-flow wp-block-column-is-layout-flow\" style=\"flex-basis:66.66%\">\n<figure class=\"wp-block-image size-large\"><img loading=\"lazy\" decoding=\"async\" width=\"1024\" height=\"768\" src=\"https:\/\/www.hsu-hh.de\/ees\/wp-content\/uploads\/sites\/680\/2025\/10\/Guppenfoto-im-Maschinenhaus-des-Kraftwerks-1024x768.jpg\" data-credit=\"Philipp Wagner\" alt=\"\" class=\"wp-image-8122\" srcset=\"https:\/\/www.hsu-hh.de\/ees\/wp-content\/uploads\/sites\/680\/2025\/10\/Guppenfoto-im-Maschinenhaus-des-Kraftwerks-1024x768.jpg 1024w, https:\/\/www.hsu-hh.de\/ees\/wp-content\/uploads\/sites\/680\/2025\/10\/Guppenfoto-im-Maschinenhaus-des-Kraftwerks-300x225.jpg 300w, https:\/\/www.hsu-hh.de\/ees\/wp-content\/uploads\/sites\/680\/2025\/10\/Guppenfoto-im-Maschinenhaus-des-Kraftwerks-768x576.jpg 768w, https:\/\/www.hsu-hh.de\/ees\/wp-content\/uploads\/sites\/680\/2025\/10\/Guppenfoto-im-Maschinenhaus-des-Kraftwerks-1536x1152.jpg 1536w, https:\/\/www.hsu-hh.de\/ees\/wp-content\/uploads\/sites\/680\/2025\/10\/Guppenfoto-im-Maschinenhaus-des-Kraftwerks-2048x1536.jpg 2048w, https:\/\/www.hsu-hh.de\/ees\/wp-content\/uploads\/sites\/680\/2025\/10\/Guppenfoto-im-Maschinenhaus-des-Kraftwerks-1100x825.jpg 1100w\" sizes=\"auto, (max-width: 1024px) 100vw, 1024px\" \/><figcaption class=\"wp-element-caption\">Bild 1: Gruppenfoto im Maschinenhaus des Kraftwerks<\/figcaption><\/figure>\n<\/div>\n\n\n\n<div class=\"wp-block-column is-layout-flow wp-block-column-is-layout-flow\" style=\"flex-basis:33.33%\"><div class=\"wp-block-image\">\n<figure class=\"alignleft size-large\"><img loading=\"lazy\" decoding=\"async\" width=\"815\" height=\"1024\" src=\"https:\/\/www.hsu-hh.de\/ees\/wp-content\/uploads\/sites\/680\/2025\/10\/Technische-Daten-vom-Kraftwerk-zum-Mitnehmen-815x1024.jpg\" data-credit=\"Philipp Wagner\" alt=\"\" class=\"wp-image-8121\" srcset=\"https:\/\/www.hsu-hh.de\/ees\/wp-content\/uploads\/sites\/680\/2025\/10\/Technische-Daten-vom-Kraftwerk-zum-Mitnehmen-815x1024.jpg 815w, https:\/\/www.hsu-hh.de\/ees\/wp-content\/uploads\/sites\/680\/2025\/10\/Technische-Daten-vom-Kraftwerk-zum-Mitnehmen-239x300.jpg 239w, https:\/\/www.hsu-hh.de\/ees\/wp-content\/uploads\/sites\/680\/2025\/10\/Technische-Daten-vom-Kraftwerk-zum-Mitnehmen-768x965.jpg 768w, https:\/\/www.hsu-hh.de\/ees\/wp-content\/uploads\/sites\/680\/2025\/10\/Technische-Daten-vom-Kraftwerk-zum-Mitnehmen-1222x1536.jpg 1222w, https:\/\/www.hsu-hh.de\/ees\/wp-content\/uploads\/sites\/680\/2025\/10\/Technische-Daten-vom-Kraftwerk-zum-Mitnehmen-1630x2048.jpg 1630w, https:\/\/www.hsu-hh.de\/ees\/wp-content\/uploads\/sites\/680\/2025\/10\/Technische-Daten-vom-Kraftwerk-zum-Mitnehmen-1100x1382.jpg 1100w, https:\/\/www.hsu-hh.de\/ees\/wp-content\/uploads\/sites\/680\/2025\/10\/Technische-Daten-vom-Kraftwerk-zum-Mitnehmen-scaled.jpg 2037w\" sizes=\"auto, (max-width: 815px) 100vw, 815px\" \/><figcaption class=\"wp-element-caption\">Bild 2: Technische Daten vom Kraftwerk zum Mitnehmen<\/figcaption><\/figure>\n<\/div><\/div>\n<\/div>\n\n\n\n<p><\/p>\n","protected":false},"excerpt":{"rendered":"<p>Am 13. und 14. Oktober 2025 f\u00fchrte die Professur f\u00fcr&nbsp;Elektrische Energiesysteme&nbsp;eine Exkursion nach Rostock durch. Studierende der Studieng\u00e4nge&nbsp;Elektrotechnik&nbsp;und&nbsp;Wirtschaftsingenieurwesen&nbsp;\u2013 \u00fcberwiegend Angeh\u00f6rige der Marine, aber auch anderer Teilstreitkr\u00e4fte \u2013 nutzten die Gelegenheit, [&hellip;]<\/p>\n","protected":false},"author":1434,"featured_media":0,"parent":0,"menu_order":0,"comment_status":"closed","ping_status":"closed","template":"","meta":{"footnotes":""},"categories":[4],"tags":[],"class_list":["post-8120","page","type-page","status-publish","hentry","category-forschung"],"_links":{"self":[{"href":"https:\/\/www.hsu-hh.de\/ees\/wp-json\/wp\/v2\/pages\/8120","targetHints":{"allow":["GET"]}}],"collection":[{"href":"https:\/\/www.hsu-hh.de\/ees\/wp-json\/wp\/v2\/pages"}],"about":[{"href":"https:\/\/www.hsu-hh.de\/ees\/wp-json\/wp\/v2\/types\/page"}],"author":[{"embeddable":true,"href":"https:\/\/www.hsu-hh.de\/ees\/wp-json\/wp\/v2\/users\/1434"}],"replies":[{"embeddable":true,"href":"https:\/\/www.hsu-hh.de\/ees\/wp-json\/wp\/v2\/comments?post=8120"}],"version-history":[{"count":1,"href":"https:\/\/www.hsu-hh.de\/ees\/wp-json\/wp\/v2\/pages\/8120\/revisions"}],"predecessor-version":[{"id":8123,"href":"https:\/\/www.hsu-hh.de\/ees\/wp-json\/wp\/v2\/pages\/8120\/revisions\/8123"}],"wp:attachment":[{"href":"https:\/\/www.hsu-hh.de\/ees\/wp-json\/wp\/v2\/media?parent=8120"}],"wp:term":[{"taxonomy":"category","embeddable":true,"href":"https:\/\/www.hsu-hh.de\/ees\/wp-json\/wp\/v2\/categories?post=8120"},{"taxonomy":"post_tag","embeddable":true,"href":"https:\/\/www.hsu-hh.de\/ees\/wp-json\/wp\/v2\/tags?post=8120"}],"curies":[{"name":"wp","href":"https:\/\/api.w.org\/{rel}","templated":true}]}}