{"id":8023,"date":"2025-08-04T09:34:08","date_gmt":"2025-08-04T07:34:08","guid":{"rendered":"https:\/\/www.hsu-hh.de\/ees\/?page_id=8023"},"modified":"2025-08-04T09:34:11","modified_gmt":"2025-08-04T07:34:11","slug":"neugier-wecken-wissenschaft-erleben-berufsorientierung-fuer-schueler-an-der-hsu","status":"publish","type":"page","link":"https:\/\/www.hsu-hh.de\/ees\/neugier-wecken-wissenschaft-erleben-berufsorientierung-fuer-schueler-an-der-hsu","title":{"rendered":"Neugier wecken, Wissenschaft erleben: Berufsorientierung f\u00fcr Sch\u00fcler an der HSU"},"content":{"rendered":"\n<p><strong>Am 23. Juli 2025<\/strong>&nbsp;begr\u00fc\u00dfte die Helmut-Schmidt-Universit\u00e4t \/ Universit\u00e4t der Bundeswehr Hamburg zwei &nbsp;9. Klassen der Regionalen Schule \u201eHeinrich Schliemann\u201c aus Mecklenburg-Vorpommern zu einer praxisnahen Berufsorientierungsveranstaltung auf dem Campus.<\/p>\n\n\n\n<p>Organisiert wurde der Vormittag durch Angeh\u00f6rige der Universit\u00e4t mit dem Ziel, bei den Sch\u00fclerinnen und Sch\u00fclern Interesse an naturwissenschaftlichen Fragestellungen und technischen Studieng\u00e4ngen zu wecken. Im Mittelpunkt standen Einblicke in Forschung und wissenschaftliches Arbeiten \u2013 altersgerecht aufbereitet und begleitet von jungen Wissenschaftlern.<\/p>\n\n\n\n<p>Nach einer Begr\u00fc\u00dfung in der Aula der Universit\u00e4t durch Korvettenkapit\u00e4n Philipp Wagner wurde die Klasse in Kleingruppen aufgeteilt. An drei thematisch unterschiedlichen Stationen konnten die Jugendlichen praktische Erfahrungen sammeln:<\/p>\n\n\n\n<p>\u00b7&nbsp;&nbsp;&nbsp;&nbsp;&nbsp;&nbsp;&nbsp;&nbsp;&nbsp;<strong>Labor 1 \u2013 Netzr\u00fcckwirkungen:<\/strong>&nbsp;An realit\u00e4tsnahen Versuchsst\u00e4nden wurde gezeigt, wie elektrische Verbraucher das Stromnetz beeinflussen und welche Rolle Mess- und Regeltechnik dabei spielt.<\/p>\n\n\n\n<p>\u00b7&nbsp;&nbsp;&nbsp;&nbsp;&nbsp;&nbsp;&nbsp;&nbsp;&nbsp;<strong>Labor 2 \u2013 Hochspannungstechnik:<\/strong>&nbsp;Anschauliche Demonstrationen wie Gleitentladungen und Durchschl\u00e4ge in verschiedenen Isolationsmedien machten elektrische Feldph\u00e4nomene greifbar.<\/p>\n\n\n\n<p>\u00b7&nbsp;&nbsp;&nbsp;&nbsp;&nbsp;&nbsp;&nbsp;&nbsp;&nbsp;<strong>Labor 3 \u2013 Wasserstoff:<\/strong>&nbsp;Hier stand ein zukunftsweisender Energietr\u00e4ger im Fokus. Grundlagen zur Wasserstofftechnik wurden ebenso vermittelt wie die Anwendung in kleinen Modellfahrzeugen.<\/p>\n\n\n\n<p>Abgerundet wurde die Veranstaltung durch eine Poster-Session mit Abschlussgespr\u00e4ch in der Aula, bei dem die Sch\u00fcler Fragen stellen und eigene Eindr\u00fccke austauschen konnten. Auf Wunsch einiger Teilnehmender wurde dar\u00fcber hinaus ein kurzer Einblick in den Alltag eines Offiziers im Studium gegeben.<\/p>\n\n\n\n<p>Dank der freiwilligen Initiative und des pers\u00f6nlichen Engagements beteiligter Wissenschaftler und Studierender konnte ein spannender und inspirierender Vormittag realisiert werden. Die R\u00fcckmeldungen der Sch\u00fclerinnen und Sch\u00fcler sowie der begleitenden Mitarbeiter zeigten: Einblicke in Forschung und Technik hinterlassen Eindruck \u2013 und k\u00f6nnen Perspektiven ver\u00e4ndern.<\/p>\n\n\n<div class=\"wp-block-image\">\n<figure class=\"aligncenter size-large\"><img loading=\"lazy\" decoding=\"async\" width=\"1024\" height=\"577\" src=\"https:\/\/www.hsu-hh.de\/ees\/wp-content\/uploads\/sites\/680\/2025\/08\/Medien-1024x577.jpg\" data-credit=\"HSU\" alt=\"\" class=\"wp-image-8024\" srcset=\"https:\/\/www.hsu-hh.de\/ees\/wp-content\/uploads\/sites\/680\/2025\/08\/Medien-1024x577.jpg 1024w, https:\/\/www.hsu-hh.de\/ees\/wp-content\/uploads\/sites\/680\/2025\/08\/Medien-300x169.jpg 300w, https:\/\/www.hsu-hh.de\/ees\/wp-content\/uploads\/sites\/680\/2025\/08\/Medien-768x433.jpg 768w, https:\/\/www.hsu-hh.de\/ees\/wp-content\/uploads\/sites\/680\/2025\/08\/Medien-1536x865.jpg 1536w, https:\/\/www.hsu-hh.de\/ees\/wp-content\/uploads\/sites\/680\/2025\/08\/Medien-1100x620.jpg 1100w, https:\/\/www.hsu-hh.de\/ees\/wp-content\/uploads\/sites\/680\/2025\/08\/Medien.jpg 1919w\" sizes=\"auto, (max-width: 1024px) 100vw, 1024px\" \/><figcaption class=\"wp-element-caption\">Sch\u00fcler und Wissenschaftler nehmen Platz im H\u00f6rsaal der <abbr title=\"Helmut Schmidt Universit\u00e4t \u2044 Universit\u00e4t der Bundeswehr Hamburg\">HSU HH<\/abbr><\/figcaption><\/figure>\n<\/div>\n\n\n<p><\/p>\n","protected":false},"excerpt":{"rendered":"<p>Am 23. Juli 2025&nbsp;begr\u00fc\u00dfte die Helmut-Schmidt-Universit\u00e4t \/ Universit\u00e4t der Bundeswehr Hamburg zwei &nbsp;9. Klassen der Regionalen Schule \u201eHeinrich Schliemann\u201c aus Mecklenburg-Vorpommern zu einer praxisnahen Berufsorientierungsveranstaltung auf dem Campus. Organisiert wurde [&hellip;]<\/p>\n","protected":false},"author":1434,"featured_media":0,"parent":0,"menu_order":0,"comment_status":"closed","ping_status":"closed","template":"","meta":{"footnotes":""},"categories":[4],"tags":[],"class_list":["post-8023","page","type-page","status-publish","hentry","category-forschung"],"_links":{"self":[{"href":"https:\/\/www.hsu-hh.de\/ees\/wp-json\/wp\/v2\/pages\/8023","targetHints":{"allow":["GET"]}}],"collection":[{"href":"https:\/\/www.hsu-hh.de\/ees\/wp-json\/wp\/v2\/pages"}],"about":[{"href":"https:\/\/www.hsu-hh.de\/ees\/wp-json\/wp\/v2\/types\/page"}],"author":[{"embeddable":true,"href":"https:\/\/www.hsu-hh.de\/ees\/wp-json\/wp\/v2\/users\/1434"}],"replies":[{"embeddable":true,"href":"https:\/\/www.hsu-hh.de\/ees\/wp-json\/wp\/v2\/comments?post=8023"}],"version-history":[{"count":1,"href":"https:\/\/www.hsu-hh.de\/ees\/wp-json\/wp\/v2\/pages\/8023\/revisions"}],"predecessor-version":[{"id":8025,"href":"https:\/\/www.hsu-hh.de\/ees\/wp-json\/wp\/v2\/pages\/8023\/revisions\/8025"}],"wp:attachment":[{"href":"https:\/\/www.hsu-hh.de\/ees\/wp-json\/wp\/v2\/media?parent=8023"}],"wp:term":[{"taxonomy":"category","embeddable":true,"href":"https:\/\/www.hsu-hh.de\/ees\/wp-json\/wp\/v2\/categories?post=8023"},{"taxonomy":"post_tag","embeddable":true,"href":"https:\/\/www.hsu-hh.de\/ees\/wp-json\/wp\/v2\/tags?post=8023"}],"curies":[{"name":"wp","href":"https:\/\/api.w.org\/{rel}","templated":true}]}}