{"id":8008,"date":"2025-07-08T09:55:02","date_gmt":"2025-07-08T07:55:02","guid":{"rendered":"https:\/\/www.hsu-hh.de\/ees\/?page_id=8008"},"modified":"2025-07-08T09:55:05","modified_gmt":"2025-07-08T07:55:05","slug":"messungen-auf-bsh-schiffen-wichtiger-schritt-fuer-resilientere-bordnetze","status":"publish","type":"page","link":"https:\/\/www.hsu-hh.de\/ees\/messungen-auf-bsh-schiffen-wichtiger-schritt-fuer-resilientere-bordnetze","title":{"rendered":"Messungen auf BSH-Schiffen: Wichtiger Schritt f\u00fcr resilientere Bordnetze"},"content":{"rendered":"\n<p>Die Professur f\u00fcr Elektrische Energiesysteme der Helmut-Schmidt-Universit\u00e4t untersucht derzeit, wie elektrische Bordnetze auf seegehenden Schiffen robuster gegen\u00fcber St\u00f6rungen gestaltet werden k\u00f6nnen. Im Fokus stehen Wechselspannungs- und Gleichspannungsnetze (AC vs. DC) und deren Verhalten unter realen Betriebsbedingungen.<\/p>\n\n\n\n<p>Im Rahmen einer Masterarbeit (Lucas Luft, B.Sc.) und einer Promotion (Philipp Wagner, <abbr title=\"Master of Science\">M.Sc.<\/abbr>) wurden hierzu bereits&nbsp;<strong>umfangreiche Spannungsqualit\u00e4ts-Messungen auf den BSH-Schiffen CAPELLA und DENEB<\/strong>&nbsp;durchgef\u00fchrt. Eine weitere Messkampagne auf der&nbsp;<strong>ATAIR<\/strong>&nbsp;ist in Vorbereitung.<\/p>\n\n\n<div class=\"wp-block-image\">\n<figure class=\"aligncenter size-large is-resized\"><img loading=\"lazy\" decoding=\"async\" width=\"1024\" height=\"576\" src=\"https:\/\/www.hsu-hh.de\/ees\/wp-content\/uploads\/sites\/680\/2025\/07\/Schiff-1024x576.jpg\" data-credit=\"\" alt=\"\" class=\"wp-image-8009\" style=\"width:555px;height:auto\" srcset=\"https:\/\/www.hsu-hh.de\/ees\/wp-content\/uploads\/sites\/680\/2025\/07\/Schiff-1024x576.jpg 1024w, https:\/\/www.hsu-hh.de\/ees\/wp-content\/uploads\/sites\/680\/2025\/07\/Schiff-300x169.jpg 300w, https:\/\/www.hsu-hh.de\/ees\/wp-content\/uploads\/sites\/680\/2025\/07\/Schiff-768x432.jpg 768w, https:\/\/www.hsu-hh.de\/ees\/wp-content\/uploads\/sites\/680\/2025\/07\/Schiff-1536x864.jpg 1536w, https:\/\/www.hsu-hh.de\/ees\/wp-content\/uploads\/sites\/680\/2025\/07\/Schiff-2048x1152.jpg 2048w, https:\/\/www.hsu-hh.de\/ees\/wp-content\/uploads\/sites\/680\/2025\/07\/Schiff-1100x619.jpg 1100w\" sizes=\"auto, (max-width: 1024px) 100vw, 1024px\" \/><figcaption class=\"wp-element-caption\">An Bord der CAPELLA<\/figcaption><\/figure>\n<\/div>\n\n\n<p>Erfasst werden u.\u202fa. Spannungsverl\u00e4ufe, Str\u00f6me und Netzimpedanzen w\u00e4hrend typischer Betriebsphasen \u2013 vom Hafenbetrieb mit Landanschluss bis zum Transit auf See. Ziel ist es, systemische Wechselwirkungen zu analysieren und daraus konkrete Empfehlungen f\u00fcr die Auslegung zuk\u00fcnftiger, resilienter Bordnetze im zivilen und milit\u00e4rischen Bereich abzuleiten.<\/p>\n\n\n<div class=\"wp-block-image\">\n<figure class=\"aligncenter size-large is-resized\"><img loading=\"lazy\" decoding=\"async\" width=\"576\" height=\"1024\" src=\"https:\/\/www.hsu-hh.de\/ees\/wp-content\/uploads\/sites\/680\/2025\/07\/Messaufbau-576x1024.jpg\" data-credit=\"\" alt=\"\" class=\"wp-image-8010\" style=\"width:325px;height:auto\" srcset=\"https:\/\/www.hsu-hh.de\/ees\/wp-content\/uploads\/sites\/680\/2025\/07\/Messaufbau-576x1024.jpg 576w, https:\/\/www.hsu-hh.de\/ees\/wp-content\/uploads\/sites\/680\/2025\/07\/Messaufbau-169x300.jpg 169w, https:\/\/www.hsu-hh.de\/ees\/wp-content\/uploads\/sites\/680\/2025\/07\/Messaufbau-768x1365.jpg 768w, https:\/\/www.hsu-hh.de\/ees\/wp-content\/uploads\/sites\/680\/2025\/07\/Messaufbau-864x1536.jpg 864w, https:\/\/www.hsu-hh.de\/ees\/wp-content\/uploads\/sites\/680\/2025\/07\/Messaufbau-1152x2048.jpg 1152w, https:\/\/www.hsu-hh.de\/ees\/wp-content\/uploads\/sites\/680\/2025\/07\/Messaufbau-1100x1956.jpg 1100w, https:\/\/www.hsu-hh.de\/ees\/wp-content\/uploads\/sites\/680\/2025\/07\/Messaufbau-scaled.jpg 1440w\" sizes=\"auto, (max-width: 576px) 100vw, 576px\" \/><figcaption class=\"wp-element-caption\">Spannungs- und Strommessungen an der Querschubanlage der CAPELLA<\/figcaption><\/figure>\n<\/div>\n\n\n<p>Ein besonderer Dank gilt dem Bundesamt f\u00fcr Seeschifffahrt und Hydrographie (BSH), das die Forschung aktiv durch die Bereitstellung seiner Schiffe unterst\u00fctzt und so anwendungsnahe Wissenschaft erm\u00f6glicht.<\/p>\n\n\n<div class=\"wp-block-image\">\n<figure class=\"aligncenter size-large is-resized\"><img loading=\"lazy\" decoding=\"async\" width=\"1024\" height=\"576\" src=\"https:\/\/www.hsu-hh.de\/ees\/wp-content\/uploads\/sites\/680\/2025\/07\/Besatzung-1024x576.jpg\" data-credit=\"\" alt=\"\" class=\"wp-image-8011\" style=\"width:675px;height:auto\" srcset=\"https:\/\/www.hsu-hh.de\/ees\/wp-content\/uploads\/sites\/680\/2025\/07\/Besatzung-1024x576.jpg 1024w, https:\/\/www.hsu-hh.de\/ees\/wp-content\/uploads\/sites\/680\/2025\/07\/Besatzung-300x169.jpg 300w, https:\/\/www.hsu-hh.de\/ees\/wp-content\/uploads\/sites\/680\/2025\/07\/Besatzung-768x432.jpg 768w, https:\/\/www.hsu-hh.de\/ees\/wp-content\/uploads\/sites\/680\/2025\/07\/Besatzung-1536x864.jpg 1536w, https:\/\/www.hsu-hh.de\/ees\/wp-content\/uploads\/sites\/680\/2025\/07\/Besatzung-2048x1152.jpg 2048w, https:\/\/www.hsu-hh.de\/ees\/wp-content\/uploads\/sites\/680\/2025\/07\/Besatzung-1100x619.jpg 1100w\" sizes=\"auto, (max-width: 1024px) 100vw, 1024px\" \/><figcaption class=\"wp-element-caption\">Gemeinsames Bild mit der Besatzung der DENEB<\/figcaption><\/figure>\n<\/div>\n\n\n<p><\/p>\n","protected":false},"excerpt":{"rendered":"<p>Die Professur f\u00fcr Elektrische Energiesysteme der Helmut-Schmidt-Universit\u00e4t untersucht derzeit, wie elektrische Bordnetze auf seegehenden Schiffen robuster gegen\u00fcber St\u00f6rungen gestaltet werden k\u00f6nnen. Im Fokus stehen Wechselspannungs- und Gleichspannungsnetze (AC vs. DC) [&hellip;]<\/p>\n","protected":false},"author":1434,"featured_media":0,"parent":0,"menu_order":0,"comment_status":"closed","ping_status":"closed","template":"","meta":{"footnotes":""},"categories":[4],"tags":[],"class_list":["post-8008","page","type-page","status-publish","hentry","category-forschung"],"_links":{"self":[{"href":"https:\/\/www.hsu-hh.de\/ees\/wp-json\/wp\/v2\/pages\/8008","targetHints":{"allow":["GET"]}}],"collection":[{"href":"https:\/\/www.hsu-hh.de\/ees\/wp-json\/wp\/v2\/pages"}],"about":[{"href":"https:\/\/www.hsu-hh.de\/ees\/wp-json\/wp\/v2\/types\/page"}],"author":[{"embeddable":true,"href":"https:\/\/www.hsu-hh.de\/ees\/wp-json\/wp\/v2\/users\/1434"}],"replies":[{"embeddable":true,"href":"https:\/\/www.hsu-hh.de\/ees\/wp-json\/wp\/v2\/comments?post=8008"}],"version-history":[{"count":1,"href":"https:\/\/www.hsu-hh.de\/ees\/wp-json\/wp\/v2\/pages\/8008\/revisions"}],"predecessor-version":[{"id":8012,"href":"https:\/\/www.hsu-hh.de\/ees\/wp-json\/wp\/v2\/pages\/8008\/revisions\/8012"}],"wp:attachment":[{"href":"https:\/\/www.hsu-hh.de\/ees\/wp-json\/wp\/v2\/media?parent=8008"}],"wp:term":[{"taxonomy":"category","embeddable":true,"href":"https:\/\/www.hsu-hh.de\/ees\/wp-json\/wp\/v2\/categories?post=8008"},{"taxonomy":"post_tag","embeddable":true,"href":"https:\/\/www.hsu-hh.de\/ees\/wp-json\/wp\/v2\/tags?post=8008"}],"curies":[{"name":"wp","href":"https:\/\/api.w.org\/{rel}","templated":true}]}}