{"id":7883,"date":"2025-02-27T11:28:13","date_gmt":"2025-02-27T10:28:13","guid":{"rendered":"https:\/\/www.hsu-hh.de\/ees\/?page_id=7883"},"modified":"2025-10-20T20:22:05","modified_gmt":"2025-10-20T18:22:05","slug":"behypsy-b4-innovative-hydrogen-propulsion-system","status":"publish","type":"page","link":"https:\/\/www.hsu-hh.de\/ees\/behypsy-b4-innovative-hydrogen-propulsion-system","title":{"rendered":"B4 Innovative Hydrogen Propulsion System (BeHyPSy)"},"content":{"rendered":"<div class=\"wp-block-image\">\n<figure class=\"aligncenter size-large is-resized\"><img loading=\"lazy\" decoding=\"async\" width=\"1024\" height=\"512\" src=\"https:\/\/www.hsu-hh.de\/ees\/wp-content\/uploads\/sites\/680\/2025\/02\/BeHyPSy_Logo_Partner_farbig_RGB-1024x512.png\" data-credit=\"\" alt=\"\" class=\"wp-image-7884\" style=\"width:589px;height:auto\" srcset=\"https:\/\/www.hsu-hh.de\/ees\/wp-content\/uploads\/sites\/680\/2025\/02\/BeHyPSy_Logo_Partner_farbig_RGB-1024x512.png 1024w, https:\/\/www.hsu-hh.de\/ees\/wp-content\/uploads\/sites\/680\/2025\/02\/BeHyPSy_Logo_Partner_farbig_RGB-300x150.png 300w, https:\/\/www.hsu-hh.de\/ees\/wp-content\/uploads\/sites\/680\/2025\/02\/BeHyPSy_Logo_Partner_farbig_RGB-768x384.png 768w, https:\/\/www.hsu-hh.de\/ees\/wp-content\/uploads\/sites\/680\/2025\/02\/BeHyPSy_Logo_Partner_farbig_RGB-400x200.png 400w, https:\/\/www.hsu-hh.de\/ees\/wp-content\/uploads\/sites\/680\/2025\/02\/BeHyPSy_Logo_Partner_farbig_RGB-1100x550.png 1100w, https:\/\/www.hsu-hh.de\/ees\/wp-content\/uploads\/sites\/680\/2025\/02\/BeHyPSy_Logo_Partner_farbig_RGB.png 1182w\" sizes=\"auto, (max-width: 1024px) 100vw, 1024px\" \/><\/figure>\n<\/div>\n\n\n<p>Im Projekt BeHyPSy forschen wir an der Entwicklung, Integration und Erprobung eines innovativen Antriebssystems f\u00fcr Ultraleichtflugzeuge basierend auf Wasserstoff als Energietr\u00e4ger. Das Antriebssystem wird in einem Labormuster demonstriert und validiert sowie die Skalierbarkeit aufgezeigt. Durch die im Labor bereits erlangten Erkenntnisse zum grundlegenden Design und zur Komponentenauslegung ist in diesem Forschungsvorhaben ein geeignet dimensioniertes Antriebssystem realisierbar.<\/p>\n\n\n<div class=\"wp-block-image\">\n<figure class=\"aligncenter size-large is-resized\"><a href=\"https:\/\/commons.wikimedia.org\/wiki\/File:Breezer_B400_6_1.jpg\" target=\"_blank\" rel=\" noreferrer noopener\"><img loading=\"lazy\" decoding=\"async\" width=\"1024\" height=\"683\" src=\"https:\/\/www.hsu-hh.de\/ees\/wp-content\/uploads\/sites\/680\/2025\/02\/Abbildung1-1024x683.jpg\" data-credit=\"CC BY-SA 4.0\" alt=\"\" class=\"wp-image-7885\" style=\"width:542px;height:auto\" srcset=\"https:\/\/www.hsu-hh.de\/ees\/wp-content\/uploads\/sites\/680\/2025\/02\/Abbildung1-1024x683.jpg 1024w, https:\/\/www.hsu-hh.de\/ees\/wp-content\/uploads\/sites\/680\/2025\/02\/Abbildung1-300x200.jpg 300w, https:\/\/www.hsu-hh.de\/ees\/wp-content\/uploads\/sites\/680\/2025\/02\/Abbildung1-768x512.jpg 768w, https:\/\/www.hsu-hh.de\/ees\/wp-content\/uploads\/sites\/680\/2025\/02\/Abbildung1-1536x1024.jpg 1536w, https:\/\/www.hsu-hh.de\/ees\/wp-content\/uploads\/sites\/680\/2025\/02\/Abbildung1-2048x1366.jpg 2048w, https:\/\/www.hsu-hh.de\/ees\/wp-content\/uploads\/sites\/680\/2025\/02\/Abbildung1-1100x733.jpg 1100w\" sizes=\"auto, (max-width: 1024px) 100vw, 1024px\" \/><\/a><figcaption class=\"wp-element-caption\"><em>Abbildung 1: Breezer B400-6 Ultraleichtflugzeug, das als Demonstrations-Plattform dient. <\/em><\/figcaption><\/figure>\n<\/div>\n\n\n<p>Das Teilvorhaben der Helmut-Schmidt-Universit\u00e4t (<abbr title=\"Helmut Schmidt Universit\u00e4t\">HSU<\/abbr>) ist die Auslegung und Schutzbetrachtung des elektrischen Energiesystems f\u00fcr den neuartigen Multistrang-Luftfahrzeugantrieb, basierend auf Wasserstoff als Energietr\u00e4ger, von der Konzeptionierung bis zur Integration und Systemvalidierung in der Flugzelle.<\/p>\n\n\n<div class=\"wp-block-image\">\n<figure class=\"aligncenter size-large is-resized\"><img loading=\"lazy\" decoding=\"async\" width=\"1024\" height=\"325\" src=\"https:\/\/www.hsu-hh.de\/ees\/wp-content\/uploads\/sites\/680\/2025\/02\/Abbildung2-1024x325.png\" data-credit=\"Eigene Abbildung \u00a9 HSU\/UniBw H\" alt=\"\" class=\"wp-image-7886\" style=\"width:550px;height:auto\" srcset=\"https:\/\/www.hsu-hh.de\/ees\/wp-content\/uploads\/sites\/680\/2025\/02\/Abbildung2-1024x325.png 1024w, https:\/\/www.hsu-hh.de\/ees\/wp-content\/uploads\/sites\/680\/2025\/02\/Abbildung2-300x95.png 300w, https:\/\/www.hsu-hh.de\/ees\/wp-content\/uploads\/sites\/680\/2025\/02\/Abbildung2-768x244.png 768w, https:\/\/www.hsu-hh.de\/ees\/wp-content\/uploads\/sites\/680\/2025\/02\/Abbildung2-1536x488.png 1536w, https:\/\/www.hsu-hh.de\/ees\/wp-content\/uploads\/sites\/680\/2025\/02\/Abbildung2-1100x349.png 1100w, https:\/\/www.hsu-hh.de\/ees\/wp-content\/uploads\/sites\/680\/2025\/02\/Abbildung2.png 1890w\" sizes=\"auto, (max-width: 1024px) 100vw, 1024px\" \/><figcaption class=\"wp-element-caption\"><em>Abbildung 2: Systemabbild<\/em><\/figcaption><\/figure>\n<\/div>\n\n\n<p>Zur Optimierung der Leistungsdichte und der Redundanz ist eine Architektur aus unabh\u00e4ngigen Leistungsstr\u00e4ngen vorgesehen. Diese bestehen je aus einem Brennstoffzellenstapel, einem Leistungsflussregler und eienm Spannungssteller sowie einem Wicklungssatz eines Multi-3-Phasen-Elektromotors. Die <abbr title=\"Helmut Schmidt Universit\u00e4t\">HSU<\/abbr> entwickelt im Vorhaben ein System von parallelen Leistungsflussreglern, sogenannten Motor-String-Power-Control Units (MSPC), und Spannungsstellern, sogenannten Motor-Control-Units (MCUs), welche auf die spezifischen Anforderungen der Antriebssystem-Architektur abgestimmt sind.<\/p>\n\n\n<div class=\"wp-block-image\">\n<figure class=\"aligncenter size-large is-resized\"><img loading=\"lazy\" decoding=\"async\" width=\"1024\" height=\"533\" src=\"https:\/\/www.hsu-hh.de\/ees\/wp-content\/uploads\/sites\/680\/2025\/02\/Abbildung3-1024x533.jpg\" data-credit=\"Eigene Abbildung \u00a9 HSU\/UniBw H\" alt=\"\" class=\"wp-image-7887\" style=\"width:547px;height:auto\" srcset=\"https:\/\/www.hsu-hh.de\/ees\/wp-content\/uploads\/sites\/680\/2025\/02\/Abbildung3-1024x533.jpg 1024w, https:\/\/www.hsu-hh.de\/ees\/wp-content\/uploads\/sites\/680\/2025\/02\/Abbildung3-300x156.jpg 300w, https:\/\/www.hsu-hh.de\/ees\/wp-content\/uploads\/sites\/680\/2025\/02\/Abbildung3-768x400.jpg 768w, https:\/\/www.hsu-hh.de\/ees\/wp-content\/uploads\/sites\/680\/2025\/02\/Abbildung3-1536x800.jpg 1536w, https:\/\/www.hsu-hh.de\/ees\/wp-content\/uploads\/sites\/680\/2025\/02\/Abbildung3-2048x1067.jpg 2048w, https:\/\/www.hsu-hh.de\/ees\/wp-content\/uploads\/sites\/680\/2025\/02\/Abbildung3-1100x573.jpg 1100w\" sizes=\"auto, (max-width: 1024px) 100vw, 1024px\" \/><figcaption class=\"wp-element-caption\"><em>Abbildung 3: Multi-Strang Labordemonstrator: H2-to-Torque aus dem Vorprojekt BETA.<\/em><\/figcaption><\/figure>\n<\/div>\n\n\n<p>Im Vorhaben f\u00fchrt die <abbr title=\"Helmut Schmidt Universit\u00e4t\">HSU<\/abbr> Entwicklungsaktivit\u00e4ten aus, erstellt Funktionsmuster, baut einen power-Hardware-in-the-Loop Baugruppenteststand zur Validierung der Funktionsmuster auf und stellt den Partnern Funktionsmuster zur Verf\u00fcgung. Die Entwicklungsaktivit\u00e4ten umfassen, neben dem Hardware-Design der MCU und MSPC auch die Entwicklung innovativer Regelungs- und Schutzkonzepte f\u00fcr das Energiesystem des neuartigen Antriebsstranges. Ein Fokus der Entwicklungsaktivit\u00e4ten wird die Synchronisierung der parallel arbeitenden Str\u00e4nge in allen Betriebsbereichen sein. Um unterschiedliche MCU- und Systemarchitekturen und Regelungsans\u00e4tze zu testen und ein geeignetes Designkonzept zu ermitteln, werden Modelle zur Simulation des Energiesystems des neuartigen Antriebskonzepts entwickelt und simuliert. Die Systemauslegung sowie die entwickelten Kontrollstrukturen werden auf einem Systemteststand validiert. Auch die Integration von Batterien oder Superkondensatoren als Pufferspeicher zur Lastspitzenreduktion werden seitens der <abbr title=\"Helmut Schmidt Universit\u00e4t\">HSU<\/abbr> betrachtet.<\/p>\n\n\n\n<p>Vor dem Hintergrund der anstehenden Herausforderungen zur Dekarbonisierung des Luftfahrtsektors, stellt das im Verbund zu entwickelnde Brennstoffzellen-elektrische Ultraleichtflugzeug einen Beitrag zur Erprobung der Technologie unter realistischen Bedingungen dar.<\/p>\n\n\n\n<p>Projektlaufzeit 05\/2024 \u2013 07\/2027<\/p>\n\n\n\n<p>Projektleitung: <abbr title=\"Professor\">Prof.<\/abbr> <abbr title=\"Doktor\">Dr.<\/abbr>&#8211;<abbr title=\"Ingenieur\">Ing.<\/abbr> <abbr title=\"habilitatus\">habil.<\/abbr> Detlef Schulz<\/p>\n\n\n\n<p>Kontakt: <a href=\"mailto:behypsy@hsu-hh.de\" rel='nofollow'>behypsy@hsu-hh.de<\/a><\/p>\n\n\n\n<p>Projektverbund:<\/p>\n\n\n\n<div class=\"wp-block-columns is-layout-flex wp-container-core-columns-is-layout-9d6595d7 wp-block-columns-is-layout-flex\">\n<div class=\"wp-block-column is-layout-flow wp-block-column-is-layout-flow\">\n<figure class=\"wp-block-image size-large is-resized\"><a href=\"\/\/www.breezeraircraft.de\/\" target=\"_blank\" rel=\" noreferrer noopener\"><img loading=\"lazy\" decoding=\"async\" width=\"1024\" height=\"668\" src=\"https:\/\/www.hsu-hh.de\/ees\/wp-content\/uploads\/sites\/680\/2025\/02\/Logo_Breezer-2-1024x668.png\" data-credit=\"\" alt=\"\" class=\"wp-image-7890\" style=\"width:234px;height:auto\" srcset=\"https:\/\/www.hsu-hh.de\/ees\/wp-content\/uploads\/sites\/680\/2025\/02\/Logo_Breezer-2-1024x668.png 1024w, https:\/\/www.hsu-hh.de\/ees\/wp-content\/uploads\/sites\/680\/2025\/02\/Logo_Breezer-2-300x196.png 300w, https:\/\/www.hsu-hh.de\/ees\/wp-content\/uploads\/sites\/680\/2025\/02\/Logo_Breezer-2-768x501.png 768w, https:\/\/www.hsu-hh.de\/ees\/wp-content\/uploads\/sites\/680\/2025\/02\/Logo_Breezer-2-1100x717.png 1100w, https:\/\/www.hsu-hh.de\/ees\/wp-content\/uploads\/sites\/680\/2025\/02\/Logo_Breezer-2.png 1181w\" sizes=\"auto, (max-width: 1024px) 100vw, 1024px\" \/><\/a><\/figure>\n<\/div>\n\n\n\n<div class=\"wp-block-column is-layout-flow wp-block-column-is-layout-flow\">\n<figure class=\"wp-block-image size-large is-resized\"><a href=\"\/\/www.haw-hamburg.de\/forschung\/forschungsprojekte-detail\/project\/project\/show\/behypsy\/\" target=\"_blank\" rel=\" noreferrer noopener\"><img loading=\"lazy\" decoding=\"async\" width=\"1024\" height=\"265\" src=\"https:\/\/www.hsu-hh.de\/ees\/wp-content\/uploads\/sites\/680\/2025\/02\/Logo_HAW-1-1024x265.png\" data-credit=\"\" alt=\"\" class=\"wp-image-7892\" style=\"width:268px;height:auto\" srcset=\"https:\/\/www.hsu-hh.de\/ees\/wp-content\/uploads\/sites\/680\/2025\/02\/Logo_HAW-1-1024x265.png 1024w, https:\/\/www.hsu-hh.de\/ees\/wp-content\/uploads\/sites\/680\/2025\/02\/Logo_HAW-1-300x78.png 300w, https:\/\/www.hsu-hh.de\/ees\/wp-content\/uploads\/sites\/680\/2025\/02\/Logo_HAW-1-768x199.png 768w, https:\/\/www.hsu-hh.de\/ees\/wp-content\/uploads\/sites\/680\/2025\/02\/Logo_HAW-1-1100x285.png 1100w, https:\/\/www.hsu-hh.de\/ees\/wp-content\/uploads\/sites\/680\/2025\/02\/Logo_HAW-1.png 1181w\" sizes=\"auto, (max-width: 1024px) 100vw, 1024px\" \/><\/a><\/figure>\n<\/div>\n\n\n\n<div class=\"wp-block-column is-layout-flow wp-block-column-is-layout-flow\">\n<figure class=\"wp-block-image size-large is-resized\"><a href=\"\/\/www.rst-rostock.de\/\" target=\"_blank\" rel=\" noreferrer noopener\"><img loading=\"lazy\" decoding=\"async\" width=\"1024\" height=\"261\" src=\"https:\/\/www.hsu-hh.de\/ees\/wp-content\/uploads\/sites\/680\/2025\/02\/Logo_RST-1024x261.png\" data-credit=\"\" alt=\"\" class=\"wp-image-7893\" style=\"width:294px;height:auto\" srcset=\"https:\/\/www.hsu-hh.de\/ees\/wp-content\/uploads\/sites\/680\/2025\/02\/Logo_RST-1024x261.png 1024w, https:\/\/www.hsu-hh.de\/ees\/wp-content\/uploads\/sites\/680\/2025\/02\/Logo_RST-300x77.png 300w, https:\/\/www.hsu-hh.de\/ees\/wp-content\/uploads\/sites\/680\/2025\/02\/Logo_RST-768x196.png 768w, https:\/\/www.hsu-hh.de\/ees\/wp-content\/uploads\/sites\/680\/2025\/02\/Logo_RST-1100x281.png 1100w, https:\/\/www.hsu-hh.de\/ees\/wp-content\/uploads\/sites\/680\/2025\/02\/Logo_RST.png 1180w\" sizes=\"auto, (max-width: 1024px) 100vw, 1024px\" \/><\/a><\/figure>\n<\/div>\n<\/div>\n\n\n\n<div class=\"wp-block-columns is-layout-flex wp-container-core-columns-is-layout-9d6595d7 wp-block-columns-is-layout-flex\">\n<div class=\"wp-block-column is-layout-flow wp-block-column-is-layout-flow\">\n<figure class=\"wp-block-image size-large is-resized\"><a href=\"\/\/zal.aero\/\" target=\"_blank\" rel=\" noreferrer noopener\"><img loading=\"lazy\" decoding=\"async\" width=\"1024\" height=\"466\" src=\"https:\/\/www.hsu-hh.de\/ees\/wp-content\/uploads\/sites\/680\/2025\/02\/Logo_ZAL-1024x466.png\" data-credit=\"\" alt=\"\" class=\"wp-image-7894\" style=\"width:240px;height:auto\" srcset=\"https:\/\/www.hsu-hh.de\/ees\/wp-content\/uploads\/sites\/680\/2025\/02\/Logo_ZAL-1024x466.png 1024w, https:\/\/www.hsu-hh.de\/ees\/wp-content\/uploads\/sites\/680\/2025\/02\/Logo_ZAL-300x136.png 300w, https:\/\/www.hsu-hh.de\/ees\/wp-content\/uploads\/sites\/680\/2025\/02\/Logo_ZAL-768x349.png 768w, https:\/\/www.hsu-hh.de\/ees\/wp-content\/uploads\/sites\/680\/2025\/02\/Logo_ZAL-1100x500.png 1100w, https:\/\/www.hsu-hh.de\/ees\/wp-content\/uploads\/sites\/680\/2025\/02\/Logo_ZAL.png 1181w\" sizes=\"auto, (max-width: 1024px) 100vw, 1024px\" \/><\/a><\/figure>\n<\/div>\n\n\n\n<div class=\"wp-block-column is-layout-flow wp-block-column-is-layout-flow\">\n<figure class=\"wp-block-image size-large is-resized\"><a href=\"\/\/www.zbt.de\/aktuell\/forschung-und-projekte\/forschung-und-projekte\/detail\/News\/projekt-behypsy-gestartet-leichte-luftgekuehlte-brennstoffzellenantriebe-fuer-die-luftfahrt\/\" target=\"_blank\" rel=\" noreferrer noopener\"><img loading=\"lazy\" decoding=\"async\" width=\"1024\" height=\"244\" src=\"https:\/\/www.hsu-hh.de\/ees\/wp-content\/uploads\/sites\/680\/2025\/02\/Logo_ZBT-1024x244.png\" data-credit=\"\" alt=\"\" class=\"wp-image-7895\" style=\"width:263px;height:auto\" srcset=\"https:\/\/www.hsu-hh.de\/ees\/wp-content\/uploads\/sites\/680\/2025\/02\/Logo_ZBT-1024x244.png 1024w, https:\/\/www.hsu-hh.de\/ees\/wp-content\/uploads\/sites\/680\/2025\/02\/Logo_ZBT-300x72.png 300w, https:\/\/www.hsu-hh.de\/ees\/wp-content\/uploads\/sites\/680\/2025\/02\/Logo_ZBT-768x183.png 768w, https:\/\/www.hsu-hh.de\/ees\/wp-content\/uploads\/sites\/680\/2025\/02\/Logo_ZBT-1100x262.png 1100w, https:\/\/www.hsu-hh.de\/ees\/wp-content\/uploads\/sites\/680\/2025\/02\/Logo_ZBT.png 1179w\" sizes=\"auto, (max-width: 1024px) 100vw, 1024px\" \/><\/a><\/figure>\n<\/div>\n\n\n\n<div class=\"wp-block-column is-layout-flow wp-block-column-is-layout-flow\">\n<figure class=\"wp-block-image size-large is-resized\"><img loading=\"lazy\" decoding=\"async\" width=\"1024\" height=\"611\" src=\"https:\/\/www.hsu-hh.de\/ees\/wp-content\/uploads\/sites\/680\/2025\/02\/Logo_HSU-1024x611.png\" data-credit=\"\" alt=\"\" class=\"wp-image-7896\" style=\"width:237px;height:auto\" srcset=\"https:\/\/www.hsu-hh.de\/ees\/wp-content\/uploads\/sites\/680\/2025\/02\/Logo_HSU-1024x611.png 1024w, https:\/\/www.hsu-hh.de\/ees\/wp-content\/uploads\/sites\/680\/2025\/02\/Logo_HSU-300x179.png 300w, https:\/\/www.hsu-hh.de\/ees\/wp-content\/uploads\/sites\/680\/2025\/02\/Logo_HSU-768x458.png 768w, https:\/\/www.hsu-hh.de\/ees\/wp-content\/uploads\/sites\/680\/2025\/02\/Logo_HSU-1100x656.png 1100w, https:\/\/www.hsu-hh.de\/ees\/wp-content\/uploads\/sites\/680\/2025\/02\/Logo_HSU.png 1180w\" sizes=\"auto, (max-width: 1024px) 100vw, 1024px\" \/><\/figure>\n<\/div>\n<\/div>\n\n\n\n<div class=\"wp-block-columns is-layout-flex wp-container-core-columns-is-layout-9d6595d7 wp-block-columns-is-layout-flex\">\n<div class=\"wp-block-column is-layout-flow wp-block-column-is-layout-flow\" style=\"flex-basis:66.66%\">\n<p><\/p>\n\n\n\n<p>F\u00f6rdergeber: Bundesministerium f\u00fcr Wirtschaft und Energie (BMWE), FKZ 20M2249D,<\/p>\n\n\n\n<p>F\u00f6rdervolumen Verbundprojekt ca. 4,6M\u20ac, davon F\u00f6rdervolumen Teilprojekt <abbr title=\"Helmut Schmidt Universit\u00e4t\">HSU<\/abbr> ca. 1,4M\u20ac<\/p>\n<\/div>\n\n\n\n<div class=\"wp-block-column is-layout-flow wp-block-column-is-layout-flow\" style=\"flex-basis:33.33%\">\n<figure class=\"wp-block-image size-large\"><img loading=\"lazy\" decoding=\"async\" width=\"1004\" height=\"1024\" src=\"https:\/\/www.hsu-hh.de\/ees\/wp-content\/uploads\/sites\/680\/2025\/10\/BMWE_Logo_mit_Foerderzusatz_de-1004x1024.png\" data-credit=\"BMWE\" alt=\"\" class=\"wp-image-8136\" srcset=\"https:\/\/www.hsu-hh.de\/ees\/wp-content\/uploads\/sites\/680\/2025\/10\/BMWE_Logo_mit_Foerderzusatz_de-1004x1024.png 1004w, https:\/\/www.hsu-hh.de\/ees\/wp-content\/uploads\/sites\/680\/2025\/10\/BMWE_Logo_mit_Foerderzusatz_de-294x300.png 294w, https:\/\/www.hsu-hh.de\/ees\/wp-content\/uploads\/sites\/680\/2025\/10\/BMWE_Logo_mit_Foerderzusatz_de-768x784.png 768w, https:\/\/www.hsu-hh.de\/ees\/wp-content\/uploads\/sites\/680\/2025\/10\/BMWE_Logo_mit_Foerderzusatz_de-1100x1122.png 1100w, https:\/\/www.hsu-hh.de\/ees\/wp-content\/uploads\/sites\/680\/2025\/10\/BMWE_Logo_mit_Foerderzusatz_de.png 1372w\" sizes=\"auto, (max-width: 1004px) 100vw, 1004px\" \/><\/figure>\n<\/div>\n<\/div>\n\n\n\n<p><\/p>\n","protected":false},"excerpt":{"rendered":"<p>Im Projekt BeHyPSy forschen wir an der Entwicklung, Integration und Erprobung eines innovativen Antriebssystems f\u00fcr Ultraleichtflugzeuge basierend auf Wasserstoff als Energietr\u00e4ger. Das Antriebssystem wird in einem Labormuster demonstriert und validiert [&hellip;]<\/p>\n","protected":false},"author":1434,"featured_media":0,"parent":0,"menu_order":0,"comment_status":"closed","ping_status":"closed","template":"","meta":{"footnotes":""},"categories":[4],"tags":[],"class_list":["post-7883","page","type-page","status-publish","hentry","category-forschung"],"_links":{"self":[{"href":"https:\/\/www.hsu-hh.de\/ees\/wp-json\/wp\/v2\/pages\/7883","targetHints":{"allow":["GET"]}}],"collection":[{"href":"https:\/\/www.hsu-hh.de\/ees\/wp-json\/wp\/v2\/pages"}],"about":[{"href":"https:\/\/www.hsu-hh.de\/ees\/wp-json\/wp\/v2\/types\/page"}],"author":[{"embeddable":true,"href":"https:\/\/www.hsu-hh.de\/ees\/wp-json\/wp\/v2\/users\/1434"}],"replies":[{"embeddable":true,"href":"https:\/\/www.hsu-hh.de\/ees\/wp-json\/wp\/v2\/comments?post=7883"}],"version-history":[{"count":10,"href":"https:\/\/www.hsu-hh.de\/ees\/wp-json\/wp\/v2\/pages\/7883\/revisions"}],"predecessor-version":[{"id":8138,"href":"https:\/\/www.hsu-hh.de\/ees\/wp-json\/wp\/v2\/pages\/7883\/revisions\/8138"}],"wp:attachment":[{"href":"https:\/\/www.hsu-hh.de\/ees\/wp-json\/wp\/v2\/media?parent=7883"}],"wp:term":[{"taxonomy":"category","embeddable":true,"href":"https:\/\/www.hsu-hh.de\/ees\/wp-json\/wp\/v2\/categories?post=7883"},{"taxonomy":"post_tag","embeddable":true,"href":"https:\/\/www.hsu-hh.de\/ees\/wp-json\/wp\/v2\/tags?post=7883"}],"curies":[{"name":"wp","href":"https:\/\/api.w.org\/{rel}","templated":true}]}}