{"id":73,"date":"2017-07-03T15:52:08","date_gmt":"2017-07-03T13:52:08","guid":{"rendered":"https:\/\/www.hsu-hh.de\/vorlage\/?page_id=73"},"modified":"2024-10-02T14:31:16","modified_gmt":"2024-10-02T12:31:16","slug":"startseite","status":"publish","type":"page","link":"https:\/\/www.hsu-hh.de\/ees\/","title":{"rendered":"Elektrische Energiesysteme"},"content":{"rendered":"\n<h2 class=\"wp-block-heading\"><abbr title=\"Professor\">Prof.<\/abbr> <abbr title=\"Doktor\">Dr.<\/abbr>&#8211;<abbr title=\"Ingenieur\">Ing.<\/abbr> <abbr title=\"habilitatus\">habil.<\/abbr> Detlef Schulz<\/h2>\n\n\n\n<p>Die Professur wird seit Ende 2005 von <abbr title=\"Professor\">Prof.<\/abbr>&nbsp;<abbr title=\"Doktor\">Dr.<\/abbr>&#8211;<abbr title=\"Ingenieur\">Ing.<\/abbr>&nbsp;<abbr title=\"habilitatus\">habil.<\/abbr>&nbsp;Detlef Schulz geleitet. Die Kernkompetenzen der Professur liegen im Bereich der elektrischen Netze, Netzbetriebsmittel und netzgekoppelter Anlagen zur Energiewandlung von oder zu elektrischer Energie. Die strategischen Forschungsgebiete sind station\u00e4re und mobile elektrische Netze, Smart Energy Systems, Elektromobilit\u00e4ts-Ladeinfrastrukturen sowie Wasserstoffanlagen f\u00fcr die Sektorenkopplung unter Beachtung und Anwendung neuester Technologien, Methoden und Konzepte wie u. a. Digitalisierung, Vernetzung, Cyber-physical systems und KI-Methoden.<\/p>\n\n\n\n<p>Die Professur unterteilt sich in drei Forschungsgruppen: Elektrische und multi-modale Netze, Elektromobilit\u00e4t und Ladeinfrastruktur sowie Wasserstoffanlagen im Netzbetrieb.<\/p>\n\n\n\n<p class=\"has-text-align-center\"><strong><em>&#8230; <a href=\"https:\/\/www.hsu-hh.de\/ees\/forschungsprojekte\">Interesse an Forschung<\/a> ?<\/em><\/strong><\/p>\n\n\n\n<h3 class=\"wp-block-heading\">Die Lehre umfasst Vorlesungen, \u00dcbungen und Labore zu folgenden Gebieten<\/h3>\n\n\n\n<ul class=\"wp-block-list\">\n<li>Elektrische Energieversorgung<\/li>\n\n\n\n<li>Berechnung von Netzfehlern und Netzbetrieb<\/li>\n\n\n\n<li>Grundlagen der Hochspannungstechnik<\/li>\n\n\n\n<li>Transiente Vorg\u00e4nge in Hochspannungsnetzen<\/li>\n\n\n\n<li>Regenerative Energiesysteme im Netzbetrieb<\/li>\n\n\n\n<li>Energiewirtschaft<\/li>\n<\/ul>\n\n\n\n<h3 class=\"wp-block-heading\">In der Forschung werden folgende Themen bearbeitet<\/h3>\n\n\n\n<ul class=\"wp-block-list\">\n<li>Elektrisches Energiesystem &#8212; Modellbildung und Netzberechnung, Smart Grids, Inselnetzerkennung<\/li>\n\n\n\n<li>Netzidentifikation &#8212; Simulation und Messung der frequenzabh\u00e4ngigen Netzimpedanz<\/li>\n\n\n\n<li>Elektromobilit\u00e4t &#8212; Netzintegration der Ladeinfrastruktur und Optimierung<\/li>\n\n\n\n<li>Multi-Modale Energiesysteme &#8212; Sektorenkopplung, Wasserstoff, Brennstoffzellen, Elektrolyse<\/li>\n\n\n\n<li>More Electric Aircraft &#8212; Flugzeugbordnetze, Power Management, Integration von Brennstoffzellen, 3D-Druck<\/li>\n<\/ul>\n\n\n\n<div style=\"height:20px\" aria-hidden=\"true\" class=\"wp-block-spacer\"><\/div>\n\n\n\n<p><a href=\"https:\/\/www.hsu-hh.de\/ees\/dlab\">Distributed Energy Laboratory &#8211; DLab &#8211; Labor f\u00fcr Verteilte Energiesysteme<\/a><\/p>\n\n\n\n<ul class=\"wp-block-list\">\n<li><a href=\"https:\/\/www.hsu-hh.de\/ees\/dlab\/netzlabor\">Netzlabor<\/a><\/li>\n\n\n\n<li><a href=\"https:\/\/www.hsu-hh.de\/ees\/dlab\/windenergielabor\">Windenergielabor<\/a><\/li>\n\n\n\n<li><a href=\"https:\/\/www.hsu-hh.de\/ees\/dlab\/hochspannungslabor\">Hochspannungslabor<\/a><\/li>\n\n\n\n<li><a href=\"https:\/\/www.hsu-hh.de\/ees\/dlab\/photovoltaiklabor\" data-type=\"page\" data-id=\"3662\">Photovoltaiklabor<\/a><\/li>\n\n\n\n<li><a href=\"https:\/\/www.hsu-hh.de\/ees\/dlab\/netzimpedanzbestimmung\">Messcontainer zur Netzimpedanzbestimmung<\/a><\/li>\n\n\n\n<li><a href=\"https:\/\/www.hsu-hh.de\/ees\/dlab\/brennstoffzellenlabor\">Wasserstoff- und Brennstoffzellenlabor<\/a><\/li>\n\n\n\n<li><a href=\"https:\/\/www.hsu-hh.de\/ees\/dlab\/flugzeugbordnetzlabor\">Flugzeugbordnetzlabor<\/a><\/li>\n\n\n\n<li><a href=\"https:\/\/www.hsu-hh.de\/ees\/dlab\/mittelspannungslabor\"><\/a><a href=\"https:\/\/www.hsu-hh.de\/ees\/dlab\/mittelspannungslabor\">Labor f\u00fcr Elektromobilit\u00e4t und Mittelspannungspr\u00fcfungen<\/a><\/li>\n\n\n\n<li><a href=\"https:\/\/www.hsu-hh.de\/ees\/dlab\/elektrofahrzeuge\">Elektrofahrzeuge<\/a><\/li>\n<\/ul>\n\n\n\n<div style=\"height:20px\" aria-hidden=\"true\" class=\"wp-block-spacer\"><\/div>\n\n\n\n<h3 class=\"wp-block-heading\">Publikationen<\/h3>\n\n\n\n<div class=\"wp-block-columns is-layout-flex wp-container-core-columns-is-layout-9d6595d7 wp-block-columns-is-layout-flex\">\n<div class=\"wp-block-column is-layout-flow wp-block-column-is-layout-flow\" style=\"flex-basis:20.5%\"><div class=\"wp-block-image is-resized\">\n<figure class=\"alignleft size-large\"><a href=\"https:\/\/www.hsu-hh.de\/ees\/forschung-2020\/publikationen-2020\"><img loading=\"lazy\" decoding=\"async\" width=\"200\" height=\"200\" src=\"https:\/\/www.hsu-hh.de\/ees\/wp-content\/uploads\/sites\/680\/2017\/11\/publikationen-e1606729139365.jpg\" data-credit=\"x\" alt=\"Publikationen\" class=\"wp-image-439\" \/><\/a><\/figure>\n<\/div><\/div>\n\n\n\n<div class=\"wp-block-column is-vertically-aligned-center is-layout-flow wp-block-column-is-layout-flow\" style=\"flex-basis:82.4%\">\n<p><a href=\"https:\/\/www.hsu-hh.de\/ees\/publikationen-2020\/buecher\">B\u00fccher<\/a> und&nbsp;<a href=\"https:\/\/www.hsu-hh.de\/ees\/publikationen-2020\/buchkapitel\">Buchkapitel<\/a><br><a href=\"https:\/\/www.hsu-hh.de\/ees\/publikationen-2020\/veroeffentlichungen-und-kongressbeitraege\">Ver\u00f6ffentlichungen und Kongressbeitr\u00e4ge<\/a><br><a href=\"https:\/\/www.hsu-hh.de\/ees\/publikationen-2020\/dissertationen\">Dissertationen<\/a><br><a href=\"https:\/\/www.hsu-hh.de\/ees\/wissenschaftliche-studien\">Wissenschaftliche Studien<\/a><br><a href=\"https:\/\/www.hsu-hh.de\/ees\/wissenschaftliche-reports\" data-type=\"page\" data-id=\"4009\">Reports und Projektstudien<\/a><br><a href=\"https:\/\/www.hsu-hh.de\/ees\/publikationen-2020\/studentenarbeiten\">Studentenarbeiten<\/a><\/p>\n<\/div>\n<\/div>\n\n\n\n<h3 class=\"wp-block-heading\">Lehrb\u00fccher<\/h3>\n\n\n\n<div class=\"wp-block-columns are-vertically-aligned-center is-layout-flex wp-container-core-columns-is-layout-9d6595d7 wp-block-columns-is-layout-flex\">\n<div class=\"wp-block-column is-vertically-aligned-center is-layout-flow wp-block-column-is-layout-flow\" style=\"flex-basis:20%\"><div class=\"wp-block-image is-resized\">\n<figure class=\"alignleft size-medium\"><a href=\"https:\/\/www.hsu-hh.de\/ees\/lehre\/lehrbuch\"><img loading=\"lazy\" decoding=\"async\" width=\"210\" height=\"300\" src=\"https:\/\/www.hsu-hh.de\/ees\/wp-content\/uploads\/sites\/680\/2019\/11\/Elektrische-Energieversorgung-210x300.png\" data-credit=\"Springer Vieweg\" alt=\"Eletrische Energieversorgung\" class=\"wp-image-2377\" style=\"object-fit:cover\" srcset=\"https:\/\/www.hsu-hh.de\/ees\/wp-content\/uploads\/sites\/680\/2019\/11\/Elektrische-Energieversorgung-210x300.png 210w, https:\/\/www.hsu-hh.de\/ees\/wp-content\/uploads\/sites\/680\/2019\/11\/Elektrische-Energieversorgung-768x1097.png 768w, https:\/\/www.hsu-hh.de\/ees\/wp-content\/uploads\/sites\/680\/2019\/11\/Elektrische-Energieversorgung-717x1024.png 717w, https:\/\/www.hsu-hh.de\/ees\/wp-content\/uploads\/sites\/680\/2019\/11\/Elektrische-Energieversorgung.png 856w\" sizes=\"auto, (max-width: 210px) 100vw, 210px\" \/><\/a><\/figure>\n<\/div><\/div>\n\n\n\n<div class=\"wp-block-column is-vertically-aligned-center is-layout-flow wp-block-column-is-layout-flow\" style=\"flex-basis:20.1%\"><div class=\"wp-block-image is-resized\">\n<figure class=\"alignleft size-medium\"><img loading=\"lazy\" decoding=\"async\" width=\"226\" height=\"300\" src=\"https:\/\/www.hsu-hh.de\/ees\/wp-content\/uploads\/sites\/680\/2021\/01\/Handbuch-Elektrotechnik-226x300.png\" data-credit=\"Springer Vieweg\" alt=\"Handbuch Elektrotechnik\" class=\"wp-image-3900\" style=\"object-fit:cover\" srcset=\"https:\/\/www.hsu-hh.de\/ees\/wp-content\/uploads\/sites\/680\/2021\/01\/Handbuch-Elektrotechnik-226x300.png 226w, https:\/\/www.hsu-hh.de\/ees\/wp-content\/uploads\/sites\/680\/2021\/01\/Handbuch-Elektrotechnik.png 683w\" sizes=\"auto, (max-width: 226px) 100vw, 226px\" \/><\/figure>\n<\/div><\/div>\n\n\n\n<div class=\"wp-block-column is-vertically-aligned-center is-layout-flow wp-block-column-is-layout-flow\" style=\"flex-basis:20%\"><div class=\"wp-block-image is-resized\">\n<figure class=\"alignleft size-medium\"><img loading=\"lazy\" decoding=\"async\" width=\"210\" height=\"300\" src=\"https:\/\/www.hsu-hh.de\/ees\/wp-content\/uploads\/sites\/680\/2021\/01\/FormelnUndTabellenElektrotechnik-210x300.png\" data-credit=\"Springer Vieweg\" alt=\"Formeln und Tabellen Elektrotechnik\" class=\"wp-image-3897\" style=\"object-fit:cover\" srcset=\"https:\/\/www.hsu-hh.de\/ees\/wp-content\/uploads\/sites\/680\/2021\/01\/FormelnUndTabellenElektrotechnik-210x300.png 210w, https:\/\/www.hsu-hh.de\/ees\/wp-content\/uploads\/sites\/680\/2021\/01\/FormelnUndTabellenElektrotechnik-718x1024.png 718w, https:\/\/www.hsu-hh.de\/ees\/wp-content\/uploads\/sites\/680\/2021\/01\/FormelnUndTabellenElektrotechnik-768x1096.png 768w, https:\/\/www.hsu-hh.de\/ees\/wp-content\/uploads\/sites\/680\/2021\/01\/FormelnUndTabellenElektrotechnik.png 993w\" sizes=\"auto, (max-width: 210px) 100vw, 210px\" \/><\/figure>\n<\/div><\/div>\n\n\n\n<div class=\"wp-block-column is-vertically-aligned-center is-layout-flow wp-block-column-is-layout-flow\"><\/div>\n\n\n\n<div class=\"wp-block-column is-vertically-aligned-center is-layout-flow wp-block-column-is-layout-flow\"><\/div>\n<\/div>\n\n\n\n<h3 class=\"wp-block-heading\">NEIS-Konferenz<\/h3>\n\n\n\n<div class=\"wp-block-columns is-layout-flex wp-container-core-columns-is-layout-9d6595d7 wp-block-columns-is-layout-flex\">\n<div class=\"wp-block-column is-layout-flow wp-block-column-is-layout-flow\" style=\"flex-basis:20.3%\">\n<figure class=\"wp-block-image size-medium is-resized\"><img loading=\"lazy\" decoding=\"async\" width=\"212\" height=\"300\" src=\"https:\/\/www.hsu-hh.de\/ees\/wp-content\/uploads\/sites\/680\/2024\/05\/NEIS2023_Titelseite-212x300.png\" data-credit=\"Helmut-Schmidt-Universit\u00e4t\" alt=\"NEIS2023_Titelseite\" class=\"wp-image-7632\" srcset=\"https:\/\/www.hsu-hh.de\/ees\/wp-content\/uploads\/sites\/680\/2024\/05\/NEIS2023_Titelseite-212x300.png 212w, https:\/\/www.hsu-hh.de\/ees\/wp-content\/uploads\/sites\/680\/2024\/05\/NEIS2023_Titelseite-724x1024.png 724w, https:\/\/www.hsu-hh.de\/ees\/wp-content\/uploads\/sites\/680\/2024\/05\/NEIS2023_Titelseite-768x1086.png 768w, https:\/\/www.hsu-hh.de\/ees\/wp-content\/uploads\/sites\/680\/2024\/05\/NEIS2023_Titelseite-1086x1536.png 1086w, https:\/\/www.hsu-hh.de\/ees\/wp-content\/uploads\/sites\/680\/2024\/05\/NEIS2023_Titelseite-1100x1556.png 1100w, https:\/\/www.hsu-hh.de\/ees\/wp-content\/uploads\/sites\/680\/2024\/05\/NEIS2023_Titelseite.png 1240w\" sizes=\"auto, (max-width: 212px) 100vw, 212px\" \/><figcaption class=\"wp-element-caption\"> <\/figcaption><\/figure>\n<\/div>\n\n\n\n<div class=\"wp-block-column is-vertically-aligned-center is-layout-flow wp-block-column-is-layout-flow\" style=\"flex-basis:81.8%\">\n<p><a href=\"https:\/\/www.hsu-hh.de\/ees\/forschung\/neis-konferenz\">Konferenz f\u00fcr nachhaltige Energieversorgung<br>und Integration von Speichern<\/a><\/p>\n<\/div>\n<\/div>\n\n\n\n<h3 class=\"wp-block-heading\">Technischer Klimaschutz<\/h3>\n\n\n\n<div class=\"wp-block-columns is-layout-flex wp-container-core-columns-is-layout-9d6595d7 wp-block-columns-is-layout-flex\">\n<div class=\"wp-block-column is-layout-flow wp-block-column-is-layout-flow\" style=\"flex-basis:20.1%\"><div class=\"wp-block-image\">\n<figure class=\"alignleft size-full\"><img loading=\"lazy\" decoding=\"async\" width=\"607\" height=\"859\" src=\"https:\/\/www.hsu-hh.de\/ees\/wp-content\/uploads\/sites\/680\/2023\/12\/TKB5_Deckblatt.png\" data-credit=\"HSU\/EES\" alt=\"TKB5\" class=\"wp-image-7325\" style=\"object-fit:cover\" srcset=\"https:\/\/www.hsu-hh.de\/ees\/wp-content\/uploads\/sites\/680\/2023\/12\/TKB5_Deckblatt.png 607w, https:\/\/www.hsu-hh.de\/ees\/wp-content\/uploads\/sites\/680\/2023\/12\/TKB5_Deckblatt-212x300.png 212w\" sizes=\"auto, (max-width: 607px) 100vw, 607px\" \/><\/figure>\n<\/div><\/div>\n\n\n\n<div class=\"wp-block-column is-vertically-aligned-center is-layout-flow wp-block-column-is-layout-flow\" style=\"flex-basis:81.8%\">\n<p><a href=\"https:\/\/www.hsu-hh.de\/ees\/beitraege-zum-technischen-klimaschutz\" data-type=\"page\">Hamburger Beitr\u00e4ge zum technischen Klimaschutz<\/a><\/p>\n\n\n\n<p>Energie im Wandel: Forschungsperspektiven f\u00fcr Wasserstoff, Elektromobilit\u00e4t und Netzinnovation<\/p>\n<\/div>\n<\/div>\n\n\n\n<h3 class=\"wp-block-heading\">dtec.bw Sammelband<\/h3>\n\n\n\n<div class=\"wp-block-columns is-layout-flex wp-container-core-columns-is-layout-9d6595d7 wp-block-columns-is-layout-flex\">\n<div class=\"wp-block-column is-layout-flow wp-block-column-is-layout-flow\" style=\"flex-basis:20%\">\n<figure class=\"wp-block-image size-medium is-resized\"><a href=\"https:\/\/www.hsu-hh.de\/ees\/forschung\/dtec-bw-ees#Sammelband\" target=\"_blank\" rel=\"noreferrer noopener\"><img loading=\"lazy\" decoding=\"async\" width=\"212\" height=\"300\" src=\"https:\/\/www.hsu-hh.de\/ees\/wp-content\/uploads\/sites\/680\/2023\/02\/dtec.bw-Beitraege_2022_Cover-212x300.jpg\" data-credit=\"HSU\/EES\" alt=\"\" class=\"wp-image-6606\" srcset=\"https:\/\/www.hsu-hh.de\/ees\/wp-content\/uploads\/sites\/680\/2023\/02\/dtec.bw-Beitraege_2022_Cover-212x300.jpg 212w, https:\/\/www.hsu-hh.de\/ees\/wp-content\/uploads\/sites\/680\/2023\/02\/dtec.bw-Beitraege_2022_Cover-724x1024.jpg 724w, https:\/\/www.hsu-hh.de\/ees\/wp-content\/uploads\/sites\/680\/2023\/02\/dtec.bw-Beitraege_2022_Cover-768x1087.jpg 768w, https:\/\/www.hsu-hh.de\/ees\/wp-content\/uploads\/sites\/680\/2023\/02\/dtec.bw-Beitraege_2022_Cover.jpg 815w\" sizes=\"auto, (max-width: 212px) 100vw, 212px\" \/><\/a><\/figure>\n<\/div>\n\n\n\n<div class=\"wp-block-column is-vertically-aligned-center is-layout-flow wp-block-column-is-layout-flow\" style=\"flex-basis:80%\">\n<p><a href=\"https:\/\/www.hsu-hh.de\/ees\/forschung\/dtec-bw-ees#Sammelband\" target=\"_blank\" rel=\"noreferrer noopener\">Projektbeitr\u00e4ge aus dem &#8222;Forschungszentrum f\u00fcr Digitalisierungs- und Technologieforschung der Bundeswehr&#8220; (dtec.bw)<\/a><\/p>\n<\/div>\n<\/div>\n\n\n\n<h3 class=\"wp-block-heading\">Wissenschaftliche Studien<\/h3>\n\n\n\n<div class=\"wp-block-columns are-vertically-aligned-center is-layout-flex wp-container-core-columns-is-layout-9d6595d7 wp-block-columns-is-layout-flex\">\n<div class=\"wp-block-column is-vertically-aligned-center is-layout-flow wp-block-column-is-layout-flow\" style=\"flex-basis:20%\">\n<figure class=\"wp-block-image size-medium is-resized\"><img loading=\"lazy\" decoding=\"async\" width=\"212\" height=\"300\" src=\"https:\/\/www.hsu-hh.de\/ees\/wp-content\/uploads\/sites\/680\/2021\/01\/dena-Studie-212x300.png\" data-credit=\"Deutsch Energie-Agentur\" alt=\"dena-Studie\" class=\"wp-image-3981\" srcset=\"https:\/\/www.hsu-hh.de\/ees\/wp-content\/uploads\/sites\/680\/2021\/01\/dena-Studie-212x300.png 212w, https:\/\/www.hsu-hh.de\/ees\/wp-content\/uploads\/sites\/680\/2021\/01\/dena-Studie-724x1024.png 724w, https:\/\/www.hsu-hh.de\/ees\/wp-content\/uploads\/sites\/680\/2021\/01\/dena-Studie-768x1086.png 768w, https:\/\/www.hsu-hh.de\/ees\/wp-content\/uploads\/sites\/680\/2021\/01\/dena-Studie-1087x1536.png 1087w, https:\/\/www.hsu-hh.de\/ees\/wp-content\/uploads\/sites\/680\/2021\/01\/dena-Studie-1449x2048.png 1449w, https:\/\/www.hsu-hh.de\/ees\/wp-content\/uploads\/sites\/680\/2021\/01\/dena-Studie-1100x1555.png 1100w\" sizes=\"auto, (max-width: 212px) 100vw, 212px\" \/><\/figure>\n<\/div>\n\n\n\n<div class=\"wp-block-column is-vertically-aligned-center is-layout-flow wp-block-column-is-layout-flow\" style=\"flex-basis:20.1%\"><div class=\"wp-block-image is-resized\">\n<figure class=\"alignleft size-medium\"><img loading=\"lazy\" decoding=\"async\" width=\"205\" height=\"300\" src=\"https:\/\/www.hsu-hh.de\/ees\/wp-content\/uploads\/sites\/680\/2021\/01\/Metastudie_Elektromobilitaet_HH1-205x300.png\" data-credit=\"HSU \/ DLab\" alt=\"Meta Studie Elektromobilit\u00e4t\" class=\"wp-image-3978\" srcset=\"https:\/\/www.hsu-hh.de\/ees\/wp-content\/uploads\/sites\/680\/2021\/01\/Metastudie_Elektromobilitaet_HH1-205x300.png 205w, https:\/\/www.hsu-hh.de\/ees\/wp-content\/uploads\/sites\/680\/2021\/01\/Metastudie_Elektromobilitaet_HH1-701x1024.png 701w, https:\/\/www.hsu-hh.de\/ees\/wp-content\/uploads\/sites\/680\/2021\/01\/Metastudie_Elektromobilitaet_HH1-768x1121.png 768w, https:\/\/www.hsu-hh.de\/ees\/wp-content\/uploads\/sites\/680\/2021\/01\/Metastudie_Elektromobilitaet_HH1-1052x1536.png 1052w, https:\/\/www.hsu-hh.de\/ees\/wp-content\/uploads\/sites\/680\/2021\/01\/Metastudie_Elektromobilitaet_HH1-1403x2048.png 1403w, https:\/\/www.hsu-hh.de\/ees\/wp-content\/uploads\/sites\/680\/2021\/01\/Metastudie_Elektromobilitaet_HH1-1100x1606.png 1100w, https:\/\/www.hsu-hh.de\/ees\/wp-content\/uploads\/sites\/680\/2021\/01\/Metastudie_Elektromobilitaet_HH1.png 1489w\" sizes=\"auto, (max-width: 205px) 100vw, 205px\" \/><\/figure>\n<\/div><\/div>\n\n\n\n<div class=\"wp-block-column is-vertically-aligned-center is-layout-flow wp-block-column-is-layout-flow\" style=\"flex-basis:20%\"><div class=\"wp-block-image is-resized\">\n<figure class=\"alignleft size-medium\"><a href=\"https:\/\/www.bbk.bund.de\/SharedDocs\/Downloads\/DE\/Mediathek\/Publikationen\/FiB\/FiB-35-erneuerbare-energieanlagen.pdf?__blob=publicationFile&amp;v=2\" target=\"_blank\" rel=\"noreferrer noopener\"><img loading=\"lazy\" decoding=\"async\" width=\"211\" height=\"300\" src=\"https:\/\/www.hsu-hh.de\/ees\/wp-content\/uploads\/sites\/680\/2024\/10\/Deckblatt_BBK_Studie_2024-211x300.jpg\" data-credit=\"HSU\" alt=\"\" class=\"wp-image-7788\" srcset=\"https:\/\/www.hsu-hh.de\/ees\/wp-content\/uploads\/sites\/680\/2024\/10\/Deckblatt_BBK_Studie_2024-211x300.jpg 211w, https:\/\/www.hsu-hh.de\/ees\/wp-content\/uploads\/sites\/680\/2024\/10\/Deckblatt_BBK_Studie_2024-722x1024.jpg 722w, https:\/\/www.hsu-hh.de\/ees\/wp-content\/uploads\/sites\/680\/2024\/10\/Deckblatt_BBK_Studie_2024-768x1089.jpg 768w, https:\/\/www.hsu-hh.de\/ees\/wp-content\/uploads\/sites\/680\/2024\/10\/Deckblatt_BBK_Studie_2024-1083x1536.jpg 1083w, https:\/\/www.hsu-hh.de\/ees\/wp-content\/uploads\/sites\/680\/2024\/10\/Deckblatt_BBK_Studie_2024-1100x1560.jpg 1100w, https:\/\/www.hsu-hh.de\/ees\/wp-content\/uploads\/sites\/680\/2024\/10\/Deckblatt_BBK_Studie_2024.jpg 1166w\" sizes=\"auto, (max-width: 211px) 100vw, 211px\" \/><\/a><\/figure>\n<\/div><\/div>\n\n\n\n<div class=\"wp-block-column is-vertically-aligned-center is-layout-flow wp-block-column-is-layout-flow\">\n<p><a href=\"https:\/\/www.hsu-hh.de\/ees\/wissenschaftliche-studien\">weitere Studien<\/a> &#8230;<\/p>\n<\/div>\n\n\n\n<div class=\"wp-block-column is-vertically-aligned-center is-layout-flow wp-block-column-is-layout-flow\"><\/div>\n<\/div>\n\n\n\n<h3 class=\"wp-block-heading\">Flyer &#8211; Labore und Messeinrichtungen<\/h3>\n\n\n\n<div class=\"wp-block-columns is-layout-flex wp-container-core-columns-is-layout-9d6595d7 wp-block-columns-is-layout-flex\">\n<div class=\"wp-block-column is-layout-flow wp-block-column-is-layout-flow\">\n<figure class=\"wp-block-image size-medium is-resized\"><a href=\"https:\/\/www.hsu-hh.de\/ees\/wp-content\/uploads\/sites\/680\/2021\/09\/DLab-Flyer_V8-Xde.pdf\" target=\"_blank\" rel=\"noopener\"><img loading=\"lazy\" decoding=\"async\" width=\"142\" height=\"300\" src=\"https:\/\/www.hsu-hh.de\/ees\/wp-content\/uploads\/sites\/680\/2021\/09\/DLab-Flyer_V8deD-142x300.png\" data-credit=\"HSU - DLab\" alt=\"DLab\" class=\"wp-image-4887\" \/><\/a><\/figure>\n\n\n\n<p><\/p>\n<\/div>\n\n\n\n<div class=\"wp-block-column is-layout-flow wp-block-column-is-layout-flow\">\n<figure class=\"wp-block-image size-medium is-resized\"><a href=\"https:\/\/www.hsu-hh.de\/ees\/wp-content\/uploads\/sites\/680\/2021\/09\/MesscontainerX.pdf\" target=\"_blank\" rel=\"noopener\"><img loading=\"lazy\" decoding=\"async\" width=\"141\" height=\"300\" src=\"https:\/\/www.hsu-hh.de\/ees\/wp-content\/uploads\/sites\/680\/2021\/09\/MesscontainerD-141x300.png\" data-credit=\"\" alt=\"Messcontainer\" class=\"wp-image-4896\" \/><\/a><\/figure>\n<\/div>\n\n\n\n<div class=\"wp-block-column is-layout-flow wp-block-column-is-layout-flow\">\n<figure class=\"wp-block-image size-medium is-resized\"><a href=\"https:\/\/www.hsu-hh.de\/ees\/wp-content\/uploads\/sites\/680\/2021\/09\/Labor_Brennstoffzellen_gnX.pdf\" target=\"_blank\" rel=\"noopener\"><img loading=\"lazy\" decoding=\"async\" width=\"142\" height=\"300\" src=\"https:\/\/www.hsu-hh.de\/ees\/wp-content\/uploads\/sites\/680\/2021\/09\/Labor_Brennstoffzellen_gnD-142x300.png\" data-credit=\"\" alt=\"Brennstoffzelle\" class=\"wp-image-4899\" \/><\/a><\/figure>\n<\/div>\n\n\n\n<div class=\"wp-block-column is-layout-flow wp-block-column-is-layout-flow\">\n<figure class=\"wp-block-image size-medium is-resized\"><a href=\"https:\/\/www.hsu-hh.de\/ees\/wp-content\/uploads\/sites\/680\/2021\/09\/Labore_HS_MSX.pdf\" target=\"_blank\" rel=\"noopener\"><img loading=\"lazy\" decoding=\"async\" width=\"143\" height=\"300\" src=\"https:\/\/www.hsu-hh.de\/ees\/wp-content\/uploads\/sites\/680\/2021\/09\/Labore_HS_MSD-143x300.png\" data-credit=\"\" alt=\"HS\/MS\" class=\"wp-image-4901\" \/><\/a><\/figure>\n<\/div>\n\n\n\n<div class=\"wp-block-column is-layout-flow wp-block-column-is-layout-flow\"><\/div>\n\n\n\n<div class=\"wp-block-column is-layout-flow wp-block-column-is-layout-flow\"><\/div>\n<\/div>\n\n\n\n<h3 class=\"wp-block-heading\">Flyer &#8211; Projekte<\/h3>\n\n\n\n<div class=\"wp-block-columns is-layout-flex wp-container-core-columns-is-layout-9d6595d7 wp-block-columns-is-layout-flex\">\n<div class=\"wp-block-column is-layout-flow wp-block-column-is-layout-flow\">\n<figure class=\"wp-block-image size-medium is-resized\"><a href=\"https:\/\/www.hsu-hh.de\/ees\/wp-content\/uploads\/sites\/680\/2021\/09\/ImpedanzmessungX.pdf\" target=\"_blank\" rel=\"noopener\"><img loading=\"lazy\" decoding=\"async\" width=\"143\" height=\"300\" src=\"https:\/\/www.hsu-hh.de\/ees\/wp-content\/uploads\/sites\/680\/2021\/09\/ImpedanzmessungD-143x300.png\" data-credit=\"\" alt=\"Impedanzmessung\" class=\"wp-image-4906\" \/><\/a><\/figure>\n<\/div>\n\n\n\n<div class=\"wp-block-column is-layout-flow wp-block-column-is-layout-flow\">\n<figure class=\"wp-block-image size-medium is-resized\"><a href=\"https:\/\/www.hsu-hh.de\/ees\/wp-content\/uploads\/sites\/680\/2021\/09\/Projekt_NEW40X.pdf\" target=\"_blank\" rel=\"noopener\"><img loading=\"lazy\" decoding=\"async\" width=\"142\" height=\"300\" src=\"https:\/\/www.hsu-hh.de\/ees\/wp-content\/uploads\/sites\/680\/2021\/09\/Projekt_NEW40D-142x300.png\" data-credit=\"\" alt=\"NEW4.0\" class=\"wp-image-4907\" \/><\/a><\/figure>\n<\/div>\n\n\n\n<div class=\"wp-block-column is-layout-flow wp-block-column-is-layout-flow\">\n<figure class=\"wp-block-image size-medium is-resized\"><a href=\"https:\/\/www.hsu-hh.de\/ees\/wp-content\/uploads\/sites\/680\/2021\/09\/Projekt_BrennstoffzellenX.pdf\" target=\"_blank\" rel=\"noopener\"><img loading=\"lazy\" decoding=\"async\" width=\"143\" height=\"300\" src=\"https:\/\/www.hsu-hh.de\/ees\/wp-content\/uploads\/sites\/680\/2021\/09\/Projekt_BrennstoffzellenD-143x300.png\" data-credit=\"\" alt=\"Brennstoffzelle\" class=\"wp-image-4909\" \/><\/a><\/figure>\n<\/div>\n\n\n\n<div class=\"wp-block-column is-layout-flow wp-block-column-is-layout-flow\">\n<figure class=\"wp-block-image size-medium is-resized\"><a href=\"https:\/\/www.hsu-hh.de\/ees\/wp-content\/uploads\/sites\/680\/2021\/09\/Projekt_LadeinfrastrukturX.pdf\" target=\"_blank\" rel=\"noopener\"><img loading=\"lazy\" decoding=\"async\" width=\"143\" height=\"300\" src=\"https:\/\/www.hsu-hh.de\/ees\/wp-content\/uploads\/sites\/680\/2021\/09\/Projekt_LadeinfrastrukturD-143x300.png\" data-credit=\"\" alt=\"Ladeinfrastruktur\" class=\"wp-image-4912\" \/><\/a><\/figure>\n<\/div>\n\n\n\n<div class=\"wp-block-column is-layout-flow wp-block-column-is-layout-flow\"><\/div>\n\n\n\n<div class=\"wp-block-column is-layout-flow wp-block-column-is-layout-flow\"><\/div>\n<\/div>\n\n\n\n<h3 class=\"wp-block-heading\">Energietechnik zum Anfassen<\/h3>\n\n\n\n<div class=\"wp-block-columns is-layout-flex wp-container-core-columns-is-layout-9d6595d7 wp-block-columns-is-layout-flex\">\n<div class=\"wp-block-column is-layout-flow wp-block-column-is-layout-flow\" style=\"flex-basis:20.58%\"><div class=\"wp-block-image is-resized\">\n<figure class=\"alignleft size-large\"><img loading=\"lazy\" decoding=\"async\" width=\"200\" height=\"200\" src=\"https:\/\/www.hsu-hh.de\/ees\/wp-content\/uploads\/sites\/680\/2017\/10\/Lueneburg2_200x200.jpg\" data-credit=\"Klaus-Dieter Dettmann\" alt=\"Demonstrator zu interdisziplin\u00e4ren Bewertung von virtuellen Kraftwerkskombinationen\" class=\"wp-image-310\" srcset=\"https:\/\/www.hsu-hh.de\/ees\/wp-content\/uploads\/sites\/680\/2017\/10\/Lueneburg2_200x200.jpg 200w, https:\/\/www.hsu-hh.de\/ees\/wp-content\/uploads\/sites\/680\/2017\/10\/Lueneburg2_200x200-150x150.jpg 150w, https:\/\/www.hsu-hh.de\/ees\/wp-content\/uploads\/sites\/680\/2017\/10\/Lueneburg2_200x200-100x100.jpg 100w\" sizes=\"auto, (max-width: 200px) 100vw, 200px\" \/><\/figure>\n<\/div><\/div>\n\n\n\n<div class=\"wp-block-column is-vertically-aligned-center is-layout-flow wp-block-column-is-layout-flow\" style=\"flex-basis:79.42%\">\n<p><a href=\"https:\/\/www.hsu-hh.de\/ees\/lehre\/energietechnik-zum-anfassen\">Experimentierst\u00e4nde<\/a><br>und<br><a href=\"https:\/\/www.hsu-hh.de\/ees\/lehre\/energietechnik-zum-anfassen\">Demonstratoren<\/a><\/p>\n<\/div>\n<\/div>\n","protected":false},"excerpt":{"rendered":"<p>Prof. Dr.&#8211;Ing. habil. Detlef Schulz Die Professur wird seit Ende 2005 von Prof.&nbsp;Dr.&#8211;Ing.&nbsp;habil.&nbsp;Detlef Schulz geleitet. Die Kernkompetenzen der Professur liegen im Bereich der elektrischen Netze, Netzbetriebsmittel und netzgekoppelter Anlagen zur [&hellip;]<\/p>\n","protected":false},"author":57,"featured_media":0,"parent":0,"menu_order":0,"comment_status":"closed","ping_status":"closed","template":"","meta":{"footnotes":""},"categories":[35],"tags":[],"class_list":["post-73","page","type-page","status-publish","hentry","category-startseite"],"_links":{"self":[{"href":"https:\/\/www.hsu-hh.de\/ees\/wp-json\/wp\/v2\/pages\/73","targetHints":{"allow":["GET"]}}],"collection":[{"href":"https:\/\/www.hsu-hh.de\/ees\/wp-json\/wp\/v2\/pages"}],"about":[{"href":"https:\/\/www.hsu-hh.de\/ees\/wp-json\/wp\/v2\/types\/page"}],"author":[{"embeddable":true,"href":"https:\/\/www.hsu-hh.de\/ees\/wp-json\/wp\/v2\/users\/57"}],"replies":[{"embeddable":true,"href":"https:\/\/www.hsu-hh.de\/ees\/wp-json\/wp\/v2\/comments?post=73"}],"version-history":[{"count":251,"href":"https:\/\/www.hsu-hh.de\/ees\/wp-json\/wp\/v2\/pages\/73\/revisions"}],"predecessor-version":[{"id":7792,"href":"https:\/\/www.hsu-hh.de\/ees\/wp-json\/wp\/v2\/pages\/73\/revisions\/7792"}],"wp:attachment":[{"href":"https:\/\/www.hsu-hh.de\/ees\/wp-json\/wp\/v2\/media?parent=73"}],"wp:term":[{"taxonomy":"category","embeddable":true,"href":"https:\/\/www.hsu-hh.de\/ees\/wp-json\/wp\/v2\/categories?post=73"},{"taxonomy":"post_tag","embeddable":true,"href":"https:\/\/www.hsu-hh.de\/ees\/wp-json\/wp\/v2\/tags?post=73"}],"curies":[{"name":"wp","href":"https:\/\/api.w.org\/{rel}","templated":true}]}}