{"id":7239,"date":"2023-09-21T15:38:23","date_gmt":"2023-09-21T13:38:23","guid":{"rendered":"https:\/\/www.hsu-hh.de\/ees\/?page_id=7239"},"modified":"2023-09-21T15:40:51","modified_gmt":"2023-09-21T13:40:51","slug":"impedanzanalyse-von-pv-kraftwerken-zur-sicherstellung-eines-stabilen-und-zuverlaessigen-betriebs-am-netz-imastabil","status":"publish","type":"page","link":"https:\/\/www.hsu-hh.de\/ees\/impedanzanalyse-von-pv-kraftwerken-zur-sicherstellung-eines-stabilen-und-zuverlaessigen-betriebs-am-netz-imastabil","title":{"rendered":"Impedanzanalyse von PV-Kraftwerken zur Sicherstellung eines stabilen und zuverl\u00e4ssigen Betriebs am Netz (ImaStabil)"},"content":{"rendered":"\n<div class=\"wp-block-columns is-layout-flex wp-container-core-columns-is-layout-9d6595d7 wp-block-columns-is-layout-flex\">\n<div class=\"wp-block-column is-layout-flow wp-block-column-is-layout-flow\">\n<figure class=\"wp-block-image size-full\"><img loading=\"lazy\" decoding=\"async\" width=\"380\" height=\"391\" src=\"https:\/\/www.hsu-hh.de\/ees\/wp-content\/uploads\/sites\/680\/2023\/05\/BMWi_Logo_gefoerdert_durch_380x391.png\" data-credit=\"BMWK\" alt=\"\" class=\"wp-image-7054\" srcset=\"https:\/\/www.hsu-hh.de\/ees\/wp-content\/uploads\/sites\/680\/2023\/05\/BMWi_Logo_gefoerdert_durch_380x391.png 380w, https:\/\/www.hsu-hh.de\/ees\/wp-content\/uploads\/sites\/680\/2023\/05\/BMWi_Logo_gefoerdert_durch_380x391-292x300.png 292w\" sizes=\"auto, (max-width: 380px) 100vw, 380px\" \/><\/figure>\n<\/div>\n\n\n\n<div class=\"wp-block-column is-layout-flow wp-block-column-is-layout-flow\"><\/div>\n\n\n\n<div class=\"wp-block-column is-layout-flow wp-block-column-is-layout-flow\"><\/div>\n<\/div>\n\n\n\n<h3 class=\"wp-block-heading\">FKZ: 03EI4060C<\/h3>\n\n\n\n<p><strong>Das Vorhaben adressiert die Sicherstellung einer hohen Versorgungsqualit\u00e4t bei einem starken Ausbau der Photovoltaik. Das Konsortium plant mit der impedanzbasierten Stabilit\u00e4tsanalyse ein neues Verfahren zur pr\u00e4dikativen Bewertung des Stabilit\u00e4ts- und Oberschwingungsverhaltens von PV-Kraftwerken erstmalig im Feld zu erproben und zu etablieren.&nbsp;Bei diesem Verfahren wird die Impedanz am Netzanschlusspunkt sowie die Eingangsimpedanz der eingesetzten Wechselrichter bei der Ermittlung der Emissionen ber\u00fccksichtigt [1].<\/strong><\/p>\n\n\n\n<p>Im Gegensatz zu konventionellen Gro\u00dfkraftwerken sind Photovoltaik (PV) Kraftwerke aus einer Vielzahl an Erzeugungseinheiten aufgebaut. Die elektrischen Eigenschaften am Netzanschlusspunkt ergeben sich dabei vor\u202fallem aus dem Zusammenspiel der eingesetzten Wechselrichter. Ferner spielen kraftwerksinterne Verkabelungen und Transformatoren hierbei eine entscheidende Rolle. Mit dem Verfahren der Impedanzspektroskopie von Wechselrichtern wurde vom Fraunhofer Institut f\u00fcr Solare Energiesysteme eine Methode zur Bestimmung des wirksamen Impedanzverlaufs und der internen OS-Quellen von Wechselrichtern entwickelt, womit sich das frequenzabh\u00e4ngige Verhalten einzelner Einheiten gut beschreiben l\u00e4sst [2]. Dieses Verfahren soll durch Methoden der Modellierung f\u00fcr komplexe erneuerbare Kraftwerke erweitert werden.<\/p>\n\n\n\n<figure class=\"wp-block-image size-full\"><img loading=\"lazy\" decoding=\"async\" width=\"1000\" height=\"667\" src=\"https:\/\/www.hsu-hh.de\/ees\/wp-content\/uploads\/sites\/680\/2023\/09\/Fraunhofer_Labor.jpg\" data-credit=\"Fraunhofer ISE\" alt=\"\" class=\"wp-image-7240\" srcset=\"https:\/\/www.hsu-hh.de\/ees\/wp-content\/uploads\/sites\/680\/2023\/09\/Fraunhofer_Labor.jpg 1000w, https:\/\/www.hsu-hh.de\/ees\/wp-content\/uploads\/sites\/680\/2023\/09\/Fraunhofer_Labor-300x200.jpg 300w, https:\/\/www.hsu-hh.de\/ees\/wp-content\/uploads\/sites\/680\/2023\/09\/Fraunhofer_Labor-768x512.jpg 768w\" sizes=\"auto, (max-width: 1000px) 100vw, 1000px\" \/><figcaption class=\"wp-element-caption\">Pr\u00fcfstand im Multi-Megawatt Lab zur Durchf\u00fchrung von Impedanzspektroskopien an Wechselrichtern.<\/figcaption><\/figure>\n\n\n\n<p>Bei der Bestimmung der f\u00fcr die Stabilit\u00e4tsbewertung notwendigen frequenzabh\u00e4ngigen Thevenin-Ersatzschaltbilder des Netzes kommt die jahrelange und in mehreren Messkampagnen angeeignete Erfahrung der Professur Elektrische Energiesysteme der <abbr title=\"Helmut Schmidt Universit\u00e4t\">HSU<\/abbr> zum Tragen [3]. Zur Bestimmung der Netzimpedanz auf der Mittelspannungsebene wird der ONIS-Messcontainer der <abbr title=\"Helmut Schmidt Universit\u00e4t\">HSU<\/abbr> eingesetzt. Erg\u00e4nzend werden Messungen auf der Niederspannungsebene durch die morEnergy <abbr title=\"Gesellschaft mit beschr\u00e4nkter Haftung\">GmbH<\/abbr> durchgef\u00fchrt. <\/p>\n\n\n\n<figure class=\"wp-block-image size-large\"><img loading=\"lazy\" decoding=\"async\" width=\"1024\" height=\"739\" src=\"https:\/\/www.hsu-hh.de\/ees\/wp-content\/uploads\/sites\/680\/2019\/05\/DSC_4611-1024x739.jpg\" data-credit=\"HSU\" alt=\"Mittelspannungs-Netzimdepanz-Container\" class=\"wp-image-2153\" srcset=\"https:\/\/www.hsu-hh.de\/ees\/wp-content\/uploads\/sites\/680\/2019\/05\/DSC_4611-1024x739.jpg 1024w, https:\/\/www.hsu-hh.de\/ees\/wp-content\/uploads\/sites\/680\/2019\/05\/DSC_4611-300x217.jpg 300w, https:\/\/www.hsu-hh.de\/ees\/wp-content\/uploads\/sites\/680\/2019\/05\/DSC_4611-768x555.jpg 768w\" sizes=\"auto, (max-width: 1024px) 100vw, 1024px\" \/><figcaption class=\"wp-element-caption\">Mittelspannungs-Netzimdepanz-Container<\/figcaption><\/figure>\n\n\n\n<p>Dar\u00fcber hinaus wird das Projekt durch die greentech <abbr title=\"Gesellschaft mit beschr\u00e4nkter Haftung\">GmbH<\/abbr>, Planer und Betreiber von PV-Kraftwerken, als Vermittler und Koordinator der Messkampagnen, sowie durch ihre Expertise aus der Praxis unterst\u00fctzt. <\/p>\n\n\n\n<h2 class=\"wp-block-heading\">Projektkonsortium<\/h2>\n\n\n\n<div class=\"wp-block-columns is-layout-flex wp-container-core-columns-is-layout-9d6595d7 wp-block-columns-is-layout-flex\">\n<div class=\"wp-block-column is-layout-flow wp-block-column-is-layout-flow\">\n<div class=\"wp-block-columns is-layout-flex wp-container-core-columns-is-layout-9d6595d7 wp-block-columns-is-layout-flex\">\n<div class=\"wp-block-column is-layout-flow wp-block-column-is-layout-flow\">\n<figure class=\"wp-block-image size-large\"><img loading=\"lazy\" decoding=\"async\" width=\"1024\" height=\"280\" src=\"https:\/\/www.hsu-hh.de\/ees\/wp-content\/uploads\/sites\/680\/2023\/09\/FraunhoferISE_Logo-1024x280.png\" data-credit=\"\" alt=\"\" class=\"wp-image-7241\" srcset=\"https:\/\/www.hsu-hh.de\/ees\/wp-content\/uploads\/sites\/680\/2023\/09\/FraunhoferISE_Logo-1024x280.png 1024w, https:\/\/www.hsu-hh.de\/ees\/wp-content\/uploads\/sites\/680\/2023\/09\/FraunhoferISE_Logo-300x82.png 300w, https:\/\/www.hsu-hh.de\/ees\/wp-content\/uploads\/sites\/680\/2023\/09\/FraunhoferISE_Logo-768x210.png 768w, https:\/\/www.hsu-hh.de\/ees\/wp-content\/uploads\/sites\/680\/2023\/09\/FraunhoferISE_Logo-1536x421.png 1536w, https:\/\/www.hsu-hh.de\/ees\/wp-content\/uploads\/sites\/680\/2023\/09\/FraunhoferISE_Logo-2048x561.png 2048w, https:\/\/www.hsu-hh.de\/ees\/wp-content\/uploads\/sites\/680\/2023\/09\/FraunhoferISE_Logo-1100x301.png 1100w\" sizes=\"auto, (max-width: 1024px) 100vw, 1024px\" \/><\/figure>\n<\/div>\n\n\n\n<div class=\"wp-block-column is-vertically-aligned-center is-layout-flow wp-block-column-is-layout-flow\"><div class=\"wp-block-image\">\n<figure class=\"aligncenter size-large is-resized\"><img loading=\"lazy\" decoding=\"async\" src=\"https:\/\/www.hsu-hh.de\/ees\/wp-content\/uploads\/sites\/680\/2023\/09\/morEnergy_Logo-1024x735.png\" data-credit=\"\" alt=\"\" class=\"wp-image-7242\" style=\"width:184px;height:132px\" width=\"184\" height=\"132\" srcset=\"https:\/\/www.hsu-hh.de\/ees\/wp-content\/uploads\/sites\/680\/2023\/09\/morEnergy_Logo-1024x735.png 1024w, https:\/\/www.hsu-hh.de\/ees\/wp-content\/uploads\/sites\/680\/2023\/09\/morEnergy_Logo-300x215.png 300w, https:\/\/www.hsu-hh.de\/ees\/wp-content\/uploads\/sites\/680\/2023\/09\/morEnergy_Logo-768x551.png 768w, https:\/\/www.hsu-hh.de\/ees\/wp-content\/uploads\/sites\/680\/2023\/09\/morEnergy_Logo-1536x1102.png 1536w, https:\/\/www.hsu-hh.de\/ees\/wp-content\/uploads\/sites\/680\/2023\/09\/morEnergy_Logo-2048x1469.png 2048w, https:\/\/www.hsu-hh.de\/ees\/wp-content\/uploads\/sites\/680\/2023\/09\/morEnergy_Logo-1100x789.png 1100w\" sizes=\"auto, (max-width: 184px) 100vw, 184px\" \/><\/figure>\n<\/div><\/div>\n<\/div>\n<\/div>\n\n\n\n<div class=\"wp-block-column is-layout-flow wp-block-column-is-layout-flow\">\n<div class=\"wp-block-columns is-layout-flex wp-container-core-columns-is-layout-9d6595d7 wp-block-columns-is-layout-flex\">\n<div class=\"wp-block-column is-layout-flow wp-block-column-is-layout-flow\"><div class=\"wp-block-image\">\n<figure class=\"alignleft size-large\"><img loading=\"lazy\" decoding=\"async\" width=\"1024\" height=\"378\" src=\"https:\/\/www.hsu-hh.de\/ees\/wp-content\/uploads\/sites\/680\/2023\/09\/greentech_Logo-1024x378.png\" data-credit=\"\" alt=\"\" class=\"wp-image-7243\" srcset=\"https:\/\/www.hsu-hh.de\/ees\/wp-content\/uploads\/sites\/680\/2023\/09\/greentech_Logo-1024x378.png 1024w, https:\/\/www.hsu-hh.de\/ees\/wp-content\/uploads\/sites\/680\/2023\/09\/greentech_Logo-300x111.png 300w, https:\/\/www.hsu-hh.de\/ees\/wp-content\/uploads\/sites\/680\/2023\/09\/greentech_Logo-768x284.png 768w, https:\/\/www.hsu-hh.de\/ees\/wp-content\/uploads\/sites\/680\/2023\/09\/greentech_Logo-1536x567.png 1536w, https:\/\/www.hsu-hh.de\/ees\/wp-content\/uploads\/sites\/680\/2023\/09\/greentech_Logo-2048x756.png 2048w, https:\/\/www.hsu-hh.de\/ees\/wp-content\/uploads\/sites\/680\/2023\/09\/greentech_Logo-1100x406.png 1100w\" sizes=\"auto, (max-width: 1024px) 100vw, 1024px\" \/><\/figure>\n<\/div><\/div>\n\n\n\n<div class=\"wp-block-column is-layout-flow wp-block-column-is-layout-flow\"><div class=\"wp-block-image\">\n<figure class=\"aligncenter size-large is-resized\"><img loading=\"lazy\" decoding=\"async\" src=\"https:\/\/www.hsu-hh.de\/ees\/wp-content\/uploads\/sites\/680\/2021\/01\/HSU_FARBIG_HG_transparent_klein-1024x642.png\" data-credit=\"HSU\" alt=\"HSU (klein)\" class=\"wp-image-3878\" style=\"width:188px;height:118px\" width=\"188\" height=\"118\" srcset=\"https:\/\/www.hsu-hh.de\/ees\/wp-content\/uploads\/sites\/680\/2021\/01\/HSU_FARBIG_HG_transparent_klein-1024x642.png 1024w, https:\/\/www.hsu-hh.de\/ees\/wp-content\/uploads\/sites\/680\/2021\/01\/HSU_FARBIG_HG_transparent_klein-300x188.png 300w, https:\/\/www.hsu-hh.de\/ees\/wp-content\/uploads\/sites\/680\/2021\/01\/HSU_FARBIG_HG_transparent_klein-768x481.png 768w, https:\/\/www.hsu-hh.de\/ees\/wp-content\/uploads\/sites\/680\/2021\/01\/HSU_FARBIG_HG_transparent_klein-1100x689.png 1100w, https:\/\/www.hsu-hh.de\/ees\/wp-content\/uploads\/sites\/680\/2021\/01\/HSU_FARBIG_HG_transparent_klein.png 1181w\" sizes=\"auto, (max-width: 188px) 100vw, 188px\" \/><\/figure>\n<\/div><\/div>\n<\/div>\n<\/div>\n<\/div>\n\n\n\n<h2 class=\"wp-block-heading\">Quellen<\/h2>\n\n\n\n<p>[1] J. Sun, \u201eImpedance-Based Stability Criterion for Grid-Connected Inverters,&#8220; IEEE Transactions on Power Electronics, vol. 26, no. 11, 2011.<\/p>\n\n\n\n<p>[2] S. Rogalla, S. Kaiser, B. Burger und B. Engel, \u201eDeterminition of the Frequency Dependent Th\u00e9venin Equivalent of Inverters Using Differential Impedance Spectroscopy,&#8220; in IEEE 11th International Symposium on Power Electronics for Distributed Generation Systems (PEDG), Dubrovnik, 2020.<\/p>\n\n\n\n<p>[3] M. Jordan, F. Grumm, G. Kaatz, M.F. Meyer, H.Wilken und D.Schulz, \u201eOnline Network Impedance Spectrometer for the Medium-Voltage Level,&#8220; in IEEE International Conference on Enviroment and Electrical Engineering and IEEE Industrial and Commercial Power Systems Europe (EEEIC \/ I&amp;CPS Europe), Palermo, 2018.<br><\/p>\n\n\n\n<h2 class=\"wp-block-heading\">Ansprechpartner <\/h2>\n\n\n\n<p><abbr title=\"Professor\">Prof.<\/abbr> <abbr title=\"Doktor\">Dr.<\/abbr>&#8211;<abbr title=\"Ingenieur\">Ing.<\/abbr> <abbr title=\"habilitatus\">habil.<\/abbr> Detlef Schulz (Teilprojektleiter)<\/p>\n\n\n\n<p>Johannes Schr\u00e4der, <abbr title=\"Master of Science\">M.Sc.<\/abbr><br>Fakult\u00e4t f\u00fcr Elektrotechnik<br>Elektrische Energiesysteme<\/p>\n\n\n\n<p>Kontakt: johannes.schraeder@hsu-hh.de<\/p>\n\n\n\n<h2 class=\"wp-block-heading\">Projektpartner<\/h2>\n\n\n\n<p><a rel=\"noreferrer noopener\" href=\"https:\/\/www.ise.fraunhofer.de\/de\/forschungsprojekte\/imastabil.html\" target=\"_blank\">Fraunhofer ISE<\/a><br><a rel=\"noreferrer noopener\" href=\"https:\/\/greentech.energy\/\" target=\"_blank\">greentech <abbr title=\"Gesellschaft mit beschr\u00e4nkter Haftung\">GmbH<\/abbr><\/a><br><a rel=\"noreferrer noopener\" href=\"https:\/\/morenergy.net\/\" target=\"_blank\">morEnergy <abbr title=\"Gesellschaft mit beschr\u00e4nkter Haftung\">GmbH<\/abbr><\/a><br><a rel=\"noreferrer noopener\" href=\"https:\/\/wind-fgw.de\/\" target=\"_blank\">FGW e.V.<\/a> (assoziiert)<br><a rel=\"noreferrer noopener\" href=\"https:\/\/www.westnetz.de\/de.html\" target=\"_blank\">Westnetz <abbr title=\"Gesellschaft mit beschr\u00e4nkter Haftung\">GmbH<\/abbr><\/a> (assoziiert)<\/p>\n\n\n\n<p><\/p>\n","protected":false},"excerpt":{"rendered":"<p>FKZ: 03EI4060C Das Vorhaben adressiert die Sicherstellung einer hohen Versorgungsqualit\u00e4t bei einem starken Ausbau der Photovoltaik. Das Konsortium plant mit der impedanzbasierten Stabilit\u00e4tsanalyse ein neues Verfahren zur pr\u00e4dikativen Bewertung des [&hellip;]<\/p>\n","protected":false},"author":1434,"featured_media":0,"parent":0,"menu_order":0,"comment_status":"closed","ping_status":"closed","template":"","meta":{"footnotes":""},"categories":[4],"tags":[],"class_list":["post-7239","page","type-page","status-publish","hentry","category-forschung"],"_links":{"self":[{"href":"https:\/\/www.hsu-hh.de\/ees\/wp-json\/wp\/v2\/pages\/7239","targetHints":{"allow":["GET"]}}],"collection":[{"href":"https:\/\/www.hsu-hh.de\/ees\/wp-json\/wp\/v2\/pages"}],"about":[{"href":"https:\/\/www.hsu-hh.de\/ees\/wp-json\/wp\/v2\/types\/page"}],"author":[{"embeddable":true,"href":"https:\/\/www.hsu-hh.de\/ees\/wp-json\/wp\/v2\/users\/1434"}],"replies":[{"embeddable":true,"href":"https:\/\/www.hsu-hh.de\/ees\/wp-json\/wp\/v2\/comments?post=7239"}],"version-history":[{"count":2,"href":"https:\/\/www.hsu-hh.de\/ees\/wp-json\/wp\/v2\/pages\/7239\/revisions"}],"predecessor-version":[{"id":7247,"href":"https:\/\/www.hsu-hh.de\/ees\/wp-json\/wp\/v2\/pages\/7239\/revisions\/7247"}],"wp:attachment":[{"href":"https:\/\/www.hsu-hh.de\/ees\/wp-json\/wp\/v2\/media?parent=7239"}],"wp:term":[{"taxonomy":"category","embeddable":true,"href":"https:\/\/www.hsu-hh.de\/ees\/wp-json\/wp\/v2\/categories?post=7239"},{"taxonomy":"post_tag","embeddable":true,"href":"https:\/\/www.hsu-hh.de\/ees\/wp-json\/wp\/v2\/tags?post=7239"}],"curies":[{"name":"wp","href":"https:\/\/api.w.org\/{rel}","templated":true}]}}