{"id":7052,"date":"2023-05-10T15:01:50","date_gmt":"2023-05-10T13:01:50","guid":{"rendered":"https:\/\/www.hsu-hh.de\/ees\/?page_id=7052"},"modified":"2023-08-03T13:55:17","modified_gmt":"2023-08-03T11:55:17","slug":"imastabil-kick-off-zu-immer-stabilen-netzen","status":"publish","type":"page","link":"https:\/\/www.hsu-hh.de\/ees\/imastabil-kick-off-zu-immer-stabilen-netzen","title":{"rendered":"ImaStabil: Kick Off zu immer stabilen Netzen"},"content":{"rendered":"\n<p>Am 04. und 05. Mai sind unsere Kollegen nach Freiburg im Breisgau gereist, um gemeinsam mit den Partnern den Startschuss zum Projekt ImaStabil zu setzen. Das Projekt ist am 01.04.2023 gestartet, innerhalb von drei Jahren sollen Bewertungsverfahren im Feld getestet werden, welche zuk\u00fcnftig eine pr\u00e4dikative Bewertung der Spannungsqualit\u00e4t beim Anschluss von PV-Parks an das Netz erlauben. Dies f\u00fchrt zu einer besseren Planungssicherheit, sch\u00f6pft vorhandene Potentiale im Netz weiter aus und spart somit Kosten bei der Transformation unserer Energienetze. <br>Um diese Aufgabe zu erf\u00fcllen, hat sich dieses Projektkonsortium gefunden:<\/p>\n\n\n\n<ul class=\"wp-block-list\">\n<li>Fraunhofer ISE, Experten f\u00fcr Solare Energiesysteme und die Messung der Impedanz und internen Oberschwingungsquellen von PV-Wechselrichtern,<\/li>\n\n\n\n<li>morEnergy <abbr title=\"Gesellschaft mit beschr\u00e4nkter Haftung\">GmbH<\/abbr>, eine Ausgr\u00fcndung ehemaliger <abbr title=\"Helmut Schmidt Universit\u00e4t\">HSU<\/abbr>-Wissenschaftler mit langj\u00e4hriger Erfahrung im Bereich der Netzimpedanzmessung und dem Monitoring von Anlagen,<\/li>\n\n\n\n<li>greentech <abbr title=\"Gesellschaft mit beschr\u00e4nkter Haftung\">GmbH<\/abbr>, Photovoltaik Spezialisten im Bereich Projektentwicklung, Planung und Betrieb von PV-Parks,<\/li>\n\n\n\n<li>die Professur f\u00fcr Elektrische Energiesysteme der <abbr title=\"Helmut Schmidt Universit\u00e4t\">HSU<\/abbr>, mit ihrer einzigartigen Erfahrung und besonderen technischen M\u00f6glichkeiten im Bereich der mobilen Netzimpedanzmessung auf der Mittelspannungsebene.<\/li>\n<\/ul>\n\n\n\n<p>Unterst\u00fctzt wird das Projekt durch die assoziierten Partner Westnetz <abbr title=\"Gesellschaft mit beschr\u00e4nkter Haftung\">GmbH<\/abbr> (Netzbetreiber) und der FGW e.V. Herausgeber der Zertifizierungsrichtlinien von dezentralen Erzeugungseinheiten und &#8211; anlagen. Gef\u00f6rdert wird dieses Projekt durch das Bundesministerium f\u00fcr Wirtschaft und Klimaschutz (BMWK).<\/p>\n\n\n\n<p>FKZ: 03EI4060C<\/p>\n\n\n\n<div class=\"wp-block-columns is-layout-flex wp-container-core-columns-is-layout-9d6595d7 wp-block-columns-is-layout-flex\">\n<div class=\"wp-block-column is-layout-flow wp-block-column-is-layout-flow\" style=\"flex-basis:66.66%\">\n<figure class=\"wp-block-image size-large\"><img loading=\"lazy\" decoding=\"async\" width=\"1024\" height=\"768\" src=\"https:\/\/www.hsu-hh.de\/ees\/wp-content\/uploads\/sites\/680\/2023\/05\/Gruppenfoto-1024x768.jpg\" data-credit=\"morEnergy\" alt=\"\" class=\"wp-image-7053\" srcset=\"https:\/\/www.hsu-hh.de\/ees\/wp-content\/uploads\/sites\/680\/2023\/05\/Gruppenfoto-1024x768.jpg 1024w, https:\/\/www.hsu-hh.de\/ees\/wp-content\/uploads\/sites\/680\/2023\/05\/Gruppenfoto-300x225.jpg 300w, https:\/\/www.hsu-hh.de\/ees\/wp-content\/uploads\/sites\/680\/2023\/05\/Gruppenfoto-768x576.jpg 768w, https:\/\/www.hsu-hh.de\/ees\/wp-content\/uploads\/sites\/680\/2023\/05\/Gruppenfoto-1536x1152.jpg 1536w, https:\/\/www.hsu-hh.de\/ees\/wp-content\/uploads\/sites\/680\/2023\/05\/Gruppenfoto-1100x825.jpg 1100w, https:\/\/www.hsu-hh.de\/ees\/wp-content\/uploads\/sites\/680\/2023\/05\/Gruppenfoto.jpg 1704w\" sizes=\"auto, (max-width: 1024px) 100vw, 1024px\" \/><figcaption class=\"wp-element-caption\">Kick Off vor dem Multi-Megawatt-Labor in Freiburg im Breisgau<\/figcaption><\/figure>\n<\/div>\n\n\n\n<div class=\"wp-block-column is-layout-flow wp-block-column-is-layout-flow\" style=\"flex-basis:33.33%\">\n<figure class=\"wp-block-image size-full\"><img loading=\"lazy\" decoding=\"async\" width=\"380\" height=\"391\" src=\"https:\/\/www.hsu-hh.de\/ees\/wp-content\/uploads\/sites\/680\/2023\/05\/BMWi_Logo_gefoerdert_durch_380x391.png\" data-credit=\"BMWK\" alt=\"\" class=\"wp-image-7054\" srcset=\"https:\/\/www.hsu-hh.de\/ees\/wp-content\/uploads\/sites\/680\/2023\/05\/BMWi_Logo_gefoerdert_durch_380x391.png 380w, https:\/\/www.hsu-hh.de\/ees\/wp-content\/uploads\/sites\/680\/2023\/05\/BMWi_Logo_gefoerdert_durch_380x391-292x300.png 292w\" sizes=\"auto, (max-width: 380px) 100vw, 380px\" \/><\/figure>\n<\/div>\n<\/div>\n\n\n\n<div class=\"wp-block-columns is-layout-flex wp-container-core-columns-is-layout-9d6595d7 wp-block-columns-is-layout-flex\">\n<div class=\"wp-block-column is-layout-flow wp-block-column-is-layout-flow\" style=\"flex-basis:25%\"><\/div>\n\n\n\n<div class=\"wp-block-column is-layout-flow wp-block-column-is-layout-flow\" style=\"flex-basis:50%\">\n<div class=\"wp-block-hsu-downloadblock\"><div class=\"thumbnail-area\"><img decoding=\"async\" src=\"\/wp-content\/themes\/hsu\/img\/dummy\/downloads_dummy.png\" alt=\"Download Symbol-Icon\" \/><\/div><div class=\"text-area\"><strong>Parkbetreiber<\/strong><\/div><div class=\"download-area\"><a class=\"download-link\" href=\"https:\/\/www.hsu-hh.de\/ees\/wp-content\/uploads\/sites\/680\/2023\/08\/Flyer_ImaStabil_Projekt.pdf\"><span class=\"download-name\">pdf laden<\/span><span class=\"download-icon\"><img decoding=\"async\" class=\"download-icon\" alt=\"download icon\" src=\"\/wp-content\/themes\/hsu\/img\/icons\/download_icon.png\" \/><\/span><span class=\"download-size\">2 MB<\/span><\/a><\/div><\/div>\n<\/div>\n\n\n\n<div class=\"wp-block-column is-layout-flow wp-block-column-is-layout-flow\" style=\"flex-basis:25%\"><\/div>\n<\/div>\n\n\n\n<p><strong>Weiterf\u00fchrende Links<\/strong><\/p>\n\n\n\n<p><a rel=\"noreferrer noopener\" href=\"https:\/\/www.ise.fraunhofer.de\/de\/forschungsprojekte\/imastabil.html\" target=\"_blank\">Projektwebseite <\/a><br><a href=\"https:\/\/www.pv-magazine.de\/2023\/07\/31\/projekt-imastabil-fraunhfer-ise-will-photovoltaik-wechselrichter-zuverlaessiger-machen\/\" target=\"_blank\" rel=\"noreferrer noopener\">PV-Maganzine<\/a><\/p>\n","protected":false},"excerpt":{"rendered":"<p>Am 04. und 05. Mai sind unsere Kollegen nach Freiburg im Breisgau gereist, um gemeinsam mit den Partnern den Startschuss zum Projekt ImaStabil zu setzen. Das Projekt ist am 01.04.2023 [&hellip;]<\/p>\n","protected":false},"author":1434,"featured_media":0,"parent":0,"menu_order":0,"comment_status":"closed","ping_status":"closed","template":"","meta":{"footnotes":""},"categories":[4],"tags":[],"class_list":["post-7052","page","type-page","status-publish","hentry","category-forschung"],"_links":{"self":[{"href":"https:\/\/www.hsu-hh.de\/ees\/wp-json\/wp\/v2\/pages\/7052","targetHints":{"allow":["GET"]}}],"collection":[{"href":"https:\/\/www.hsu-hh.de\/ees\/wp-json\/wp\/v2\/pages"}],"about":[{"href":"https:\/\/www.hsu-hh.de\/ees\/wp-json\/wp\/v2\/types\/page"}],"author":[{"embeddable":true,"href":"https:\/\/www.hsu-hh.de\/ees\/wp-json\/wp\/v2\/users\/1434"}],"replies":[{"embeddable":true,"href":"https:\/\/www.hsu-hh.de\/ees\/wp-json\/wp\/v2\/comments?post=7052"}],"version-history":[{"count":5,"href":"https:\/\/www.hsu-hh.de\/ees\/wp-json\/wp\/v2\/pages\/7052\/revisions"}],"predecessor-version":[{"id":7163,"href":"https:\/\/www.hsu-hh.de\/ees\/wp-json\/wp\/v2\/pages\/7052\/revisions\/7163"}],"wp:attachment":[{"href":"https:\/\/www.hsu-hh.de\/ees\/wp-json\/wp\/v2\/media?parent=7052"}],"wp:term":[{"taxonomy":"category","embeddable":true,"href":"https:\/\/www.hsu-hh.de\/ees\/wp-json\/wp\/v2\/categories?post=7052"},{"taxonomy":"post_tag","embeddable":true,"href":"https:\/\/www.hsu-hh.de\/ees\/wp-json\/wp\/v2\/tags?post=7052"}],"curies":[{"name":"wp","href":"https:\/\/api.w.org\/{rel}","templated":true}]}}