{"id":6641,"date":"2023-02-23T13:24:36","date_gmt":"2023-02-23T12:24:36","guid":{"rendered":"https:\/\/www.hsu-hh.de\/ees\/?page_id=6641"},"modified":"2023-03-27T13:08:20","modified_gmt":"2023-03-27T11:08:20","slug":"dtec-bw-ees-eng","status":"publish","type":"page","link":"https:\/\/www.hsu-hh.de\/ees\/en\/research\/dtec-bw-ees-eng","title":{"rendered":"dtec.bw\u00ae Projects with Electrical Power Systems"},"content":{"rendered":"\n<p>Within the broader frame of the Centre for Digitilisation and Technology Research of the Federal Armed Forces of Germany (&#8222;Zentrum f\u00fcr Digitalisierungs- und Technologieforschung der Bundeswehr&#8220;) \u2013 &#8222;dtec.bw&#8220; \u2013 the group for Electrical Power Systems is involved in 4 projects and directly responsible for the supervision of two, namely EMob and CoupleIT!. The projects DNeD and RISK.twin are supervised by the group for Control Engineering at Helmut-Schmidt-Universit\u00e4t Hamburg and a research consortium mainly located at University of the Bundeswehr Munich, respectively.<\/p>\n\n\n\n<div class=\"wp-block-columns is-layout-flex wp-container-core-columns-is-layout-9d6595d7 wp-block-columns-is-layout-flex\">\n<div class=\"wp-block-column is-layout-flow wp-block-column-is-layout-flow\" style=\"flex-basis:100%\">\n<div class=\"wp-block-columns is-layout-flex wp-container-core-columns-is-layout-9d6595d7 wp-block-columns-is-layout-flex\">\n<div class=\"wp-block-column is-layout-flow wp-block-column-is-layout-flow\">\n<p class=\"has-text-align-left\"><\/p>\n\n\n\n<figure class=\"wp-block-image\"><img loading=\"lazy\" decoding=\"async\" width=\"765\" height=\"304\" src=\"https:\/\/www.hsu-hh.de\/ees\/wp-content\/uploads\/sites\/680\/2023\/01\/dtec_emob_logo-1.png\" data-credit=\"Henrik Wienken\" alt=\"logo dtec emob\" class=\"wp-image-5975\" srcset=\"https:\/\/www.hsu-hh.de\/ees\/wp-content\/uploads\/sites\/680\/2023\/01\/dtec_emob_logo-1.png 765w, https:\/\/www.hsu-hh.de\/ees\/wp-content\/uploads\/sites\/680\/2023\/01\/dtec_emob_logo-1-300x119.png 300w\" sizes=\"auto, (max-width: 765px) 100vw, 765px\" \/><\/figure>\n<\/div>\n\n\n\n<div class=\"wp-block-column is-layout-flow wp-block-column-is-layout-flow\">\n<p class=\"has-text-align-left\"><\/p>\n\n\n<div class=\"wp-block-image\">\n<figure class=\"aligncenter is-resized\"><a href=\"https:\/\/www.hsu-hh.de\/ees\/dtec-coupleit-eng\"><img loading=\"lazy\" decoding=\"async\" src=\"https:\/\/www.hsu-hh.de\/ees\/wp-content\/uploads\/sites\/680\/2023\/01\/A1_CoupleIT-Logo_CMYK.svg\" alt=\"\" class=\"wp-image-6268\" width=\"272\" height=\"276\" \/><\/a><\/figure>\n<\/div><\/div>\n<\/div>\n<\/div>\n<\/div>\n\n\n\n<div class=\"wp-block-columns is-layout-flex wp-container-core-columns-is-layout-9d6595d7 wp-block-columns-is-layout-flex\">\n<div class=\"wp-block-column is-layout-flow wp-block-column-is-layout-flow\">\n<p><strong><a href=\"http:\/\/www.hsu-hh.de\\ees\\dtec-emob-deu\" data-type=\"URL\">EMob<\/a><\/strong><br><strong>Digitalisierung und Elektromobilit\u00e4t \u2013 Netz- und Ladeinfrastruktur<\/strong><\/p>\n<\/div>\n\n\n\n<div class=\"wp-block-column is-layout-flow wp-block-column-is-layout-flow\">\n<p><strong><a href=\"https:\/\/www.hsu-hh.de\/ees\/dtec-coupleit-eng\">CoupleIT!<\/a><\/strong><br><strong><abbr title=\"Informationstechnologie\">IT<\/abbr>-gest\u00fctzte Sektorenkopplung: Digital gesteuerte Brennstoffzellen- und Elektrolysetechnologie f\u00fcr station\u00e4re und mobile Anwendungen<\/strong><\/p>\n<\/div>\n<\/div>\n\n\n\n<div class=\"wp-block-columns is-layout-flex wp-container-core-columns-is-layout-9d6595d7 wp-block-columns-is-layout-flex\">\n<div class=\"wp-block-column is-layout-flow wp-block-column-is-layout-flow\"><div class=\"wp-block-image\">\n<figure class=\"aligncenter size-full is-resized\"><a href=\"https:\/\/www.hsu-hh.de\/ees\/dtec-dned-eng\"><img loading=\"lazy\" decoding=\"async\" src=\"https:\/\/www.hsu-hh.de\/ees\/wp-content\/uploads\/sites\/680\/2023\/02\/DNeD-Logo_a.svg\" alt=\"\" class=\"wp-image-6625\" width=\"250\" height=\"250\" \/><\/a><figcaption class=\"wp-element-caption\">\u00a9 Mirco Alpen<\/figcaption><\/figure>\n<\/div><\/div>\n\n\n\n<div class=\"wp-block-column is-layout-flow wp-block-column-is-layout-flow\">\n<p class=\"has-text-align-center\"><a href=\"https:\/\/www.hsu-hh.de\/ees\/dtec-risktwin-eng\"><img loading=\"lazy\" decoding=\"async\" width=\"1937\" height=\"856\" class=\"wp-image-6332\" style=\"width: 500px\" src=\"https:\/\/www.hsu-hh.de\/ees\/wp-content\/uploads\/sites\/680\/2023\/01\/dtecRISK.twin_Logo.png\" alt=\"\" srcset=\"https:\/\/www.hsu-hh.de\/ees\/wp-content\/uploads\/sites\/680\/2023\/01\/dtecRISK.twin_Logo.png 1937w, https:\/\/www.hsu-hh.de\/ees\/wp-content\/uploads\/sites\/680\/2023\/01\/dtecRISK.twin_Logo-300x133.png 300w, https:\/\/www.hsu-hh.de\/ees\/wp-content\/uploads\/sites\/680\/2023\/01\/dtecRISK.twin_Logo-1024x453.png 1024w, https:\/\/www.hsu-hh.de\/ees\/wp-content\/uploads\/sites\/680\/2023\/01\/dtecRISK.twin_Logo-768x339.png 768w, https:\/\/www.hsu-hh.de\/ees\/wp-content\/uploads\/sites\/680\/2023\/01\/dtecRISK.twin_Logo-1536x679.png 1536w, https:\/\/www.hsu-hh.de\/ees\/wp-content\/uploads\/sites\/680\/2023\/01\/dtecRISK.twin_Logo-1100x486.png 1100w\" sizes=\"auto, (max-width: 1937px) 100vw, 1937px\" \/><\/a><\/p>\n<\/div>\n<\/div>\n\n\n\n<div class=\"wp-block-columns is-layout-flex wp-container-core-columns-is-layout-9d6595d7 wp-block-columns-is-layout-flex\">\n<div class=\"wp-block-column is-layout-flow wp-block-column-is-layout-flow\">\n<p><strong><a href=\"https:\/\/www.hsu-hh.de\/ees\/dtec-dned-eng\" data-type=\"URL\" data-id=\"https:\/\/www.hsu-hh.de\/ees\/dtec-dned-deu\">DNeD<\/a><\/strong><br><strong>Digitalisierte, rechtssichere und emissionsarme flugmobile Inspektion und Netzdatenerfassung mit automatisierten Drohnen<\/strong><\/p>\n<\/div>\n\n\n\n<div class=\"wp-block-column is-layout-flow wp-block-column-is-layout-flow\">\n<p><strong><a href=\"https:\/\/www.hsu-hh.de\/ees\/dtec-risktwin-eng\">RISK.twin<\/a><\/strong><br><strong>Intelligente kritische technische Infrastruktur<\/strong><\/p>\n<\/div>\n<\/div>\n\n\n\n<p><\/p>\n\n\n\n<h2 class=\"wp-block-heading\">What is dtec.bw?<\/h2>\n\n\n\n<p>The <em>Zentrum f\u00fcr Digitalisierungs- und Technologieforschung der Bundeswehr<\/em> (dtec.bw) (Centre for Digitilisation and Technology Research of the Federal Armed Forces of Germany) is a multi-pronged research programme that was initiated as part of a stimulus package for the German economy during the SARS-CoV-2 pandemic. The funds are provided by the Ministry of Defence. Projects funded by dtec.bw are distributed across both universities of the Federal Armed Forces of Germany: University of the Bundeswehr Munich as well as Helmut Schmidt University Hamburg.<\/p>\n\n\n\n<p class=\"has-text-align-center\">For further information, a click on the following logo will guide you to the official dtec.bw homepage:<br><a href=\"https:\/\/dtecbw.de\/home\" rel='nofollow'><img decoding=\"async\" class=\"wp-image-6274\" style=\"width: 250px\" src=\"https:\/\/www.hsu-hh.de\/ees\/wp-content\/uploads\/sites\/680\/2023\/01\/a.svg\" alt=\"\"><\/a><\/p>\n\n\n\n<p><\/p>\n\n\n\n<h2 class=\"wp-block-heading\" id=\"Sammelband\">The dtec.bw Anthology<\/h2>\n\n\n\n<p>The participation of the group for Electrical Power Systems in no fewer than four dtec.bw projects gave the impetus for the initiative by <abbr title=\"Professor\">Prof.<\/abbr> Schulz to establish a publication platform that concentrates all the scientific findings gathered in all dtec.bw projects. The express purposes of the publication are, one, to make available the scientific findings to a large and public audience and, two, to facilitate interconnection between the numerous groups involved in dtec.bw research.<\/p>\n\n\n\n<p>The dtec-anthology is published once a year. The first volume appeared in 2022 and can be counsulted here:<\/p>\n\n\n\n<div class=\"wp-block-columns is-layout-flex wp-container-core-columns-is-layout-9d6595d7 wp-block-columns-is-layout-flex\">\n<div class=\"wp-block-column is-layout-flow wp-block-column-is-layout-flow\"><div class=\"wp-block-image\">\n<figure class=\"aligncenter size-large is-resized\"><a href=\"https:\/\/openhsu.ub.hsu-hh.de\/handle\/10.24405\/14522\" rel='nofollow'><img loading=\"lazy\" decoding=\"async\" src=\"https:\/\/www.hsu-hh.de\/ees\/wp-content\/uploads\/sites\/680\/2023\/02\/dtec.bw-Beitraege_2022_Cover-724x1024.jpg\" data-credit=\"HSU\/EES\" alt=\"\" class=\"wp-image-6606\" width=\"181\" height=\"256\" srcset=\"https:\/\/www.hsu-hh.de\/ees\/wp-content\/uploads\/sites\/680\/2023\/02\/dtec.bw-Beitraege_2022_Cover-724x1024.jpg 724w, https:\/\/www.hsu-hh.de\/ees\/wp-content\/uploads\/sites\/680\/2023\/02\/dtec.bw-Beitraege_2022_Cover-212x300.jpg 212w, https:\/\/www.hsu-hh.de\/ees\/wp-content\/uploads\/sites\/680\/2023\/02\/dtec.bw-Beitraege_2022_Cover-768x1087.jpg 768w, https:\/\/www.hsu-hh.de\/ees\/wp-content\/uploads\/sites\/680\/2023\/02\/dtec.bw-Beitraege_2022_Cover.jpg 815w\" sizes=\"auto, (max-width: 181px) 100vw, 181px\" \/><\/a><figcaption class=\"wp-element-caption\">   <\/figcaption><\/figure>\n<\/div>\n\n\n<p class=\"has-text-align-center\"><a href=\"https:\/\/openhsu.ub.hsu-hh.de\/handle\/10.24405\/14522\" rel='nofollow'>dtec.bw-Beitr\u00e4ge, Vol. 1, 2022<\/a><\/p>\n<\/div>\n\n\n\n<div class=\"wp-block-column is-layout-flow wp-block-column-is-layout-flow\"><\/div>\n\n\n\n<div class=\"wp-block-column is-layout-flow wp-block-column-is-layout-flow\"><\/div>\n<\/div>\n","protected":false},"excerpt":{"rendered":"<p>Within the broader frame of the Centre for Digitilisation and Technology Research of the Federal Armed Forces of Germany (&#8222;Zentrum f\u00fcr Digitalisierungs- und Technologieforschung der Bundeswehr&#8220;) \u2013 &#8222;dtec.bw&#8220; \u2013 the [&hellip;]<\/p>\n","protected":false},"author":2444,"featured_media":0,"parent":4370,"menu_order":0,"comment_status":"closed","ping_status":"closed","template":"","meta":{"footnotes":""},"categories":[7],"tags":[],"class_list":["post-6641","page","type-page","status-publish","hentry","category-research"],"_links":{"self":[{"href":"https:\/\/www.hsu-hh.de\/ees\/wp-json\/wp\/v2\/pages\/6641","targetHints":{"allow":["GET"]}}],"collection":[{"href":"https:\/\/www.hsu-hh.de\/ees\/wp-json\/wp\/v2\/pages"}],"about":[{"href":"https:\/\/www.hsu-hh.de\/ees\/wp-json\/wp\/v2\/types\/page"}],"author":[{"embeddable":true,"href":"https:\/\/www.hsu-hh.de\/ees\/wp-json\/wp\/v2\/users\/2444"}],"replies":[{"embeddable":true,"href":"https:\/\/www.hsu-hh.de\/ees\/wp-json\/wp\/v2\/comments?post=6641"}],"version-history":[{"count":20,"href":"https:\/\/www.hsu-hh.de\/ees\/wp-json\/wp\/v2\/pages\/6641\/revisions"}],"predecessor-version":[{"id":6904,"href":"https:\/\/www.hsu-hh.de\/ees\/wp-json\/wp\/v2\/pages\/6641\/revisions\/6904"}],"up":[{"embeddable":true,"href":"https:\/\/www.hsu-hh.de\/ees\/wp-json\/wp\/v2\/pages\/4370"}],"wp:attachment":[{"href":"https:\/\/www.hsu-hh.de\/ees\/wp-json\/wp\/v2\/media?parent=6641"}],"wp:term":[{"taxonomy":"category","embeddable":true,"href":"https:\/\/www.hsu-hh.de\/ees\/wp-json\/wp\/v2\/categories?post=6641"},{"taxonomy":"post_tag","embeddable":true,"href":"https:\/\/www.hsu-hh.de\/ees\/wp-json\/wp\/v2\/tags?post=6641"}],"curies":[{"name":"wp","href":"https:\/\/api.w.org\/{rel}","templated":true}]}}