{"id":6507,"date":"2023-02-20T19:20:11","date_gmt":"2023-02-20T18:20:11","guid":{"rendered":"https:\/\/www.hsu-hh.de\/ees\/?page_id=6507"},"modified":"2023-04-17T11:42:06","modified_gmt":"2023-04-17T09:42:06","slug":"dtec-bw-ees-deu","status":"publish","type":"page","link":"https:\/\/www.hsu-hh.de\/ees\/forschung\/dtec-bw-ees-deu","title":{"rendered":"dtec.bw\u00ae Projekte der Professur f\u00fcr Elektrische Energiesysteme"},"content":{"rendered":"\n<p>Im Rahmen des Zentrums f\u00fcr Digitalisierungs- und Technologieforschung der Bundeswehr (dtec.bw) ist die Professur f\u00fcr Elektrische Energiesysteme an 4 Projekten beteiligt, von denen die Projekte EMob und CoupleIT! unter ihrer \u00c4gide bearbeitet werden. Die Bearbeitung des Projekts DNeD findet unter der Schirmherrschaft der Professur f\u00fcr Regelungstechnik and der Helmut-Schmidt-Universit\u00e4t Hamburg. Das Projekt RISK.twin wird im Hauptteil an der Universit\u00e4t der Bundeswehr M\u00fcnchen bearbeitet.<\/p>\n\n\n\n<div class=\"wp-block-columns is-layout-flex wp-container-core-columns-is-layout-9d6595d7 wp-block-columns-is-layout-flex\">\n<div class=\"wp-block-column is-layout-flow wp-block-column-is-layout-flow\" style=\"flex-basis:100%\">\n<div class=\"wp-block-columns is-layout-flex wp-container-core-columns-is-layout-9d6595d7 wp-block-columns-is-layout-flex\">\n<div class=\"wp-block-column is-layout-flow wp-block-column-is-layout-flow\">\n<p class=\"has-text-align-left\"><\/p>\n\n\n\n<figure class=\"wp-block-image\"><a href=\"https:\/\/www.hsu-hh.de\/ees\/dtec-emob-deu\"><img loading=\"lazy\" decoding=\"async\" width=\"765\" height=\"304\" src=\"https:\/\/www.hsu-hh.de\/ees\/wp-content\/uploads\/sites\/680\/2023\/01\/dtec_emob_logo-1.png\" data-credit=\"Henrik Wienken\" alt=\"logo dtec emob\" class=\"wp-image-5975\" srcset=\"https:\/\/www.hsu-hh.de\/ees\/wp-content\/uploads\/sites\/680\/2023\/01\/dtec_emob_logo-1.png 765w, https:\/\/www.hsu-hh.de\/ees\/wp-content\/uploads\/sites\/680\/2023\/01\/dtec_emob_logo-1-300x119.png 300w\" sizes=\"auto, (max-width: 765px) 100vw, 765px\" \/><\/a><\/figure>\n<\/div>\n\n\n\n<div class=\"wp-block-column is-layout-flow wp-block-column-is-layout-flow\">\n<p class=\"has-text-align-left\"><\/p>\n\n\n<div class=\"wp-block-image\">\n<figure class=\"aligncenter is-resized\"><a href=\"https:\/\/www.hsu-hh.de\/ees\/dtec-coupleit-deu\"><img loading=\"lazy\" decoding=\"async\" src=\"https:\/\/www.hsu-hh.de\/ees\/wp-content\/uploads\/sites\/680\/2023\/01\/A1_CoupleIT-Logo_CMYK.svg\" alt=\"\" class=\"wp-image-6268\" width=\"272\" height=\"276\" \/><\/a><\/figure>\n<\/div><\/div>\n<\/div>\n<\/div>\n<\/div>\n\n\n\n<div class=\"wp-block-columns is-layout-flex wp-container-core-columns-is-layout-9d6595d7 wp-block-columns-is-layout-flex\">\n<div class=\"wp-block-column is-layout-flow wp-block-column-is-layout-flow\">\n<p><strong><a href=\"http:\/\/www.hsu-hh.de\\ees\\dtec-emob\" data-type=\"URL\" data-id=\"http:\/\/www.hsu-hh.de\\ees\\dtec-emob\">EMob<\/a><\/strong><br><strong>Digitalisierung und Elektromobilit\u00e4t \u2013 Netz- und Ladeinfrastruktur<\/strong><\/p>\n<\/div>\n\n\n\n<div class=\"wp-block-column is-layout-flow wp-block-column-is-layout-flow\">\n<p><strong><a href=\"https:\/\/www.hsu-hh.de\/ees\/dtec-coupleit-deu\">CoupleIT!<\/a><\/strong><br><strong><abbr title=\"Informationstechnologie\">IT<\/abbr>-gest\u00fctzte Sektorenkopplung: Digital gesteuerte Brennstoffzellen- und Elektrolysetechnologie f\u00fcr station\u00e4re und mobile Anwendungen<\/strong><\/p>\n<\/div>\n<\/div>\n\n\n\n<div class=\"wp-block-columns is-layout-flex wp-container-core-columns-is-layout-9d6595d7 wp-block-columns-is-layout-flex\">\n<div class=\"wp-block-column is-layout-flow wp-block-column-is-layout-flow\"><div class=\"wp-block-image\">\n<figure class=\"aligncenter size-full is-resized\"><a href=\"https:\/\/www.hsu-hh.de\/ees\/dtec-dned-deu\"><img loading=\"lazy\" decoding=\"async\" src=\"https:\/\/www.hsu-hh.de\/ees\/wp-content\/uploads\/sites\/680\/2023\/02\/DNeD-Logo_a.svg\" alt=\"\" class=\"wp-image-6625\" width=\"250\" height=\"250\" \/><\/a><figcaption class=\"wp-element-caption\">\u00a9 Mirco Alpen<\/figcaption><\/figure>\n<\/div><\/div>\n\n\n\n<div class=\"wp-block-column is-layout-flow wp-block-column-is-layout-flow\">\n<p class=\"has-text-align-center\"><a href=\"https:\/\/www.hsu-hh.de\/ees\/dtec-risktwin-deu\"><img loading=\"lazy\" decoding=\"async\" width=\"1937\" height=\"856\" class=\"wp-image-6332\" style=\"width: 500px\" src=\"https:\/\/www.hsu-hh.de\/ees\/wp-content\/uploads\/sites\/680\/2023\/01\/dtecRISK.twin_Logo.png\" alt=\"\" srcset=\"https:\/\/www.hsu-hh.de\/ees\/wp-content\/uploads\/sites\/680\/2023\/01\/dtecRISK.twin_Logo.png 1937w, https:\/\/www.hsu-hh.de\/ees\/wp-content\/uploads\/sites\/680\/2023\/01\/dtecRISK.twin_Logo-300x133.png 300w, https:\/\/www.hsu-hh.de\/ees\/wp-content\/uploads\/sites\/680\/2023\/01\/dtecRISK.twin_Logo-1024x453.png 1024w, https:\/\/www.hsu-hh.de\/ees\/wp-content\/uploads\/sites\/680\/2023\/01\/dtecRISK.twin_Logo-768x339.png 768w, https:\/\/www.hsu-hh.de\/ees\/wp-content\/uploads\/sites\/680\/2023\/01\/dtecRISK.twin_Logo-1536x679.png 1536w, https:\/\/www.hsu-hh.de\/ees\/wp-content\/uploads\/sites\/680\/2023\/01\/dtecRISK.twin_Logo-1100x486.png 1100w\" sizes=\"auto, (max-width: 1937px) 100vw, 1937px\" \/><\/a><\/p>\n<\/div>\n<\/div>\n\n\n\n<div class=\"wp-block-columns is-layout-flex wp-container-core-columns-is-layout-9d6595d7 wp-block-columns-is-layout-flex\">\n<div class=\"wp-block-column is-layout-flow wp-block-column-is-layout-flow\">\n<p><strong><a href=\"https:\/\/www.hsu-hh.de\/ees\/dtec-dned-deu\" data-type=\"URL\" data-id=\"https:\/\/www.hsu-hh.de\/ees\/dtec-dned-deu\">DNeD<\/a><\/strong><br><strong>Digitalisierte, rechtssichere und emissionsarme flugmobile Inspektion und Netzdatenerfassung mit automatisierten Drohnen<\/strong><\/p>\n<\/div>\n\n\n\n<div class=\"wp-block-column is-layout-flow wp-block-column-is-layout-flow\">\n<p><strong><a href=\"https:\/\/www.hsu-hh.de\/ees\/dtec-risktwin-deu\">RISK.twin<\/a><\/strong><br><strong>Intelligente kritische technische Infrastruktur<\/strong><\/p>\n<\/div>\n<\/div>\n\n\n\n<p><\/p>\n\n\n\n<h2 class=\"wp-block-heading\">Was ist dtec.bw?<\/h2>\n\n\n\n<p>Das <em>Zentrum f\u00fcr Digitalisierungs- und Technologieforschung der Bundeswehr<\/em> (dtec.bw) ist ein breit angelegtes Forschungsprogramm als Teil eines gro\u00dfen Konjunkturpakets, das w\u00e4hrend der SARS-CoV-2-Pandemie aufgelegt wurde. Die Geldmittel entstammen dem Haushalt des Bundesministeriums der Verteidigung. Die durch dtec.bw gef\u00f6rderten Projekte sind an beiden Universit\u00e4ten der Bundeswehr \u2014 Universit\u00e4t der Bundeswehr M\u00fcnchen und Helmut-Schmidt-Universit\u00e4t Hamburg\/Universit\u00e4t der Bundeswehr \u2014 beheimatet.<\/p>\n\n\n\n<p class=\"has-text-align-center\">F\u00fcr weitere Informationen f\u00fchrt Sie ein Klick auf das folgende Logo zur offiziellen dtec.bw Homepage:<br><a href=\"https:\/\/dtecbw.de\/home\" rel='nofollow'><img decoding=\"async\" class=\"wp-image-6274\" style=\"width: 250px\" src=\"https:\/\/www.hsu-hh.de\/ees\/wp-content\/uploads\/sites\/680\/2023\/01\/a.svg\" alt=\"\"><\/a><\/p>\n\n\n\n<p><\/p>\n\n\n\n<h2 class=\"wp-block-heading\" id=\"Sammelband\">Der dtec.bw Sammelband<\/h2>\n\n\n\n<p>Die Beteiligung der Professur f\u00fcr Elektrische Energiesysteme an nicht weniger als vier dtec.bw-Projekten bildete den Ausgangspunkt f\u00fcr die Initiative von <abbr title=\"Professor\">Prof.<\/abbr> Schulz, die in diesen aber auch allen anderen dtec.bw-Projekten gewonnenen wissenschaftlichen Erkenntnisse in gesammelter Form zu publizieren. Dies dient zum einen dem Zweck, die Ergebnisse einer breiten \u00d6ffentlichkeit verf\u00fcgbar zu machen. Zum anderen soll dieses Format explizit der Vernetzung der zahlreichen mit dtec befassten Arbeitsgruppen dienen.<\/p>\n\n\n\n<p>Der dtec-Sammelband ist als j\u00e4hrliche Publikation konzipiert. Der erste Band erschien im Jahr 2022 und kann hier abgerufen werden:<\/p>\n\n\n\n<div class=\"wp-block-columns is-layout-flex wp-container-core-columns-is-layout-9d6595d7 wp-block-columns-is-layout-flex\">\n<div class=\"wp-block-column is-layout-flow wp-block-column-is-layout-flow\"><div class=\"wp-block-image\">\n<figure class=\"aligncenter size-large is-resized\"><a href=\"https:\/\/openhsu.ub.hsu-hh.de\/handle\/10.24405\/14522\" rel='nofollow'><img loading=\"lazy\" decoding=\"async\" src=\"https:\/\/www.hsu-hh.de\/ees\/wp-content\/uploads\/sites\/680\/2023\/02\/dtec.bw-Beitraege_2022_Cover-724x1024.jpg\" data-credit=\"HSU\/EES\" alt=\"\" class=\"wp-image-6606\" width=\"181\" height=\"256\" srcset=\"https:\/\/www.hsu-hh.de\/ees\/wp-content\/uploads\/sites\/680\/2023\/02\/dtec.bw-Beitraege_2022_Cover-724x1024.jpg 724w, https:\/\/www.hsu-hh.de\/ees\/wp-content\/uploads\/sites\/680\/2023\/02\/dtec.bw-Beitraege_2022_Cover-212x300.jpg 212w, https:\/\/www.hsu-hh.de\/ees\/wp-content\/uploads\/sites\/680\/2023\/02\/dtec.bw-Beitraege_2022_Cover-768x1087.jpg 768w, https:\/\/www.hsu-hh.de\/ees\/wp-content\/uploads\/sites\/680\/2023\/02\/dtec.bw-Beitraege_2022_Cover.jpg 815w\" sizes=\"auto, (max-width: 181px) 100vw, 181px\" \/><\/a><figcaption class=\"wp-element-caption\">   <\/figcaption><\/figure>\n<\/div>\n\n\n<p class=\"has-text-align-center\"><a href=\"https:\/\/openhsu.ub.hsu-hh.de\/handle\/10.24405\/14522\" rel='nofollow'>dtec.bw-Beitr\u00e4ge, Band 1, 2022<\/a><\/p>\n<\/div>\n\n\n\n<div class=\"wp-block-column is-layout-flow wp-block-column-is-layout-flow\"><\/div>\n\n\n\n<div class=\"wp-block-column is-layout-flow wp-block-column-is-layout-flow\"><\/div>\n<\/div>\n","protected":false},"excerpt":{"rendered":"<p>Im Rahmen des Zentrums f\u00fcr Digitalisierungs- und Technologieforschung der Bundeswehr (dtec.bw) ist die Professur f\u00fcr Elektrische Energiesysteme an 4 Projekten beteiligt, von denen die Projekte EMob und CoupleIT! unter ihrer [&hellip;]<\/p>\n","protected":false},"author":2444,"featured_media":0,"parent":3500,"menu_order":0,"comment_status":"closed","ping_status":"closed","template":"","meta":{"footnotes":""},"categories":[4],"tags":[],"class_list":["post-6507","page","type-page","status-publish","hentry","category-forschung"],"_links":{"self":[{"href":"https:\/\/www.hsu-hh.de\/ees\/wp-json\/wp\/v2\/pages\/6507","targetHints":{"allow":["GET"]}}],"collection":[{"href":"https:\/\/www.hsu-hh.de\/ees\/wp-json\/wp\/v2\/pages"}],"about":[{"href":"https:\/\/www.hsu-hh.de\/ees\/wp-json\/wp\/v2\/types\/page"}],"author":[{"embeddable":true,"href":"https:\/\/www.hsu-hh.de\/ees\/wp-json\/wp\/v2\/users\/2444"}],"replies":[{"embeddable":true,"href":"https:\/\/www.hsu-hh.de\/ees\/wp-json\/wp\/v2\/comments?post=6507"}],"version-history":[{"count":73,"href":"https:\/\/www.hsu-hh.de\/ees\/wp-json\/wp\/v2\/pages\/6507\/revisions"}],"predecessor-version":[{"id":6985,"href":"https:\/\/www.hsu-hh.de\/ees\/wp-json\/wp\/v2\/pages\/6507\/revisions\/6985"}],"up":[{"embeddable":true,"href":"https:\/\/www.hsu-hh.de\/ees\/wp-json\/wp\/v2\/pages\/3500"}],"wp:attachment":[{"href":"https:\/\/www.hsu-hh.de\/ees\/wp-json\/wp\/v2\/media?parent=6507"}],"wp:term":[{"taxonomy":"category","embeddable":true,"href":"https:\/\/www.hsu-hh.de\/ees\/wp-json\/wp\/v2\/categories?post=6507"},{"taxonomy":"post_tag","embeddable":true,"href":"https:\/\/www.hsu-hh.de\/ees\/wp-json\/wp\/v2\/tags?post=6507"}],"curies":[{"name":"wp","href":"https:\/\/api.w.org\/{rel}","templated":true}]}}