{"id":6468,"date":"2023-02-14T16:57:03","date_gmt":"2023-02-14T15:57:03","guid":{"rendered":"https:\/\/www.hsu-hh.de\/ees\/?page_id=6468"},"modified":"2023-02-14T16:57:04","modified_gmt":"2023-02-14T15:57:04","slug":"moderne-schiffsbordnetze-besichtigung-der-fregatte-f125","status":"publish","type":"page","link":"https:\/\/www.hsu-hh.de\/ees\/moderne-schiffsbordnetze-besichtigung-der-fregatte-f125","title":{"rendered":"Moderne Schiffsbordnetze, Besichtigung der Fregatte F125"},"content":{"rendered":"\n<p>Am 08. Februar 2023 hat eine Delegation der Professur f\u00fcr Elektrische Energiesysteme der Helmut-Schmidt-Universit\u00e4t Hamburg das Marineschiff Rheinland-Pfalz besichtigt. Der Schwerpunkt lag auf den Eigenschaften des elektrischen Bordnetzes.<br>Die Rheinland-Pfalz verf\u00fcgt als viertes Schiff der Klasse F125 \u00fcber einen &#8222;Combined Diesel-Electric and Gas&#8220; (CODELAG) Antrieb. Ein Mittelspannungs-Elektromotor treibt die Schiffsschrauben \u00fcber die Antriebswellen an. Die ben\u00f6tigte elektrische Leistung wird stufenweise von bis zu vier Dieselgeneratoren bereitgestellt. F\u00fcr hohe Geschwindigkeiten stellt eine Schiffs-Gasturbine zus\u00e4tzliche Leistung bereit.<br>Dieses System stellt die erste Umsetzung eines elektrischen Antriebs mit Mittelspannungsebene auf einer Klasse deutscher Marineschiffe dar. Die besonderen technischen Herausforderungen lagen dabei in der Schutztechnik, der hohen Betriebs- und Ausfallsicherheit sowie dem hohen Grad der Automatisierung. Das gewonnene Verst\u00e4ndnis und Wissen soll zuk\u00fcnftig auf dem Forschungsgebiet der Netzidentifikation \u2013 Simulation und Messung der frequenzabh\u00e4ngigen Netzimpedanz angewandt werden.<\/p>\n\n\n\n<figure class=\"wp-block-image size-large\"><img loading=\"lazy\" decoding=\"async\" width=\"1024\" height=\"768\" src=\"https:\/\/www.hsu-hh.de\/ees\/wp-content\/uploads\/sites\/680\/2023\/02\/Besuch-Fregatte-08022023-1024x768.jpg\" data-credit=\"HSU EES\" alt=\"\" class=\"wp-image-6469\" srcset=\"https:\/\/www.hsu-hh.de\/ees\/wp-content\/uploads\/sites\/680\/2023\/02\/Besuch-Fregatte-08022023-1024x768.jpg 1024w, https:\/\/www.hsu-hh.de\/ees\/wp-content\/uploads\/sites\/680\/2023\/02\/Besuch-Fregatte-08022023-300x225.jpg 300w, https:\/\/www.hsu-hh.de\/ees\/wp-content\/uploads\/sites\/680\/2023\/02\/Besuch-Fregatte-08022023-768x576.jpg 768w, https:\/\/www.hsu-hh.de\/ees\/wp-content\/uploads\/sites\/680\/2023\/02\/Besuch-Fregatte-08022023-1536x1152.jpg 1536w, https:\/\/www.hsu-hh.de\/ees\/wp-content\/uploads\/sites\/680\/2023\/02\/Besuch-Fregatte-08022023-2048x1536.jpg 2048w, https:\/\/www.hsu-hh.de\/ees\/wp-content\/uploads\/sites\/680\/2023\/02\/Besuch-Fregatte-08022023-1100x825.jpg 1100w\" sizes=\"auto, (max-width: 1024px) 100vw, 1024px\" \/><\/figure>\n","protected":false},"excerpt":{"rendered":"<p>Am 08. Februar 2023 hat eine Delegation der Professur f\u00fcr Elektrische Energiesysteme der Helmut-Schmidt-Universit\u00e4t Hamburg das Marineschiff Rheinland-Pfalz besichtigt. Der Schwerpunkt lag auf den Eigenschaften des elektrischen Bordnetzes.Die Rheinland-Pfalz verf\u00fcgt [&hellip;]<\/p>\n","protected":false},"author":1434,"featured_media":0,"parent":0,"menu_order":0,"comment_status":"closed","ping_status":"closed","template":"","meta":{"footnotes":""},"categories":[4],"tags":[],"class_list":["post-6468","page","type-page","status-publish","hentry","category-forschung"],"_links":{"self":[{"href":"https:\/\/www.hsu-hh.de\/ees\/wp-json\/wp\/v2\/pages\/6468","targetHints":{"allow":["GET"]}}],"collection":[{"href":"https:\/\/www.hsu-hh.de\/ees\/wp-json\/wp\/v2\/pages"}],"about":[{"href":"https:\/\/www.hsu-hh.de\/ees\/wp-json\/wp\/v2\/types\/page"}],"author":[{"embeddable":true,"href":"https:\/\/www.hsu-hh.de\/ees\/wp-json\/wp\/v2\/users\/1434"}],"replies":[{"embeddable":true,"href":"https:\/\/www.hsu-hh.de\/ees\/wp-json\/wp\/v2\/comments?post=6468"}],"version-history":[{"count":1,"href":"https:\/\/www.hsu-hh.de\/ees\/wp-json\/wp\/v2\/pages\/6468\/revisions"}],"predecessor-version":[{"id":6470,"href":"https:\/\/www.hsu-hh.de\/ees\/wp-json\/wp\/v2\/pages\/6468\/revisions\/6470"}],"wp:attachment":[{"href":"https:\/\/www.hsu-hh.de\/ees\/wp-json\/wp\/v2\/media?parent=6468"}],"wp:term":[{"taxonomy":"category","embeddable":true,"href":"https:\/\/www.hsu-hh.de\/ees\/wp-json\/wp\/v2\/categories?post=6468"},{"taxonomy":"post_tag","embeddable":true,"href":"https:\/\/www.hsu-hh.de\/ees\/wp-json\/wp\/v2\/tags?post=6468"}],"curies":[{"name":"wp","href":"https:\/\/api.w.org\/{rel}","templated":true}]}}