{"id":6349,"date":"2023-01-17T14:24:58","date_gmt":"2023-01-17T13:24:58","guid":{"rendered":"https:\/\/www.hsu-hh.de\/ees\/?page_id=6349"},"modified":"2023-03-29T13:41:38","modified_gmt":"2023-03-29T11:41:38","slug":"dtec-dned-deu","status":"publish","type":"page","link":"https:\/\/www.hsu-hh.de\/ees\/dtec-dned-deu","title":{"rendered":"dtec.bw Projekt DNeD"},"content":{"rendered":"<div class=\"wp-block-image\">\n<figure class=\"aligncenter size-full is-resized\"><img loading=\"lazy\" decoding=\"async\" src=\"https:\/\/www.hsu-hh.de\/ees\/wp-content\/uploads\/sites\/680\/2023\/02\/DNeD-Logo_a.svg\" alt=\"\" class=\"wp-image-6625\" width=\"250\" height=\"250\" \/><figcaption class=\"wp-element-caption\">\u00a9 Mirco Alpen<\/figcaption><\/figure>\n<\/div>\n\n\n<h1 class=\"wp-block-heading\">Aktuelles<\/h1>\n\n\n\n<div class=\"wp-block-columns is-layout-flex wp-container-core-columns-is-layout-9d6595d7 wp-block-columns-is-layout-flex\">\n<div class=\"wp-block-column is-layout-flow wp-block-column-is-layout-flow\" style=\"flex-basis:12%\">\n<p class=\"has-text-align-left\"><strong>31.12.2022<\/strong><\/p>\n<\/div>\n\n\n\n<div class=\"wp-block-column is-layout-flow wp-block-column-is-layout-flow\" style=\"flex-basis:88%\">\n<p><strong><strong>Ver\u00f6ffentlichung im dtec.bw-Sammelband 2022<\/strong><\/strong><\/p>\n\n\n\n<p>Das Projektteam hat unter Beteilung aller Projektpartner einen Beitrag im Sammelband \u201edtec.bw-Beitr\u00e4ge der Helmut-Schmidt-Universit\u00e4t \/ Universit\u00e4t der Bundeswehr Hamburg: Forschungsaktivit\u00e4ten im Zentrum f\u00fcr Digitalisierungs- und Technologieforschung der Bundeswehr dtec.bw, Band 1, 2022\u201c ver\u00f6ffentlicht. Der Beitrag tr\u00e4gt den Titel \u201eFunktions- und Messprinzip des Absetz- und Datenerfassungskonzepts eines Systems zur flugmobilen Netzdatenerfassung\u201c und ist auf den Seiten 134 \u2013 140 zu finden.<\/p>\n\n\n\n<p>Link zur Ver\u00f6ffentlichung: <a href=\"https:\/\/openhsu.ub.hsu-hh.de\/handle\/10.24405\/14522\" target=\"_blank\" rel=\"noreferrer noopener\">https:\/\/openhsu.ub.hsu-hh.de\/handle\/10.24405\/14522<\/a> (DOI: 10.24405\/14522)<\/p>\n<\/div>\n<\/div>\n\n\n\n<div class=\"wp-block-columns is-layout-flex wp-container-core-columns-is-layout-9d6595d7 wp-block-columns-is-layout-flex\">\n<div class=\"wp-block-column is-layout-flow wp-block-column-is-layout-flow\" style=\"flex-basis:12%\">\n<p class=\"has-text-align-left\"><strong>15.12.2022 \u2013<\/strong><br><strong>16.12.2022<\/strong><\/p>\n<\/div>\n\n\n\n<div class=\"wp-block-column is-layout-flow wp-block-column-is-layout-flow\" style=\"flex-basis:88%\">\n<p><strong>4. Doktorandenkolloquium der Professur f\u00fcr Elektrische Energiesysteme<\/strong><\/p>\n\n\n\n<p>Das 4. Doktorandenkolloquium \u201eMein Weg zur Promotion\u201c bot internen sowie externen wissenschaftlichen Mitarbeitern die M\u00f6glichkeit, im Rahmen von Vortr\u00e4gen mit anschlie\u00dfender Diskussions- und Feedbackrunde ihre aktuellen Forschungsschwerpunkte vorzustellen. Der Fokus liegt auf dem Stand der Promotion und dem Forschungsthema.<\/p>\n<\/div>\n<\/div>\n\n\n\n<div class=\"wp-block-columns is-layout-flex wp-container-core-columns-is-layout-9d6595d7 wp-block-columns-is-layout-flex\">\n<div class=\"wp-block-column is-layout-flow wp-block-column-is-layout-flow\" style=\"flex-basis:12%\">\n<p class=\"has-text-align-left\"><strong>09.12.2022<\/strong><\/p>\n<\/div>\n\n\n\n<div class=\"wp-block-column is-layout-flow wp-block-column-is-layout-flow\" style=\"flex-basis:88%\">\n<p><strong><strong><strong><strong>Der Projektpartner Emqopter <abbr title=\"Gesellschaft mit beschr\u00e4nkter Haftung\">GmbH<\/abbr> ver\u00f6ffentlicht Video zum Projektvorhaben<\/strong><\/strong><\/strong><\/strong><\/p>\n\n\n\n<p>Die Emqopter <abbr title=\"Gesellschaft mit beschr\u00e4nkter Haftung\">GmbH<\/abbr>, Partner im Projekt DNeD, ver\u00f6ffentlicht ein Video, in dem dargestellt wird, wie das Projektvorhaben umgesetzt werden kann. Das Video ist auf der Webseite des Instituts f\u00fcr Regelungstechnik der Helmut-Schmidt-Universit\u00e4t (Projektleitung) zu finden: <a rel=\"noreferrer noopener\" href=\"https:\/\/www.hsu-hh.de\/rt\/forschung\/dned\" target=\"_blank\">Video<\/a>.<\/p>\n<\/div>\n<\/div>\n\n\n\n<div class=\"wp-block-columns is-layout-flex wp-container-core-columns-is-layout-9d6595d7 wp-block-columns-is-layout-flex\">\n<div class=\"wp-block-column is-layout-flow wp-block-column-is-layout-flow\" style=\"flex-basis:12%\">\n<p class=\"has-text-align-left\"><strong>09.12.2022<\/strong><\/p>\n<\/div>\n\n\n\n<div class=\"wp-block-column is-layout-flow wp-block-column-is-layout-flow\" style=\"flex-basis:88%\">\n<p><strong><strong>Projekttreffen in W\u00fcrzburg zum Jahresabschluss<\/strong><\/strong><\/p>\n\n\n\n<p>Zum Ende des Jahres wurde im Rahmen eines Projekttreffens bei der Emqopter <abbr title=\"Gesellschaft mit beschr\u00e4nkter Haftung\">GmbH<\/abbr> in W\u00fcrzburg der aktuelle Projektstand und die in 2022 erreichten Ziele besprochen. Zudem wurden die Labore und Werkst\u00e4tten der Emqopter <abbr title=\"Gesellschaft mit beschr\u00e4nkter Haftung\">GmbH<\/abbr> besichtigt, sowie ein Freifeldtest erfolgreich durchgef\u00fchrt. Des Weiteren wurden die Ziele f\u00fcr 2023 besprochen und die zur Erreichung der Projektmeilensteine n\u00f6tigen Aktivit\u00e4ten f\u00fcr 2023 sorgf\u00e4ltig geplant.<\/p>\n<\/div>\n<\/div>\n\n\n\n<h1 class=\"wp-block-heading\">Laufzeit und Kooperationen<\/h1>\n\n\n\n<p><strong>Laufzeit<\/strong><br>01.01.2021 \u2013 31.12.2024<\/p>\n\n\n\n<div class=\"wp-block-columns is-layout-flex wp-container-core-columns-is-layout-9d6595d7 wp-block-columns-is-layout-flex\">\n<div class=\"wp-block-column is-layout-flow wp-block-column-is-layout-flow\">\n<p><strong>Kooperationen mit der Wissenschaft<\/strong><\/p>\n\n\n\n<ul class=\"wp-block-list\">\n<li><a rel=\"noreferrer noopener\" href=\"https:\/\/www.hsu-hh.de\/rt\/team\" target=\"_blank\"><abbr title=\"Professor\">Prof.<\/abbr> Horn (Projektleitung)<\/a><br>Regelungstechnik<br>\u2013 <abbr title=\"Helmut Schmidt Universit\u00e4t\">HSU<\/abbr> \u2013<\/li>\n<\/ul>\n<\/div>\n\n\n\n<div class=\"wp-block-column is-layout-flow wp-block-column-is-layout-flow\">\n<p><strong>Kooperationen mit der Wirtschaft<\/strong><\/p>\n\n\n\n<ul class=\"wp-block-list\">\n<li><a rel=\"noreferrer noopener\" href=\"https:\/\/emqopter.de\/de\/index.php\" target=\"_blank\">Emqopter <abbr title=\"Gesellschaft mit beschr\u00e4nkter Haftung\">GmbH<\/abbr><\/a><\/li>\n<\/ul>\n<\/div>\n<\/div>\n\n\n\n<h1 class=\"wp-block-heading\">Projektbeschreibung<\/h1>\n\n\n\n<p>Ziel des Projekts &#8222;Digitalisierte, rechtssichere und emissionsarme flugmobile Inspektion und Netzdatenerfassung mit automatisierten Drohnen&#8220; (DNeD) ist die Erforschung und Erprobung eines intelligenten flugf\u00e4higen Systems, welches automatisiert Freileitungen inspiziert und dabei bef\u00e4higt ist, einen Sensor zur Erfassung elektrischer Gr\u00f6\u00dfen im Mittel- und Hochspannungsnetz auf einer Freileitung abzusetzen. Unsere Partnerin, die Emqopter <abbr title=\"Gesellschaft mit beschr\u00e4nkter Haftung\">GmbH<\/abbr>, hat ein Video produzieren lassen, welches die Funktionsweise anschaulich darstellt. Das Video kann durch einen Klick auf den folgenden Screenshot \u00fcber die DNeD-Hauptseite der Professur f\u00fcr Regelungstechnik abgerufen werden.<\/p>\n\n\n<div class=\"wp-block-image\">\n<figure class=\"aligncenter size-large is-resized\"><a href=\"https:\/\/www.hsu-hh.de\/rt\/forschung\/dned\"><img loading=\"lazy\" decoding=\"async\" src=\"https:\/\/www.hsu-hh.de\/ees\/wp-content\/uploads\/sites\/680\/2023\/03\/Screenshot_Video-1024x547.jpg\" data-credit=\"RET@HSU\" alt=\"\" class=\"wp-image-6740\" width=\"512\" height=\"274\" srcset=\"https:\/\/www.hsu-hh.de\/ees\/wp-content\/uploads\/sites\/680\/2023\/03\/Screenshot_Video-1024x547.jpg 1024w, https:\/\/www.hsu-hh.de\/ees\/wp-content\/uploads\/sites\/680\/2023\/03\/Screenshot_Video-300x160.jpg 300w, https:\/\/www.hsu-hh.de\/ees\/wp-content\/uploads\/sites\/680\/2023\/03\/Screenshot_Video-768x411.jpg 768w, https:\/\/www.hsu-hh.de\/ees\/wp-content\/uploads\/sites\/680\/2023\/03\/Screenshot_Video-1536x821.jpg 1536w, https:\/\/www.hsu-hh.de\/ees\/wp-content\/uploads\/sites\/680\/2023\/03\/Screenshot_Video-2048x1095.jpg 2048w, https:\/\/www.hsu-hh.de\/ees\/wp-content\/uploads\/sites\/680\/2023\/03\/Screenshot_Video-1100x588.jpg 1100w\" sizes=\"auto, (max-width: 512px) 100vw, 512px\" \/><\/a><figcaption class=\"wp-element-caption\">Ein Klick aufs Bild f\u00fchrt zum Video.<\/figcaption><\/figure>\n<\/div>\n\n\n<p>Das Projekt DNeD ist ein Partnerprojekt zwischen den Professuren f\u00fcr Regelungstechnik unter Leitung von <abbr title=\"Professor\">Prof.<\/abbr> <abbr title=\"Doktor\">Dr.<\/abbr> Joachim Horn und der Professur f\u00fcr Elektrische Energiesysteme unter der Leitung von <abbr title=\"Professor\">Prof.<\/abbr> <abbr title=\"Doktor\">Dr.<\/abbr> Detlef Schulz. Beide Professuren forschen an der Helmut-Schmidt-Universit\u00e4t \/ Universit\u00e4t der Bundeswehr Hamburg. Die Professur f\u00fcr Elektrische Energiesysteme \u00fcbernimmt dabei die Entwicklung, Auslegung und Konstruktion des Sensors und beteiligt sich an den in Abbildung 1 dargestellten Arbeitspaketen des Hauptarbeitspakets HAP 3. Alle anderen Aspekte des Projekts werden von der Professur f\u00fcr Regelungstechnik bearbeitet, der auch die Projektleitung obliegt.<\/p>\n\n\n<div class=\"wp-block-image\">\n<figure class=\"aligncenter size-full\"><img loading=\"lazy\" decoding=\"async\" width=\"996\" height=\"133\" src=\"https:\/\/www.hsu-hh.de\/ees\/wp-content\/uploads\/sites\/680\/2023\/03\/20230329_Strukturbild_DE.png\" data-credit=\"Marc Florian Meyer\" alt=\"\" class=\"wp-image-6907\" srcset=\"https:\/\/www.hsu-hh.de\/ees\/wp-content\/uploads\/sites\/680\/2023\/03\/20230329_Strukturbild_DE.png 996w, https:\/\/www.hsu-hh.de\/ees\/wp-content\/uploads\/sites\/680\/2023\/03\/20230329_Strukturbild_DE-300x40.png 300w, https:\/\/www.hsu-hh.de\/ees\/wp-content\/uploads\/sites\/680\/2023\/03\/20230329_Strukturbild_DE-768x103.png 768w\" sizes=\"auto, (max-width: 996px) 100vw, 996px\" \/><figcaption class=\"wp-element-caption\">Abbildung 1. Arbeitspakete des HAP 3 &#8222;Messsonde&#8220;.<\/figcaption><\/figure>\n<\/div>\n\n\n<p>Weitere Informationen k\u00f6nnen auf der Hauptseite zu DNeD abgerufen werden: <a rel=\"noreferrer noopener\" href=\"https:\/\/www.hsu-hh.de\/forschung\/fakultaeten-uebergreifend\/uas-at-hsu\/dned\" target=\"_blank\">DNeD-Hauptseite<\/a>.<\/p>\n\n\n\n<p><\/p>\n\n\n\n<h1 class=\"wp-block-heading\">Publikationen<\/h1>\n\n\n\n<p><em><em><em>Mukka, H.; Schulzke, A.; Horn, J.; Schulz, D<\/em>.<\/em><\/em><br><strong>Digitalisierte, flugmobile Inspektion und Netzdatenerfassung mit automatisierten Drohnen \u2013 DNeD<\/strong><br><em>In: Hamburger Beitr\u00e4ge zum technischen Klimaschutz \u2013 Stand der Technik und Digitalisierung bei integrierten Energiesystemen, Sektorenkopplungs- und Mobilit\u00e4tstechnologien,<\/em><br>Helmut-Schmidt-Universit\u00e4t \/ Universit\u00e4t der Bundeswehr, Professur f\u00fcr Elektrische Energiesysteme, Hamburg, Dezember 2021, <abbr title=\"Band\">Bd.<\/abbr> 3,&nbsp; S. 87-90, ISSN (Druck) 2698-8798, <abbr title=\"International Standard Book Number\">ISBN<\/abbr> (Druck) 978-3-86818-250-7, ISSN (Online) 2698-8801, <abbr title=\"International Standard Book Number\">ISBN<\/abbr> (Online) 978-3-86818-251-4, DOI: 10.24405\/13958<br><\/p>\n\n\n\n<p><em>Schulzke, A.; Alpen, M.; Horn, J.; Mukka, H. H. R; Meyer, M. F.; Schulz, D.; Popov, F.; Lehmen, S.; Gageik, N.<br><\/em><strong>Funktions- und Messprinzip des Absetz- und Datenerfassungskonzepts eines Systems zur flugmobilen Netzdatenerfassung<\/strong><br><em>In: dtec.bw-Beitr\u00e4ge der Helmut-Schmidt-Universit\u00e4t \/ Universit\u00e4t der Bundeswehr Hamburg: Forschungsaktivit\u00e4ten im Zentrum f\u00fcr Digitalisierungs- und Technologieforschung der Bundeswehr dtec.bw &#8211; Band 1 \u00b7 2022, S. 134-140,<br><\/em><abbr title=\"International Standard Book Number\">ISBN<\/abbr> (Druck): 978-3-86818-316-0, <abbr title=\"International Standard Book Number\">ISBN<\/abbr> (Online): 978-3-86818-315-3, DOI: 10.24405\/14522<\/p>\n","protected":false},"excerpt":{"rendered":"<p>Aktuelles 31.12.2022 Ver\u00f6ffentlichung im dtec.bw-Sammelband 2022 Das Projektteam hat unter Beteilung aller Projektpartner einen Beitrag im Sammelband \u201edtec.bw-Beitr\u00e4ge der Helmut-Schmidt-Universit\u00e4t \/ Universit\u00e4t der Bundeswehr Hamburg: Forschungsaktivit\u00e4ten im Zentrum f\u00fcr Digitalisierungs- [&hellip;]<\/p>\n","protected":false},"author":2444,"featured_media":0,"parent":0,"menu_order":0,"comment_status":"closed","ping_status":"closed","template":"","meta":{"footnotes":""},"categories":[4],"tags":[],"class_list":["post-6349","page","type-page","status-publish","hentry","category-forschung"],"_links":{"self":[{"href":"https:\/\/www.hsu-hh.de\/ees\/wp-json\/wp\/v2\/pages\/6349","targetHints":{"allow":["GET"]}}],"collection":[{"href":"https:\/\/www.hsu-hh.de\/ees\/wp-json\/wp\/v2\/pages"}],"about":[{"href":"https:\/\/www.hsu-hh.de\/ees\/wp-json\/wp\/v2\/types\/page"}],"author":[{"embeddable":true,"href":"https:\/\/www.hsu-hh.de\/ees\/wp-json\/wp\/v2\/users\/2444"}],"replies":[{"embeddable":true,"href":"https:\/\/www.hsu-hh.de\/ees\/wp-json\/wp\/v2\/comments?post=6349"}],"version-history":[{"count":17,"href":"https:\/\/www.hsu-hh.de\/ees\/wp-json\/wp\/v2\/pages\/6349\/revisions"}],"predecessor-version":[{"id":6911,"href":"https:\/\/www.hsu-hh.de\/ees\/wp-json\/wp\/v2\/pages\/6349\/revisions\/6911"}],"wp:attachment":[{"href":"https:\/\/www.hsu-hh.de\/ees\/wp-json\/wp\/v2\/media?parent=6349"}],"wp:term":[{"taxonomy":"category","embeddable":true,"href":"https:\/\/www.hsu-hh.de\/ees\/wp-json\/wp\/v2\/categories?post=6349"},{"taxonomy":"post_tag","embeddable":true,"href":"https:\/\/www.hsu-hh.de\/ees\/wp-json\/wp\/v2\/tags?post=6349"}],"curies":[{"name":"wp","href":"https:\/\/api.w.org\/{rel}","templated":true}]}}