{"id":6166,"date":"2023-01-13T12:33:47","date_gmt":"2023-01-13T11:33:47","guid":{"rendered":"https:\/\/www.hsu-hh.de\/ees\/?page_id=6166"},"modified":"2024-07-25T22:54:06","modified_gmt":"2024-07-25T20:54:06","slug":"dtec-coupleit-archiv-deu","status":"publish","type":"page","link":"https:\/\/www.hsu-hh.de\/ees\/dtec-coupleit-deu\/dtec-coupleit-archiv-deu","title":{"rendered":"dtec.bw Projekt CoupleIT! | Archiv"},"content":{"rendered":"\n<p><\/p>\n\n\n\n<div class=\"wp-block-columns is-layout-flex wp-container-core-columns-is-layout-9d6595d7 wp-block-columns-is-layout-flex\">\n<div class=\"wp-block-column is-layout-flow wp-block-column-is-layout-flow\" style=\"flex-basis:12%\">\n<p class=\"has-text-align-left\"><strong>19.12.2022<\/strong><\/p>\n<\/div>\n\n\n\n<div class=\"wp-block-column is-layout-flow wp-block-column-is-layout-flow\" style=\"flex-basis:88%\">\n<p><strong>Ausschreibung zu unserem REDIBEL-Teststand wurde er\u00f6ffnet<\/strong><\/p>\n\n\n\n<p>Vielen, die unser Projekt schon eine Weile verfolgen, ist das Akronym &#8218;REDIBEL&#8216; vertraut. F\u00fcr unsere neuen Follower hier eine kurze Erl\u00e4uterung: <strong>REDIBEL<\/strong> = &#8222;<strong>RE<\/strong>versibel <strong>DI<\/strong>gital gekoppeltes <strong>B<\/strong>rennstoffzellen und <strong>EL<\/strong>ektrolyse&#8220;. Dieses Aggregat ist das Herzst\u00fcck unseres Projekts, da es die Kopplungseinheit zwischen dem elektrischen und dem Gasinselnetz bildet.<\/p>\n\n\n\n<p>Die REDIBEL wird als ein einziger integrierter Teststand konzipiert und in der Lage sein, Energieumwandlungsprozesse sowohl nach dem Power-to-Gas als auch dem Gas-to-Power-Weg zu vollf\u00fchren.<\/p>\n<\/div>\n<\/div>\n\n\n\n<div class=\"wp-block-columns is-layout-flex wp-container-core-columns-is-layout-9d6595d7 wp-block-columns-is-layout-flex\">\n<div class=\"wp-block-column is-layout-flow wp-block-column-is-layout-flow\" style=\"flex-basis:12%\">\n<p class=\"has-text-align-left\"><strong><strong>15.12.2022 \u2013<\/strong><br><strong>16.12.2022<\/strong><\/strong><\/p>\n<\/div>\n\n\n\n<div class=\"wp-block-column is-layout-flow wp-block-column-is-layout-flow\" style=\"flex-basis:88%\">\n<p><strong><strong>4. Doktorandenkolloquium der Professur f\u00fcr Elektrische Energiesysteme<\/strong><\/strong><\/p>\n\n\n\n<p>Das 4. Doktorandenkolloquium \u201eMein Weg zur Promotion\u201c bot internen sowie externen wissenschaftlichen Mitarbeitern die M\u00f6glichkeit, im Rahmen von Vortr\u00e4gen mit anschlie\u00dfender Diskussions- und Feedbackrunde ihre aktuellen Forschungsschwerpunkte vorzustellen. Der Fokus liegt auf dem Stand der Promotion und dem Forschungsthema.<\/p>\n<\/div>\n<\/div>\n\n\n\n<div class=\"wp-block-columns is-layout-flex wp-container-core-columns-is-layout-9d6595d7 wp-block-columns-is-layout-flex\">\n<div class=\"wp-block-column is-layout-flow wp-block-column-is-layout-flow\" style=\"flex-basis:12%\">\n<p class=\"has-text-align-left\"><strong>26.10.2022<\/strong><\/p>\n<\/div>\n\n\n\n<div class=\"wp-block-column is-layout-flow wp-block-column-is-layout-flow\" style=\"flex-basis:88%\">\n<p><strong>1. DTEC-Workshop<\/strong><\/p>\n\n\n\n<p>Ein Doppel-Workshop zu den Themen&nbsp;<em>Energie und Digitalisierung<\/em>&nbsp;und&nbsp;<em>K\u00fcnstliche Intelligenz<\/em><\/p>\n\n\n\n<p>Der erste DTEC-Workshop der Professur f\u00fcr Elektrische Energiesysteme fand am 26. Oktober 2022 an der&nbsp;<abbr title=\"Helmut Schmidt Universit\u00e4t\">HSU<\/abbr>&nbsp;Hamburg als hybride Veranstaltung statt. Der Workshop war als Doppel-Workshop angelegt, der vormittags die Themen&nbsp;<em>Energie und Digitalisierung<\/em>&nbsp;und nachmittags das Thema&nbsp;<em>K\u00fcnstliche Intelligenz<\/em>&nbsp;behandelte.<\/p>\n\n\n\n<p>Weitere Informationen zu diesem Workshop inklusive einer ansprechenden Bildergalerie finden Sie unter diesem Link:<br><a href=\"https:\/\/www.hsu-hh.de\/ees\/dlab\/events\/1-dtec-workshop-edki\" target=\"_blank\" rel=\"noreferrer noopener\">1. DTEC-Workshop<\/a><\/p>\n<\/div>\n<\/div>\n","protected":false},"excerpt":{"rendered":"<p>19.12.2022 Ausschreibung zu unserem REDIBEL-Teststand wurde er\u00f6ffnet Vielen, die unser Projekt schon eine Weile verfolgen, ist das Akronym &#8218;REDIBEL&#8216; vertraut. F\u00fcr unsere neuen Follower hier eine kurze Erl\u00e4uterung: REDIBEL = [&hellip;]<\/p>\n","protected":false},"author":2444,"featured_media":0,"parent":5249,"menu_order":0,"comment_status":"closed","ping_status":"closed","template":"","meta":{"footnotes":""},"categories":[4],"tags":[],"class_list":["post-6166","page","type-page","status-publish","hentry","category-forschung"],"_links":{"self":[{"href":"https:\/\/www.hsu-hh.de\/ees\/wp-json\/wp\/v2\/pages\/6166","targetHints":{"allow":["GET"]}}],"collection":[{"href":"https:\/\/www.hsu-hh.de\/ees\/wp-json\/wp\/v2\/pages"}],"about":[{"href":"https:\/\/www.hsu-hh.de\/ees\/wp-json\/wp\/v2\/types\/page"}],"author":[{"embeddable":true,"href":"https:\/\/www.hsu-hh.de\/ees\/wp-json\/wp\/v2\/users\/2444"}],"replies":[{"embeddable":true,"href":"https:\/\/www.hsu-hh.de\/ees\/wp-json\/wp\/v2\/comments?post=6166"}],"version-history":[{"count":8,"href":"https:\/\/www.hsu-hh.de\/ees\/wp-json\/wp\/v2\/pages\/6166\/revisions"}],"predecessor-version":[{"id":7744,"href":"https:\/\/www.hsu-hh.de\/ees\/wp-json\/wp\/v2\/pages\/6166\/revisions\/7744"}],"up":[{"embeddable":true,"href":"https:\/\/www.hsu-hh.de\/ees\/wp-json\/wp\/v2\/pages\/5249"}],"wp:attachment":[{"href":"https:\/\/www.hsu-hh.de\/ees\/wp-json\/wp\/v2\/media?parent=6166"}],"wp:term":[{"taxonomy":"category","embeddable":true,"href":"https:\/\/www.hsu-hh.de\/ees\/wp-json\/wp\/v2\/categories?post=6166"},{"taxonomy":"post_tag","embeddable":true,"href":"https:\/\/www.hsu-hh.de\/ees\/wp-json\/wp\/v2\/tags?post=6166"}],"curies":[{"name":"wp","href":"https:\/\/api.w.org\/{rel}","templated":true}]}}