{"id":5852,"date":"2022-11-28T14:59:44","date_gmt":"2022-11-28T13:59:44","guid":{"rendered":"https:\/\/www.hsu-hh.de\/ees\/?page_id=5852"},"modified":"2022-12-20T10:47:49","modified_gmt":"2022-12-20T09:47:49","slug":"teilnahme-an-u-s-naval-academy-science-and-engineering-conference-nasec-2022","status":"publish","type":"page","link":"https:\/\/www.hsu-hh.de\/ees\/teilnahme-an-u-s-naval-academy-science-and-engineering-conference-nasec-2022","title":{"rendered":"Teilnahme an U.S. Naval Academy Science and Engineering Conference (NASEC) 2022"},"content":{"rendered":"\n<p>Im Rahmen der Verbindungen der Milit\u00e4rakademien der Nato-Staaten wurden zwei Studenten der <abbr title=\"Helmut Schmidt Universit\u00e4t\">HSU<\/abbr> zur U. S. Naval Academy Science and Engineering Conference 2022 vom 06. -08.11.2022, in Annapolis, Maryland eingeladen. Diese Konferenz richtet sich an Studenten der Natur- <abbr title=\"beziehungsweise\">bzw.<\/abbr> Ingenieurwissenschaften, welche bereits in den Forschungsbetrieb integriert sind und soll einen Austausch unter diesen vorantreiben, sowie die wissenschaftliche Diskussion auf Basis von Vortr\u00e4gen renommierter Referenten erm\u00f6glichen. Ferner wird bei dieser Gelegenheit eine sowohl milit\u00e4rische als auch zivile Teilnehmerschaft herangezogen, wobei auch internationale Delegationen aus sechs verschiedenen L\u00e4ndern zugegen waren. Dieses Jahr fand die 11. Konferenz dieser Art statt, welche unter dem Motto \u201ePowering the Modern World\u201c stand und sich daher vornehmlich mit der Energieversorgung und insbesondere mit der Einbindung erneuerbarer Energiequellen in die Stromversorgung befasste. Um die Diskussionsgruppen etwas zu strukturieren, wurden diese in verschiedene Themenbereiche aufgeteilt, in denen dann die energetischen, wirtschaftlichen, politischen und moralischen Implikationen der jeweiligen Energieform diskutiert wurden. Zum Ende der Konferenz erhielten die Studenten die M\u00f6glichkeit ihre eigene Forschung, <abbr title=\"beziehungsweise\">bzw.<\/abbr> die ihrer jeweiligen Institutionen, in Form einer Plakatpr\u00e4sentation vorzustellen. Bei dieser Gelegenheit stellte Jonas Josepeit (<abbr title=\"Elektrotechnik\">ET<\/abbr> 2020) einige Forschungsergebnisse der Professur f\u00fcr Elektrische Energiesysteme im Bereich der Netzimpedanzmessungen, und seine eigene Arbeit an einem Pr\u00fcfstand zur Untersuchung subperiodischer Effekte auf der Niederspannungsebene bis zu einer Last von 4\u00a0kW, vor. Die Forschung der Professur stie\u00df dabei auf ein reges Interesse von Seiten der Teilnehmer.<\/p>\n\n\n\n<div class=\"wp-block-columns is-layout-flex wp-container-core-columns-is-layout-9d6595d7 wp-block-columns-is-layout-flex\">\n<div class=\"wp-block-column is-layout-flow wp-block-column-is-layout-flow\" style=\"flex-basis:25%\"><\/div>\n\n\n\n<div class=\"wp-block-column is-layout-flow wp-block-column-is-layout-flow\" style=\"flex-basis:50%\">\n<div class=\"wp-block-hsu-downloadblock\"><div class=\"thumbnail-area\"><img decoding=\"async\" src=\"\/wp-content\/themes\/hsu\/img\/dummy\/downloads_dummy.png\" alt=\"Download Symbol-Icon\" \/><\/div><div class=\"text-area\">Poster NASEC 2022<\/div><div class=\"download-area\"><a class=\"download-link\" href=\"https:\/\/www.hsu-hh.de\/ees\/wp-content\/uploads\/sites\/680\/2022\/12\/PosterNASEC_2022.pdf\"><span class=\"download-name\">pdf laden<\/span><span class=\"download-icon\"><img decoding=\"async\" class=\"download-icon\" alt=\"download icon\" src=\"\/wp-content\/themes\/hsu\/img\/icons\/download_icon.png\" \/><\/span><span class=\"download-size\">3 MB<\/span><\/a><\/div><\/div>\n<\/div>\n\n\n\n<div class=\"wp-block-column is-layout-flow wp-block-column-is-layout-flow\" style=\"flex-basis:25%\"><\/div>\n<\/div>\n\n\n\n<figure class=\"wp-block-image size-large\"><img loading=\"lazy\" decoding=\"async\" width=\"1024\" height=\"682\" src=\"https:\/\/www.hsu-hh.de\/ees\/wp-content\/uploads\/sites\/680\/2022\/11\/Gruppenfoto_NASEC-1024x682.jpg\" data-credit=\"Jonas Josepeit\" alt=\"Gruppenfoto\" class=\"wp-image-5853\" srcset=\"https:\/\/www.hsu-hh.de\/ees\/wp-content\/uploads\/sites\/680\/2022\/11\/Gruppenfoto_NASEC-1024x682.jpg 1024w, https:\/\/www.hsu-hh.de\/ees\/wp-content\/uploads\/sites\/680\/2022\/11\/Gruppenfoto_NASEC-300x200.jpg 300w, https:\/\/www.hsu-hh.de\/ees\/wp-content\/uploads\/sites\/680\/2022\/11\/Gruppenfoto_NASEC-768x512.jpg 768w, https:\/\/www.hsu-hh.de\/ees\/wp-content\/uploads\/sites\/680\/2022\/11\/Gruppenfoto_NASEC-1100x733.jpg 1100w, https:\/\/www.hsu-hh.de\/ees\/wp-content\/uploads\/sites\/680\/2022\/11\/Gruppenfoto_NASEC.jpg 1378w\" sizes=\"auto, (max-width: 1024px) 100vw, 1024px\" \/><figcaption>Gruppenfoto der studentischen Teilnehmer der NASEC 2022<\/figcaption><\/figure>\n","protected":false},"excerpt":{"rendered":"<p>Im Rahmen der Verbindungen der Milit\u00e4rakademien der Nato-Staaten wurden zwei Studenten der HSU zur U. S. Naval Academy Science and Engineering Conference 2022 vom 06. -08.11.2022, in Annapolis, Maryland eingeladen. [&hellip;]<\/p>\n","protected":false},"author":1434,"featured_media":0,"parent":0,"menu_order":0,"comment_status":"closed","ping_status":"closed","template":"","meta":{"footnotes":""},"categories":[4],"tags":[],"class_list":["post-5852","page","type-page","status-publish","hentry","category-forschung"],"_links":{"self":[{"href":"https:\/\/www.hsu-hh.de\/ees\/wp-json\/wp\/v2\/pages\/5852","targetHints":{"allow":["GET"]}}],"collection":[{"href":"https:\/\/www.hsu-hh.de\/ees\/wp-json\/wp\/v2\/pages"}],"about":[{"href":"https:\/\/www.hsu-hh.de\/ees\/wp-json\/wp\/v2\/types\/page"}],"author":[{"embeddable":true,"href":"https:\/\/www.hsu-hh.de\/ees\/wp-json\/wp\/v2\/users\/1434"}],"replies":[{"embeddable":true,"href":"https:\/\/www.hsu-hh.de\/ees\/wp-json\/wp\/v2\/comments?post=5852"}],"version-history":[{"count":5,"href":"https:\/\/www.hsu-hh.de\/ees\/wp-json\/wp\/v2\/pages\/5852\/revisions"}],"predecessor-version":[{"id":5927,"href":"https:\/\/www.hsu-hh.de\/ees\/wp-json\/wp\/v2\/pages\/5852\/revisions\/5927"}],"wp:attachment":[{"href":"https:\/\/www.hsu-hh.de\/ees\/wp-json\/wp\/v2\/media?parent=5852"}],"wp:term":[{"taxonomy":"category","embeddable":true,"href":"https:\/\/www.hsu-hh.de\/ees\/wp-json\/wp\/v2\/categories?post=5852"},{"taxonomy":"post_tag","embeddable":true,"href":"https:\/\/www.hsu-hh.de\/ees\/wp-json\/wp\/v2\/tags?post=5852"}],"curies":[{"name":"wp","href":"https:\/\/api.w.org\/{rel}","templated":true}]}}