{"id":5471,"date":"2022-10-07T10:25:21","date_gmt":"2022-10-07T08:25:21","guid":{"rendered":"https:\/\/www.hsu-hh.de\/ees\/?page_id=5471"},"modified":"2022-10-07T10:25:22","modified_gmt":"2022-10-07T08:25:22","slug":"neis-2022-10-jahre-neis-konferenz","status":"publish","type":"page","link":"https:\/\/www.hsu-hh.de\/ees\/neis-2022-10-jahre-neis-konferenz","title":{"rendered":"NEIS 2022 &#8211; 10 Jahre NEIS Konferenz"},"content":{"rendered":"\n<p>Zun\u00e4chst wollen wir allen Beteiligten und Teilnehmern dieser und vergangener NEIS-Konferenzen danken!<br>Wir hatten eine gro\u00dfartige Jubil\u00e4ums Edition unserer Konferenz in diesem Jahr am 26. und 27. September. Es gab interessante Keynotes, einige Paper Pr\u00e4sentationen und fruchtbare wissenschaftliche Diskussionen. Insgesamt wurden 60 Abstracts eingereicht, wovon 36 als Full Paper angenommen wurden. Das Programm bot 15 Pr\u00e4sentationen in vier Hauptsessions und 20 Kurzpr\u00e4sentationen in Parallelsessions, drei Keynote Pr\u00e4sentationen und einen PHiL Workshop, sowie drei Aussteller.<br>Als Organisationsteam m\u00f6chten wir ein weiteres mal allen f\u00fcr ihre Unterst\u00fctzung danken und \u00fcbergeben mit Freude das Privileg der Organisation an unsere Nachfolger. <br>Die NEIS 2023 wird dann am 04. und 05. September 2023 ebenfalls als hybrides Event stattfinden. Wir freuen uns darauf auch dann wieder bekannte und neue Gesichter f\u00fcr eine weitere NEIS Experience zu begr\u00fc\u00dfen. <br><\/p>\n\n\n\n<figure class=\"wp-block-image size-large\"><img loading=\"lazy\" decoding=\"async\" width=\"1024\" height=\"506\" src=\"https:\/\/www.hsu-hh.de\/ees\/wp-content\/uploads\/sites\/680\/2022\/10\/Gruppenbild-mit-nEISbaer-1024x506.png\" data-credit=\"HSU EES\" alt=\"Gruppenbild NEIS 2022\" class=\"wp-image-5472\" srcset=\"https:\/\/www.hsu-hh.de\/ees\/wp-content\/uploads\/sites\/680\/2022\/10\/Gruppenbild-mit-nEISbaer-1024x506.png 1024w, https:\/\/www.hsu-hh.de\/ees\/wp-content\/uploads\/sites\/680\/2022\/10\/Gruppenbild-mit-nEISbaer-300x148.png 300w, https:\/\/www.hsu-hh.de\/ees\/wp-content\/uploads\/sites\/680\/2022\/10\/Gruppenbild-mit-nEISbaer-768x380.png 768w, https:\/\/www.hsu-hh.de\/ees\/wp-content\/uploads\/sites\/680\/2022\/10\/Gruppenbild-mit-nEISbaer-1536x760.png 1536w, https:\/\/www.hsu-hh.de\/ees\/wp-content\/uploads\/sites\/680\/2022\/10\/Gruppenbild-mit-nEISbaer-2048x1013.png 2048w, https:\/\/www.hsu-hh.de\/ees\/wp-content\/uploads\/sites\/680\/2022\/10\/Gruppenbild-mit-nEISbaer-1100x544.png 1100w\" sizes=\"auto, (max-width: 1024px) 100vw, 1024px\" \/><\/figure>\n","protected":false},"excerpt":{"rendered":"<p>Zun\u00e4chst wollen wir allen Beteiligten und Teilnehmern dieser und vergangener NEIS-Konferenzen danken!Wir hatten eine gro\u00dfartige Jubil\u00e4ums Edition unserer Konferenz in diesem Jahr am 26. und 27. September. Es gab interessante [&hellip;]<\/p>\n","protected":false},"author":1434,"featured_media":0,"parent":0,"menu_order":0,"comment_status":"closed","ping_status":"closed","template":"","meta":{"footnotes":""},"categories":[4],"tags":[],"class_list":["post-5471","page","type-page","status-publish","hentry","category-forschung"],"_links":{"self":[{"href":"https:\/\/www.hsu-hh.de\/ees\/wp-json\/wp\/v2\/pages\/5471","targetHints":{"allow":["GET"]}}],"collection":[{"href":"https:\/\/www.hsu-hh.de\/ees\/wp-json\/wp\/v2\/pages"}],"about":[{"href":"https:\/\/www.hsu-hh.de\/ees\/wp-json\/wp\/v2\/types\/page"}],"author":[{"embeddable":true,"href":"https:\/\/www.hsu-hh.de\/ees\/wp-json\/wp\/v2\/users\/1434"}],"replies":[{"embeddable":true,"href":"https:\/\/www.hsu-hh.de\/ees\/wp-json\/wp\/v2\/comments?post=5471"}],"version-history":[{"count":2,"href":"https:\/\/www.hsu-hh.de\/ees\/wp-json\/wp\/v2\/pages\/5471\/revisions"}],"predecessor-version":[{"id":5474,"href":"https:\/\/www.hsu-hh.de\/ees\/wp-json\/wp\/v2\/pages\/5471\/revisions\/5474"}],"wp:attachment":[{"href":"https:\/\/www.hsu-hh.de\/ees\/wp-json\/wp\/v2\/media?parent=5471"}],"wp:term":[{"taxonomy":"category","embeddable":true,"href":"https:\/\/www.hsu-hh.de\/ees\/wp-json\/wp\/v2\/categories?post=5471"},{"taxonomy":"post_tag","embeddable":true,"href":"https:\/\/www.hsu-hh.de\/ees\/wp-json\/wp\/v2\/tags?post=5471"}],"curies":[{"name":"wp","href":"https:\/\/api.w.org\/{rel}","templated":true}]}}