{"id":4412,"date":"2021-04-23T12:14:13","date_gmt":"2021-04-23T10:14:13","guid":{"rendered":"https:\/\/www.hsu-hh.de\/ees\/?page_id=4412"},"modified":"2024-02-09T11:55:09","modified_gmt":"2024-02-09T10:55:09","slug":"abroad","status":"publish","type":"page","link":"https:\/\/www.hsu-hh.de\/ees\/en\/research\/abroad","title":{"rendered":"Abroad"},"content":{"rendered":"\n<ul class=\"wp-block-list\">\n<li><strong>Carsten Cosse, <abbr title=\"Master of Science\">M.Sc.<\/abbr><\/strong><br>05.03. \u2013 02.06.2023<br>Host university: Universitat Polit\u00e8cnica de Catalunya (UPC) (Escola T\u00e8cnica Superior d&#8217;Enginyeria Industrial de Barcelona (ETSEIB), Institut de Rob\u00f2tica i Inform\u00e0tica Industrial, IRI (CSIC-UPC), Departament d&#8217;Enginyeria de Sistemes, Autom\u00e0tica i Inform\u00e0tica Industrial (ESAII))<\/li>\n<\/ul>\n\n\n\n<ul class=\"wp-block-list\">\n<li><strong>Maik Plenz, M.Eng.<\/strong><br>01.08. \u2013 31.10.2019<br>Host university: University of Oxford (Mathematical, Physical and Life Sciences Devision, Department of Engeeniering Science, Energy and Power Group)<\/li>\n<\/ul>\n\n\n\n<ul class=\"wp-block-list\">\n<li><strong>Markus Dietmannsberger, <abbr title=\"Master of Science\">M.Sc.<\/abbr><\/strong><br>01.04. \u2013 31.05.2016 und 16.01. \u2013 21.01.2017<br>Host university: Aalborg University (Faculty of Engineering and Science, Department of Energy Technology, Power Electronic Systems)<\/li>\n<\/ul>\n\n\n\n<ul class=\"wp-block-list\">\n<li><strong><abbr title=\"Professor\">Prof.<\/abbr> <abbr title=\"Doktor\">Dr.<\/abbr> Detlef Schulz<br><\/strong>26.02. \u2013 04.03.2012<br>Mongolei , GiZ-Projekt Energieeffizienz in der netzgebundenen Energieversorgung, Phase II, Kooperation Energiebeh\u00f6rde Mongolei<\/li>\n<\/ul>\n\n\n\n<ul class=\"wp-block-list\">\n<li><strong><abbr title=\"Diplom\">Dipl.<\/abbr>&#8211;<abbr title=\"Ingenieur\">Ing.<\/abbr> Thomas Wei\u00df, <abbr title=\"Diplom\">Dipl.<\/abbr>&#8211;<abbr title=\"Ingenieur\">Ing.<\/abbr> Hauke Langkowski, <abbr title=\"Diplom\">Dipl.<\/abbr>&#8211;<abbr title=\"Ingenieur\">Ing.<\/abbr> Endrik Waldhaim<\/strong><br>17.05. \u2013 20.05.2010<br>Host university: Tajik Technical University (Fakulty of Engineering, Business and Management), Dushanbe, Tajikistan<br>EU project TEMPUS CD_JEP-26058-2005 &#8222;Curriculum development in Renewable Energy Technologies in Central Asia Universities&#8220; (CRETA)<br>Subjects: <em>Grid Impedance Determination and Grid Integration of Renewable Energies; Design of Electrical Equipment and Grid Topologies of an Offshore Wind Farm<\/em><\/li>\n<\/ul>\n\n\n\n<ul class=\"wp-block-list\">\n<li><strong><abbr title=\"Professor\">Prof.<\/abbr> <abbr title=\"Doktor\">Dr.<\/abbr> Detlef Schulz<\/strong><br>08.03. \u2013 13.03.09<br>Host university: Innovative University of Eurasia, Pavlodar, Kasachstan<br>EU project TEMPUS CD_JEP-26058-2005 &#8222;Curriculum development in Renewable Energy Technologies in Central Asia Universities&#8220; (CRETA)<br>Subjects: <em>Grid integration of wind energy systems; Grid integration of photo-voltaic systems<\/em><\/li>\n<\/ul>\n\n\n\n<ul class=\"wp-block-list\">\n<li><strong><abbr title=\"Professor\">Prof.<\/abbr> <abbr title=\"Doktor\">Dr.<\/abbr> Detlef Schulz<\/strong><br>05.01. \u2013 09.01.2009<br>Host university: University of Zielona G\u00f3ra, Poland<br>Erasmus-Austausch-Programm &#8222;LLP-Erasmus Programme, Individual teaching programme for teaching staff mobility&#8220;<br>Subjects: <em>Grid integration of wind energy systems; Measurements and laboratory equipment planning<\/em><\/li>\n<\/ul>\n","protected":false},"excerpt":{"rendered":"","protected":false},"author":57,"featured_media":0,"parent":4370,"menu_order":0,"comment_status":"closed","ping_status":"closed","template":"","meta":{"footnotes":""},"categories":[7],"tags":[],"class_list":["post-4412","page","type-page","status-publish","hentry","category-research"],"_links":{"self":[{"href":"https:\/\/www.hsu-hh.de\/ees\/wp-json\/wp\/v2\/pages\/4412","targetHints":{"allow":["GET"]}}],"collection":[{"href":"https:\/\/www.hsu-hh.de\/ees\/wp-json\/wp\/v2\/pages"}],"about":[{"href":"https:\/\/www.hsu-hh.de\/ees\/wp-json\/wp\/v2\/types\/page"}],"author":[{"embeddable":true,"href":"https:\/\/www.hsu-hh.de\/ees\/wp-json\/wp\/v2\/users\/57"}],"replies":[{"embeddable":true,"href":"https:\/\/www.hsu-hh.de\/ees\/wp-json\/wp\/v2\/comments?post=4412"}],"version-history":[{"count":2,"href":"https:\/\/www.hsu-hh.de\/ees\/wp-json\/wp\/v2\/pages\/4412\/revisions"}],"predecessor-version":[{"id":7455,"href":"https:\/\/www.hsu-hh.de\/ees\/wp-json\/wp\/v2\/pages\/4412\/revisions\/7455"}],"up":[{"embeddable":true,"href":"https:\/\/www.hsu-hh.de\/ees\/wp-json\/wp\/v2\/pages\/4370"}],"wp:attachment":[{"href":"https:\/\/www.hsu-hh.de\/ees\/wp-json\/wp\/v2\/media?parent=4412"}],"wp:term":[{"taxonomy":"category","embeddable":true,"href":"https:\/\/www.hsu-hh.de\/ees\/wp-json\/wp\/v2\/categories?post=4412"},{"taxonomy":"post_tag","embeddable":true,"href":"https:\/\/www.hsu-hh.de\/ees\/wp-json\/wp\/v2\/tags?post=4412"}],"curies":[{"name":"wp","href":"https:\/\/api.w.org\/{rel}","templated":true}]}}