{"id":4406,"date":"2021-04-23T12:02:09","date_gmt":"2021-04-23T10:02:09","guid":{"rendered":"https:\/\/www.hsu-hh.de\/ees\/?page_id=4406"},"modified":"2021-04-23T12:07:34","modified_gmt":"2021-04-23T10:07:34","slug":"visiting-scientists","status":"publish","type":"page","link":"https:\/\/www.hsu-hh.de\/ees\/en\/research\/visiting-scientists","title":{"rendered":"Visiting scientists"},"content":{"rendered":"\n<ul class=\"wp-block-list\"><li><strong>Prof. <abbr title=\"Doktor\">Dr.<\/abbr> Janusz Bialek<br><\/strong>20.09.2018<br>NEIS Keynote Speaker <strong>, <\/strong>IEEE Fellow<strong>, <\/strong>Skolkovo Institute of Science and Technology &#8211; Skoltech, <a href=\"http:\/\/www.neis-conference.com\" target=\"_blank\" rel=\"noreferrer noopener\">www.neis-conference.com<\/a><\/li><\/ul>\n\n\n\n<ul class=\"wp-block-list\"><li><strong>Delegation from Energy Sector Mongolia<\/strong><br>11.06. 2018<\/li><\/ul>\n\n\n\n<ul class=\"wp-block-list\"><li><strong>Prof. <abbr title=\"Doktor\">Dr.<\/abbr>-Ing Jian Sun<\/strong><br>21.09.2017<br>NEIS Keynote Speaker , Rensselaer Polytechnic Institute, USA<\/li><\/ul>\n\n\n\n<ul class=\"wp-block-list\"><li><strong>Prof. PhD. Frede Blaabjerg<br><\/strong>2017<br>IEEE Fellow, Aalborg University, Denmark<\/li><\/ul>\n\n\n\n<ul class=\"wp-block-list\"><li><strong>Prof. <abbr title=\"Doktor\">Dr.<\/abbr> Ronnie Belmans<br><\/strong>15.09.2016<br>NEIS Keynote Speaker&nbsp; from KU Leuven, Belgium<\/li><\/ul>\n\n\n\n<ul class=\"wp-block-list\"><li><strong>Munira Halimjanova, <\/strong>Master of Technology,&nbsp;Duschanbe, Tadschikistan<br>01.10.2015 \u2013 30.09.2018<br>DAAD-Promotionsstipendium<br>Thema:&nbsp;<em>Investigation and evaluation of the Tajik energy system<\/em><\/li><\/ul>\n\n\n\n<ul class=\"wp-block-list\"><li><strong>Prof. PhD. Frede Blaabjerg<\/strong><br>10.09.2015<br>NEIS Keynote Speaker, IEEE Fellow, Aalborg University, Denmark<\/li><\/ul>\n\n\n\n<ul class=\"wp-block-list\"><li><strong>Delegation from Energy Authority of Mongolia<\/strong><br>17.05. \u2013 25.05.2012<br>Fortbildungsworkshops Energieeffizienzdienstleistungen bei der Erzeugung, -verteilung und \u2013nutzung von Energie f\u00fcr mongolische Ingenieure und F\u00fchrungskr\u00e4fte<\/li><\/ul>\n\n\n\n<ul class=\"wp-block-list\"><li><strong>Delegation from Energy Authority of Mongolia<br><\/strong>06.10. \u2013 16.10.2011<br>Fortbildungsworkshops f\u00fcr mongolische Ingenieure und F\u00fchrungskr\u00e4fte<\/li><\/ul>\n\n\n\n<ul class=\"wp-block-list\"><li><strong><abbr title=\"Doktor\">Dr.<\/abbr> Robert Smole\u0144ski<\/strong>, University of Zielona G\u00f3ra, Poland<br>18.10. \u2013 22.10.2010<br>Erasmus-Austausch-Programm &#8222;LLP-Erasmus Programme, Individual teaching programme for teaching staff mobility&#8220;<br>Thema: <em>Selected issues concerning conducted interferences in distributed power systems<\/em><\/li><\/ul>\n\n\n\n<ul class=\"wp-block-list\"><li><strong><abbr title=\"Doktor\">Dr.<\/abbr> Robert Smole\u0144ski<\/strong>, University of Zielona G\u00f3ra, Poland<br>09.02. \u2013 13.02.2009<br>Erasmus-Austausch-Programm &#8222;LLP-Erasmus Programme, Individual teaching programme for teaching staff mobility&#8220;<br>Thema: <em>Conducted electromagnetic interferences in systems consisting power electronic converters<\/em><\/li><\/ul>\n\n\n\n<ul class=\"wp-block-list\"><li><strong>Ass. Prof. <abbr title=\"Doktor\">Dr.<\/abbr> Grzegorz Benysek<\/strong>, University of Zielona G\u00f3ra, Poland<br>08.11. \u2013 12.11.2008<br>Erasmus-Austausch-Programm &#8222;LLP-Erasmus Programme, Individual teaching programme for teaching staff mobility&#8220;<br>Thema: <em>Power electronics in Smart Electrical Energy Networks<\/em><\/li><\/ul>\n\n\n\n<ul class=\"wp-block-list\"><li><strong><abbr title=\"Doktor\">Dr.<\/abbr> Przemyslaw Janik<\/strong>, Technical University of Wroclaw, Poland<br>15.07. \u2013 15.09.2007<br>DAAD-Stipendium<br>Thema: <em>Bestimmung der Netzr\u00fcckwirkungen von Windenergieanlagen durch die Anwendung moderner Algorithmen der Signalanalyse<\/em><\/li><\/ul>\n","protected":false},"excerpt":{"rendered":"<p>Prof. Dr. Janusz Bialek20.09.2018NEIS Keynote Speaker , IEEE Fellow, Skolkovo Institute of Science and Technology &#8211; Skoltech, www.neis-conference.com Delegation from Energy Sector Mongolia11.06. 2018 Prof. Dr.-Ing Jian Sun21.09.2017NEIS Keynote Speaker [&hellip;]<\/p>\n","protected":false},"author":57,"featured_media":0,"parent":4370,"menu_order":0,"comment_status":"closed","ping_status":"closed","template":"","meta":{"footnotes":""},"categories":[7],"tags":[],"class_list":["post-4406","page","type-page","status-publish","hentry","category-research"],"_links":{"self":[{"href":"https:\/\/www.hsu-hh.de\/ees\/wp-json\/wp\/v2\/pages\/4406","targetHints":{"allow":["GET"]}}],"collection":[{"href":"https:\/\/www.hsu-hh.de\/ees\/wp-json\/wp\/v2\/pages"}],"about":[{"href":"https:\/\/www.hsu-hh.de\/ees\/wp-json\/wp\/v2\/types\/page"}],"author":[{"embeddable":true,"href":"https:\/\/www.hsu-hh.de\/ees\/wp-json\/wp\/v2\/users\/57"}],"replies":[{"embeddable":true,"href":"https:\/\/www.hsu-hh.de\/ees\/wp-json\/wp\/v2\/comments?post=4406"}],"version-history":[{"count":2,"href":"https:\/\/www.hsu-hh.de\/ees\/wp-json\/wp\/v2\/pages\/4406\/revisions"}],"predecessor-version":[{"id":4409,"href":"https:\/\/www.hsu-hh.de\/ees\/wp-json\/wp\/v2\/pages\/4406\/revisions\/4409"}],"up":[{"embeddable":true,"href":"https:\/\/www.hsu-hh.de\/ees\/wp-json\/wp\/v2\/pages\/4370"}],"wp:attachment":[{"href":"https:\/\/www.hsu-hh.de\/ees\/wp-json\/wp\/v2\/media?parent=4406"}],"wp:term":[{"taxonomy":"category","embeddable":true,"href":"https:\/\/www.hsu-hh.de\/ees\/wp-json\/wp\/v2\/categories?post=4406"},{"taxonomy":"post_tag","embeddable":true,"href":"https:\/\/www.hsu-hh.de\/ees\/wp-json\/wp\/v2\/tags?post=4406"}],"curies":[{"name":"wp","href":"https:\/\/api.w.org\/{rel}","templated":true}]}}