{"id":4056,"date":"2021-02-16T13:24:08","date_gmt":"2021-02-16T12:24:08","guid":{"rendered":"https:\/\/www.hsu-hh.de\/ees\/?page_id=4056"},"modified":"2022-10-21T13:24:41","modified_gmt":"2022-10-21T11:24:41","slug":"books","status":"publish","type":"page","link":"https:\/\/www.hsu-hh.de\/ees\/en\/publications\/books","title":{"rendered":"Books"},"content":{"rendered":"\n<p><em>Schulz, D. (<abbr title=\"Herausgeber\">Hrsg.<\/abbr>)<\/em><br><a rel=\"noreferrer noopener\" href=\"https:\/\/openhsu.ub.hsu-hh.de\/handle\/10.24405\/13942\" target=\"_blank\">Hamburger Beitr\u00e4ge zum technischen Klimaschutz 2021<\/a>,<br>Stand der Technik und Digitalisierung bei integrierten Energiesystemen, Sektorenkopplungs- und Mobilit\u00e4tstechnologien,<br>Helmut-Schmidt-Universit\u00e4t \/ Universit\u00e4t der Bundeswehr, Professur f\u00fcr Elektrische Energiesysteme, Hamburg, Dezember 2021,<br>ISSN (Druck) 2698-8798, <abbr title=\"International Standard Book Number\">ISBN<\/abbr> (Druck) 978-3-86818-250-7, ISSN (Online) 2698-8801, <abbr title=\"International Standard Book Number\">ISBN<\/abbr> (Online) 978-3-86818-251-4, DOI: 10.24405\/13942<\/p>\n\n\n\n<p><em>Schulz, D. (<abbr title=\"Herausgeber\">Hrsg.<\/abbr>)<\/em><br><a href=\"https:\/\/epub.sub.uni-hamburg.de\/epub\/volltexte\/2021\/115180\/pdf\/Hamburger_Beitraege_zum_technischen_Klimaschutz_Band_2_2020.pdf\" rel='nofollow'>Hamburger Beitr\u00e4ge zum technischen Klimaschutz 2020<\/a>,<br><em>Infrastrukturen leitungsgebundener Energietr\u00e4ger<\/em> &#8211; Netze, Speicher, Sektorenkopplung,<br>Helmut-Schmidt-Universit\u00e4t \/ Universit\u00e4t der Bundeswehr, Professur f\u00fcr Elektrische Energiesysteme, Hamburg, Jaunar 2021,<br>ISSN (Druck) 2698-8798, <abbr title=\"International Standard Book Number\">ISBN<\/abbr> (Druck) 978-3-86818-145-6, ISSN (Online) 2698-8801, <abbr title=\"International Standard Book Number\">ISBN<\/abbr> (Online) 978-3-86818-146-3, DOI: 10.24405\/11075<\/p>\n\n\n\n<p><em>Schulz, D. (<abbr title=\"Herausgeber\">Hrsg.<\/abbr>)<\/em><br><a rel=\"noreferrer noopener\" href=\"https:\/\/www.vde-verlag.de\/books\/565359\/neis-2020.html\" target=\"_blank\">NEIS 2020, Conference on Sustainable Energy Supply and Energy Storage Systems<\/a>,&nbsp;<strong>IEEE Conference<\/strong><br>VDE Verlag, Berlin 2020, <abbr title=\"International Standard Book Number\">ISBN<\/abbr> 978-3-8007-5359-8, e-book: <abbr title=\"International Standard Book Number\">ISBN<\/abbr> 978-3-8007-5360-4, ISSN 2510-6902<\/p>\n\n\n\n<p><em>Schulz, D. (<abbr title=\"Herausgeber\">Hrsg.<\/abbr>)<\/em><br><a href=\"https:\/\/epub.sub.uni-hamburg.de\/epub\/volltexte\/2020\/96703\/pdf\/Hamburger_Beitraege_zum_technischen_Klimaschutz_Band_1.pdf\" rel='nofollow'>Hamburger Beitr\u00e4ge zum technischen Klimaschutz 2019<\/a>,<br><em>Aktuelle Infrastruktur- und Technologieans\u00e4tze in den Bereichen Strom- und Gasnetz, Elektromobilit\u00e4t und Wasserstoffwirtschaft<\/em>,<br>Helmut-Schmidt-Universit\u00e4t \/ Universit\u00e4t der Bundeswehr, Professur f\u00fcr Elektrische Energiesysteme, Hamburg, Oktober 2019,<br>ISSN (Druck) 2698-8798,\u00a0<abbr title=\"International Standard Book Number\">ISBN<\/abbr>\u00a0(Druck) 978-3-86818-247-7, ISSN (Online) 2698-8801,\u00a0<abbr title=\"International Standard Book Number\">ISBN<\/abbr>\u00a0(Online) 978-3-86818-248-4, DOI: 10.24405\/4485<\/p>\n\n\n\n<p><em>Schulz, D. (<abbr title=\"Herausgeber\">Hrsg.<\/abbr>)<\/em><br><a href=\"https:\/\/www.vde-verlag.de\/buecher\/565152\/neis-2019.html\" target=\"_blank\" rel=\"noreferrer noopener\">NEIS 2019, Conference on Sustainable Energy Supply and Energy Storage Systems<\/a>,&nbsp;<strong>IEEE Conference<\/strong><br>VDE Verlag, Berlin 2019,&nbsp;<abbr title=\"International Standard Book Number\">ISBN<\/abbr>&nbsp;978-3-8007-5152-5 (Print-Ausgabe),&nbsp;<abbr title=\"International Standard Book Number\">ISBN<\/abbr>&nbsp;978-3-8007-5153-2 (eBook), ISSN 2510-6902<\/p>\n\n\n\n<p><em>Schulz, D. (<abbr title=\"Herausgeber\">Hrsg.<\/abbr>)<br><\/em><a href=\"https:\/\/www.vde-verlag.de\/buecher\/564821\/neis-2018.html\" target=\"_blank\" rel=\"noreferrer noopener\">NEIS 2018, Conference on Sustainable Energy Supply and Energy Storage Systems<\/a>,&nbsp;<strong>IEEE Conference<br><\/strong>VDE Verlag, Berlin 2019,&nbsp;<abbr title=\"International Standard Book Number\">ISBN<\/abbr>&nbsp;978-3-8007-4821-1 (Print-Ausgabe),&nbsp;<abbr title=\"International Standard Book Number\">ISBN<\/abbr>&nbsp;978-3-8007-4822-8 (eBook), ISSN 2510-6902<\/p>\n\n\n\n<p><em>Schulz, D. (<abbr title=\"Herausgeber\">Hrsg.<\/abbr>)<\/em><br><a href=\"https:\/\/www.vde-verlag.de\/buecher\/564445\/neis-2017.html\" target=\"_blank\" rel=\"noreferrer noopener\">NEIS 2017, Conference on Sustainable Energy Supply and Energy Storage Systems<\/a>,&nbsp;<strong>IEEE Conference<\/strong><br>VDE Verlag, Berlin 2018,&nbsp;<abbr title=\"International Standard Book Number\">ISBN<\/abbr>&nbsp;978-3-8007-4445-9 (Print-Ausgabe),&nbsp;<abbr title=\"International Standard Book Number\">ISBN<\/abbr>&nbsp;978-3-8007-4545-6 (eBook)<\/p>\n\n\n\n<p><em>Meyer, M.; Dietmannsberger, M.; Schulz, D.<br><\/em><a href=\"https:\/\/www.dena.de\/newsroom\/publikationsdetailansicht\/pub\/ausgestaltung-robuster-und-sicherer-regelungssysteme-zur-vermeidung-ungewollter-inselnetzbildung\/\" target=\"_blank\" rel=\"noreferrer noopener\">Ausgestaltung robuster und sicherer Regelungssysteme zur Vermeidung ungewollter Inselnetzbildung<\/a>,<br>Wissenschaftliches Gutachten\/wissenschaftliche Konzeptstudie im Auftrag der Deutsche Energie-Agentur&nbsp;<abbr title=\"Gesellschaft mit beschr\u00e4nkter Haftung\">GmbH<\/abbr>&nbsp;(dena),<br><abbr title=\"International Standard Book Number\">ISBN<\/abbr>: 978-3-981-8558-2-1<\/p>\n\n\n\n<p><em>Schulz, D. (<abbr title=\"Herausgeber\">Hrsg.<\/abbr>)<\/em><br><a href=\"http:\/\/www.springer.com\/de\/book\/9783658150280\" target=\"_blank\" rel=\"noreferrer noopener\">NEIS Conference 2016, Nachhaltige Energieversorgung und Integration von Speichern<\/a>,<br>Springer Vieweg, Wiesbaden 2017,&nbsp;<abbr title=\"International Standard Book Number\">ISBN<\/abbr>&nbsp;978-3,658-15028-0 (Print-Ausgabe),&nbsp;<abbr title=\"International Standard Book Number\">ISBN<\/abbr>&nbsp;978-3-658-15029-7 (eBook),&nbsp;DOI&nbsp;10.1007\/978-3-658-15029-7<\/p>\n\n\n\n<p><em>Dietmannsberger, M.; Meyer M.; Schumann, M.; Schulz, D. (<abbr title=\"Herausgeber\">Hrsg.<\/abbr>)<\/em><br><a href=\"http:\/\/edoc.sub.uni-hamburg.de\/hsu\/volltexte\/2017\/3156\" target=\"_blank\" rel=\"noreferrer noopener\">Anforderungen an das Stromnetz durch Elektromobilit\u00e4t, insbesondere Elektrobusse, in Hamburg<\/a>,<br>Metastudie Elektromobilit\u00e4t, Hamburg Dezember 2016, Helmut-Schmidt-Universit\u00e4t \/ Universit\u00e4t der Bundeswehr, Professur f\u00fcr Elektrische Energiesysteme,&nbsp;<abbr title=\"International Standard Book Number\">ISBN<\/abbr>&nbsp;978-3-86818-095-4<\/p>\n\n\n\n<p><em>Pla\u00dfmann, W.; Schulz, D. (<abbr title=\"Herausgeber\">Hrsg.<\/abbr>)<\/em><br><a href=\"http:\/\/www.springer.com\/de\/book\/9783658070489#otherversion=9783658070496\" target=\"_blank\" rel=\"noreferrer noopener\">Handbuch Elektrotechnik: Grundlagen und Anwendungen f\u00fcr Elektrotechniker<\/a>, 7. Auflage, Springer Vieweg, Wiesbaden 2016,&nbsp;<abbr title=\"International Standard Book Number\">ISBN<\/abbr>&nbsp;978-3-658-07048-9 (Print-Ausgabe),&nbsp;<abbr title=\"International Standard Book Number\">ISBN<\/abbr>&nbsp;978-3-658-07049-6 (eBook)<\/p>\n\n\n\n<p><em>Schulz, D. (<abbr title=\"Herausgeber\">Hrsg.<\/abbr>)<\/em><br><a href=\"http:\/\/www.springer.com\/gp\/book\/9783658109578\" target=\"_blank\" rel=\"noreferrer noopener\">Nachhaltige Energieversorgung und Integration von Speichern<\/a>,<br>\u200bTagungsband zur NEIS 2015, Springer Vieweg, Wiesbaden 2015,&nbsp;<abbr title=\"International Standard Book Number\">ISBN<\/abbr>&nbsp;978-3-658-10958-5 (Print-Ausgabe),&nbsp;<abbr title=\"International Standard Book Number\">ISBN<\/abbr>&nbsp;978-3-658-10958-5 (eBook)<\/p>\n\n\n\n<p><em>Degenhart, H.; Schomerus, T.; Schulz, D.<\/em><br><a href=\"http:\/\/www.springer.com\/gp\/book\/9783658109158\" target=\"_blank\" rel=\"noreferrer noopener\">Pumpspeicher in Bundeswasserstra\u00dfen&nbsp;\u2013 Technische, wirtschaftliche und rechtliche Rahmenbedingungen am Beispiel des Elbe-Seitenkanals<\/a>,<br>Springer Vieweg, Berlin 2015,&nbsp;<abbr title=\"International Standard Book Number\">ISBN<\/abbr>&nbsp;978-3-658-10915-8 (Print-Ausgabe),&nbsp;<abbr title=\"International Standard Book Number\">ISBN<\/abbr>&nbsp;978-3-658-10916-5 (Online)<\/p>\n\n\n\n<p><em>Schulz, D. (<abbr title=\"Herausgeber\">Hrsg.<\/abbr>)<\/em><br>Nachhaltige Energieversorgung und Integration von Speichern,<br>Konferenzband zur NEIS 2014, Helmut-Schmidt-Universit\u00e4t \/ Universit\u00e4t der Bundeswehr Hamburg, Professur f\u00fcr Elektrische Energiesysteme,&nbsp;<abbr title=\"International Standard Book Number\">ISBN<\/abbr>&nbsp;978-3-86818-059-6<\/p>\n\n\n\n<p><em>Pla\u00dfmann, W.; Schulz, D. (<abbr title=\"Herausgeber\">Hrsg.<\/abbr>)<\/em><br><a href=\"http:\/\/www.springer.com\/gp\/book\/9783834805256\" target=\"_blank\" rel=\"noreferrer noopener\">Formeln und Tabellen Elektrotechnik<\/a>,<br>2. Auflage, Springer Vieweg, Wiesbaden 2014,&nbsp;<abbr title=\"International Standard Book Number\">ISBN<\/abbr>&nbsp;978-3-8348-0525-6 (Print-Ausgabe),&nbsp;<abbr title=\"International Standard Book Number\">ISBN<\/abbr>&nbsp;978-3-8348-2023-5 (eBook)<\/p>\n\n\n\n<p><em>Schulz, D.; Dietmannsberger, M.; L\u00fccken, A.; Lang, L.; von Alm, J.<\/em><br><a href=\"https:\/\/www.bbk.bund.de\/SharedDocs\/Downloads\/BBK\/DE\/Publikationen\/Praxis_Bevoelkerungsschutz\/PiB_19_Autarke_Notstromversorgung_der_Bevoelkerung.html\" target=\"_blank\" rel=\"noreferrer noopener\">Autarke Notstromversorgung der Bev\u00f6lkerung unterhalb der KRITIS-Schwelle<\/a>.<br>Band 19: Praxis im Bev\u00f6lkerungsschutz, Bundesamt f\u00fcr Bev\u00f6lkerungsschutz und Katastrophenhilfe, 2015,&nbsp;<abbr title=\"International Standard Book Number\">ISBN<\/abbr>&nbsp;978-3-939347-76-7<\/p>\n\n\n\n<p><em>Schulz, D. (<abbr title=\"Herausgeber\">Hrsg.<\/abbr>)<\/em><br><a href=\"http:\/\/edoc.sub.uni-hamburg.de\/hsu\/volltexte\/2013\/3031\/\" target=\"_blank\" rel=\"noreferrer noopener\">Nachhaltige Energieversorgung und Integration von Speichern<\/a>,<br>Konferenzband zur NEIS 2013, Helmut-Schmidt-Universit\u00e4t \/ Universit\u00e4t der Bundeswehr Hamburg, Professur f\u00fcr Elektrische Energiesysteme,&nbsp;<abbr title=\"International Standard Book Number\">ISBN<\/abbr>&nbsp;978-3-86818-043-5<\/p>\n\n\n\n<p><em>Heuck, K.; Dettmann, K.-D.; Schulz, D.<\/em><br><a href=\"https:\/\/www.hsu-hh.de\/ees\/lehre\/lehrbuch\" target=\"_blank\" rel=\"noreferrer noopener\">Elektrische Energieversorgung<\/a>,<br>9. Auflage, Springer Vieweg, Wiesbaden 2013,&nbsp;<abbr title=\"International Standard Book Number\">ISBN<\/abbr>&nbsp;978-3-8348-1699-3 (Print-Ausgabe),&nbsp;<abbr title=\"International Standard Book Number\">ISBN<\/abbr>&nbsp;978-3-8348-2174-4 (eBook)<\/p>\n\n\n\n<p><em>Schulz, D.<\/em><br>Integration von Windkraftanlagen in Energieversorgungsnetze \u2212 Stand der Technik und Perspektiven f\u00fcr die dezentrale Stromerzeugung,<br>Forschungs-Report. Berlin, Offenbach:&nbsp;VDE-Verlag 2006,&nbsp;<abbr title=\"International Standard Book Number\">ISBN<\/abbr>&nbsp;3-8007-2949-0 (Habilitation)<\/p>\n\n\n\n<p><em>Schulz, D.<\/em><br><a href=\"https:\/\/www.vde-verlag.de\/buecher\/402757\/netzrueckwirkungen-theorie-simulation-messung-und-bewertung.html\" target=\"_blank\" rel=\"noreferrer noopener\">Netzr\u00fcckwirkungen \u2212 Theorie, Simulation, Messung und Bewertung<\/a>,<br>VDE-Schriftenreihe Normen verst\u00e4ndlich, Band 115. Berlin, Offenbach: VDE-Verlag 2004,&nbsp;<abbr title=\"International Standard Book Number\">ISBN<\/abbr>&nbsp;3-8007-2757-9 (Print-Ausgabe und eBook)<\/p>\n\n\n\n<p><em>Schulz, D.<\/em><br>Untersuchung von Netzr\u00fcckwirkungen durch netzgekoppelte Photovoltaik- und Windkraftanlagen,<br>Forschungs-Report. Berlin, Offenbach:&nbsp;VDE-Verlag 2002,&nbsp;<abbr title=\"International Standard Book Number\">ISBN<\/abbr>&nbsp;3-8007-2747-1 (Dissertation)<\/p>\n","protected":false},"excerpt":{"rendered":"<p>Schulz, D. (Hrsg.)Hamburger Beitr\u00e4ge zum technischen Klimaschutz 2021,Stand der Technik und Digitalisierung bei integrierten Energiesystemen, Sektorenkopplungs- und Mobilit\u00e4tstechnologien,Helmut-Schmidt-Universit\u00e4t \/ Universit\u00e4t der Bundeswehr, Professur f\u00fcr Elektrische Energiesysteme, Hamburg, Dezember 2021,ISSN (Druck) [&hellip;]<\/p>\n","protected":false},"author":57,"featured_media":0,"parent":4063,"menu_order":0,"comment_status":"closed","ping_status":"closed","template":"","meta":{"footnotes":""},"categories":[7],"tags":[],"class_list":["post-4056","page","type-page","status-publish","hentry","category-research"],"_links":{"self":[{"href":"https:\/\/www.hsu-hh.de\/ees\/wp-json\/wp\/v2\/pages\/4056","targetHints":{"allow":["GET"]}}],"collection":[{"href":"https:\/\/www.hsu-hh.de\/ees\/wp-json\/wp\/v2\/pages"}],"about":[{"href":"https:\/\/www.hsu-hh.de\/ees\/wp-json\/wp\/v2\/types\/page"}],"author":[{"embeddable":true,"href":"https:\/\/www.hsu-hh.de\/ees\/wp-json\/wp\/v2\/users\/57"}],"replies":[{"embeddable":true,"href":"https:\/\/www.hsu-hh.de\/ees\/wp-json\/wp\/v2\/comments?post=4056"}],"version-history":[{"count":2,"href":"https:\/\/www.hsu-hh.de\/ees\/wp-json\/wp\/v2\/pages\/4056\/revisions"}],"predecessor-version":[{"id":5494,"href":"https:\/\/www.hsu-hh.de\/ees\/wp-json\/wp\/v2\/pages\/4056\/revisions\/5494"}],"up":[{"embeddable":true,"href":"https:\/\/www.hsu-hh.de\/ees\/wp-json\/wp\/v2\/pages\/4063"}],"wp:attachment":[{"href":"https:\/\/www.hsu-hh.de\/ees\/wp-json\/wp\/v2\/media?parent=4056"}],"wp:term":[{"taxonomy":"category","embeddable":true,"href":"https:\/\/www.hsu-hh.de\/ees\/wp-json\/wp\/v2\/categories?post=4056"},{"taxonomy":"post_tag","embeddable":true,"href":"https:\/\/www.hsu-hh.de\/ees\/wp-json\/wp\/v2\/tags?post=4056"}],"curies":[{"name":"wp","href":"https:\/\/api.w.org\/{rel}","templated":true}]}}