{"id":4051,"date":"2021-02-16T09:59:53","date_gmt":"2021-02-16T08:59:53","guid":{"rendered":"https:\/\/www.hsu-hh.de\/ees\/?page_id=4051"},"modified":"2021-02-17T09:06:05","modified_gmt":"2021-02-17T08:06:05","slug":"reports-and-project-studies","status":"publish","type":"page","link":"https:\/\/www.hsu-hh.de\/ees\/en\/publications\/reports-and-project-studies","title":{"rendered":"Reports and Project Studies"},"content":{"rendered":"\n<p><em>Barisic, Z.; Schulz, D.<\/em><br><a rel=\"noreferrer noopener\" href=\"https:\/\/www.vdi.de\/ueber-uns\/presse\/publikationen\/details\/regenerative-energien\" target=\"_blank\">Statusreport Regenerative Energien in Deutschland 2018<\/a>,<br>Schriftenreihe Statusreport Regenerative Energien in Deutschland: Stand, Tendenzen, Schlussfolgerungen, VDI-Verlag, D\u00fcsseldorf M\u00e4rz 2018<\/p>\n\n\n\n<p><em>Wei\u00df, T.; Schulz, D.<\/em><br>Pumpspeicherkraftwerke<br>In: <a href=\"http:\/\/shop.vdi-nachrichten.com\/buchshop\/literaturshop\/langanzeige.asp?vr_id=10824\" target=\"_blank\" rel=\"noreferrer noopener\">VDI-Statusreport \u2013&nbsp;Energiespeicher<\/a> (Andresen, L. et al.), S. 25-26, VDI Oktober 2017,&nbsp;ISBN&nbsp;978-3-931384-91-3<\/p>\n\n\n\n<p><em>Barisic, Z.; Schulz, D.<\/em><br>Statusreport Regenerative Energien in Deutschland 2015,<br>Schriftenreihe Statusreport Regenerative Energien in Deutschland: Stand, Tendenzen, Schlussfolgerungen, VDI-Verlag, D\u00fcsseldorf September 2015<\/p>\n\n\n\n<p><em>Zach, K.; Auer, H.; Lettner, G.; Weiss, T.;&nbsp;Schulz, D.<\/em><br>Absch\u00e4tzung des zuk\u00fcnftigen Energiespeicherbedarfs in \u00d6sterreich zur Integration variabler erneuerbarer Stromerzeugung<br>Studie zum EU-Projekt stoRE, finale Version, Juli 2013, ISBN 978-3-86818-9<\/p>\n\n\n\n<p><em>Weiss, T.; Schulz, D.;&nbsp;W\u00e4nn, A.;&nbsp;Leahy, P.;&nbsp;Mc Garrigle, E.<\/em>: <br>Does Ireland need more storage?<br>Studie zum EU-Projekt stoRE, finale Version, Juli 2013, ISBN 978-3-86818-062-6<\/p>\n\n\n\n<p><em>Weiss, T.;&nbsp;Schulz, D.<\/em><br>Sch\u00e4tzung des Energiespeicherbedarfs des deutschen Elektrizit\u00e4tssystems<br>Studie zum EU-Projekt stoRE, finale Version, Juli 2013, ISBN 978-3-86818-060-2<\/p>\n\n\n\n<p><em>Zach, K.;&nbsp;Auer, H.;&nbsp;Lettner, G.;&nbsp;Weiss, T.;&nbsp;Schulz, D.<\/em><br>Assessment of the Future Energy Storage Needs of Austria for Integration of Variable RES-E Generation<br>Studie zum EU-Projekt stoRE, finale Version, April 2013, ISBN 978-3-86818-058-9<\/p>\n\n\n\n<p><em>Barisic, Z.; Schulz, D.<\/em><br>Statusreport Regenerative Energien in Deutschland 2012,<br>Schriftenreihe Statusreport Regenerative Energien in Deutschland: Stand, Tendenzen, Schlussfolgerungen, VDI-Verlag, D\u00fcsseldorf September 2012, ZDB-ID 2688300-4<\/p>\n\n\n\n<p><em>Zach, K.; Auer, H.; Lettner, G.; Weiss, T.;&nbsp;Schulz, D.<\/em>: Absch\u00e4tzung des zuk\u00fcnftigen Energiespeicherbedarfs in \u00d6sterreich zur Integration variabler erneuerbarer Stromer-zeugung, Studie zum EU-Projekt stoRE, finale Version, Juli 2013, ISBN 978-3-86818-9<\/p>\n\n\n\n<p><em>Weiss, T.; Schulz, D.;&nbsp;W\u00e4nn, A.;&nbsp;Leahy, P.;&nbsp;Mc Garrigle, E.<\/em>: Does Ireland need more storage?, Studie zum EU-Projekt stoRE, finale Version, Juli 2013, ISBN 978-3-86818-062-6<\/p>\n\n\n\n<p><em>Weiss, T.;&nbsp;Schulz, D.<\/em>: Sch\u00e4tzung des Energiespeicherbedarfs des deutschen Elektrizit\u00e4tssystems, Studie zum EU-Projekt stoRE, finale Version, Juli 2013, ISBN 978-3-86818-060-2<\/p>\n\n\n\n<p><em>Zach, K.;&nbsp;Auer, H.;&nbsp;Lettner, G.;&nbsp;Weiss, T.;&nbsp;Schulz, D.<\/em>: Assessment of the Future Energy Storage Needs of Austria for Integration of Variable RES-E Generation, Studie zum EU-Projekt stoRE, finale Version, April 2013, ISBN 978-3-86818-058-9<\/p>\n","protected":false},"excerpt":{"rendered":"<p>Barisic, Z.; Schulz, D.Statusreport Regenerative Energien in Deutschland 2018,Schriftenreihe Statusreport Regenerative Energien in Deutschland: Stand, Tendenzen, Schlussfolgerungen, VDI-Verlag, D\u00fcsseldorf M\u00e4rz 2018 Wei\u00df, T.; Schulz, D.PumpspeicherkraftwerkeIn: VDI-Statusreport \u2013&nbsp;Energiespeicher (Andresen, L. et [&hellip;]<\/p>\n","protected":false},"author":57,"featured_media":0,"parent":4063,"menu_order":0,"comment_status":"closed","ping_status":"closed","template":"","meta":{"footnotes":""},"categories":[7],"tags":[],"class_list":["post-4051","page","type-page","status-publish","hentry","category-research"],"_links":{"self":[{"href":"https:\/\/www.hsu-hh.de\/ees\/wp-json\/wp\/v2\/pages\/4051","targetHints":{"allow":["GET"]}}],"collection":[{"href":"https:\/\/www.hsu-hh.de\/ees\/wp-json\/wp\/v2\/pages"}],"about":[{"href":"https:\/\/www.hsu-hh.de\/ees\/wp-json\/wp\/v2\/types\/page"}],"author":[{"embeddable":true,"href":"https:\/\/www.hsu-hh.de\/ees\/wp-json\/wp\/v2\/users\/57"}],"replies":[{"embeddable":true,"href":"https:\/\/www.hsu-hh.de\/ees\/wp-json\/wp\/v2\/comments?post=4051"}],"version-history":[{"count":1,"href":"https:\/\/www.hsu-hh.de\/ees\/wp-json\/wp\/v2\/pages\/4051\/revisions"}],"predecessor-version":[{"id":4052,"href":"https:\/\/www.hsu-hh.de\/ees\/wp-json\/wp\/v2\/pages\/4051\/revisions\/4052"}],"up":[{"embeddable":true,"href":"https:\/\/www.hsu-hh.de\/ees\/wp-json\/wp\/v2\/pages\/4063"}],"wp:attachment":[{"href":"https:\/\/www.hsu-hh.de\/ees\/wp-json\/wp\/v2\/media?parent=4051"}],"wp:term":[{"taxonomy":"category","embeddable":true,"href":"https:\/\/www.hsu-hh.de\/ees\/wp-json\/wp\/v2\/categories?post=4051"},{"taxonomy":"post_tag","embeddable":true,"href":"https:\/\/www.hsu-hh.de\/ees\/wp-json\/wp\/v2\/tags?post=4051"}],"curies":[{"name":"wp","href":"https:\/\/api.w.org\/{rel}","templated":true}]}}