{"id":4049,"date":"2021-02-16T09:36:58","date_gmt":"2021-02-16T08:36:58","guid":{"rendered":"https:\/\/www.hsu-hh.de\/ees\/?page_id=4049"},"modified":"2024-10-02T14:36:58","modified_gmt":"2024-10-02T12:36:58","slug":"scientific-studies","status":"publish","type":"page","link":"https:\/\/www.hsu-hh.de\/ees\/en\/publications\/scientific-studies","title":{"rendered":"Scientific Studies"},"content":{"rendered":"\n<p><em>M\u00f6bius, P.; Schr\u00e4der, J.; Apenbrink, D.; Hamann, D.; Hankers, R.; Schulz, D.<\/em><br><a href=\"https:\/\/www.bbk.bund.de\/SharedDocs\/Downloads\/DE\/Mediathek\/Publikationen\/FiB\/FiB-35-erneuerbare-energieanlagen.pdf?__blob=publicationFile&amp;v=2\" target=\"_blank\" rel=\"noreferrer noopener\">Einsatz erneuerbarer Energieanlagen und -speicher zur mobilen und station\u00e4ren Notstromversorgung,<\/a><br>Band 35: Forschung f\u00fcr den Bev\u00f6lkerungsschutz, Bundesamt f\u00fcr Bev\u00f6lkerungsschutz und Katastrophenhilfe, 2024,\u00a0<abbr title=\"International Standard Book Number\">ISBN<\/abbr>\u00a0978-3-949117-19-0<\/p>\n\n\n\n<p><em>Plenz, M.; Heider, F.; Schulz, D.<\/em><br>Multivariate Analyse und Bewertung von SLP-Segmenten zur Identifikation von Faktoren f\u00fcr Entwicklungsprognosen<br>SNH-Studie 2020<\/p>\n\n\n\n<p><em>Darvish, S.; Jordan, R.; Schulz, D.<\/em><br>Report on lab test request of AM specimens for integration of electrics in aircrafts parts<br>In request of Airbus Operation <abbr title=\"Gesellschaft mit beschr\u00e4nkter Haftung\">GmbH<\/abbr> Hamburg, 2019<\/p>\n\n\n\n<p><em>Darvish, S.; Jordan, R.; Schulz, D.<\/em><br>Investigation of 3D printing for integration of electrical functions<br>In request of Airbus Operation <abbr title=\"Gesellschaft mit beschr\u00e4nkter Haftung\">GmbH<\/abbr> Hamburg, 2018<\/p>\n\n\n\n<p><em>Darvish, S.; Schulz, D.<\/em><br>Study, assessment and testing of technologies to incorporate electrical functions in aircraft parts<br>in request of Airbus Operation <abbr title=\"Gesellschaft mit beschr\u00e4nkter Haftung\">GmbH<\/abbr> Hamburg, 2018<\/p>\n\n\n\n<p><em>Meyer, M.; Dietmannsberger, M.; Schulz, D.<br><\/em><a rel=\"noreferrer noopener\" href=\"https:\/\/www.dena.de\/newsroom\/publikationsdetailansicht\/pub\/ausgestaltung-robuster-und-sicherer-regelungssysteme-zur-vermeidung-ungewollter-inselnetzbildung\/\" target=\"_blank\">Ausgestaltung robuster und sicherer Regelungssysteme zur Vermeidung ungewollter Inselnetzbildung<\/a>,<br>Wissenschaftliches Gutachten\/wissenschaftliche Konzeptstudie im Auftrag der Deutsche Energie-Agentur&nbsp;<abbr title=\"Gesellschaft mit beschr\u00e4nkter Haftung\">GmbH<\/abbr>&nbsp;(dena),  2017,<br><abbr title=\"International Standard Book Number\">ISBN<\/abbr>: 978-3-981-8558-2-1<\/p>\n\n\n\n<p><em>Dietmannsberger, M.; Meyer M.; Schumann, M.; Schulz, D. (<abbr title=\"Herausgeber\">Hrsg.<\/abbr>)<\/em><br><a href=\"http:\/\/edoc.sub.uni-hamburg.de\/hsu\/volltexte\/2017\/3156\" target=\"_blank\" rel=\"noreferrer noopener\">Anforderungen an das Stromnetz durch Elektromobilit\u00e4t, insbesondere Elektrobusse, in Hamburg<\/a>,<br>Metastudie Elektromobilit\u00e4t, Hamburg Dezember 2016, Helmut-Schmidt-Universit\u00e4t \/ Universit\u00e4t der Bundeswehr, Professur f\u00fcr Elektrische Energiesysteme,&nbsp;<abbr title=\"International Standard Book Number\">ISBN<\/abbr>&nbsp;978-3-86818-095-4<\/p>\n\n\n\n<p><em>Dietmannsberger, M.; Schulz, D.<\/em><br><a rel=\"noreferrer noopener\" href=\"https:\/\/www.vde.com\/de\/fnn\/arbeitsgebiete\/sicherer-betrieb-dez\/studien\/studie-inselnetzerkennung\" target=\"_blank\">Wirksame Verfahren zur Inselnetzerkennung in 0,4-kV-Netze<\/a>n,<br>Studie im Auftrag des Forums Netztechnik und Netzbetrieb im VDE, 9. Dezember 2015<\/p>\n\n\n\n<p><em>Schulz, D.; Dietmannsberger, M.; L\u00fccken, A.; Lang, L.; von Alm, J.<\/em><br><a href=\"https:\/\/www.bbk.bund.de\/SharedDocs\/Downloads\/BBK\/DE\/Publikationen\/Praxis_Bevoelkerungsschutz\/PiB_19_Autarke_Notstromversorgung_der_Bevoelkerung.html\" target=\"_blank\" rel=\"noreferrer noopener\">Autarke Notstromversorgung der Bev\u00f6lkerung unterhalb der KRITIS-Schwelle<\/a>.<br>Band 19: Praxis im Bev\u00f6lkerungsschutz, Bundesamt f\u00fcr Bev\u00f6lkerungsschutz und Katastrophenhilfe, 2015,&nbsp;<abbr title=\"International Standard Book Number\">ISBN<\/abbr>&nbsp;978-3-939347-76-7<\/p>\n","protected":false},"excerpt":{"rendered":"<p>M\u00f6bius, P.; Schr\u00e4der, J.; Apenbrink, D.; Hamann, D.; Hankers, R.; Schulz, D.Einsatz erneuerbarer Energieanlagen und -speicher zur mobilen und station\u00e4ren Notstromversorgung,Band 35: Forschung f\u00fcr den Bev\u00f6lkerungsschutz, Bundesamt f\u00fcr Bev\u00f6lkerungsschutz und [&hellip;]<\/p>\n","protected":false},"author":57,"featured_media":0,"parent":4063,"menu_order":0,"comment_status":"closed","ping_status":"closed","template":"","meta":{"footnotes":""},"categories":[7],"tags":[],"class_list":["post-4049","page","type-page","status-publish","hentry","category-research"],"_links":{"self":[{"href":"https:\/\/www.hsu-hh.de\/ees\/wp-json\/wp\/v2\/pages\/4049","targetHints":{"allow":["GET"]}}],"collection":[{"href":"https:\/\/www.hsu-hh.de\/ees\/wp-json\/wp\/v2\/pages"}],"about":[{"href":"https:\/\/www.hsu-hh.de\/ees\/wp-json\/wp\/v2\/types\/page"}],"author":[{"embeddable":true,"href":"https:\/\/www.hsu-hh.de\/ees\/wp-json\/wp\/v2\/users\/57"}],"replies":[{"embeddable":true,"href":"https:\/\/www.hsu-hh.de\/ees\/wp-json\/wp\/v2\/comments?post=4049"}],"version-history":[{"count":3,"href":"https:\/\/www.hsu-hh.de\/ees\/wp-json\/wp\/v2\/pages\/4049\/revisions"}],"predecessor-version":[{"id":7794,"href":"https:\/\/www.hsu-hh.de\/ees\/wp-json\/wp\/v2\/pages\/4049\/revisions\/7794"}],"up":[{"embeddable":true,"href":"https:\/\/www.hsu-hh.de\/ees\/wp-json\/wp\/v2\/pages\/4063"}],"wp:attachment":[{"href":"https:\/\/www.hsu-hh.de\/ees\/wp-json\/wp\/v2\/media?parent=4049"}],"wp:term":[{"taxonomy":"category","embeddable":true,"href":"https:\/\/www.hsu-hh.de\/ees\/wp-json\/wp\/v2\/categories?post=4049"},{"taxonomy":"post_tag","embeddable":true,"href":"https:\/\/www.hsu-hh.de\/ees\/wp-json\/wp\/v2\/tags?post=4049"}],"curies":[{"name":"wp","href":"https:\/\/api.w.org\/{rel}","templated":true}]}}