{"id":3906,"date":"2021-01-13T13:27:21","date_gmt":"2021-01-13T12:27:21","guid":{"rendered":"https:\/\/www.hsu-hh.de\/ees\/?page_id=3906"},"modified":"2025-04-07T12:37:17","modified_gmt":"2025-04-07T10:37:17","slug":"beitraege-zum-technischen-klimaschutz","status":"publish","type":"page","link":"https:\/\/www.hsu-hh.de\/ees\/beitraege-zum-technischen-klimaschutz","title":{"rendered":"Hamburger Beitr\u00e4ge zum technischen Klimaschutz"},"content":{"rendered":"\n<p>Die Idee f\u00fcr die Schriftenreihe \u201eHamburger Beitr\u00e4ge zum technischen Klimaschutz\u201c entstand Mitte des Jahres 2018, sie wurde gepr\u00e4gt durch den urs\u00e4chlichen Wunsch nach einer besseren Sichtbarkeit der Fortschritte beim technischen Klimaschutz in der Metropolregion Hamburg. Dieser umfasst alle technischen Ma\u00dfnahmen gegen die anthropogene globale Erw\u00e4rmung als wesentlicher Beitrag f\u00fcr eine erfolgreiche Energiewende.<\/p>\n\n\n\n<p>Durch die Bearbeitung vieler daf\u00fcr relevanter Forschungsprojekte an der Professur f\u00fcr Elektrische Energiesysteme, z.&nbsp;B. in den Bereichen elektrische und multi-modale Energieversorgung, Elektromobilit\u00e4t, Wasserstoff- und Brennstoffzellentechnologien sowie More Electric Aircraft, konnten wissenschaftlich-technische Beitr\u00e4ge zum technischen Klimaschutz geleistet werden.<\/p>\n\n\n\n<p>Im Rahmen des j\u00e4hrlich ver\u00f6ffentlichten Sammelbandes werden Ergebnisse abgeschlossener Forschungsprojekte, aber auch die Zielstellungen geplanter und gerade beginnender Vorhaben, sowie Zwischenresultate aus aktuellen Forschungsarbeiten der Professur einem breiten Publikum zug\u00e4nglich gemacht. Dabei freuen wir uns auch \u00fcber die Beteiligung unserer Verbund- und Projektpartner in und um Hamburg, die zu den j\u00e4hrlichen Themenschwerpunkten der Schriftenreihe beitragen.<\/p>\n\n\n\n<div style=\"height:24px\" aria-hidden=\"true\" class=\"wp-block-spacer\"><\/div>\n\n\n\n<div class=\"wp-block-columns is-layout-flex wp-container-core-columns-is-layout-9d6595d7 wp-block-columns-is-layout-flex\">\n<div class=\"wp-block-column is-vertically-aligned-top is-layout-flow wp-block-column-is-layout-flow\" style=\"flex-basis:100%\">\n<div class=\"wp-block-columns is-layout-flex wp-container-core-columns-is-layout-9d6595d7 wp-block-columns-is-layout-flex\">\n<div class=\"wp-block-column is-layout-flow wp-block-column-is-layout-flow\">\n<p class=\"has-text-align-center\"><strong>Band 6: 2024\/25<\/strong><\/p>\n<\/div>\n\n\n\n<div class=\"wp-block-column is-layout-flow wp-block-column-is-layout-flow\">\n<p class=\"has-text-align-center\"><strong>Band 5: 2023<\/strong><\/p>\n<\/div>\n\n\n\n<div class=\"wp-block-column is-layout-flow wp-block-column-is-layout-flow\">\n<p class=\"has-text-align-center\"><strong>Band 4: 2022<\/strong><\/p>\n<\/div>\n<\/div>\n<\/div>\n<\/div>\n\n\n\n<div class=\"wp-block-columns is-layout-flex wp-container-core-columns-is-layout-9d6595d7 wp-block-columns-is-layout-flex\">\n<div class=\"wp-block-column is-layout-flow wp-block-column-is-layout-flow\"><div class=\"wp-block-image\">\n<figure class=\"aligncenter size-large is-resized\"><a href=\"https:\/\/openhsu.ub.hsu-hh.de\/entities\/publication\/17162\" target=\"_blank\" rel=\" noreferrer noopener\"><img loading=\"lazy\" decoding=\"async\" width=\"724\" height=\"1024\" src=\"https:\/\/www.hsu-hh.de\/ees\/wp-content\/uploads\/sites\/680\/2025\/04\/TKB_Bd6_Cover-724x1024.png\" data-credit=\"HSU\/EES\" alt=\"\" class=\"wp-image-7976\" style=\"object-fit:cover;width:181px;height:256px\" srcset=\"https:\/\/www.hsu-hh.de\/ees\/wp-content\/uploads\/sites\/680\/2025\/04\/TKB_Bd6_Cover-724x1024.png 724w, https:\/\/www.hsu-hh.de\/ees\/wp-content\/uploads\/sites\/680\/2025\/04\/TKB_Bd6_Cover-212x300.png 212w, https:\/\/www.hsu-hh.de\/ees\/wp-content\/uploads\/sites\/680\/2025\/04\/TKB_Bd6_Cover-768x1086.png 768w, https:\/\/www.hsu-hh.de\/ees\/wp-content\/uploads\/sites\/680\/2025\/04\/TKB_Bd6_Cover-1086x1536.png 1086w, https:\/\/www.hsu-hh.de\/ees\/wp-content\/uploads\/sites\/680\/2025\/04\/TKB_Bd6_Cover-1100x1556.png 1100w, https:\/\/www.hsu-hh.de\/ees\/wp-content\/uploads\/sites\/680\/2025\/04\/TKB_Bd6_Cover.png 1240w\" sizes=\"auto, (max-width: 724px) 100vw, 724px\" \/><\/a><\/figure>\n<\/div><\/div>\n\n\n\n<div class=\"wp-block-column is-vertically-aligned-top is-layout-flow wp-block-column-is-layout-flow\"><div class=\"wp-block-image\">\n<figure class=\"aligncenter size-medium is-resized\"><a href=\"https:\/\/openhsu.ub.hsu-hh.de\/bitstream\/10.24405\/15205\/3\/openHSU_15205_v2.pdf\" target=\"_blank\" rel=\"noreferrer noopener\"><img loading=\"lazy\" decoding=\"async\" width=\"212\" height=\"300\" src=\"https:\/\/www.hsu-hh.de\/ees\/wp-content\/uploads\/sites\/680\/2023\/12\/TKB5_Deckblatt-212x300.png\" data-credit=\"HSU\/EES\" alt=\"TKB5\" class=\"wp-image-7325\" style=\"object-fit:cover;width:181px;height:256px\" srcset=\"https:\/\/www.hsu-hh.de\/ees\/wp-content\/uploads\/sites\/680\/2023\/12\/TKB5_Deckblatt-212x300.png 212w, https:\/\/www.hsu-hh.de\/ees\/wp-content\/uploads\/sites\/680\/2023\/12\/TKB5_Deckblatt.png 607w\" sizes=\"auto, (max-width: 212px) 100vw, 212px\" \/><\/a><\/figure>\n<\/div><\/div>\n\n\n\n<div class=\"wp-block-column is-vertically-aligned-center is-layout-flow wp-block-column-is-layout-flow\"><div class=\"wp-block-image\">\n<figure class=\"aligncenter size-large is-resized\"><a href=\"https:\/\/www.hsu-hh.de\/ees\/wp-content\/uploads\/sites\/680\/2022\/12\/Band-4-Hamburger-Beitraege-zum-technischen-Klimaschutz.pdf\" target=\"_blank\" rel=\"noopener noreferrer\"><img loading=\"lazy\" decoding=\"async\" width=\"725\" height=\"1024\" src=\"https:\/\/www.hsu-hh.de\/ees\/wp-content\/uploads\/sites\/680\/2022\/12\/MicrosoftTeams-image-725x1024.png\" data-credit=\"Michael B\u00f6lke\" alt=\"TKB 2022\" class=\"wp-image-5875\" style=\"width:181px;height:256px\" srcset=\"https:\/\/www.hsu-hh.de\/ees\/wp-content\/uploads\/sites\/680\/2022\/12\/MicrosoftTeams-image-725x1024.png 725w, https:\/\/www.hsu-hh.de\/ees\/wp-content\/uploads\/sites\/680\/2022\/12\/MicrosoftTeams-image-212x300.png 212w, https:\/\/www.hsu-hh.de\/ees\/wp-content\/uploads\/sites\/680\/2022\/12\/MicrosoftTeams-image-768x1085.png 768w, https:\/\/www.hsu-hh.de\/ees\/wp-content\/uploads\/sites\/680\/2022\/12\/MicrosoftTeams-image-1087x1536.png 1087w, https:\/\/www.hsu-hh.de\/ees\/wp-content\/uploads\/sites\/680\/2022\/12\/MicrosoftTeams-image-1100x1555.png 1100w, https:\/\/www.hsu-hh.de\/ees\/wp-content\/uploads\/sites\/680\/2022\/12\/MicrosoftTeams-image.png 1241w\" sizes=\"auto, (max-width: 725px) 100vw, 725px\" \/><\/a><\/figure>\n<\/div><\/div>\n<\/div>\n\n\n\n<div class=\"wp-block-columns is-layout-flex wp-container-core-columns-is-layout-9d6595d7 wp-block-columns-is-layout-flex\">\n<div class=\"wp-block-column is-vertically-aligned-top is-layout-flow wp-block-column-is-layout-flow\">\n<p class=\"has-text-align-center\"><strong>Band 3: 2021<\/strong><\/p>\n<\/div>\n\n\n\n<div class=\"wp-block-column is-vertically-aligned-top is-layout-flow wp-block-column-is-layout-flow\">\n<p class=\"has-text-align-center\"><strong>Band 2: 2020<\/strong><\/p>\n<\/div>\n\n\n\n<div class=\"wp-block-column is-layout-flow wp-block-column-is-layout-flow\">\n<p class=\"has-text-align-center\"><strong>Band 1: 2019<\/strong><\/p>\n<\/div>\n<\/div>\n\n\n\n<div class=\"wp-block-columns is-layout-flex wp-container-core-columns-is-layout-9d6595d7 wp-block-columns-is-layout-flex\">\n<div class=\"wp-block-column is-vertically-aligned-center is-layout-flow wp-block-column-is-layout-flow\"><div class=\"wp-block-image\">\n<figure class=\"aligncenter size-large is-resized\"><a href=\"https:\/\/openhsu.ub.hsu-hh.de\/bitstream\/10.24405\/13942\/1\/openHSU_13942.pdf\" target=\"_blank\" rel=\"noopener noreferrer\"><img loading=\"lazy\" decoding=\"async\" width=\"725\" height=\"1024\" src=\"https:\/\/www.hsu-hh.de\/ees\/wp-content\/uploads\/sites\/680\/2022\/02\/Hamburger-Beitraege-zum-technischen-Klimaschutz-2021-725x1024.png\" data-credit=\"HSU \/ Dlab\" alt=\"Technischer Klimaschutz 2021\" class=\"wp-image-5023\" style=\"width:181px;height:256px\" srcset=\"https:\/\/www.hsu-hh.de\/ees\/wp-content\/uploads\/sites\/680\/2022\/02\/Hamburger-Beitraege-zum-technischen-Klimaschutz-2021-725x1024.png 725w, https:\/\/www.hsu-hh.de\/ees\/wp-content\/uploads\/sites\/680\/2022\/02\/Hamburger-Beitraege-zum-technischen-Klimaschutz-2021-212x300.png 212w, https:\/\/www.hsu-hh.de\/ees\/wp-content\/uploads\/sites\/680\/2022\/02\/Hamburger-Beitraege-zum-technischen-Klimaschutz-2021-768x1085.png 768w, https:\/\/www.hsu-hh.de\/ees\/wp-content\/uploads\/sites\/680\/2022\/02\/Hamburger-Beitraege-zum-technischen-Klimaschutz-2021-1087x1536.png 1087w, https:\/\/www.hsu-hh.de\/ees\/wp-content\/uploads\/sites\/680\/2022\/02\/Hamburger-Beitraege-zum-technischen-Klimaschutz-2021-1100x1555.png 1100w, https:\/\/www.hsu-hh.de\/ees\/wp-content\/uploads\/sites\/680\/2022\/02\/Hamburger-Beitraege-zum-technischen-Klimaschutz-2021.png 1241w\" sizes=\"auto, (max-width: 725px) 100vw, 725px\" \/><\/a><\/figure>\n<\/div><\/div>\n\n\n\n<div class=\"wp-block-column is-layout-flow wp-block-column-is-layout-flow\"><div class=\"wp-block-image\">\n<figure class=\"aligncenter size-large is-resized\"><a href=\"https:\/\/epub.sub.uni-hamburg.de\/epub\/volltexte\/2021\/115180\/pdf\/Hamburger_Beitraege_zum_technischen_Klimaschutz_Band_2_2020.pdf\" target=\"_blank\" rel=\"noopener\"><img loading=\"lazy\" decoding=\"async\" width=\"725\" height=\"1024\" src=\"https:\/\/www.hsu-hh.de\/ees\/wp-content\/uploads\/sites\/680\/2021\/01\/Hamburger-Beitraege-zum-technischen-Klimaschutz-2020-725x1024.png\" data-credit=\"HSU \/ DLab\" alt=\"Technischer Klimaschutz 2020\" class=\"wp-image-3899\" style=\"width:181px;height:256px\" srcset=\"https:\/\/www.hsu-hh.de\/ees\/wp-content\/uploads\/sites\/680\/2021\/01\/Hamburger-Beitraege-zum-technischen-Klimaschutz-2020-725x1024.png 725w, https:\/\/www.hsu-hh.de\/ees\/wp-content\/uploads\/sites\/680\/2021\/01\/Hamburger-Beitraege-zum-technischen-Klimaschutz-2020-213x300.png 213w, https:\/\/www.hsu-hh.de\/ees\/wp-content\/uploads\/sites\/680\/2021\/01\/Hamburger-Beitraege-zum-technischen-Klimaschutz-2020-768x1084.png 768w, https:\/\/www.hsu-hh.de\/ees\/wp-content\/uploads\/sites\/680\/2021\/01\/Hamburger-Beitraege-zum-technischen-Klimaschutz-2020-1088x1536.png 1088w, https:\/\/www.hsu-hh.de\/ees\/wp-content\/uploads\/sites\/680\/2021\/01\/Hamburger-Beitraege-zum-technischen-Klimaschutz-2020-1451x2048.png 1451w, https:\/\/www.hsu-hh.de\/ees\/wp-content\/uploads\/sites\/680\/2021\/01\/Hamburger-Beitraege-zum-technischen-Klimaschutz-2020-1100x1553.png 1100w\" sizes=\"auto, (max-width: 725px) 100vw, 725px\" \/><\/a><\/figure>\n<\/div><\/div>\n\n\n\n<div class=\"wp-block-column is-layout-flow wp-block-column-is-layout-flow\"><div class=\"wp-block-image\">\n<figure class=\"aligncenter size-large is-resized\"><a href=\"https:\/\/epub.sub.uni-hamburg.de\/epub\/volltexte\/2020\/96703\/pdf\/Hamburger_Beitraege_zum_technischen_Klimaschutz_Band_1.pdf\" target=\"_blank\" rel=\"noopener\"><img loading=\"lazy\" decoding=\"async\" width=\"731\" height=\"1024\" src=\"https:\/\/www.hsu-hh.de\/ees\/wp-content\/uploads\/sites\/680\/2021\/01\/Hamburger-Beitra\u0308ge-zum-technischen-Klimaschutz-2019-731x1024.png\" data-credit=\"HSU \/ Dlab\" alt=\"Technischer Klimaschutz 2019\" class=\"wp-image-3898\" style=\"width:183px;height:256px\" srcset=\"https:\/\/www.hsu-hh.de\/ees\/wp-content\/uploads\/sites\/680\/2021\/01\/Hamburger-Beitra\u0308ge-zum-technischen-Klimaschutz-2019-731x1024.png 731w, https:\/\/www.hsu-hh.de\/ees\/wp-content\/uploads\/sites\/680\/2021\/01\/Hamburger-Beitra\u0308ge-zum-technischen-Klimaschutz-2019-214x300.png 214w, https:\/\/www.hsu-hh.de\/ees\/wp-content\/uploads\/sites\/680\/2021\/01\/Hamburger-Beitra\u0308ge-zum-technischen-Klimaschutz-2019-768x1077.png 768w, https:\/\/www.hsu-hh.de\/ees\/wp-content\/uploads\/sites\/680\/2021\/01\/Hamburger-Beitra\u0308ge-zum-technischen-Klimaschutz-2019-1096x1536.png 1096w, https:\/\/www.hsu-hh.de\/ees\/wp-content\/uploads\/sites\/680\/2021\/01\/Hamburger-Beitra\u0308ge-zum-technischen-Klimaschutz-2019-1100x1542.png 1100w, https:\/\/www.hsu-hh.de\/ees\/wp-content\/uploads\/sites\/680\/2021\/01\/Hamburger-Beitra\u0308ge-zum-technischen-Klimaschutz-2019.png 1237w\" sizes=\"auto, (max-width: 731px) 100vw, 731px\" \/><\/a><\/figure>\n<\/div><\/div>\n<\/div>\n","protected":false},"excerpt":{"rendered":"<p>Die Idee f\u00fcr die Schriftenreihe \u201eHamburger Beitr\u00e4ge zum technischen Klimaschutz\u201c entstand Mitte des Jahres 2018, sie wurde gepr\u00e4gt durch den urs\u00e4chlichen Wunsch nach einer besseren Sichtbarkeit der Fortschritte beim technischen [&hellip;]<\/p>\n","protected":false},"author":57,"featured_media":0,"parent":0,"menu_order":0,"comment_status":"closed","ping_status":"closed","template":"","meta":{"footnotes":""},"categories":[563],"tags":[],"class_list":["post-3906","page","type-page","status-publish","hentry","category-publikationen"],"_links":{"self":[{"href":"https:\/\/www.hsu-hh.de\/ees\/wp-json\/wp\/v2\/pages\/3906","targetHints":{"allow":["GET"]}}],"collection":[{"href":"https:\/\/www.hsu-hh.de\/ees\/wp-json\/wp\/v2\/pages"}],"about":[{"href":"https:\/\/www.hsu-hh.de\/ees\/wp-json\/wp\/v2\/types\/page"}],"author":[{"embeddable":true,"href":"https:\/\/www.hsu-hh.de\/ees\/wp-json\/wp\/v2\/users\/57"}],"replies":[{"embeddable":true,"href":"https:\/\/www.hsu-hh.de\/ees\/wp-json\/wp\/v2\/comments?post=3906"}],"version-history":[{"count":40,"href":"https:\/\/www.hsu-hh.de\/ees\/wp-json\/wp\/v2\/pages\/3906\/revisions"}],"predecessor-version":[{"id":7979,"href":"https:\/\/www.hsu-hh.de\/ees\/wp-json\/wp\/v2\/pages\/3906\/revisions\/7979"}],"wp:attachment":[{"href":"https:\/\/www.hsu-hh.de\/ees\/wp-json\/wp\/v2\/media?parent=3906"}],"wp:term":[{"taxonomy":"category","embeddable":true,"href":"https:\/\/www.hsu-hh.de\/ees\/wp-json\/wp\/v2\/categories?post=3906"},{"taxonomy":"post_tag","embeddable":true,"href":"https:\/\/www.hsu-hh.de\/ees\/wp-json\/wp\/v2\/tags?post=3906"}],"curies":[{"name":"wp","href":"https:\/\/api.w.org\/{rel}","templated":true}]}}