{"id":3789,"date":"2020-12-30T13:17:51","date_gmt":"2020-12-30T12:17:51","guid":{"rendered":"https:\/\/www.hsu-hh.de\/ees\/?page_id=3789"},"modified":"2022-02-21T08:52:42","modified_gmt":"2022-02-21T07:52:42","slug":"inep","status":"publish","type":"page","link":"https:\/\/www.hsu-hh.de\/ees\/forschung\/forschungsgebiete\/inep","title":{"rendered":"Integrierte Netzplanung f\u00fcr die drei Energietr\u00e4ger Strom, Gas und W\u00e4rme (iNeP)"},"content":{"rendered":"\n<p><\/p>\n\n\n\n<div class=\"wp-block-columns is-layout-flex wp-container-core-columns-is-layout-9d6595d7 wp-block-columns-is-layout-flex\">\n<div class=\"wp-block-column is-layout-flow wp-block-column-is-layout-flow\">\n<div class=\"wp-block-image\"><figure class=\"alignleft size-full\"><img loading=\"lazy\" decoding=\"async\" width=\"380\" height=\"391\" src=\"https:\/\/www.hsu-hh.de\/ees\/wp-content\/uploads\/sites\/680\/2022\/02\/BMWi_Logo_gefoerdert_durch_380x391.png\" data-credit=\"BMWK\" alt=\"BMWK-F\u00f6rderlogo\" class=\"wp-image-5008\" srcset=\"https:\/\/www.hsu-hh.de\/ees\/wp-content\/uploads\/sites\/680\/2022\/02\/BMWi_Logo_gefoerdert_durch_380x391.png 380w, https:\/\/www.hsu-hh.de\/ees\/wp-content\/uploads\/sites\/680\/2022\/02\/BMWi_Logo_gefoerdert_durch_380x391-292x300.png 292w\" sizes=\"auto, (max-width: 380px) 100vw, 380px\" \/><\/figure><\/div>\n<\/div>\n\n\n\n<div class=\"wp-block-column is-layout-flow wp-block-column-is-layout-flow\">\n<div style=\"height:30px\" aria-hidden=\"true\" class=\"wp-block-spacer\"><\/div>\n\n\n\n<div class=\"wp-block-image\"><figure class=\"alignright size-large is-resized\"><img loading=\"lazy\" decoding=\"async\" src=\"https:\/\/www.hsu-hh.de\/ees\/wp-content\/uploads\/sites\/680\/2020\/12\/iNeP_logo_partner_frei_positiv_300-1024x854.png\" data-credit=\"iNeP\" alt=\"iNeP Logo\" class=\"wp-image-3787\" width=\"200\" height=\"170\" \/><\/figure><\/div>\n<\/div>\n<\/div>\n\n\n\n<h3 class=\"wp-block-heading\">FKZ: 03EWR007H2<\/h3>\n\n\n\n<p>Ein entscheidender Erfolgsfaktor f\u00fcr die Erreichung der Klimaziele ist eine gemeinsam \u00fcber die Energiesparten abgestimmte Planung der Energienetze. Nur so wird es gelingen, die Endenergiebedarfe der Sektoren Industrie, Haushalt, W\u00e4rme, Mobilit\u00e4t mit der jeweils klimaschonendsten Energieform, u.a. Gr\u00fcnstrom, gr\u00fcnem Wasserstoff, Biomasse, Umweltw\u00e4rme, Solar etc. und Kombinationen aus diesen, zu decken.<\/p>\n\n\n\n<p>Im Rahmen der AG 1 TV 1.1 <em>Integrierte Netzplanung (iNeP) <\/em>des Verbundvorhabens <em>Norddeutsches Reallabor (NRL)<\/em> soll daher eine Methodik entwickelt werden, die einen Netzausbau f\u00fcr die drei Energietr\u00e4ger Strom, Gas und W\u00e4rme in einer integrierten, d.h. gemeinsamen, Weise erm\u00f6glicht. Dazu m\u00fcssen sowohl die verschiedenen physikalischen und technischen Randbedingungen der Netze als auch die geographische Situation und bereits bestehende Netzinfrastrukturen ber\u00fccksichtigt werden. K\u00fcnftig zu erwartende Endenergiebedarfe m\u00fcssen innerhalb eines gew\u00e4hlten Szenarienrahmens sinnvoll abgesch\u00e4tzt werden. Zun\u00e4chst werden dazu reale Endenergiebedarfe, sowie zuk\u00fcnftige Lastprognosen und Infrastrukturdaten erhoben. Dabei ist geplant, f\u00fcr verschiedene Szenarien bestimmte Regionen sinnvoll in bestimmte Strukturen, sogenannte <em>Zonen<\/em>, mit vergleichbarer Bedarfsstruktur einzuteilen.<\/p>\n\n\n\n<div style=\"height:20px\" aria-hidden=\"true\" class=\"wp-block-spacer\"><\/div>\n\n\n\n<div class=\"wp-block-image\"><figure class=\"aligncenter size-large is-resized\"><img loading=\"lazy\" decoding=\"async\" src=\"https:\/\/www.hsu-hh.de\/ees\/wp-content\/uploads\/sites\/680\/2020\/12\/ParameterUeberblick.png\" data-credit=\"iNeP-Projektpartner\" alt=\"Parameter\u00dcberblick\" class=\"wp-image-3788\" width=\"541\" height=\"496\" srcset=\"https:\/\/www.hsu-hh.de\/ees\/wp-content\/uploads\/sites\/680\/2020\/12\/ParameterUeberblick.png 721w, https:\/\/www.hsu-hh.de\/ees\/wp-content\/uploads\/sites\/680\/2020\/12\/ParameterUeberblick-300x275.png 300w\" sizes=\"auto, (max-width: 541px) 100vw, 541px\" \/><figcaption>Abbildung 1: Integrierte Netzplanung (iNeP) &#8211; \u00dcberblick einiger relevanter Parameter<\/figcaption><\/figure><\/div>\n\n\n\n<p>Mithilfe dieser Methodik sollen auf Basis von Simulationsergebnissen verschiedene Netzausbaualternativen bzgl. diverser Parameter verglichen werden k\u00f6nnen. Sie soll als ein Planungstool ausgestaltet werden, mit dessen Anwendung sich g\u00fcnstige Verkn\u00fcpfungspunkte und -technologien und Ausbauempfehlungen f\u00fcr die Netzstrukturen und Speicher in der Industriemetropole Hamburg ergeben und somit als koordinierte und akzeptierte Roadmap zur Transformation der Energienetze f\u00fcr Strom, Gas und W\u00e4rme dienen. Durch \u00dcbertragbarkeit der Methodik ist auch eine Verwertung au\u00dferhalb der Industriemetropole denkbar.<\/p>\n\n\n\n<div style=\"height:20px\" aria-hidden=\"true\" class=\"wp-block-spacer\"><\/div>\n\n\n\n<div class=\"wp-block-image\"><figure class=\"aligncenter size-large is-resized\"><img loading=\"lazy\" decoding=\"async\" src=\"https:\/\/www.hsu-hh.de\/ees\/wp-content\/uploads\/sites\/680\/2021\/04\/BearbeitungsSchritte.png\" data-credit=\"iNeP-Projektpartner\" alt=\"BearbeitungsSchritte\" class=\"wp-image-4349\" width=\"705\" height=\"330\" srcset=\"https:\/\/www.hsu-hh.de\/ees\/wp-content\/uploads\/sites\/680\/2021\/04\/BearbeitungsSchritte.png 705w, https:\/\/www.hsu-hh.de\/ees\/wp-content\/uploads\/sites\/680\/2021\/04\/BearbeitungsSchritte-300x140.png 300w\" sizes=\"auto, (max-width: 705px) 100vw, 705px\" \/><figcaption>Abbildung 2: Aufeinander aufbauende Schritte f\u00fcr die Bearbeitung von iNeP<\/figcaption><\/figure><\/div>\n\n\n\n<p>Das Institut f\u00fcr Elektrische Energiesysteme der Helmut-Schmidt-Universit\u00e4t ist dabei mit den weiteren FuE-Partnern TU Hamburg und TH L\u00fcbeck und dem Hamburger Verteilnetzbetreiber Gasnetz Hamburg GmbH, der W\u00e4rme Hamburg GmbH und dem assoziierten Partner Stromnetz Hamburg GmbH Teil des Konsortiums in iNeP.<\/p>\n\n\n\n<h3 class=\"wp-block-heading\">Projektpartner:<\/h3>\n\n\n\n<figure class=\"wp-block-image size-large is-resized\"><img loading=\"lazy\" decoding=\"async\" src=\"https:\/\/www.hsu-hh.de\/ees\/wp-content\/uploads\/sites\/680\/2021\/04\/Logos-1024x408.png\" data-credit=\"iNeP\" alt=\"Projektpartner\" class=\"wp-image-4350\" width=\"768\" height=\"306\" srcset=\"https:\/\/www.hsu-hh.de\/ees\/wp-content\/uploads\/sites\/680\/2021\/04\/Logos-1024x408.png 1024w, https:\/\/www.hsu-hh.de\/ees\/wp-content\/uploads\/sites\/680\/2021\/04\/Logos-300x119.png 300w, https:\/\/www.hsu-hh.de\/ees\/wp-content\/uploads\/sites\/680\/2021\/04\/Logos-768x306.png 768w, https:\/\/www.hsu-hh.de\/ees\/wp-content\/uploads\/sites\/680\/2021\/04\/Logos-1536x612.png 1536w, https:\/\/www.hsu-hh.de\/ees\/wp-content\/uploads\/sites\/680\/2021\/04\/Logos-2048x816.png 2048w, https:\/\/www.hsu-hh.de\/ees\/wp-content\/uploads\/sites\/680\/2021\/04\/Logos-1100x438.png 1100w\" sizes=\"auto, (max-width: 768px) 100vw, 768px\" \/><\/figure>\n\n\n\n<h3 class=\"wp-block-heading\">Verbundprojekt:<\/h3>\n\n\n\n<p>Im Norddeutschen Reallabor erforschen die beteiligten Projektpartner, wie das Energiesystem vor Ort ganzheitlich weiterentwickelt werden kann. Verteilt auf vier geografische Schwerpunkte in Hamburg, Schleswig-Holstein und Mecklenburg-Vorpommern werden sie Konzepte f\u00fcr eine integrierte Sektorenkopplung mit Fokus auf Wasserstoff entwickeln und energieeffiziente Quartiersl\u00f6sungen im W\u00e4rmebereich ausarbeiten. Beteiligt an dem Verbundvorhaben sind Partner aus Wirtschaft, Wissenschaft und Politik, die die gesamte Energie-Wertsch\u00f6pfungskette abbilden \u2013 von der Erzeugung \u00fcber den Transport und die Speicherung bis zum Energieverbrauch. Das Bundesministerium f\u00fcr Wirtschaft und Energie f\u00f6rdert das Norddeutsche Reallabor \u00fcber einen Zeitraum von f\u00fcnf Jahren mit mehr als 52 Mio. Euro.<\/p>\n\n\n\n<div class=\"wp-block-media-text alignwide is-stacked-on-mobile is-vertically-aligned-center\" style=\"grid-template-columns:38% auto\"><figure class=\"wp-block-media-text__media\"><img loading=\"lazy\" decoding=\"async\" width=\"1024\" height=\"727\" src=\"https:\/\/www.hsu-hh.de\/ees\/wp-content\/uploads\/sites\/680\/2021\/04\/NRL-1024x727.png\" data-credit=\"Norddeutsches RealLabor\" alt=\"Logo\" class=\"wp-image-4355 size-full\" srcset=\"https:\/\/www.hsu-hh.de\/ees\/wp-content\/uploads\/sites\/680\/2021\/04\/NRL-1024x727.png 1024w, https:\/\/www.hsu-hh.de\/ees\/wp-content\/uploads\/sites\/680\/2021\/04\/NRL-300x213.png 300w, https:\/\/www.hsu-hh.de\/ees\/wp-content\/uploads\/sites\/680\/2021\/04\/NRL-768x545.png 768w, https:\/\/www.hsu-hh.de\/ees\/wp-content\/uploads\/sites\/680\/2021\/04\/NRL-1100x781.png 1100w, https:\/\/www.hsu-hh.de\/ees\/wp-content\/uploads\/sites\/680\/2021\/04\/NRL.png 1268w\" sizes=\"auto, (max-width: 1024px) 100vw, 1024px\" \/><\/figure><div class=\"wp-block-media-text__content\">\n<p>Dreh- und Angelpunkt des Vorhabens wird sogenannter \u201egr\u00fcner\u201c Wasserstoff sein, also Wasserstoff, der mittels erneuerbaren Stroms aus der Elektrolyse von Wasser gewonnen wird. In der Industrie kann dieser Wasserstoff beispielsweise Erdgas ersetzen und die mit der Erdgasverbrennung verbundenen Kohlendioxid-Emissionen vermeiden. Aber auch im Bereich privater Haushalte kann Wasserstoff der Brennstoff der Zukunft werden: Dazu soll im Rahmen des Norddeutschen Reallabors unter anderem die Umstellung des Gasverteilnetzes auf Wasserstoffbetrieb untersucht werden. Um die W\u00e4rmewende voranzubringen, wollen die Projektpartner auch die Abw\u00e4rme einer M\u00fcllverbrennungs- sowie einer Industrieanlage nutzen, um sie in eine vorhandene Fernw\u00e4rmeleitung einzuspeisen. Mit allen Ma\u00dfnahmen k\u00f6nnten zuk\u00fcnftig insgesamt mehr als 500.000 Tonnen CO2-Emissionen pro Jahr eingespart werden.<\/p>\n<\/div><\/div>\n\n\n\n<p>Das Norddeutsche Reallabor baut auf dem Projekt <a href=\"https:\/\/www.new4-0.de\" target=\"_blank\" rel=\"noreferrer noopener\">NEW 4.0 <\/a>(Norddeutsche Energiewende 4.0) und dessen Demonstratoren, Infrastruktur und Systemkompetenz auf. NEW 4.0 war eine von f\u00fcnf Modellregionen des nun abgeschlossenen BMWi-F\u00f6rderprogramms <a href=\"https:\/\/www.sinteg.de\/programm\" target=\"_blank\" rel=\"noreferrer noopener\">SINTEG<\/a> (Schaufenster intelligente Energie \u2013 Digitale Agenda f\u00fcr die Energiewende).<\/p>\n\n\n\n<p>(Quelle: <a href=\"https:\/\/www.bmwi.de\/Redaktion\/DE\/Pressemitteilungen\/2021\/04\/20210414-norddeutsches-reallabor-gestartet.html\" target=\"_blank\" rel=\"noreferrer noopener\">BMWi-Pressemitteilung<\/a>)<\/p>\n\n\n\n<h3 class=\"wp-block-heading\">Ansprechpartner:<\/h3>\n\n\n\n<p><a href=\"https:\/\/www.hsu-hh.de\/ees\/team-3#Schulz\" target=\"_blank\" rel=\"noreferrer noopener\">Prof. Dr.-Ing. habil. Detlef Schulz<\/a><br><a href=\"https:\/\/www.hsu-hh.de\/ees\/team-3#Vorwerk\" target=\"_blank\" rel=\"noreferrer noopener\">Daniela Vorwerk, M.Sc.<\/a><br>Fakult\u00e4t f\u00fcr Elektrotechnik<br>Elektrische Energiesysteme<\/p>\n","protected":false},"excerpt":{"rendered":"<p>FKZ: 03EWR007H2 Ein entscheidender Erfolgsfaktor f\u00fcr die Erreichung der Klimaziele ist eine gemeinsam \u00fcber die Energiesparten abgestimmte Planung der Energienetze. Nur so wird es gelingen, die Endenergiebedarfe der Sektoren Industrie, [&hellip;]<\/p>\n","protected":false},"author":57,"featured_media":0,"parent":3518,"menu_order":0,"comment_status":"closed","ping_status":"closed","template":"","meta":{"footnotes":""},"categories":[4,118],"tags":[582],"class_list":["post-3789","page","type-page","status-publish","hentry","category-forschung","category-projekte","tag-inep"],"_links":{"self":[{"href":"https:\/\/www.hsu-hh.de\/ees\/wp-json\/wp\/v2\/pages\/3789","targetHints":{"allow":["GET"]}}],"collection":[{"href":"https:\/\/www.hsu-hh.de\/ees\/wp-json\/wp\/v2\/pages"}],"about":[{"href":"https:\/\/www.hsu-hh.de\/ees\/wp-json\/wp\/v2\/types\/page"}],"author":[{"embeddable":true,"href":"https:\/\/www.hsu-hh.de\/ees\/wp-json\/wp\/v2\/users\/57"}],"replies":[{"embeddable":true,"href":"https:\/\/www.hsu-hh.de\/ees\/wp-json\/wp\/v2\/comments?post=3789"}],"version-history":[{"count":21,"href":"https:\/\/www.hsu-hh.de\/ees\/wp-json\/wp\/v2\/pages\/3789\/revisions"}],"predecessor-version":[{"id":5011,"href":"https:\/\/www.hsu-hh.de\/ees\/wp-json\/wp\/v2\/pages\/3789\/revisions\/5011"}],"up":[{"embeddable":true,"href":"https:\/\/www.hsu-hh.de\/ees\/wp-json\/wp\/v2\/pages\/3518"}],"wp:attachment":[{"href":"https:\/\/www.hsu-hh.de\/ees\/wp-json\/wp\/v2\/media?parent=3789"}],"wp:term":[{"taxonomy":"category","embeddable":true,"href":"https:\/\/www.hsu-hh.de\/ees\/wp-json\/wp\/v2\/categories?post=3789"},{"taxonomy":"post_tag","embeddable":true,"href":"https:\/\/www.hsu-hh.de\/ees\/wp-json\/wp\/v2\/tags?post=3789"}],"curies":[{"name":"wp","href":"https:\/\/api.w.org\/{rel}","templated":true}]}}