{"id":3695,"date":"2020-12-11T09:04:51","date_gmt":"2020-12-11T08:04:51","guid":{"rendered":"https:\/\/www.hsu-hh.de\/ees\/?page_id=3695"},"modified":"2023-05-22T15:56:55","modified_gmt":"2023-05-22T13:56:55","slug":"beta","status":"publish","type":"page","link":"https:\/\/www.hsu-hh.de\/ees\/forschung\/forschungsgebiete\/beta","title":{"rendered":"Brennstoffzellensystem-Entwicklung f\u00fcr die technische Aviatik (BETA)"},"content":{"rendered":"<div class=\"wp-block-image\">\n<figure class=\"alignleft size-large is-resized\"><img loading=\"lazy\" decoding=\"async\" src=\"https:\/\/www.hsu-hh.de\/ees\/wp-content\/uploads\/sites\/680\/2020\/04\/Logokombi_gefoerdert-durch-BMVI-koordiniert-durch-NOW_de-1024x420.png\" data-credit=\"BMVI \/ NOW-GmbH\" alt=\"BMVI\/NOW\" class=\"wp-image-2679\" width=\"512\" height=\"210\" srcset=\"https:\/\/www.hsu-hh.de\/ees\/wp-content\/uploads\/sites\/680\/2020\/04\/Logokombi_gefoerdert-durch-BMVI-koordiniert-durch-NOW_de-1024x420.png 1024w, https:\/\/www.hsu-hh.de\/ees\/wp-content\/uploads\/sites\/680\/2020\/04\/Logokombi_gefoerdert-durch-BMVI-koordiniert-durch-NOW_de-300x123.png 300w, https:\/\/www.hsu-hh.de\/ees\/wp-content\/uploads\/sites\/680\/2020\/04\/Logokombi_gefoerdert-durch-BMVI-koordiniert-durch-NOW_de-768x315.png 768w, https:\/\/www.hsu-hh.de\/ees\/wp-content\/uploads\/sites\/680\/2020\/04\/Logokombi_gefoerdert-durch-BMVI-koordiniert-durch-NOW_de.png 1364w\" sizes=\"auto, (max-width: 512px) 100vw, 512px\" \/><\/figure>\n<\/div>\n\n\n<div style=\"height:20px\" aria-hidden=\"true\" class=\"wp-block-spacer\"><\/div>\n\n\n\n<h3 class=\"wp-block-heading\">FKZ: 03B10704B<\/h3>\n\n\n\n<p>Der globale Luftverkehr tr\u00e4gt durch Emissionen zur Klimaerw\u00e4rmung bei; besonders Emissionen wie Kohlenstoffdioxid (CO<sub>2<\/sub>) und Stickoxide (NO<sub>x<\/sub>) haben hier eine teils gr\u00f6\u00dfere Wirkung als am Boden [1]. Daraus ergibt sich ein Bedarf f\u00fcr sicheres, \u201egr\u00fcnes\u201c, emissionsarmes Fliegen ohne fossile Energietr\u00e4ger. Die aktuellen Umweltziele der Europ\u00e4ischen Union im <em>Flightpath 2050 \u2014 Europe\u2019s Vision for Aviation \u2014 <\/em>sind: 75% Reduktion der CO<sub>2<\/sub>-Emissionen pro Passagierkilometer, 90% Reduktion der NO<sub>x<\/sub>-Emissionen, emissionsfreies Taxiing und recyclebare Luftfahrtzeuge [2].<\/p>\n\n\n\n<p>Batterie- und brennstoffzellengespeiste Luftfahrzeugkonzepte, wie beispielsweise der CityAirbus (Abbildung 1) oder eine Konzeptstudie des DLR (Abbildung 2), bieten die M\u00f6glichkeit f\u00fcr \u201egr\u00fcnes\u201c Fliegen ohne fossile Energietr\u00e4ger [3]. Diese zukunftsf\u00e4higen Antriebskonzepte f\u00fcr Luftfahrzeuge entwickeln Ingenieure der Professur f\u00fcr Elektrische Energiesysteme an der Helmut Schmidt Universit\u00e4t, des DLR, der ZAL <abbr title=\"Gesellschaft mit beschr\u00e4nkter Haftung\">GmbH<\/abbr> und der Airbus Operations <abbr title=\"Gesellschaft mit beschr\u00e4nkter Haftung\">GmbH<\/abbr> gemeinsam im Projekt \u201eBrennstoffzellensystem-Entwicklung f\u00fcr die technische Aviatik (<strong>BETA<\/strong>)\u201c. So f\u00f6rdert das BMVI die Entwicklung von H<sub>2<\/sub>-to-Torque-Konzepten mit dem Projekt BETA im Rahmen des <em>NIP \u2013 Nationales Innovationsprogramm Wasserstoff- und Brennstoffzellentechnologie<\/em>.<\/p>\n\n\n\n<div style=\"height:30px\" aria-hidden=\"true\" class=\"wp-block-spacer\"><\/div>\n\n\n\n<div class=\"wp-block-columns is-layout-flex wp-container-core-columns-is-layout-9d6595d7 wp-block-columns-is-layout-flex\">\n<div class=\"wp-block-column is-layout-flow wp-block-column-is-layout-flow\">\n<figure class=\"wp-block-image size-large\"><img loading=\"lazy\" decoding=\"async\" width=\"1024\" height=\"540\" src=\"https:\/\/www.hsu-hh.de\/ees\/wp-content\/uploads\/sites\/680\/2021\/07\/CityAirbus-cityscape-1024x540.jpg\" data-credit=\"Airbus Operations GmbH\" alt=\"Abbildung 1: City Airbus\" class=\"wp-image-4810\" srcset=\"https:\/\/www.hsu-hh.de\/ees\/wp-content\/uploads\/sites\/680\/2021\/07\/CityAirbus-cityscape-1024x540.jpg 1024w, https:\/\/www.hsu-hh.de\/ees\/wp-content\/uploads\/sites\/680\/2021\/07\/CityAirbus-cityscape-300x158.jpg 300w, https:\/\/www.hsu-hh.de\/ees\/wp-content\/uploads\/sites\/680\/2021\/07\/CityAirbus-cityscape-768x405.jpg 768w, https:\/\/www.hsu-hh.de\/ees\/wp-content\/uploads\/sites\/680\/2021\/07\/CityAirbus-cityscape-1536x810.jpg 1536w, https:\/\/www.hsu-hh.de\/ees\/wp-content\/uploads\/sites\/680\/2021\/07\/CityAirbus-cityscape-2048x1080.jpg 2048w, https:\/\/www.hsu-hh.de\/ees\/wp-content\/uploads\/sites\/680\/2021\/07\/CityAirbus-cityscape-1100x580.jpg 1100w\" sizes=\"auto, (max-width: 1024px) 100vw, 1024px\" \/><figcaption class=\"wp-element-caption\">Abbildung 1: CityAirbus<\/figcaption><\/figure>\n<\/div>\n\n\n\n<div class=\"wp-block-column is-layout-flow wp-block-column-is-layout-flow\">\n<figure class=\"wp-block-image size-large\"><img loading=\"lazy\" decoding=\"async\" width=\"1024\" height=\"539\" src=\"https:\/\/www.hsu-hh.de\/ees\/wp-content\/uploads\/sites\/680\/2021\/07\/emifr-m-neu-look-dossier-e-fliegen_CC-BY-3.0-e1626778260100-1024x539.jpg\" data-credit=\"DLR: CC-BY 3.0\" alt=\"Abbildung 2: Konzeptstudie des DLR\" class=\"wp-image-4816\" srcset=\"https:\/\/www.hsu-hh.de\/ees\/wp-content\/uploads\/sites\/680\/2021\/07\/emifr-m-neu-look-dossier-e-fliegen_CC-BY-3.0-e1626778260100-1024x539.jpg 1024w, https:\/\/www.hsu-hh.de\/ees\/wp-content\/uploads\/sites\/680\/2021\/07\/emifr-m-neu-look-dossier-e-fliegen_CC-BY-3.0-e1626778260100-300x158.jpg 300w, https:\/\/www.hsu-hh.de\/ees\/wp-content\/uploads\/sites\/680\/2021\/07\/emifr-m-neu-look-dossier-e-fliegen_CC-BY-3.0-e1626778260100-768x404.jpg 768w, https:\/\/www.hsu-hh.de\/ees\/wp-content\/uploads\/sites\/680\/2021\/07\/emifr-m-neu-look-dossier-e-fliegen_CC-BY-3.0-e1626778260100-1536x809.jpg 1536w, https:\/\/www.hsu-hh.de\/ees\/wp-content\/uploads\/sites\/680\/2021\/07\/emifr-m-neu-look-dossier-e-fliegen_CC-BY-3.0-e1626778260100-1100x579.jpg 1100w, https:\/\/www.hsu-hh.de\/ees\/wp-content\/uploads\/sites\/680\/2021\/07\/emifr-m-neu-look-dossier-e-fliegen_CC-BY-3.0-e1626778260100.jpg 1876w\" sizes=\"auto, (max-width: 1024px) 100vw, 1024px\" \/><figcaption class=\"wp-element-caption\">Abbildung 2: Konzeptstudie des DLR<\/figcaption><\/figure>\n<\/div>\n<\/div>\n\n\n\n<h2 class=\"wp-block-heading\"><strong>H<sub>2<\/sub>-to-Torque<\/strong><\/h2>\n\n\n\n<p>H<sub>2<\/sub>-to-Torque erm\u00f6glicht neuartige, emissionsfreie Mobilit\u00e4tskonzepte, die bisher nicht vorstellbar waren. H<sub>2<\/sub>-to-Torque bedeutet, dass Brennstoffzellen ohne DC-Bordnetz \/ Zwischennetz mit den Wicklungen eines Elektromotors verschaltet werden. Im \u00fcbertragenen Sinne erzeugen die Wasserstoff-Brennstoffzellen (H<sub>2<\/sub>) das Drehmoment (engl. Torque) der Antriebswelle, ohne die Komponenten eines elektrischen Netzes. In Luftfahrzeugkonzepten wie <em>The &#8222;Pod&#8220; configuration<\/em>&nbsp;von Airbus  (Abbildung 3) finden daher alle hierf\u00fcr ben\u00f6tigten Komponenten in einer Triebwerksnazelle Platz. Das H<sub>2<\/sub>-to-Torque-Konzept vereinfacht die Topografie der Energieversorgung: Die zentralen Brennstoffzellen-Systeme mit leistungsstarken DC\/DC-Wandlern und DC-Zwischennetz fallen weg. Dies spart Material und Gewicht und erh\u00f6ht die Sicherheit durch Redundanz. Abbildung 4 veranschaulicht das Konzept.<\/p>\n\n\n\n<div style=\"height:40px\" aria-hidden=\"true\" class=\"wp-block-spacer\"><\/div>\n\n\n\n<figure class=\"wp-block-image size-large\"><img loading=\"lazy\" decoding=\"async\" width=\"1024\" height=\"576\" src=\"https:\/\/www.hsu-hh.de\/ees\/wp-content\/uploads\/sites\/680\/2021\/07\/ZEROe-Pod-Configuration-1024x576.png\" data-credit=\"Airbus Operations GmbH\" alt=\"Abbildung 4: The &quot;Pod&quot; configuration\" class=\"wp-image-4814\" srcset=\"https:\/\/www.hsu-hh.de\/ees\/wp-content\/uploads\/sites\/680\/2021\/07\/ZEROe-Pod-Configuration-1024x576.png 1024w, https:\/\/www.hsu-hh.de\/ees\/wp-content\/uploads\/sites\/680\/2021\/07\/ZEROe-Pod-Configuration-300x169.png 300w, https:\/\/www.hsu-hh.de\/ees\/wp-content\/uploads\/sites\/680\/2021\/07\/ZEROe-Pod-Configuration-768x432.png 768w, https:\/\/www.hsu-hh.de\/ees\/wp-content\/uploads\/sites\/680\/2021\/07\/ZEROe-Pod-Configuration-1536x864.png 1536w, https:\/\/www.hsu-hh.de\/ees\/wp-content\/uploads\/sites\/680\/2021\/07\/ZEROe-Pod-Configuration-2048x1152.png 2048w, https:\/\/www.hsu-hh.de\/ees\/wp-content\/uploads\/sites\/680\/2021\/07\/ZEROe-Pod-Configuration-1100x619.png 1100w\" sizes=\"auto, (max-width: 1024px) 100vw, 1024px\" \/><figcaption class=\"wp-element-caption\">Abbildung 3: The &#8222;Pod&#8220; configuration<\/figcaption><\/figure>\n\n\n\n<div style=\"height:50px\" aria-hidden=\"true\" class=\"wp-block-spacer\"><\/div>\n\n\n\n<figure class=\"wp-block-image size-large is-resized\"><img loading=\"lazy\" decoding=\"async\" src=\"https:\/\/www.hsu-hh.de\/ees\/wp-content\/uploads\/sites\/680\/2021\/01\/Beta01-1024x523.png\" data-credit=\"HSU \/ DLab\" alt=\"H2-to-Torque\" class=\"wp-image-3875\" width=\"768\" height=\"392\" srcset=\"https:\/\/www.hsu-hh.de\/ees\/wp-content\/uploads\/sites\/680\/2021\/01\/Beta01-1024x523.png 1024w, https:\/\/www.hsu-hh.de\/ees\/wp-content\/uploads\/sites\/680\/2021\/01\/Beta01-300x153.png 300w, https:\/\/www.hsu-hh.de\/ees\/wp-content\/uploads\/sites\/680\/2021\/01\/Beta01-768x393.png 768w, https:\/\/www.hsu-hh.de\/ees\/wp-content\/uploads\/sites\/680\/2021\/01\/Beta01-1100x562.png 1100w, https:\/\/www.hsu-hh.de\/ees\/wp-content\/uploads\/sites\/680\/2021\/01\/Beta01.png 1305w\" sizes=\"auto, (max-width: 768px) 100vw, 768px\" \/><figcaption class=\"wp-element-caption\">Abbildung 4: Dezentral gespeister Hauptantrieb (H<sub>2<\/sub>-to-Torque Konzept)<\/figcaption><\/figure>\n\n\n\n<p>In klassischen Brennstoffzellen-Systemen regeln DC\/DC-Wandler die Zwischennetzspannung sowie den Betriebspunkt der Brennstoffzellen. Ein \u00fcber das Zwischennetz gespeister zentraler Wechselrichter sorgt f\u00fcr die Ansteuerung der Motorspulen (Abbildung 5). Da diese Komponenten durch die neue Technologie ersetz werden, m\u00fcssen neue Konzepte und Regelstrategien zur Ansteuerung der Motorspulen sowie Regelung der Brennstoffzellen entwickelt werden.<\/p>\n\n\n\n<div style=\"height:19px\" aria-hidden=\"true\" class=\"wp-block-spacer\"><\/div>\n\n\n\n<figure class=\"wp-block-image size-large is-resized\"><img loading=\"lazy\" decoding=\"async\" src=\"https:\/\/www.hsu-hh.de\/ees\/wp-content\/uploads\/sites\/680\/2021\/01\/Beta03-1024x464.png\" data-credit=\"HSU \/ DLab\" alt=\"Zentrale Systeme\" class=\"wp-image-3883\" width=\"768\" height=\"348\" srcset=\"https:\/\/www.hsu-hh.de\/ees\/wp-content\/uploads\/sites\/680\/2021\/01\/Beta03-1024x464.png 1024w, https:\/\/www.hsu-hh.de\/ees\/wp-content\/uploads\/sites\/680\/2021\/01\/Beta03-300x136.png 300w, https:\/\/www.hsu-hh.de\/ees\/wp-content\/uploads\/sites\/680\/2021\/01\/Beta03-768x348.png 768w, https:\/\/www.hsu-hh.de\/ees\/wp-content\/uploads\/sites\/680\/2021\/01\/Beta03-1536x695.png 1536w, https:\/\/www.hsu-hh.de\/ees\/wp-content\/uploads\/sites\/680\/2021\/01\/Beta03-2048x927.png 2048w, https:\/\/www.hsu-hh.de\/ees\/wp-content\/uploads\/sites\/680\/2021\/01\/Beta03-1100x498.png 1100w\" sizes=\"auto, (max-width: 768px) 100vw, 768px\" \/><figcaption class=\"wp-element-caption\">Abbildung 5: Zentral gespeister Hauptantrieb mit Zwischennetzen (Klassisches Konzept)<\/figcaption><\/figure>\n\n\n\n<h2 class=\"wp-block-heading\"><strong>Projektziel<\/strong><\/h2>\n\n\n\n<p>Im Rahmen des Projektes entwickelt, realisiert und validiert die Professur ein Motor-Control-Unit-System (MCU-System), das die Motorspule mit elektrischer Energie versorgt. Das MCU-System besteht aus Schutzelektronik, Kommunikationsschnittstellen, Zustandserfassung und der Ansteuerung f\u00fcr die jeweiligen Motorspulen.<\/p>\n\n\n\n<p>Zur Analyse und Optimierung des neuen MCU-Systems entwirft die Professur einen eigenen Pr\u00fcfstand, der mit verschienden Versuchen die Funktion und die Zuverl\u00e4ssigkeit des neuen MCU-Systems validieren kann. Die Erkenntnisse der Pr\u00fcfstand-Versuche flie\u00dfen in einen Gesamtsystem-Pr\u00fcfstand ein, der das Potential dieses H<sub>2<\/sub>-to-Torque Konzeptes verdeutlicht. Aufgebaut wird der Gesamtsystem-Pr\u00fcfstand in Zusammenarbeit mit den Projektpartnern im ZAL.<\/p>\n\n\n\n<p>Diese Weiterentwicklung und Integration der Brennstoffzellentechnik kann eine bedeutende Rolle bei der Abkehr von fossilen Energietr\u00e4gern in der Mobilit\u00e4t spielen. Denkbare Nutzungsszenarien reichen von kleinen Flugger\u00e4ten bis hin zu Langstreckenflugzeugen. Besonders neuartige Mobilit\u00e4tskonzepte wie Drohnen oder Lufttaxis sind so mit klimafreundlicher Wasserstofftechnik ausstattbar. Somit folgt das Projekt dem Leitsatz der Luftfahrtstrategie der deutschen Bundesregierung:<\/p>\n\n\n\n<p><em>\u201eDer deutsche Luftfahrtsektor leistet mit seinen Produkten einen entscheidenden Beitrag zu einem umweltvertr\u00e4glichen, leistungsf\u00e4higen Luftverkehrssystem, das eine wichtige S\u00e4ule der gesamten Volkswirtschaft darstellt. Die Luftfahrtindustrie tr\u00e4gt als Technologief\u00fchrer auch f\u00fcr andere Branchen dauerhaft und wesentlich zur Wertsch\u00f6pfung in Deutschland bei [4].\u201d<\/em><\/p>\n\n\n\n<h2 class=\"wp-block-heading\"><strong>Projektkonsortium<\/strong><\/h2>\n\n\n\n<div class=\"wp-block-columns are-vertically-aligned-center is-layout-flex wp-container-core-columns-is-layout-9d6595d7 wp-block-columns-is-layout-flex\">\n<div class=\"wp-block-column is-vertically-aligned-center is-layout-flow wp-block-column-is-layout-flow\"><div class=\"wp-block-image\">\n<figure class=\"aligncenter size-large is-resized\"><img loading=\"lazy\" decoding=\"async\" src=\"https:\/\/www.hsu-hh.de\/ees\/wp-content\/uploads\/sites\/680\/2021\/01\/AIRBUS.png\" data-credit=\"Airbus Operations GmbH\" alt=\"Airbus\" class=\"wp-image-3870\" width=\"190\" height=\"55\" srcset=\"https:\/\/www.hsu-hh.de\/ees\/wp-content\/uploads\/sites\/680\/2021\/01\/AIRBUS.png 516w, https:\/\/www.hsu-hh.de\/ees\/wp-content\/uploads\/sites\/680\/2021\/01\/AIRBUS-300x88.png 300w\" sizes=\"auto, (max-width: 190px) 100vw, 190px\" \/><\/figure>\n<\/div><\/div>\n\n\n\n<div class=\"wp-block-column is-vertically-aligned-center is-layout-flow wp-block-column-is-layout-flow\"><div class=\"wp-block-image\">\n<figure class=\"aligncenter size-large is-resized\"><img loading=\"lazy\" decoding=\"async\" src=\"https:\/\/www.hsu-hh.de\/ees\/wp-content\/uploads\/sites\/680\/2021\/01\/DLR.png\" data-credit=\"DLR\" alt=\"DLR\" class=\"wp-image-3867\" width=\"135\" height=\"113\" \/><\/figure>\n<\/div><\/div>\n\n\n\n<div class=\"wp-block-column is-vertically-aligned-center is-layout-flow wp-block-column-is-layout-flow\"><div class=\"wp-block-image\">\n<figure class=\"aligncenter size-large is-resized\"><img loading=\"lazy\" decoding=\"async\" src=\"https:\/\/www.hsu-hh.de\/ees\/wp-content\/uploads\/sites\/680\/2021\/01\/HSU_FARBIG_HG_transparent_klein-1024x642.png\" data-credit=\"HSU\" alt=\"HSU (klein)\" class=\"wp-image-3878\" width=\"192\" height=\"120\" srcset=\"https:\/\/www.hsu-hh.de\/ees\/wp-content\/uploads\/sites\/680\/2021\/01\/HSU_FARBIG_HG_transparent_klein-1024x642.png 1024w, https:\/\/www.hsu-hh.de\/ees\/wp-content\/uploads\/sites\/680\/2021\/01\/HSU_FARBIG_HG_transparent_klein-300x188.png 300w, https:\/\/www.hsu-hh.de\/ees\/wp-content\/uploads\/sites\/680\/2021\/01\/HSU_FARBIG_HG_transparent_klein-768x481.png 768w, https:\/\/www.hsu-hh.de\/ees\/wp-content\/uploads\/sites\/680\/2021\/01\/HSU_FARBIG_HG_transparent_klein-1100x689.png 1100w, https:\/\/www.hsu-hh.de\/ees\/wp-content\/uploads\/sites\/680\/2021\/01\/HSU_FARBIG_HG_transparent_klein.png 1181w\" sizes=\"auto, (max-width: 192px) 100vw, 192px\" \/><\/figure>\n<\/div><\/div>\n\n\n\n<div class=\"wp-block-column is-vertically-aligned-center is-layout-flow wp-block-column-is-layout-flow\"><div class=\"wp-block-image\">\n<figure class=\"aligncenter size-large is-resized\"><img loading=\"lazy\" decoding=\"async\" src=\"https:\/\/www.hsu-hh.de\/ees\/wp-content\/uploads\/sites\/680\/2021\/01\/ZAL.png\" data-credit=\"\" alt=\"ZAL\" class=\"wp-image-3868\" width=\"165\" height=\"97\" \/><\/figure>\n<\/div><\/div>\n<\/div>\n\n\n\n<h2 class=\"wp-block-heading\">Quellen<\/h2>\n\n\n\n<p>[1] Schumann, U. <em>Klimawirkung des Luftverkehrs.<\/em> Deutsches Zentrum f\u00fcr Luft-und Raumfahrt e.V. &#8211; Institut f\u00fcr Physik der Atmosph\u00e4re (2000).<\/p>\n\n\n\n<p>[2] Darecki, M., et al. <em>Flightpath 2050\u2014Europe\u2019s Vision for Aviation-Report of the High Level Group on Aviation Research<\/em>. 2011<\/p>\n\n\n\n<p>[3] Schefer, Hendrik, et al. <em>Discussion on Electric Power Supply Systems for All Electric Aircraft<\/em>. IEEE Access 8 (2020): 84188-84216<\/p>\n\n\n\n<p>[4] Bundesministerium f\u00fcr Wirtschaft und Energie (<abbr title=\"Herausgeber\">Hrsg.<\/abbr>). <em>Die Luftfahrtstrategie der Bundesregie<\/em>rung. M\u00e4rz 2014<\/p>\n\n\n\n<h2 class=\"wp-block-heading\">Ansprechpartner<\/h2>\n\n\n\n<p><abbr title=\"Professor\">Prof.<\/abbr> <abbr title=\"Doktor\">Dr.<\/abbr>&#8211;<abbr title=\"Ingenieur\">Ing.<\/abbr> <abbr title=\"habilitatus\">habil.<\/abbr> Detlef Schulz (Teilprojektleiter)<\/p>\n\n\n\n<p>Projektgruppe BETA:<br>Lukas Baum, <abbr title=\"Master of Science\">M.Sc.<\/abbr><br><abbr title=\"Diplom\">Dipl.<\/abbr>&#8211;<abbr title=\"Ingenieur\">Ing.<\/abbr> Florian Grumm<br>Carsten Cosse, <abbr title=\"Master of Science\">M.Sc.<\/abbr><br>Fakult\u00e4t f\u00fcr Elektrotechnik<br>Elektrische Energiesysteme<\/p>\n\n\n\n<p>Kontakt: beta.ees@hsu-hh.de<\/p>\n","protected":false},"excerpt":{"rendered":"<p>FKZ: 03B10704B Der globale Luftverkehr tr\u00e4gt durch Emissionen zur Klimaerw\u00e4rmung bei; besonders Emissionen wie Kohlenstoffdioxid (CO2) und Stickoxide (NOx) haben hier eine teils gr\u00f6\u00dfere Wirkung als am Boden [1]. Daraus [&hellip;]<\/p>\n","protected":false},"author":57,"featured_media":0,"parent":3518,"menu_order":0,"comment_status":"closed","ping_status":"closed","template":"","meta":{"footnotes":""},"categories":[4,118],"tags":[520],"class_list":["post-3695","page","type-page","status-publish","hentry","category-forschung","category-projekte","tag-beta"],"_links":{"self":[{"href":"https:\/\/www.hsu-hh.de\/ees\/wp-json\/wp\/v2\/pages\/3695","targetHints":{"allow":["GET"]}}],"collection":[{"href":"https:\/\/www.hsu-hh.de\/ees\/wp-json\/wp\/v2\/pages"}],"about":[{"href":"https:\/\/www.hsu-hh.de\/ees\/wp-json\/wp\/v2\/types\/page"}],"author":[{"embeddable":true,"href":"https:\/\/www.hsu-hh.de\/ees\/wp-json\/wp\/v2\/users\/57"}],"replies":[{"embeddable":true,"href":"https:\/\/www.hsu-hh.de\/ees\/wp-json\/wp\/v2\/comments?post=3695"}],"version-history":[{"count":36,"href":"https:\/\/www.hsu-hh.de\/ees\/wp-json\/wp\/v2\/pages\/3695\/revisions"}],"predecessor-version":[{"id":7095,"href":"https:\/\/www.hsu-hh.de\/ees\/wp-json\/wp\/v2\/pages\/3695\/revisions\/7095"}],"up":[{"embeddable":true,"href":"https:\/\/www.hsu-hh.de\/ees\/wp-json\/wp\/v2\/pages\/3518"}],"wp:attachment":[{"href":"https:\/\/www.hsu-hh.de\/ees\/wp-json\/wp\/v2\/media?parent=3695"}],"wp:term":[{"taxonomy":"category","embeddable":true,"href":"https:\/\/www.hsu-hh.de\/ees\/wp-json\/wp\/v2\/categories?post=3695"},{"taxonomy":"post_tag","embeddable":true,"href":"https:\/\/www.hsu-hh.de\/ees\/wp-json\/wp\/v2\/tags?post=3695"}],"curies":[{"name":"wp","href":"https:\/\/api.w.org\/{rel}","templated":true}]}}