{"id":3556,"date":"2020-11-26T07:21:11","date_gmt":"2020-11-26T06:21:11","guid":{"rendered":"https:\/\/www.hsu-hh.de\/ees\/?page_id=3556"},"modified":"2025-10-15T10:35:54","modified_gmt":"2025-10-15T08:35:54","slug":"dissertationen","status":"publish","type":"page","link":"https:\/\/www.hsu-hh.de\/ees\/publikationen-2020\/dissertationen","title":{"rendered":"Dissertationen"},"content":{"rendered":"\n<p><em>Eskander, M.<\/em><br>Design of charging infrastructures for electric buses in metropolitan areas, integrating ancillary services and vehicle-to-storage supply <br>Dissertation Helmut-Schmidt-Universit\u00e4t \/ Universit\u00e4t der Bundeswehr Hamburg 2025<\/p>\n\n\n\n<p><em>Jahic, A.<\/em><br>Towards optimal operation of large-scale electric bus depots: Load analysis, load management, scheduling, and flexibility assessment <br>Dissertation Helmut-Schmidt-Universit\u00e4t \/ Universit\u00e4t der Bundeswehr Hamburg 2024<\/p>\n\n\n\n<p><em>Grumm, F.<\/em><br>Kurzschlussschutz f\u00fcr Flugzeug-Bordnetze mit verteilten Brennstoffzellen-Systemen<br>Dissertation Helmut-Schmidt-Universit\u00e4t \/ Universit\u00e4t der Bundeswehr Hamburg 2023<\/p>\n\n\n\n<p><em>Heider, F.<\/em><br>Entwicklung einer auf Agilit\u00e4tsfaktoren basierenden Flexibilit\u00e4tsmethodik f\u00fcr die Verteilnetze: Analyse der Auswirkung einer steigenden elektrischen Steuerbarkeit des Privatsektors unter Beachtung der Smart-Meter-Gateway-Infrastruktur<br>Dissertation Helmut-Schmidt-Universit\u00e4t \/ Universit\u00e4t der Bundeswehr Hamburg 2023<\/p>\n\n\n\n<p><em>Schumann, M.<\/em><br>Untersuchung der Integration interner Steuerelemente in eine Polymerelektrolyt-Brennstoffzelle<br>Dissertation Helmut-Schmidt-Universit\u00e4t \/ Universit\u00e4t der Bundeswehr Hamburg 2023<\/p>\n\n\n\n<p><em>Nya, B.<\/em><br><a rel=\"noreferrer noopener\" href=\"https:\/\/www.vde-verlag.de\/buecher\/575206\/innovative-elektrische-flugzeugbordnetze-fuer-eine-optimierte-bordstromverteilung.html\" target=\"_blank\">Innovative elektrische Flugzeugbordnetze f\u00fcr eine optimierte Bordstromverteilung<\/a><br>Dissertation Helmut-Schmidt-Universit\u00e4t \/ Universit\u00e4t der Bundeswehr Hamburg 2020<\/p>\n\n\n\n<p><em>Halimjanova, M.<\/em><br><a rel=\"noreferrer noopener\" href=\"https:\/\/openhsu.ub.hsu-hh.de\/handle\/10.24405\/4884\" target=\"_blank\">Investigation and optimization of the energy efficiency of the Tajik energy system<\/a><br>Dissertation Helmut-Schmidt-Universit\u00e4t \/ Universit\u00e4t der Bundeswehr Hamburg 2019<\/p>\n\n\n\n<p><em>Dietmannsberger, M.<\/em><br><a href=\"https:\/\/openhsu.ub.hsu-hh.de\/handle\/10.24405\/4345\" rel='nofollow'>Voltage and Frequency Control of Embedded Low-Voltage Islanded Grids with Power-Electronic Generation Units<\/a><br>Dissertation Helmut-Schmidt-Universit\u00e4t \/ Universit\u00e4t der Bundeswehr Hamburg 2017<\/p>\n\n\n\n<p><em>Jordan, M.<\/em><br><a href=\"http:\/\/ub.hsu-hh.de\/DB=1\/PPN?PPN=872855902\" target=\"_blank\" rel=\"noreferrer noopener\">Untersuchung von Methoden zur Identifikation der zeit- und frequenzabh\u00e4ngigen Netzimpedanz<\/a>,<br>Dissertation Helmut-Schmidt-Universit\u00e4t \/ Universit\u00e4t der Bundeswehr Hamburg 2016<\/p>\n\n\n\n<p><em>Wei\u00df, T.<\/em><br><a href=\"https:\/\/openhsu.ub.hsu-hh.de\/handle\/10.24405\/9475\" rel='nofollow'>Optimizing electricity supply system operation and planning \u2013&nbsp;Development of the Energy System Optimization Studio<\/a>&nbsp;(ESOS),<br>Dissertation Helmut-Schmidt-Universit\u00e4t \/ Universit\u00e4t der Bundeswehr Hamburg 2016,&nbsp;VDE&nbsp;Verlag,&nbsp;<abbr title=\"International Standard Book Number\">ISBN<\/abbr>&nbsp;978-3-8007-4223-3<\/p>\n\n\n\n<p><em>Ter\u00f6rde, M.<\/em><br><a href=\"https:\/\/www.vde-verlag.de\/buecher\/574142\/lastumverteilungsverfahren-in-elektrischen-bordnetzen-von-verkehrsflugzeugen.html\" target=\"_blank\" rel=\"noreferrer noopener\">Lastumverteilungsverfahren in elektrischen Bordnetzen von Verkehrsflugzeugen<\/a>,<br>Dissertation Helmut-Schmidt-Universit\u00e4t \/ Universit\u00e4t der Bundeswehr Hamburg 2015,&nbsp;VDE&nbsp;Verlag,&nbsp;<abbr title=\"International Standard Book Number\">ISBN<\/abbr>&nbsp;978-3-8007-4142-7<\/p>\n\n\n\n<p><em>Langkowski, H.<\/em><br><a href=\"https:\/\/www.vde-verlag.de\/buecher\/574120\/netzimpedanzmessung-in-nieder-und-mittelspannungsnetzen-zur-verbesserten-netzintegration-erneuerbarer-energieanlagen.html\" target=\"_blank\" rel=\"noreferrer noopener\">Netzimpedanzmessung in Nieder- und Mittelspannungsnetzen zur verbesserten Netzintegration Erneuerbarer Energieanlagen<\/a>,<br>Dissertation Helmut-Schmidt-Universit\u00e4t \/ Universit\u00e4t der Bundeswehr Hamburg 2015,&nbsp;VDE&nbsp;Verlag,&nbsp;<abbr title=\"International Standard Book Number\">ISBN<\/abbr>&nbsp;978-3-8007-4120-5<\/p>\n\n\n\n<p><em>Do, T. T.<\/em><br>Messeinrichtung zur mobilen Netzimpedanzmessung auf der Mittelspannungsebene,<br>Dissertation Helmut-Schmidt-Universit\u00e4t &nbsp;\/ Universit\u00e4t der&nbsp;Bundeswehr&nbsp;Hamburg 2014,&nbsp;VDE&nbsp;Verlag,&nbsp;<abbr title=\"International Standard Book Number\">ISBN<\/abbr>&nbsp;978-3-8007-3633-1<br><strong>F\u00fcr diese Dissertation wurde Herr&nbsp;<abbr title=\"Doktor\">Dr.<\/abbr>&#8211;<abbr title=\"Ingenieur\">Ing.<\/abbr>&nbsp;Do im Jahr 2015 mit dem Wissenschaftspreis der Helmut-Schmidt-Universit\u00e4t ausgezeichnet.<\/strong><\/p>\n\n\n\n<p><em>L\u00fccken, A.<\/em><br>Integration von Brennstoffzellen in Flugzeugbordnetze,<br>Dissertation Helmut-Schmidt-Universit\u00e4t &nbsp;\/ Universit\u00e4t der&nbsp;Bundeswehr&nbsp;Hamburg 2014,&nbsp;VDE&nbsp;Verlag,&nbsp;<abbr title=\"International Standard Book Number\">ISBN<\/abbr>&nbsp;978-3-8007-3631-7<br><strong>F\u00fcr diese Dissertation wurde Herrn&nbsp;<abbr title=\"Doktor\">Dr.<\/abbr>&#8211;<abbr title=\"Ingenieur\">Ing.<\/abbr>&nbsp;Arno L\u00fccken am 28. Juni 2017 der Heinz und Joachim Gretz-Promotionspreis 2016 der Wasserstoff-Gesellschaft Hamburg e.V. verliehen.<\/strong><\/p>\n\n\n\n<p><em>Brombach, J.<\/em><br><a href=\"https:\/\/edoc.sub.uni-hamburg.de\/hsu\/volltexte\/2014\/3082\/pdf\/2014_Brombach.pdf\" target=\"_blank\" rel=\"noreferrer noopener\">Methoden zur Gewichtsreduktion in elektrischen Flugzeugkabinennetzen<\/a>,<br>Dissertation Helmut-Schmidt-Universit\u00e4t&nbsp;\/ Universit\u00e4t der&nbsp;Bundeswehr&nbsp;Hamburg 2014<\/p>\n\n\n\n<p><em>Schr\u00f6ter, T.<\/em><br><a href=\"https:\/\/www.vde-verlag.de\/buecher\/573510\/power-management-on-aircraft.html\" target=\"_blank\" rel=\"noreferrer noopener\">Power Management on Aircraft<\/a>,<br>Dissertation Helmut-Schmidt-Universit\u00e4t &nbsp;\/ Universit\u00e4t der&nbsp;Bundeswehr&nbsp;Hamburg 2013, VDE Verlag,&nbsp;<abbr title=\"International Standard Book Number\">ISBN<\/abbr>&nbsp;978-3-8007-3510-5<\/p>\n\n\n\n<h3 class=\"wp-block-heading\">Arbeiten des Fachgebiets Elektrische Energieversorgung und Hochspannungstechnik<\/h3>\n\n\n\n<p><em>Lotter, O.<\/em><br>Minimale Zustandsform asymmetrischer dreiphasiger Energieversorgungsnetze,<br>Dissertation Helmut-Schmidt-Universit\u00e4t &nbsp;\/ Universit\u00e4t der&nbsp;Bundeswehr&nbsp;Hamburg 2005<\/p>\n\n\n\n<p><em>Hirsch, G.<\/em><br>Semianalytische Simulation von systemimmanenten elektromechanischen Pendelschwingungen in Verbundnetzen,<br>Dissertation Universit\u00e4t der Bundeswehr Hamburg 2003<\/p>\n\n\n\n<p><em>Bollmann, Ch.<\/em><br>Direkte Berechnung der Kurzschlussreaktanzen, Wicklungskr\u00e4fte und Eigenformen von Leistungstransformatoren,<br>Dissertation Universit\u00e4t der Bundeswehr Hamburg 2001<\/p>\n\n\n\n<p><em>B\u00f6hm, T.<\/em><br>Analytische L\u00f6sung des Mehrmaschinenproblems f\u00fcr symmetrische Energieversorgungsnetze mit dreipoligem Kurzschlu\u00df,<br>Dissertation Universit\u00e4t der Bundeswehr Hamburg 1998.<\/p>\n\n\n\n<p><em>B\u00f6ker, A.<\/em><br>Analytische Berechnung von symmetrischen und asymmetrischen Kurzschlu\u00dfstr\u00f6men in Drehstromnetzen mit Generator-und Netzeinspeisungen,<br>Dissertation Universit\u00e4t der Bundeswehr Hamburg 1996<\/p>\n\n\n\n<p><em>Meyer, T.<\/em><br>Zweidimensionale feldtheoretische Berechnung der Streuinduktivit\u00e4ten sowie der Frequenzg\u00e4nge von verlustbehafteten induktiven Systemen,<br>Dissertation Universit\u00e4t der Bundeswehr Hamburg 1996<\/p>\n\n\n\n<p><em>Fricke, L.<\/em><br>Simulation von induktiven Hoch- und H\u00f6chstspannungswandlern und deren eigenschwingungsarme Gestaltung,<br>Dissertation Universit\u00e4t der Bundeswehr Hamburg 1989<\/p>\n\n\n\n<p><em>Heidorn, D.<\/em><br>Ein Beitrag zur Theorie transienter Leitungsnachbildungen,<br>Dissertation Universit\u00e4t der Bundeswehr Hamburg 1988<\/p>\n\n\n\n<p><em>Rosenberger, R.<\/em><br>Optimierender Entwurf von st\u00e4dtischen Verteilernetzen,<br>Dissertation Universit\u00e4t der Bundeswehr Hamburg 1987<\/p>\n\n\n\n<p><em>Dettmann, K.-D.<\/em><br>Berechnung von Ferroresonanzerscheinungen unter besonderer Ber\u00fccksichtigung von Remanenz&nbsp;Hysterese- und Wirbelstromeffekten,<br>Dissertation Hochschule der Bundeswehr Hamburg 1984<\/p>\n\n\n\n<p><em>Kegel, R.<\/em><br>Ein Beitrag zur Berechnung von Ferroresonanzerscheinungen in Energieversorgungsnetzen,<br>Dissertation Hochschule der Bundeswehr Hamburg 1981<\/p>\n","protected":false},"excerpt":{"rendered":"<p>Eskander, M.Design of charging infrastructures for electric buses in metropolitan areas, integrating ancillary services and vehicle-to-storage supply Dissertation Helmut-Schmidt-Universit\u00e4t \/ Universit\u00e4t der Bundeswehr Hamburg 2025 Jahic, A.Towards optimal operation of [&hellip;]<\/p>\n","protected":false},"author":57,"featured_media":0,"parent":3549,"menu_order":0,"comment_status":"closed","ping_status":"closed","template":"","meta":{"footnotes":""},"categories":[563],"tags":[564],"class_list":["post-3556","page","type-page","status-publish","hentry","category-publikationen","tag-dissertationen"],"_links":{"self":[{"href":"https:\/\/www.hsu-hh.de\/ees\/wp-json\/wp\/v2\/pages\/3556","targetHints":{"allow":["GET"]}}],"collection":[{"href":"https:\/\/www.hsu-hh.de\/ees\/wp-json\/wp\/v2\/pages"}],"about":[{"href":"https:\/\/www.hsu-hh.de\/ees\/wp-json\/wp\/v2\/types\/page"}],"author":[{"embeddable":true,"href":"https:\/\/www.hsu-hh.de\/ees\/wp-json\/wp\/v2\/users\/57"}],"replies":[{"embeddable":true,"href":"https:\/\/www.hsu-hh.de\/ees\/wp-json\/wp\/v2\/comments?post=3556"}],"version-history":[{"count":9,"href":"https:\/\/www.hsu-hh.de\/ees\/wp-json\/wp\/v2\/pages\/3556\/revisions"}],"predecessor-version":[{"id":8115,"href":"https:\/\/www.hsu-hh.de\/ees\/wp-json\/wp\/v2\/pages\/3556\/revisions\/8115"}],"up":[{"embeddable":true,"href":"https:\/\/www.hsu-hh.de\/ees\/wp-json\/wp\/v2\/pages\/3549"}],"wp:attachment":[{"href":"https:\/\/www.hsu-hh.de\/ees\/wp-json\/wp\/v2\/media?parent=3556"}],"wp:term":[{"taxonomy":"category","embeddable":true,"href":"https:\/\/www.hsu-hh.de\/ees\/wp-json\/wp\/v2\/categories?post=3556"},{"taxonomy":"post_tag","embeddable":true,"href":"https:\/\/www.hsu-hh.de\/ees\/wp-json\/wp\/v2\/tags?post=3556"}],"curies":[{"name":"wp","href":"https:\/\/api.w.org\/{rel}","templated":true}]}}