{"id":3549,"date":"2020-11-26T07:14:49","date_gmt":"2020-11-26T06:14:49","guid":{"rendered":"https:\/\/www.hsu-hh.de\/ees\/?page_id=3549"},"modified":"2025-11-27T16:02:30","modified_gmt":"2025-11-27T15:02:30","slug":"publikationen-2020","status":"publish","type":"page","link":"https:\/\/www.hsu-hh.de\/ees\/publikationen-2020","title":{"rendered":"Publikationen"},"content":{"rendered":"\n<div style=\"height:29px\" aria-hidden=\"true\" class=\"wp-block-spacer\"><\/div>\n\n\n\n<p><a href=\"https:\/\/www.hsu-hh.de\/ees\/publikationen-2020\/buecher\">B\u00fccher<\/a><\/p>\n\n\n\n<p><a href=\"https:\/\/www.hsu-hh.de\/ees\/publikationen-2020\/buchkapitel\">Buchkapitel<\/a><\/p>\n\n\n\n<p><a href=\"https:\/\/www.hsu-hh.de\/ees\/publikationen-2020\/dissertationen\">Dissertationen<\/a><\/p>\n\n\n\n<p><a href=\"https:\/\/www.hsu-hh.de\/ees\/wissenschaftliche-studien\">Wissenschaftliche Studien<\/a><\/p>\n\n\n\n<p><a href=\"https:\/\/www.hsu-hh.de\/ees\/wissenschaftliche-reports\" data-type=\"page\" data-id=\"4009\">Reports und Projektstudien<\/a><\/p>\n\n\n\n<h3 class=\"wp-block-heading\">Ver\u00f6ffentlichungen und Kongressbeitr\u00e4ge<\/h3>\n\n\n\n<ul class=\"wp-block-list\">\n<li><a href=\"https:\/\/www.hsu-hh.de\/ees\/publikationen-2020\/veroeffentlichungen-und-kongressbeitraege\">Jahrg\u00e4nge 2018 &#8211; 2025<\/a><\/li>\n\n\n\n<li><a href=\"https:\/\/www.hsu-hh.de\/ees\/publikationen-2020\/veroeffentlichungen-und-kongressbeitraege#2017\">Jahrg\u00e4nge 2011 &#8211; 2017<\/a><\/li>\n\n\n\n<li><a href=\"https:\/\/www.hsu-hh.de\/ees\/publikationen-2020\/veroeffentlichungen-und-kongressbeitraege#2010\">Jahrg\u00e4nge 2006 &#8211; 2010<\/a><\/li>\n\n\n\n<li><a href=\"https:\/\/www.hsu-hh.de\/ees\/publikationen-2020\/veroeffentlichungen-und-kongressbeitraege#2005\">Jahrg\u00e4nge 2000 &#8211; 2005<\/a><\/li>\n\n\n\n<li><a href=\"https:\/\/www.hsu-hh.de\/ees\/publikationen-2020\/veroeffentlichungen-und-kongressbeitraege#vor2000\">Jahrg\u00e4nge vor 2000<\/a><\/li>\n<\/ul>\n\n\n\n<div style=\"height:30px\" aria-hidden=\"true\" class=\"wp-block-spacer\"><\/div>\n\n\n\n<h3 class=\"wp-block-heading\">Studentenarbeiten<\/h3>\n\n\n\n<ul class=\"wp-block-list\">\n<li><a href=\"https:\/\/www.hsu-hh.de\/ees\/publikationen-2020\/studentenarbeiten\">Jahrg\u00e4nge 2018 &#8211; 2025<\/a><\/li>\n\n\n\n<li><a href=\"https:\/\/www.hsu-hh.de\/ees\/publikationen-2020\/studentenarbeiten#2017\">Jahrg\u00e4nge 2011 &#8211; 2017<\/a><\/li>\n\n\n\n<li><a href=\"https:\/\/www.hsu-hh.de\/ees\/publikationen-2020\/studentenarbeiten#2010\">Jahrg\u00e4nge 2006 &#8211; 2010<\/a><\/li>\n\n\n\n<li><a href=\"https:\/\/www.hsu-hh.de\/ees\/publikationen-2020\/studentenarbeiten#2005\">Jahrg\u00e4nge 2000 &#8211; 2005<\/a><\/li>\n\n\n\n<li><a href=\"https:\/\/www.hsu-hh.de\/ees\/publikationen-2020\/studentenarbeiten#vor2000\">Jahrg\u00e4nge vor 2000<\/a><\/li>\n<\/ul>\n\n\n\n<p><\/p>\n","protected":false},"excerpt":{"rendered":"<p>B\u00fccher Buchkapitel Dissertationen Wissenschaftliche Studien Reports und Projektstudien Ver\u00f6ffentlichungen und Kongressbeitr\u00e4ge Studentenarbeiten<\/p>\n","protected":false},"author":57,"featured_media":0,"parent":0,"menu_order":0,"comment_status":"closed","ping_status":"closed","template":"","meta":{"footnotes":""},"categories":[563],"tags":[],"class_list":["post-3549","page","type-page","status-publish","hentry","category-publikationen"],"_links":{"self":[{"href":"https:\/\/www.hsu-hh.de\/ees\/wp-json\/wp\/v2\/pages\/3549","targetHints":{"allow":["GET"]}}],"collection":[{"href":"https:\/\/www.hsu-hh.de\/ees\/wp-json\/wp\/v2\/pages"}],"about":[{"href":"https:\/\/www.hsu-hh.de\/ees\/wp-json\/wp\/v2\/types\/page"}],"author":[{"embeddable":true,"href":"https:\/\/www.hsu-hh.de\/ees\/wp-json\/wp\/v2\/users\/57"}],"replies":[{"embeddable":true,"href":"https:\/\/www.hsu-hh.de\/ees\/wp-json\/wp\/v2\/comments?post=3549"}],"version-history":[{"count":20,"href":"https:\/\/www.hsu-hh.de\/ees\/wp-json\/wp\/v2\/pages\/3549\/revisions"}],"predecessor-version":[{"id":8160,"href":"https:\/\/www.hsu-hh.de\/ees\/wp-json\/wp\/v2\/pages\/3549\/revisions\/8160"}],"wp:attachment":[{"href":"https:\/\/www.hsu-hh.de\/ees\/wp-json\/wp\/v2\/media?parent=3549"}],"wp:term":[{"taxonomy":"category","embeddable":true,"href":"https:\/\/www.hsu-hh.de\/ees\/wp-json\/wp\/v2\/categories?post=3549"},{"taxonomy":"post_tag","embeddable":true,"href":"https:\/\/www.hsu-hh.de\/ees\/wp-json\/wp\/v2\/tags?post=3549"}],"curies":[{"name":"wp","href":"https:\/\/api.w.org\/{rel}","templated":true}]}}