{"id":3518,"date":"2020-11-24T09:41:31","date_gmt":"2020-11-24T08:41:31","guid":{"rendered":"https:\/\/www.hsu-hh.de\/ees\/?page_id=3518"},"modified":"2025-02-27T12:24:48","modified_gmt":"2025-02-27T11:24:48","slug":"forschungsgebiete","status":"publish","type":"page","link":"https:\/\/www.hsu-hh.de\/ees\/forschung\/forschungsgebiete","title":{"rendered":"Forschungsgebiete"},"content":{"rendered":"\n<h3 class=\"wp-block-heading\" id=\"Energiesysteme\">Elektrisches Energiesystem<\/h3>\n\n\n\n<ul class=\"wp-block-list\">\n<li><a href=\"https:\/\/www.hsu-hh.de\/ees\/forschung-2020\/inep\" data-type=\"page\" data-id=\"3789\">Integrierte Netzplanung f\u00fcr die drei Energietr\u00e4ger Strom, Gas und W\u00e4rme (iNeP)<\/a><\/li>\n\n\n\n<li><a rel=\"noreferrer noopener\" href=\"https:\/\/www.hsu-hh.de\/ees\/dtec-risktwin-deu\" target=\"_blank\">dtec RISK.twin (Intelligente kritische technische Infrastruktur)<\/a><\/li>\n\n\n\n<li>Analyse und Bewertung von SLP-Segmenten (SNH)<\/li>\n\n\n\n<li><a rel=\"noreferrer noopener\" href=\"https:\/\/www.dena.de\/newsroom\/publikationsdetailansicht\/pub\/ausgestaltung-robuster-und-sicherer-regelungssysteme-zur-vermeidung-ungewollter-inselnetzbildung\/\" target=\"_blank\">Ausgestaltung robuster und sicherer Regelungssysteme zur Vermeidung ungewollter Inselnetzbildung<\/a> (dena-Studie)<\/li>\n\n\n\n<li>Verbundprojekt: NetzHarmonie<br><a href=\"https:\/\/www.hsu-hh.de\/ees\/netzharmonie\">Optimierte Effizienz und Netzvertr\u00e4glichkeit bei der Integration von Erzeugungsanlagen aus Oberschwingungssicht<\/a>,<br>Verbundvorhaben mit 20 Projektpartnern, gef\u00f6rdert von Bundesministerium f\u00fcr Wirtschaft und Energie sowie Bundesministerium f\u00fcr Bildung und Forschung<\/li>\n\n\n\n<li><a href=\"https:\/\/www.hsu-hh.de\/ees\/anforderungen-an-das-stromnetz-durch-elektromobilitaet-insbesondere-elektrobusse-in-hamburg-metastudie-elektromobilitaet\">Anforderungen an das Stromnetz durch Elektromobilit\u00e4t, insbesondere Elektrobusse, in Hamburg<\/a> (Metastudie Elektromobilit\u00e4t)<\/li>\n\n\n\n<li><a href=\"https:\/\/www.hsu-hh.de\/ees\/inselnetzerkennung-in-niederspannungsnetzen\">Inselnetzerkennung in Niederspannungsnetzen<\/a> (FFN-Studie)<\/li>\n\n\n\n<li><a href=\"https:\/\/www.hsu-hh.de\/ees\/untersuchung-der-auswirkungen-der-integration-von-dezentralen-erzeugungsanlagen-in-den-verschiedenen-spannungsebenen-auf-den-koordinierten-geraete-und-anlagenschutz\">Untersuchung der Auswirkungen der Integration von dezentralen Erzeugungsanlagen in den verschiedenen Spannungsebenen auf den koordinierten Ger\u00e4te- und Anlagenschutz<\/a><br>Kooperationspartner: DEHN SE + Co <abbr title=\"Kommanditgesellschaft\">KG<\/abbr><\/li>\n\n\n\n<li><a href=\"https:\/\/www.hsu-hh.de\/ees\/autarke-notstromversorgung-der-bevoelkerung-unterhalb-der-kritis-schwelle\">Autarke Notstromversorgung der Bev\u00f6lkerung unterhalb der KRITIS-Schwelle<\/a><br>Kooperationspartner: Bundesamt f\u00fcr Bev\u00f6lkerungsschutz und Katastrophenhilfe<\/li>\n\n\n\n<li>EEG-Monitoring<br>Kooperationspartner: IE Leipzig, BioConsult SH, Bundesministerium f\u00fcr Umwelt, Naturschutz, Bau und Reaktorsicherheit<\/li>\n\n\n\n<li>Einfluss von Netzasymmetrien und Harmonischen bei doppelt gespeisten Asynchrongeneratoren von Windenergieanlagen<\/li>\n\n\n\n<li><a href=\"https:\/\/www.hsu-hh.de\/ees\/modellbildung-von-windenergieanlagen-und-ihrer-netzkopplung\">Modellbildung von Windenergieanlagen und ihrer Netzkopplung<\/a><\/li>\n\n\n\n<li><a href=\"https:\/\/www.hsu-hh.de\/ees\/pruefstaende-zur-optimierung-der-netzintegration-von-windenergieanlagen\">Pr\u00fcfst\u00e4nde zur Optimierung der Netzintegration von Windenergieanlagen<\/a> (Windenergieanlagentechnik)<\/li>\n\n\n\n<li>Netzvertr\u00e4glichkeitsmessung an einer 5-MW-Windenergieanlage f\u00fcr den Offshore-Bereich<\/li>\n\n\n\n<li>EU-Projekt &#8222;CRETA&#8220; (Entwicklung eines Curriculums f\u00fcr Erneuerbare Energien an Universit\u00e4ten in Zentralasien),<br>Internationale Zusammenarbeit zur Schaffung neuer Studieng\u00e4nge im Bereich erneuerbarer Energien<\/li>\n<\/ul>\n\n\n\n<h3 class=\"wp-block-heading\" id=\"Netzidentifikation\">Netzidentifikation<\/h3>\n\n\n\n<ul class=\"wp-block-list\">\n<li>ImaStabil, Impedanzanalyse von PV-Kraftwerken zur Sicherstellung eines stabilen und zuverl\u00e4ssigen Betriebs am Netz<br>Teilvorhaben: <a href=\"https:\/\/www.hsu-hh.de\/ees\/impedanzanalyse-von-pv-kraftwerken-zur-sicherstellung-eines-stabilen-und-zuverlaessigen-betriebs-am-netz-imastabil\" target=\"_blank\" rel=\"noreferrer noopener\">Optimierte Netzanschlussbewertung von Erneuerbaren Energieanlagen durch die Bewertung von Oberschwingungsemissionen mittels zeit- und frequenzabh\u00e4ngiger Netz- und Anlagenimpedanzmessung<\/a><br>2023-2026, Fraunhofer ISE, morEnergy, greentech und <abbr title=\"Helmut Schmidt Universit\u00e4t\">HSU<\/abbr>, gef\u00f6rdert durch das Bundesministerium f\u00fcr Wirtschaft und Klimaschutz<\/li>\n\n\n\n<li>Verbundvorhaben: New 4.0 Norddeutsche Energiewende<br>Teilvorhaben: <a href=\"https:\/\/www.hsu-hh.de\/ees\/messtechnische-bestimmung-der-netzimpedanz-in-mittel-und-hochspannungsnetzen-mit-hohem-ee-anteil-zur-beurteilung-der-netzintegration-von-speichern-und-potentialabschaetzung-der-verbraucherflexibilisi\">Bestimmung der Netzimpedanz in Mittel- und Hochspannungsnetzen mit hohem Anteil erneuerbarer Energien<\/a>,<br>2016-2020, 60 Partner, F\u00f6rderung durch: Bundesministerium f\u00fcr Wirtschaft und Energie<\/li>\n\n\n\n<li>Verbundprojekt: NetzHarmonie<br><a href=\"https:\/\/www.hsu-hh.de\/ees\/netzharmonie\">Optimierte Effizienz und Netzvertr\u00e4glichkeit bei der Integration von Erzeugungsanlagen aus Oberschwingungssicht<\/a>,<br>Verbundvorhaben mit 20 Projektpartnern, gef\u00f6rdert von Bundesministerium f\u00fcr Wirtschaft und Energie sowie Bundesministerium f\u00fcr Bildung und Forschung<\/li>\n\n\n\n<li>Identifikation der Netzimpedanz auf der Mittelspannungsebene:<br><a href=\"https:\/\/www.hsu-hh.de\/ees\/entwicklung-eines-messgeraetes-zur-bestimmung-der-zeit-und-frequenzabhaengigen-netzimpedanz-auf-der-mittelspannungsebene\">BMU-Projekt &#8222;Entwicklung eines Messger\u00e4tes zur Bestimmung der zeit- und frequenzabh\u00e4ngigen Netzimpedanz auf der Mittelspannungsebene&#8220;<\/a><br>Kooperationspartner: Bundesministerium f\u00fcr Umwelt, Naturschutz, Bau und Reaktorsicherheit<\/li>\n\n\n\n<li>Identifikation der Netzimpedanz auf der Hochspannungsebene:<br><a href=\"https:\/\/www.hsu-hh.de\/ees\/forschung\/netzimpedanz-110-kv\">BMWi-Projekt &#8222;Entwicklung eines Messger\u00e4ts zur Bestimmung der frequenzabh\u00e4ngigen Netzimpedanz auf der Hochspannungsebene bis 110 kV zur Bewertung der Verf\u00fcgbarkeit von Netzkapazit\u00e4ten als Systemgr\u00f6\u00dfe zur Dimensionierung von Energiespeichern&#8220;<\/a><br>Kooperationspartner: Bundesministerium f\u00fcr Umwelt, Naturschutz, Bau und Reaktorsicherheit<\/li>\n\n\n\n<li><a href=\"https:\/\/www.hsu-hh.de\/ees\/dtec-dned-deu\" target=\"_blank\" rel=\"noreferrer noopener\">dtec DNeD (Digitalisierte, rechtssichere und emissionsarme flugmobile Inspektion und Netzdatenerfassung mit automatisierten Drohnen)<\/a><\/li>\n<\/ul>\n\n\n\n<h3 class=\"wp-block-heading\" id=\"Elektromobilit\u00e4t\">Elektromobilit\u00e4t<\/h3>\n\n\n\n<ul class=\"wp-block-list\">\n<li><a href=\"https:\/\/www.hsu-hh.de\/ees\/kola-projekt\" data-type=\"link\" data-id=\"https:\/\/www.hsu-hh.de\/ees\/kola-projekt\">Koordinierungsfunktion des Verteilnetzes und Lastmanagement f\u00fcr den elektrifizierten Personenverkehr (KoLa)<\/a><\/li>\n\n\n\n<li><a href=\"https:\/\/www.hsu-hh.de\/ees\/dtec-emob-deu\" target=\"_blank\" rel=\"noreferrer noopener\">dtec emob (Digitalisierung und Elektromobilit\u00e4t \u2013 Netz- und Ladeinfrastruktur)<\/a><\/li>\n\n\n\n<li><a href=\"https:\/\/www.hsu-hh.de\/ees\/forschung\/i-lum\">Innovative luftgest\u00fctzte urbane Mobilit\u00e4t (i-LUM)<\/a><\/li>\n\n\n\n<li><a href=\"https:\/\/www.hsu-hh.de\/ees\/forschung\/electrify-buildings-for-evs-elbe\">ELBE Electrify Buildings for EVs<\/a><\/li>\n\n\n\n<li><a href=\"https:\/\/www.hsu-hh.de\/ees\/forschung\/electrify-buildings-for-evs-elbe#secure\">ELBE secure<\/a><\/li>\n\n\n\n<li><a href=\"https:\/\/www.hsu-hh.de\/ees\/netzspeicherkonzepte-durch-integration-von-elektromobilitaet\">Netzspeicherkonzepte durch Integration von Elektromobilit\u00e4t<\/a><\/li>\n\n\n\n<li><a href=\"https:\/\/www.hsu-hh.de\/ees\/ladeinfrastrukturen\">Wissenschaftliche Begleitforschung zum Aufbau von Ladeinfrastrukturen auf Busbetriebsh\u00f6fen<\/a><br>F\u00f6rdergeber: Bundesministerium f\u00fcr Verkehr und digitale lnfrastruktur<\/li>\n\n\n\n<li><a href=\"https:\/\/www.hsu-hh.de\/ees\/anforderungen-an-das-stromnetz-durch-elektromobilitaet-insbesondere-elektrobusse-in-hamburg-metastudie-elektromobilitaet\">Anforderungen an das Stromnetz durch Elektromobilit\u00e4t, insbesondere Elektrobusse, in Hamburg<\/a> (Metastudie Elektromobilit\u00e4t)<\/li>\n<\/ul>\n\n\n\n<h3 class=\"wp-block-heading\" id=\"MultiModal\">Multi-Modale Energiesysteme<\/h3>\n\n\n\n<ul class=\"wp-block-list\">\n<li><a href=\"https:\/\/www.hsu-hh.de\/ees\/forschung-2020\/inep\" data-type=\"page\" data-id=\"3789\">Integrierte Netzplanung f\u00fcr die drei Energietr\u00e4ger Strom, Gas und W\u00e4rme (iNeP)<\/a><\/li>\n\n\n\n<li><a rel=\"noreferrer noopener\" href=\"https:\/\/www.hsu-hh.de\/ees\/dtec-coupleit-deu\" target=\"_blank\">dtec CoupleIT! (<abbr title=\"Informationstechnologie\">IT<\/abbr>-gest\u00fctzte Sektorenkopplung: Digital gesteuerte Brennstoffzellen- und Elektrolysetechnologie f\u00fcr station\u00e4re und mobile Anwendungen)<\/a><\/li>\n\n\n\n<li><a href=\"https:\/\/www.hsu-hh.de\/ees\/forschung\/hyreflexs\">Wasserstoffbasierte Notstromversorgung mit integriertem Regelkraftwerk mittels flexibler Sektorkopplung und Metallhydridspeichern (HyReflexS)<\/a><\/li>\n\n\n\n<li>StBZuEL \u2013 Entwicklung und Test von elektrisch steuerbaren Membraneinheiten in Polymer-Elektrolyt-Brennstoffzellen (PEMFC) und Elektrolyseuren mit interner Methanisierung im Auslasskanal <br>Teilprojekt: <a href=\"https:\/\/www.hsu-hh.de\/ees\/brennstoffzelle-mit-steuerbaren-membraneinheiten\">Technische Entwicklung und Test von elektrisch steuerbaren Membraneinheiten in PEM Brennstoffzellen<\/a><\/li>\n\n\n\n<li>StBZuEL \u2013 Entwicklung und Test von elektrisch steuerbaren Membraneinheiten in Polymer-Elektrolyt-Brennstoffzellen (PEMFC) &nbsp;und Elektrolyseuren mit interner Methanisierung im Auslasskanal<br>Teilprojekt: <a href=\"https:\/\/www.hsu-hh.de\/ees\/forschung\/technische-entwicklung-der-internen-methanisierung-im-gasauslasskanal\">Technische Entwicklung der internen Methanisierung im Gasauslasskanal<\/a><\/li>\n\n\n\n<li><a href=\"https:\/\/www.hsu-hh.de\/ees\/eu-projekt-bereitstellung-von-energiespeichern-zur-gewaehrleistung-eines-hohen-anteils-an-zeitlich-schwankender-energie-aus-erneuerbaren-energiequellen\">EU-Projekt stoRE: \u201eBereitstellung von Energiespeichern zur Gew\u00e4hrleistung eines hohen Anteils an zeitlich schwankender Energie aus erneuerbaren Energiequellen\u201c<\/a><\/li>\n\n\n\n<li>Konzepte f\u00fcr die Errichtung von Pumpspeicherkraftwerken in ehemaligen Tagebaustrukturen<\/li>\n\n\n\n<li>Zukunftswerkstadt: <a href=\"https:\/\/www.hsu-hh.de\/ees\/energetischen-potentials-der-verbrauchersteuerung\">Identifikation, Analyse und Bewertung des energetischen Potentials der Verbrauchersteuerung sowie der dezentralen und virtuellen Energiespeicherung<\/a><br>Kooperationspartner: Stadtwerke Norderstedt<\/li>\n\n\n\n<li>EnERgioN \u2013 Erneuerbare Energien in der Region Nord,<br>Teilprojekt: <a href=\"https:\/\/www.hsu-hh.de\/ees\/forschung\/nutzung-der-bundeswasserstrassen-als-energiespeicher\">Nutzung der Bundeswasserstra\u00dfen als Energiespeicher<\/a><\/li>\n\n\n\n<li>EnERgioN \u2013 Erneuerbare Energien in der Region Nord,<br>Teilprojekt: <a href=\"https:\/\/www.hsu-hh.de\/ees\/steuerung-von-virtuellen-kraftwerken-mit-technischen-wirtschaftlichen-und-rechtlichen-aspekten\">Steuerung von virtuellen Kraftwerken mit technischen, wirtschaftlichen und rechtlichen Aspekten<\/a><\/li>\n<\/ul>\n\n\n\n<h3 class=\"wp-block-heading\" id=\"Aircraft\">More Electric Aircraft<\/h3>\n\n\n\n<ul class=\"wp-block-list\">\n<li><a href=\"https:\/\/www.hsu-hh.de\/ees\/behypsy-b4-innovative-hydrogen-propulsion-system\">B4 Innovative Hydrogen Propulsion System (BeHyPSy)<\/a><\/li>\n\n\n\n<li><a href=\"https:\/\/www.hsu-hh.de\/ees\/forschung\/beta\" data-type=\"page\" data-id=\"3695\">Brennstoffzellensystem-Entwicklung f\u00fcr die technische Aviatik (BETA)<\/a><\/li>\n\n\n\n<li><a href=\"https:\/\/www.hsu-hh.de\/ees\/forschung\/fiona\">Funktions-Integrierte Optimierte Neuartige Additive Strukturen (FIONA)<\/a><\/li>\n\n\n\n<li><a href=\"https:\/\/www.hsu-hh.de\/ees\/forschung\/untersuchung-des-3d-drucks-zur-integration-elektrischer-funktionen\">3-D-Druckbauteile zur kombinierten Nutzung f\u00fcr elektrische Systeme im Flugzeug<\/a><br>Kooperationspartner: Airbus Operations <abbr title=\"Gesellschaft mit beschr\u00e4nkter Haftung\">GmbH<\/abbr><\/li>\n\n\n\n<li><a href=\"https:\/\/www.hsu-hh.de\/ees\/lff\/vermaschte-netze-im-kabinen-und-frachtraumbereich\">Vermaschte Netze im Kabinen- und Frachtraumbereich<\/a><br>Kooperationspartner: Airbus Operations <abbr title=\"Gesellschaft mit beschr\u00e4nkter Haftung\">GmbH<\/abbr><\/li>\n\n\n\n<li><a href=\"https:\/\/www.hsu-hh.de\/ees\/lff\/load-balancing\">Load Balancing<\/a><br>Kooperationspartner: Airbus Group Innovation<\/li>\n\n\n\n<li><a href=\"https:\/\/www.hsu-hh.de\/ees\/lff\/messungen-in-intelligenten-flugzeugbordnetzen\">Messungen in intelligenten Flugzeugbordnetzen<\/a><br>Kooperationspartner: Airbus Operations <abbr title=\"Gesellschaft mit beschr\u00e4nkter Haftung\">GmbH<\/abbr><\/li>\n\n\n\n<li><a href=\"https:\/\/www.hsu-hh.de\/ees\/lff\/ipad-applikation-zur-demonstratorsteuerung\">Erstellung einer iPad-Applikation zur Demonstratorsteuerung<\/a><br>Kooperationspartner: Airbus Operations <abbr title=\"Gesellschaft mit beschr\u00e4nkter Haftung\">GmbH<\/abbr><\/li>\n\n\n\n<li><a href=\"https:\/\/www.hsu-hh.de\/ees\/lff\/demonstrator-fuer-lastmanagement-systeme\">Entwicklung eines Demonstrators f\u00fcr Lastmanagement-Systeme<\/a><br>Kooperationspartner: Airbus Operations <abbr title=\"Gesellschaft mit beschr\u00e4nkter Haftung\">GmbH<\/abbr><\/li>\n\n\n\n<li><a href=\"https:\/\/www.hsu-hh.de\/ees\/lff\/pruefstand-fuer-zukuenftige-elektrische-kabinenenergieversorgung\">Entwicklung eines Pr\u00fcfstands f\u00fcr die zuk\u00fcnftige elektrische Kabinenenergieversorgung in Flugzeugen<\/a><br>Kooperationspartner: Airbus Operations <abbr title=\"Gesellschaft mit beschr\u00e4nkter Haftung\">GmbH<\/abbr><\/li>\n\n\n\n<li><a href=\"https:\/\/www.hsu-hh.de\/ees\/lff\/entwicklung-einer-secondary-power-distribution-box\">Entwicklung einer Secondary Power Distribution Box<\/a><br>Kooperationspartner: Airbus Operations <abbr title=\"Gesellschaft mit beschr\u00e4nkter Haftung\">GmbH<\/abbr><\/li>\n\n\n\n<li>Flexible, energieeffiziente Kabinenversorgung \u2013 <a href=\"https:\/\/www.hsu-hh.de\/ees\/lff\/flexible-stromversorgungsarchitektur\">Entwicklung einer flexiblen Stromversorgungsarchitektur mit intelligenten Schaltungsknoten f\u00fcr die Flugzeugkabine (FlexKab)<\/a><br>Kooperationspartner: EADS \/ Airbus Operations <abbr title=\"Gesellschaft mit beschr\u00e4nkter Haftung\">GmbH<\/abbr><\/li>\n\n\n\n<li><a href=\"https:\/\/www.hsu-hh.de\/ees\/lff\/intelligente-schaltungsknoten-zur-lastsymmetrierung\">Intelligente Schaltungsknoten zur Lastsymmetrierung im Bordnetz von Verkehrsflugzeugen (ACAPONE)<\/a><br>Kooperationspartner: EADS \/ Airbus Operations <abbr title=\"Gesellschaft mit beschr\u00e4nkter Haftung\">GmbH<\/abbr><\/li>\n\n\n\n<li>Leuchtturmprojekt 1 \u201e<a href=\"https:\/\/www.hsu-hh.de\/ees\/forschung\/kabinentechnologie-und-multifunktionale-brennstoffzelle\">Kabinentechnologie und multifunktionale Brennstoffzelle<\/a>\u201c im Spitzencluster Luftfahrtstandort Metropolregion Hamburg\n<ul class=\"wp-block-list\">\n<li>Teilprojekt: Architekturkonzepte f\u00fcr die Stromversorgung in der Flugzeugkabine,<br>Kooperationspartner: Airbus Operations <abbr title=\"Gesellschaft mit beschr\u00e4nkter Haftung\">GmbH<\/abbr>\n<ul class=\"wp-block-list\">\n<li>Thema 1: <a href=\"https:\/\/www.hsu-hh.de\/ees\/lff\/innovative-elektrische-flugzeugkabinennetze\">Innovative elektrische Flugzeugkabinennetze f\u00fcr eine optimierte Bordnetzversorgung<\/a><\/li>\n\n\n\n<li>Thema 2: <a href=\"https:\/\/www.hsu-hh.de\/ees\/lff\/optimierte-kabinenenergieversorgung\">Optimierte Kabinenenergieversorgung in modernen Verkehrsflugzeugen durch den Einsatz h\u00f6herer Gleichspannungsebenen<\/a><\/li>\n<\/ul>\n<\/li>\n\n\n\n<li>Teilprojekt: <a href=\"https:\/\/www.hsu-hh.de\/ees\/lff\/konzeptanalyse-integration-von-brennstoffzellen\">Konzeptanalyse einer elektrischen Integration von Brennstoffzellen in modernen Verkehrsflugzeugen<\/a>,<br>Kooperationspartner: Airbus Operations <abbr title=\"Gesellschaft mit beschr\u00e4nkter Haftung\">GmbH<\/abbr><\/li>\n<\/ul>\n<\/li>\n<\/ul>\n\n\n\n<h3 class=\"wp-block-heading\" id=\"Windenergie\">Weitere Projekte zu Energieversorgungsnetzen und Windenergie<\/h3>\n\n\n\n<ul class=\"wp-block-list\">\n<li>Optimierte Erzeugungs- und Verteilungsstrukturen f\u00fcr eine dezentrale Energieversorgung<\/li>\n\n\n\n<li>Netzregelung bei stark verteilter Energieerzeugung<\/li>\n\n\n\n<li>Verbesserte Einbindung von Windkraftanlagen und anderen regenerativen Energieerzeugern in das Energieversorgungsnetz<\/li>\n\n\n\n<li>Simulation und Optimierung von Generator-Umrichter-Konzepten zur Netzeinspeisung mit Windkraftanlagen<br>Netzplanung f\u00fcr Offshore-Windparks: Auslegung von Komponenten<\/li>\n\n\n\n<li>Netzqualit\u00e4tsmessungen (5 Netzanalysemessger\u00e4te)<\/li>\n\n\n\n<li>gemeinsame Messprojekte mit Windpark- und \u00dcbertragungsnetzbetreibern<\/li>\n\n\n\n<li>Messprojekte an Windkraftanlagen-Prototypen in Zusammenarbeit mit Herstellern<\/li>\n\n\n\n<li>Mitarbeit an Hamburger Forschungskonzepten (s. Brosch\u00fcre &#8222;Vision Hamburg \u2013 Responsible Growth Externer Link: Vision Hamburg \u2013 Responsible Growth &#8220; der Freien und Hansestadt Hamburg)<\/li>\n\n\n\n<li>Beteiligung am &#8222;Weiterbildenden Studium Windenergietechnik und -management&#8220; der Universit\u00e4t Oldenburg bzw.ForWind<\/li>\n\n\n\n<li>Kooperation mit dem &#8222;Haus der Technik e. V.&#8220; in Essen im Bereich der wissenschaftlichen Weiterbildung zum Thema Windenergie<\/li>\n<\/ul>\n","protected":false},"excerpt":{"rendered":"<p>Elektrisches Energiesystem Netzidentifikation Elektromobilit\u00e4t Multi-Modale Energiesysteme More Electric Aircraft Weitere Projekte zu Energieversorgungsnetzen und Windenergie<\/p>\n","protected":false},"author":57,"featured_media":0,"parent":3500,"menu_order":0,"comment_status":"closed","ping_status":"closed","template":"","meta":{"footnotes":""},"categories":[4],"tags":[562],"class_list":["post-3518","page","type-page","status-publish","hentry","category-forschung","tag-forschungsgebiete"],"_links":{"self":[{"href":"https:\/\/www.hsu-hh.de\/ees\/wp-json\/wp\/v2\/pages\/3518","targetHints":{"allow":["GET"]}}],"collection":[{"href":"https:\/\/www.hsu-hh.de\/ees\/wp-json\/wp\/v2\/pages"}],"about":[{"href":"https:\/\/www.hsu-hh.de\/ees\/wp-json\/wp\/v2\/types\/page"}],"author":[{"embeddable":true,"href":"https:\/\/www.hsu-hh.de\/ees\/wp-json\/wp\/v2\/users\/57"}],"replies":[{"embeddable":true,"href":"https:\/\/www.hsu-hh.de\/ees\/wp-json\/wp\/v2\/comments?post=3518"}],"version-history":[{"count":43,"href":"https:\/\/www.hsu-hh.de\/ees\/wp-json\/wp\/v2\/pages\/3518\/revisions"}],"predecessor-version":[{"id":7916,"href":"https:\/\/www.hsu-hh.de\/ees\/wp-json\/wp\/v2\/pages\/3518\/revisions\/7916"}],"up":[{"embeddable":true,"href":"https:\/\/www.hsu-hh.de\/ees\/wp-json\/wp\/v2\/pages\/3500"}],"wp:attachment":[{"href":"https:\/\/www.hsu-hh.de\/ees\/wp-json\/wp\/v2\/media?parent=3518"}],"wp:term":[{"taxonomy":"category","embeddable":true,"href":"https:\/\/www.hsu-hh.de\/ees\/wp-json\/wp\/v2\/categories?post=3518"},{"taxonomy":"post_tag","embeddable":true,"href":"https:\/\/www.hsu-hh.de\/ees\/wp-json\/wp\/v2\/tags?post=3518"}],"curies":[{"name":"wp","href":"https:\/\/api.w.org\/{rel}","templated":true}]}}