{"id":3500,"date":"2020-11-24T08:06:23","date_gmt":"2020-11-24T07:06:23","guid":{"rendered":"https:\/\/www.hsu-hh.de\/ees\/?page_id=3500"},"modified":"2024-07-15T15:31:54","modified_gmt":"2024-07-15T13:31:54","slug":"forschung","status":"publish","type":"page","link":"https:\/\/www.hsu-hh.de\/ees\/forschung","title":{"rendered":"Forschung"},"content":{"rendered":"\n<p>In der Professur f\u00fcr \u201eElektrische Energiesysteme\u201c werden sowohl die Methoden der \u201eklassischen\u201c Energietechnik als auch neue, angepasste Strategien zur Netzintegration verteilter Energieerzeuger auf die Thematik der dezentralen Stromerzeugung mit erneuerbaren Energien angewendet. Ein Schwerpunkt ist die Netzintegration von dezentralen Energiewandlern mit den sich daraus ergebenden Themenbereichen der Netzidentifikation und des zuk\u00fcnftigen Netzbetriebs mit verteilter Erzeugung. Diese Themen spiegeln sich im interdisziplin\u00e4ren Forschungscluster \u201eNachhaltige Energieversorgung\u201c wider, an dem die Professur ma\u00dfgeblich beteiligt ist. Zahlreiche Forschungsprojekte bestehen&nbsp; <abbr title=\"unter anderem\">u.a.<\/abbr>&nbsp;im Bereich der Netzimpedanzmessung in der Nieder-, Mittel- und Hochspannungsebene sowie bei der Einbindung von Speichern in Energieversorgungsnetzen.<\/p>\n\n\n\n<div style=\"height:29px\" aria-hidden=\"true\" class=\"wp-block-spacer\"><\/div>\n\n\n\n<p class=\"has-text-align-center\"><em>&#8230; <a href=\"https:\/\/www.hsu-hh.de\/ees\/forschungsprojekte\">Interesse an Forschung<\/a> ?<\/em><\/p>\n\n\n\n<div style=\"height:26px\" aria-hidden=\"true\" class=\"wp-block-spacer\"><\/div>\n\n\n\n<p>Auch am Forschungscluster &#8222;Luftfahrtforschung&#8220; der Helmut-Schmidt-Universit\u00e4t ist die Professur mit einer Reihe von Projekten beteiligt. Ein besonderes Gewicht liegt dabei auf der Entwicklung nachhaltiger zuk\u00fcnftiger Flugzeugbordnetze. In einem weiteren Themenkomplex&nbsp;wird untersucht, wie sich in solche Netzstrukturen Brennstoffzellen integrieren lassen.<\/p>\n\n\n\n<p>Das wissenschaftliche Spektrum der Professur beinhaltet messtechnische Untersuchungen und darauf aufbauende Simulationen sowie die Entwicklung neuer Simulationswerkzeuge f\u00fcr ausgew\u00e4hlte Betriebsf\u00e4lle in Energieversorgungsnetzen.<\/p>\n\n\n\n<p>Von der&nbsp;<a rel=\"noreferrer noopener\" href=\"https:\/\/www.awhamburg.de\/\" target=\"_blank\">Akademie der Wissenschaften<\/a>&nbsp; in Hamburg ist <abbr title=\"Professor\">Prof.<\/abbr> Schulz als&nbsp;Ordentliches Mitglied&nbsp; gew\u00e4hlt worden, um die Arbeitsschwerpunkte der Akademie im Bereich der Energieforschung zu verst\u00e4rken.<\/p>\n\n\n\n<p>Seit 2019 ist <abbr title=\"Professor\">Prof.<\/abbr> Schulz der Sprecher der Arbeitsgruppe <a rel=\"noreferrer noopener\" href=\"https:\/\/www.awhamburg.de\/forschung\/arbeitsgruppen\/wasserstoff.html\" target=\"_blank\">&#8222;Wasserstoff f\u00fcr das norddeutsche Energiesystem&#8220;<\/a>. Diese hat einen <a href=\"https:\/\/www.awhamburg.de\/wasserstoff-im-energiesystem.html\" target=\"_blank\" rel=\"noreferrer noopener\">umfangreichen und interaktiven \u00dcberblick<\/a> zur Wasserstoffherstellung, -speicherung und -nutzung im Kontext der Hamburger Metropolregion erstellt.<\/p>\n\n\n\n<h2 class=\"wp-block-heading\">dtec.bw\u00ae \u2013 Zentrum f\u00fcr Digitalisierungs- und Technologieforschung der Bundeswehr<\/h2>\n\n\n\n<p>Im Rahmen des Zentrums f\u00fcr Digitalisierungs- und Technologieforschung der Bundeswehr (dtec.bw) ist die Professur f\u00fcr Elektrische Energiesysteme an den vier Projekten <strong>EMob<\/strong>, <strong>CoupleIT!<\/strong>, <strong>DNeD<\/strong> und <strong>RISK.twin<\/strong> beteiligt. Eine \u00dcbersicht \u00fcber die vier Projekte sowie Verlinkungen zu den einzelnen Projekten finden Sie hier:<\/p>\n\n\n\n<p><a href=\"https:\/\/www.hsu-hh.de\/ees\/forschung\/dtec-bw-ees\">dtec.bw Projekte der Professur f\u00fcr Elektrische Energiesysteme<\/a><\/p>\n\n\n\n<h2 class=\"wp-block-heading\">Interdisziplin\u00e4re Forschungscluster an der Helmut-Schmidt-Universit\u00e4t<\/h2>\n\n\n\n<p>An folgenden Forschungsclustern der&nbsp;<abbr title=\"Helmut Schmidt Universit\u00e4t\">HSU<\/abbr>&nbsp;ist die Professur f\u00fcr Elektrische Energiesysteme beteiligt:<\/p>\n\n\n\n<ul class=\"wp-block-list\">\n<li><a href=\"https:\/\/www.hsu-hh.de\/ees\/nev\">Forschungscluster &#8222;Nachhaltige Energieversorgung&#8220;<\/a><\/li>\n\n\n\n<li><a href=\"https:\/\/www.hsu-hh.de\/ees\/lff\">Forschungscluster &#8222;Luftfahrtforschung&#8220;<\/a><\/li>\n<\/ul>\n\n\n\n<h2 class=\"wp-block-heading\">Forschungsgebiete der Profesur f\u00fcr Elektrische Energiesysteme<\/h2>\n\n\n\n<ul class=\"wp-block-list\">\n<li><a href=\"https:\/\/www.hsu-hh.de\/ees\/forschungsgebiete#Energiesysteme\">Elektrisches Energiesystem<\/a> \u2014 Modellbildung und Netzberechnung, Smart Grids, Inselnetzerkennung<\/li>\n\n\n\n<li><a href=\"https:\/\/www.hsu-hh.de\/ees\/forschung-2020\/forschungsgebiete#Netzidentifikation\">Netzidentifikation<\/a> \u2014 Simulation und Messung der frequenzabh\u00e4ngigen Netzimpedanz<\/li>\n\n\n\n<li><a href=\"https:\/\/www.hsu-hh.de\/ees\/forschung-2020\/forschungsgebiete#Elektromobilit\u00e4t\">Elektromobilit\u00e4t<\/a> \u2014 Netzintegration der Ladeinfrastruktur und Optimierung<\/li>\n\n\n\n<li><a href=\"https:\/\/www.hsu-hh.de\/ees\/forschung-2020\/forschungsgebiete#MultiModal\">Multi-Modale Energiesysteme<\/a> \u2014 Sektorenkopplung, Wasserstoff, Brennstoffzellen, Elektrolyse<\/li>\n\n\n\n<li><a href=\"https:\/\/www.hsu-hh.de\/ees\/forschungsgebiete#Aircraft\">More Electric Aircraft<\/a> \u2014 Flugzeugbordnetze, Power Management, Integration von Brennstoffzellen, 3D-Druck<\/li>\n\n\n\n<li><a href=\"https:\/\/www.hsu-hh.de\/ees\/forschung-2020\/forschungsgebiete#Windenergie\">Weitere Projekte zu Energieversorgungsnetzen und Windenergie<\/a><\/li>\n<\/ul>\n\n\n\n<h2 class=\"wp-block-heading\">Forschungskooperationen<\/h2>\n\n\n\n<ul class=\"wp-block-list\">\n<li><a rel=\"noreferrer noopener\" href=\"https:\/\/www.hochbahn.de\/hochbahn\/hamburg\/de\/\" target=\"_blank\">Hamburger Hochbahn AG<\/a><\/li>\n\n\n\n<li><a rel=\"noreferrer noopener\" href=\"https:\/\/vhhbus.de\/startseite\/\" target=\"_blank\">Verkehrsbetriebe Hamburg-Holstein <abbr title=\"Gesellschaft mit beschr\u00e4nkter Haftung\">GmbH<\/abbr><\/a><\/li>\n\n\n\n<li><a rel=\"noreferrer noopener\" href=\"https:\/\/www.awhamburg.de\/\" target=\"_blank\">Akademie der Wissenschaften in Hamburg<\/a><\/li>\n\n\n\n<li><a rel=\"noreferrer noopener\" href=\"https:\/\/www.forschungsnetzwerke-energie.de\/stromnetze\" target=\"_blank\">Forschungsnetzwerk Energie &#8211; Stromnetze<\/a><\/li>\n\n\n\n<li><a rel=\"noreferrer noopener\" href=\"https:\/\/www.hsu-hh.de\/ees\/energieforschungsverbund-hamburg\" target=\"_blank\">Energieforschungsverbund Hamburg<\/a><\/li>\n\n\n\n<li><a rel=\"noreferrer noopener\" href=\"http:\/\/www.erneuerbare-energien-hamburg.de\/de\/\" target=\"_blank\">Cluster Erneuerbare Energie Hamburg<\/a><\/li>\n\n\n\n<li><a rel=\"noreferrer noopener\" href=\"http:\/\/www.hamburg-aviation.de\/start.html\" target=\"_blank\">Hamburg Aviation e.V.<\/a><\/li>\n\n\n\n<li><a rel=\"noreferrer noopener\" href=\"https:\/\/www.stromnetz.hamburg\/\" target=\"_blank\">Stromnetz Hamburg <abbr title=\"Gesellschaft mit beschr\u00e4nkter Haftung\">GmbH<\/abbr><\/a><\/li>\n\n\n\n<li><a rel=\"noreferrer noopener\" href=\"https:\/\/wind-fgw.de\/\" target=\"_blank\">F\u00f6rdergesellschaft Windenergie und andere Dezentrale Energien &#8211; FGW e.V.<\/a><\/li>\n\n\n\n<li><a rel=\"noreferrer noopener\" href=\"https:\/\/www.energieforen.de\/startseite\" target=\"_blank\">Energieforen Leipzig <abbr title=\"Gesellschaft mit beschr\u00e4nkter Haftung\">GmbH<\/abbr><\/a><\/li>\n\n\n\n<li><a rel=\"noreferrer noopener\" href=\"http:\/\/www.airbus.com\/\" target=\"_blank\">Airbus Operations <abbr title=\"Gesellschaft mit beschr\u00e4nkter Haftung\">GmbH<\/abbr><\/a><\/li>\n\n\n\n<li><a rel=\"noreferrer noopener\" href=\"http:\/\/hysolutions-hamburg.de\/\" target=\"_blank\">hySOLUTIONS <abbr title=\"Gesellschaft mit beschr\u00e4nkter Haftung\">GmbH<\/abbr><\/a><\/li>\n\n\n\n<li><a rel=\"noreferrer noopener\" href=\"http:\/\/www.zal.aero\" target=\"_blank\">Zentrum f\u00fcr Angewandte Luftfahrtforschung &#8211; ZAL <abbr title=\"Gesellschaft mit beschr\u00e4nkter Haftung\">GmbH<\/abbr><\/a><\/li>\n\n\n\n<li><a href=\"https:\/\/www.gasnetz-hamburg.de\/\" data-type=\"URL\" data-id=\"https:\/\/www.gasnetz-hamburg.de\/\" target=\"_blank\" rel=\"noreferrer noopener\">Gasnetz Hamburg <abbr title=\"Gesellschaft mit beschr\u00e4nkter Haftung\">GmbH<\/abbr><\/a><\/li>\n\n\n\n<li><a href=\"https:\/\/teams.microsoft.com\/l\/meetup-join\/19:3f77750f2dd8466f9321a50c75a9f357@thread.tacv2\/1721034524445?context=%7B%22Tid%22:%22f930300c-c97d-4019-be03-add650a171c4%22,%22Oid%22:%22e5c9d1c4-8294-4589-a19a-9ab88d94ac36%22%7D\" data-type=\"link\" data-id=\"https:\/\/teams.microsoft.com\/l\/meetup-join\/19:3f77750f2dd8466f9321a50c75a9f357@thread.tacv2\/1721034524445?context=%7B%22Tid%22:%22f930300c-c97d-4019-be03-add650a171c4%22,%22Oid%22:%22e5c9d1c4-8294-4589-a19a-9ab88d94ac36%22%7D\" target=\"_blank\" rel=\"noreferrer noopener\">DEHN SE<\/a><\/li>\n\n\n\n<li><a href=\"https:\/\/www.holcim.de\/\" data-type=\"link\" data-id=\"https:\/\/www.holcim.de\/\" target=\"_blank\" rel=\"noreferrer noopener\">Holcim (Deutschland) <abbr title=\"Gesellschaft mit beschr\u00e4nkter Haftung\">GmbH<\/abbr><\/a><\/li>\n<\/ul>\n\n\n\n<h2 class=\"wp-block-heading\">Labor- und Forschungsausstattung<\/h2>\n\n\n\n<ul class=\"wp-block-list\">\n<li><a href=\"https:\/\/www.hsu-hh.de\/ees\/dlab\/netzlabor\">Netzlabor<\/a><\/li>\n\n\n\n<li><a href=\"https:\/\/www.hsu-hh.de\/ees\/dlab\/windenergielabor\">Windenergielabor<\/a><\/li>\n\n\n\n<li><a href=\"https:\/\/www.hsu-hh.de\/ees\/dlab\/hochspannungslabor\">Hochspannungslabor<\/a><\/li>\n\n\n\n<li><a href=\"https:\/\/www.hsu-hh.de\/ees\/dlab\/photovoltaiklabor\" data-type=\"page\" data-id=\"3662\">Photovoltaiklabor<\/a><\/li>\n\n\n\n<li><a href=\"https:\/\/www.hsu-hh.de\/ees\/dlab\/netzimpedanzbestimmung\">Messcontainer zur Netzimpedanzbestimmung<\/a><\/li>\n\n\n\n<li><a href=\"https:\/\/www.hsu-hh.de\/ees\/dlab\/brennstoffzellenlabor\">Wasserstoff- und Brennstoffzellenlabor<\/a><\/li>\n\n\n\n<li><a href=\"https:\/\/www.hsu-hh.de\/ees\/dlab\/flugzeugbordnetzlabor\">Flugzeugbordnetzlabor<\/a><\/li>\n\n\n\n<li><a href=\"https:\/\/www.hsu-hh.de\/ees\/dlab\/mittelspannungslabor\"><\/a><a href=\"https:\/\/www.hsu-hh.de\/ees\/dlab\/mittelspannungslabor\">Labor f\u00fcr Elektromobilit\u00e4t und Mittelspannungspr\u00fcfungen<\/a><\/li>\n\n\n\n<li><a href=\"https:\/\/www.hsu-hh.de\/ees\/dlab\/elektrofahrzeuge\">Elektrofahrzeuge<\/a><\/li>\n<\/ul>\n\n\n\n<h2 class=\"wp-block-heading\">Internationale Zusammenarbeiten<\/h2>\n\n\n\n<ul class=\"wp-block-list\">\n<li><a href=\"https:\/\/www.hsu-hh.de\/ees\/forschung-2020\/gastwissenschaftler\" data-type=\"page\" data-id=\"3509\">Gastwissenschaftler<\/a><\/li>\n\n\n\n<li><a href=\"https:\/\/www.hsu-hh.de\/ees\/forschung-2020\/gaststudenten\" data-type=\"page\" data-id=\"3512\">Gaststudenten<\/a><\/li>\n\n\n\n<li><a href=\"https:\/\/www.hsu-hh.de\/ees\/forschung-2020\/auslandsaufenthalte\" data-type=\"page\" data-id=\"3514\">Auslandsaufenthalte<\/a><\/li>\n<\/ul>\n\n\n\n<h2 class=\"wp-block-heading\">Sonstiges Leistungsangebot<\/h2>\n\n\n\n<ul class=\"wp-block-list\">\n<li>Durchf\u00fchrung wissenschaftlicher Studien<\/li>\n\n\n\n<li>Messtechnische Zuordnung von Netzst\u00f6rungen<\/li>\n\n\n\n<li>Analyse von Stromausf\u00e4llen \/ Versorgungsunterbrechungen<\/li>\n\n\n\n<li>St\u00f6rungsmessungen mit wissenschaftlichem Charakter<\/li>\n\n\n\n<li>Messprogramme in sensitiven Verbraucherstrukturen<\/li>\n\n\n\n<li>Langzeitmessungen von Netzr\u00fcckwirkungen<\/li>\n\n\n\n<li>Modellierung von Betriebszust\u00e4nden und Fehlern in Netzen<\/li>\n\n\n\n<li>Wissenschaftliche Beratungsleistungen<\/li>\n\n\n\n<li>Erstellung von Gutachten<\/li>\n\n\n\n<li>Durchf\u00fchrung von Energietagen an Schulen<\/li>\n<\/ul>\n","protected":false},"excerpt":{"rendered":"<p>In der Professur f\u00fcr \u201eElektrische Energiesysteme\u201c werden sowohl die Methoden der \u201eklassischen\u201c Energietechnik als auch neue, angepasste Strategien zur Netzintegration verteilter Energieerzeuger auf die Thematik der dezentralen Stromerzeugung mit erneuerbaren [&hellip;]<\/p>\n","protected":false},"author":57,"featured_media":0,"parent":0,"menu_order":0,"comment_status":"closed","ping_status":"closed","template":"","meta":{"footnotes":""},"categories":[4],"tags":[558],"class_list":["post-3500","page","type-page","status-publish","hentry","category-forschung","tag-forschung"],"_links":{"self":[{"href":"https:\/\/www.hsu-hh.de\/ees\/wp-json\/wp\/v2\/pages\/3500","targetHints":{"allow":["GET"]}}],"collection":[{"href":"https:\/\/www.hsu-hh.de\/ees\/wp-json\/wp\/v2\/pages"}],"about":[{"href":"https:\/\/www.hsu-hh.de\/ees\/wp-json\/wp\/v2\/types\/page"}],"author":[{"embeddable":true,"href":"https:\/\/www.hsu-hh.de\/ees\/wp-json\/wp\/v2\/users\/57"}],"replies":[{"embeddable":true,"href":"https:\/\/www.hsu-hh.de\/ees\/wp-json\/wp\/v2\/comments?post=3500"}],"version-history":[{"count":40,"href":"https:\/\/www.hsu-hh.de\/ees\/wp-json\/wp\/v2\/pages\/3500\/revisions"}],"predecessor-version":[{"id":7673,"href":"https:\/\/www.hsu-hh.de\/ees\/wp-json\/wp\/v2\/pages\/3500\/revisions\/7673"}],"wp:attachment":[{"href":"https:\/\/www.hsu-hh.de\/ees\/wp-json\/wp\/v2\/media?parent=3500"}],"wp:term":[{"taxonomy":"category","embeddable":true,"href":"https:\/\/www.hsu-hh.de\/ees\/wp-json\/wp\/v2\/categories?post=3500"},{"taxonomy":"post_tag","embeddable":true,"href":"https:\/\/www.hsu-hh.de\/ees\/wp-json\/wp\/v2\/tags?post=3500"}],"curies":[{"name":"wp","href":"https:\/\/api.w.org\/{rel}","templated":true}]}}