{"id":3298,"date":"2020-09-21T09:20:08","date_gmt":"2020-09-21T07:20:08","guid":{"rendered":"https:\/\/www.hsu-hh.de\/ees\/?page_id=3298"},"modified":"2023-02-23T11:22:31","modified_gmt":"2023-02-23T10:22:31","slug":"i-lum","status":"publish","type":"page","link":"https:\/\/www.hsu-hh.de\/ees\/forschung\/forschungsgebiete\/i-lum","title":{"rendered":"Innovative luftgest\u00fctzte urbane Mobilit\u00e4t (i-LUM)"},"content":{"rendered":"\n<h2 class=\"wp-block-heading\">Projekthintergrund und Projektziele<\/h2>\n\n\n\n<p>Das Vorhaben &#8222;innovative Luftgest\u00fctzte Urbane Mobilit\u00e4t&#8220; (i-LUM) wird durch die Landesforschungsf\u00f6rderung Hamburg im Rahmen der HamburgX-Projekte gef\u00f6rdert. Die \u00fcbergeordnete Zielsetzung des i-LUM Verbundvorhabens ist die Erarbeitung und Bewertung der Umsetzbarkeit von innovativen Konzepten und Technologien zur luftgest\u00fctzten urbanen Mobilit\u00e4t f\u00fcr die Metropolregion Hamburg in zuk\u00fcnftigen Szenarien (2040\/2050). Es ist das Ziel des Verbundes, durch eine integrierende Betrachtungsweise von Vehikeln, den bord- und bodenseitigen F\u00fchrungs- und Informationssystemen, den Betriebsinfrastrukturen, sowie Nachfrage- und Gesch\u00e4ftsmodellen eine wissenschaftliche Exzellenz auf der Gesamtsystemebene \u201eUrbane Mobilit\u00e4t und Transport-forschung\u201c aufzubauen. Zudem werden im Vorhaben Fragen des Arbeitsmarktes (Ver\u00e4nderungen, Qualifikationen) und der gesellschaftlichen Akzeptanz mittels der Sozialforschung eruiert, juristische Aspekte der Umsetzbarkeit hinterfragt sowie die Skalierbarkeit der Konzepte beleuchtet.<\/p>\n\n\n\n<p>An der Professur f\u00fcr Elektrische Energiesysteme soll ein Energiemanagement-System f\u00fcr ein neuartiges Lufttransportkonzept in der Metropolregion Hamburg konzeptioniert werden. Dies wird einen netzvertr\u00e4glichen <abbr title=\"beziehungsweise\">bzw.<\/abbr> netzdienlichen und gleichzeitig sicheren und wirtschaftlichen Betrieb des Gesamtsystems erm\u00f6glichen.<\/p>\n\n\n\n<p>Im ersten Schritt wird durch eine umfassende Recherche eine Analyse der bestehenden L\u00f6sungskonzepte durchgef\u00fchrt. Dar\u00fcber hinaus werden charakteristische Gr\u00f6\u00dfen von m\u00f6glichen Flugobjekten bestimmt, um die vehikelseitigen Restriktionen f\u00fcr das Energiemanagement zu ermitteln. In Kooperation mit der Nachfragemodellierung sowie der Luftraumorganisation wird dann eine Systemsimulation aufgebaut, mit deren Hilfe unterschiedliche Managementsysteme, Lade\/Tank-konzepte und Vertiportarchitekturen simuliert werden k\u00f6nnen. Ein entscheidender Aspekt ist dabei die Integration in die bestehende Infrastruktur (Strom- \/Gasnetz\/ Logistik) zur Bereitstellung der Energie in der geforderten Form. Weiterhin werden die notwendigen Parameter und Messgr\u00f6\u00dfen definiert, die \u00fcber ein Kommunikationsprotokoll zwischen dem zentralen Managementsystem und den Flugobjekten ausgetauscht werden m\u00fcssen, um den Betrieb zu erm\u00f6glichen.<\/p>\n\n\n\n<p>Resultat der Untersuchungen ist ein optimiertes Energiemanagement-System, sowie ein konkreter Anforderungskatalog f\u00fcr die Vehicle-to-Ground-Kommunikation. Des Weiteren werden geeignete Vertiportarchitekturen zur effizienten Energieversorgung bestimmt. Alle Ergebnisse flie\u00dfen in das Gesamtmodell mit ein.<\/p>\n\n\n\n<h2 class=\"wp-block-heading\">Projektpartner und Arbeitspakete<\/h2>\n\n\n\n<div style=\"height:33px\" aria-hidden=\"true\" class=\"wp-block-spacer\"><\/div>\n\n\n\n<figure class=\"wp-block-image size-large\"><img loading=\"lazy\" decoding=\"async\" width=\"1024\" height=\"598\" src=\"https:\/\/www.hsu-hh.de\/ees\/wp-content\/uploads\/sites\/680\/2020\/11\/Organisationsstruktur-1024x598.png\" data-credit=\"HSU \/ DLab\" alt=\"Organisationsstruktur\" class=\"wp-image-3387\" srcset=\"https:\/\/www.hsu-hh.de\/ees\/wp-content\/uploads\/sites\/680\/2020\/11\/Organisationsstruktur-1024x598.png 1024w, https:\/\/www.hsu-hh.de\/ees\/wp-content\/uploads\/sites\/680\/2020\/11\/Organisationsstruktur-300x175.png 300w, https:\/\/www.hsu-hh.de\/ees\/wp-content\/uploads\/sites\/680\/2020\/11\/Organisationsstruktur-768x449.png 768w, https:\/\/www.hsu-hh.de\/ees\/wp-content\/uploads\/sites\/680\/2020\/11\/Organisationsstruktur-1536x897.png 1536w, https:\/\/www.hsu-hh.de\/ees\/wp-content\/uploads\/sites\/680\/2020\/11\/Organisationsstruktur-2048x1196.png 2048w, https:\/\/www.hsu-hh.de\/ees\/wp-content\/uploads\/sites\/680\/2020\/11\/Organisationsstruktur-1100x642.png 1100w\" sizes=\"auto, (max-width: 1024px) 100vw, 1024px\" \/><\/figure>\n\n\n\n<h2 class=\"wp-block-heading\">Quellen<\/h2>\n\n\n\n<p><em>Mavraj, G.; Eltgen, J.; Fraske, T.; Swaid, M.; Berling, J.; R\u00f6ntgen, O.; Fu, Y.; Schulz, D.<\/em><br><a href=\"https:\/\/sciendo.com\/article\/10.2478\/tar-2022-0019\" target=\"_blank\" rel=\"noreferrer noopener\">A Systematic Review of Ground-Based Infrastructure for the Innovative Urban Air Mobility<\/a><br>Transactions on Aerospace Researche, vol. 269, no. 4\/2022, pp. 1-17, 2022, DOI: 10.2478\/tar-2022-0019 <span><a href=\"\" rel='nofollow'><img decoding=\"async\" title=\"Titel anhand dieser DOI in Citavi-Projekt \u00fcbernehmen\" class=\"citavipicker\" style=\"border: 0px none!important;width: 16px!important;height: 16px!important;margin-left:1px !important;margin-right:1px !important\" src=\"image\/svg+xml;base64,PD94bWwgdmVyc2lvbj0iMS4wIiBlbmNvZGluZz0idXRmLTgiPz48IURPQ1RZUEUgc3ZnIFBVQkxJQyAiLS8vVzNDLy9EVEQgU1ZHIDEuMS8vRU4iICJodHRwOi8vd3d3LnczLm9yZy9HcmFwaGljcy9TVkcvMS4xL0RURC9zdmcxMS5kdGQiPjxzdmcgdmVyc2lvbj0iMS4xIiBpZD0iRWJlbmVfMSIgeG1sbnM9Imh0dHA6Ly93d3cudzMub3JnLzIwMDAvc3ZnIiB4bWxuczp4bGluaz0iaHR0cDovL3d3dy53My5vcmcvMTk5OS94bGluayIgeD0iMHB4IiB5PSIwcHgiIHdpZHRoPSIxNnB4IiBoZWlnaHQ9IjE2cHgiIHZpZXdCb3g9IjAgMCAxNiAxNiIgZW5hYmxlLWJhY2tncm91bmQ9Im5ldyAwIDAgMTYgMTYiIHhtbDpzcGFjZT0icHJlc2VydmUiPjxnPjxnPjxwYXRoIGZpbGw9IiNGRkZGRkYiIGQ9Ik04LjAwMSwxNS41QzMuODY0LDE1LjUsMC41LDEyLjEzNiwwLjUsOGMwLTQuMTM1LDMuMzY1LTcuNSw3LjUwMS03LjVTMTUuNSwzLjg2NCwxNS41LDhTMTIuMTM3LDE1LjUsOC4wMDEsMTUuNXoiLz48cGF0aCBmaWxsPSIjRDUyQjFFIiBkPSJNOC4wMDEsMUMxMS44NiwxLDE1LDQuMTQxLDE1LDhzLTMuMTM5LDctNi45OTksN0M0LjE0LDE1LDEsMTEuODU5LDEsOFM0LjE0LDEsOC4wMDEsMSBNOC4wMDEsMEMzLjU4MiwwLDAsMy41ODIsMCw4czMuNTgyLDgsOC4wMDEsOEMxMi40MTgsMTYsMTYsMTIuNDE4LDE2LDhTMTIuNDE4LDAsOC4wMDEsMEw4LjAwMSwweiIvPjwvZz48cGF0aCBmaWxsPSIjRDUyQjFFIiBkPSJNNi43NDUsMTIuNTg5Yy0wLjIyNywwLjEyMi0wLjQ5NywwLjI0Ny0wLjY4NCwwLjI0N2MtMC4zMTgsMC0wLjUwMS0wLjE2NC0wLjUwMS0wLjQ1MmMwLTAuMjA3LDAuMTQtMC4zNzUsMC41OTUtMC42MjJjMS41NDktMC45MDQsMi41OTQtMi4yNzIsMi41OTQtMy43MjFjMC0wLjgyNS0wLjIyNy0xLjExOS0wLjY4MS0xLjExOWMtMC4xMzUsMC0wLjMyLDAuMjE5LTAuNjM2LDAuMjE5SDcuMTU3QzYuMTAyLDcuMTQzLDUuMzMzLDYuMjY0LDUuMzMzLDUuMjNjMC0xLjE1MiwwLjk1OC0yLjAwNiwyLjI4LTIuMDA2YzEuNzc3LDAsMy4wNTMsMS4zNzMsMy4wNTMsMy40M0MxMC42NjYsOS4yMTUsOS4yMDMsMTEuMjcsNi43NDUsMTIuNTg5Ii8+PC9nPjwvc3ZnPg\"><\/a><\/span><\/p>\n\n\n\n<p><em>Mavraj, G.; Fu, Y.; Avdevi\u010dius, E.; Schulz, D.<\/em><br><a href=\"https:\/\/openhsu.ub.hsu-hh.de\/bitstream\/10.24405\/14591\/1\/openHSU_14591.pdf\" target=\"_blank\" rel=\"noreferrer noopener\">Analyse von Energieverbrauchsmodellen f\u00fcr elektrisch betriebene Transportdrohnen<\/a>,<br>In: <em>Hamburger Beitr\u00e4ge zum technischen Klimaschutz<\/em> \u2013 <em>Analyse, Digitalisierung und Flexibilisierung von Energiem\u00e4rkten, Elektromobilit\u00e4t, Sektorenkopplung, Elektroenergienetzen und Wasserstoffsystemen<\/em>,<br>Helmut-Schmidt-Universit\u00e4t \/ Universit\u00e4t der Bundeswehr, Professur f\u00fcr Elektrische Energiesysteme, Hamburg, Dezember 2022,<br><abbr title=\"Band\">Bd.<\/abbr> 4, S. 64-68, ISSN (Druck) 978-3-86818-252-1 <span><a href=\"\" rel='nofollow'><img decoding=\"async\" title=\"Titel anhand dieser ISBN in Citavi-Projekt \u00fcbernehmen\" class=\"citavipicker\" style=\"border: 0px none!important;width: 16px!important;height: 16px!important;margin-left:1px !important;margin-right:1px !important\" src=\"image\/png;base64,iVBORw0KGgoAAAANSUhEUgAAABAAAAAQCAYAAAAf8\/9hAAAAGXRFWHRTb2Z0d2FyZQBBZG9iZSBJbWFnZVJlYWR5ccllPAAAARpJREFUeNpiZEAD1zX4E4BUPBA7oEkdAOKFmjc+LkAWZETSqACk1gOxAb\/lLwZegz8MTJz\/wXL\/vjMyfL7AwvDxOBuIewGIA4EGPYAbANV8nkP2r4Bk\/HcGdpm\/DNjAzyfMDM8XcjL8eMz8Acg1BBnCBJVbD9IsV\/QVp2YQAMmB1IDUQl3LwAT1swHIZpiT8QGQGpBakB6QXpAL4kF+xmczNpeA9ID0ggxwAAUYqQCqx4EJ5ixSAUwP2ABmLtINgBsEIn6\/ZSJZIyhtwAw4AEokpAKongMgAxaCUhgokRALQGqhqXIhEzRtXwClMJizCDkdpBakB6QX5vlAUPJ81MeN1yUgOZAaaFIOJCozgWIIFMh4MxMl2RkgwACxPIMc1tjE2wAAAABJRU5ErkJggg==\"><\/a><\/span>, <abbr title=\"International Standard Book Number\">ISBN<\/abbr> (Druck) 2698-8798, ISSN (Online) 2698-8801, <abbr title=\"International Standard Book Number\">ISBN<\/abbr> (Online) 978-3-86818-253-8 <span><a href=\"\" rel='nofollow'><img decoding=\"async\" title=\"Titel anhand dieser ISBN in Citavi-Projekt \u00fcbernehmen\" class=\"citavipicker\" style=\"border: 0px none!important;width: 16px!important;height: 16px!important;margin-left:1px !important;margin-right:1px !important\" src=\"image\/png;base64,iVBORw0KGgoAAAANSUhEUgAAABAAAAAQCAYAAAAf8\/9hAAAAGXRFWHRTb2Z0d2FyZQBBZG9iZSBJbWFnZVJlYWR5ccllPAAAARpJREFUeNpiZEAD1zX4E4BUPBA7oEkdAOKFmjc+LkAWZETSqACk1gOxAb\/lLwZegz8MTJz\/wXL\/vjMyfL7AwvDxOBuIewGIA4EGPYAbANV8nkP2r4Bk\/HcGdpm\/DNjAzyfMDM8XcjL8eMz8Acg1BBnCBJVbD9IsV\/QVp2YQAMmB1IDUQl3LwAT1swHIZpiT8QGQGpBakB6QXpAL4kF+xmczNpeA9ID0ggxwAAUYqQCqx4EJ5ixSAUwP2ABmLtINgBsEIn6\/ZSJZIyhtwAw4AEokpAKongMgAxaCUhgokRALQGqhqXIhEzRtXwClMJizCDkdpBakB6QX5vlAUPJ81MeN1yUgOZAaaFIOJCozgWIIFMh4MxMl2RkgwACxPIMc1tjE2wAAAABJRU5ErkJggg==\"><\/a><\/span>, DOI: 10.24405\/14591 <span><a href=\"\" rel='nofollow'><img decoding=\"async\" title=\"Titel anhand dieser DOI in Citavi-Projekt \u00fcbernehmen\" class=\"citavipicker\" style=\"border: 0px none!important;width: 16px!important;height: 16px!important;margin-left:1px !important;margin-right:1px !important\" src=\"image\/png;base64,iVBORw0KGgoAAAANSUhEUgAAABAAAAAQCAYAAAAf8\/9hAAAAGXRFWHRTb2Z0d2FyZQBBZG9iZSBJbWFnZVJlYWR5ccllPAAAARpJREFUeNpiZEAD1zX4E4BUPBA7oEkdAOKFmjc+LkAWZETSqACk1gOxAb\/lLwZegz8MTJz\/wXL\/vjMyfL7AwvDxOBuIewGIA4EGPYAbANV8nkP2r4Bk\/HcGdpm\/DNjAzyfMDM8XcjL8eMz8Acg1BBnCBJVbD9IsV\/QVp2YQAMmB1IDUQl3LwAT1swHIZpiT8QGQGpBakB6QXpAL4kF+xmczNpeA9ID0ggxwAAUYqQCqx4EJ5ixSAUwP2ABmLtINgBsEIn6\/ZSJZIyhtwAw4AEokpAKongMgAxaCUhgokRALQGqhqXIhEzRtXwClMJizCDkdpBakB6QX5vlAUPJ81MeN1yUgOZAaaFIOJCozgWIIFMh4MxMl2RkgwACxPIMc1tjE2wAAAABJRU5ErkJggg==\"><\/a><\/span><\/p>\n\n\n\n<p><em>Fu, Y.; Mavraj, G.; Mujanovic, A.; Plenz, M.; Schulz, D.<\/em><br><a href=\"https:\/\/openhsu.ub.hsu-hh.de\/bitstream\/10.24405\/13961\/1\/openHSU_13961.pdf\" target=\"_blank\" rel=\"noreferrer noopener\">Hochlaufszenarien und elektrischer Leistungsbedarf von Lufttaxis und Paketdrohnen in der Metropolregion Hamburg<\/a>,<br>In: <em>Hamburger Beitr\u00e4ge zum technischen Klimaschutz <\/em>\u2013 <em>Stand der Technik und Digitalisierung bei integrierten Energiesystemen, Sektorenkopplungs- und Mobilit\u00e4tstechnologien<\/em>,<br>Helmut-Schmidt-Universit\u00e4t \/ Universit\u00e4t der Bundeswehr, Professur f\u00fcr Elektrische Energiesysteme, Hamburg, Dezember 2021,<br><abbr title=\"Band\">Bd.<\/abbr> 3, S. 113-120, ISSN (Druck) 2698-8798, <abbr title=\"International Standard Book Number\">ISBN<\/abbr> (Druck) 978-3-86818-250-7 <span><a href=\"\" rel='nofollow'><img decoding=\"async\" title=\"Titel anhand dieser ISBN in Citavi-Projekt \u00fcbernehmen\" class=\"citavipicker\" style=\"border: 0px none!important;width: 16px!important;height: 16px!important;margin-left:1px !important;margin-right:1px !important\" src=\"image\/png;base64,iVBORw0KGgoAAAANSUhEUgAAABAAAAAQCAYAAAAf8\/9hAAAAGXRFWHRTb2Z0d2FyZQBBZG9iZSBJbWFnZVJlYWR5ccllPAAAARpJREFUeNpiZEAD1zX4E4BUPBA7oEkdAOKFmjc+LkAWZETSqACk1gOxAb\/lLwZegz8MTJz\/wXL\/vjMyfL7AwvDxOBuIewGIA4EGPYAbANV8nkP2r4Bk\/HcGdpm\/DNjAzyfMDM8XcjL8eMz8Acg1BBnCBJVbD9IsV\/QVp2YQAMmB1IDUQl3LwAT1swHIZpiT8QGQGpBakB6QXpAL4kF+xmczNpeA9ID0ggxwAAUYqQCqx4EJ5ixSAUwP2ABmLtINgBsEIn6\/ZSJZIyhtwAw4AEokpAKongMgAxaCUhgokRALQGqhqXIhEzRtXwClMJizCDkdpBakB6QX5vlAUPJ81MeN1yUgOZAaaFIOJCozgWIIFMh4MxMl2RkgwACxPIMc1tjE2wAAAABJRU5ErkJggg==\"><\/a><\/span>, ISSN (Online) 2698-8801, <abbr title=\"International Standard Book Number\">ISBN<\/abbr> (Online) 978-3-86818-251-4 <span><a href=\"\" rel='nofollow'><img decoding=\"async\" title=\"Titel anhand dieser ISBN in Citavi-Projekt \u00fcbernehmen\" class=\"citavipicker\" style=\"border: 0px none!important;width: 16px!important;height: 16px!important;margin-left:1px !important;margin-right:1px !important\" src=\"image\/png;base64,iVBORw0KGgoAAAANSUhEUgAAABAAAAAQCAYAAAAf8\/9hAAAAGXRFWHRTb2Z0d2FyZQBBZG9iZSBJbWFnZVJlYWR5ccllPAAAARpJREFUeNpiZEAD1zX4E4BUPBA7oEkdAOKFmjc+LkAWZETSqACk1gOxAb\/lLwZegz8MTJz\/wXL\/vjMyfL7AwvDxOBuIewGIA4EGPYAbANV8nkP2r4Bk\/HcGdpm\/DNjAzyfMDM8XcjL8eMz8Acg1BBnCBJVbD9IsV\/QVp2YQAMmB1IDUQl3LwAT1swHIZpiT8QGQGpBakB6QXpAL4kF+xmczNpeA9ID0ggxwAAUYqQCqx4EJ5ixSAUwP2ABmLtINgBsEIn6\/ZSJZIyhtwAw4AEokpAKongMgAxaCUhgokRALQGqhqXIhEzRtXwClMJizCDkdpBakB6QX5vlAUPJ81MeN1yUgOZAaaFIOJCozgWIIFMh4MxMl2RkgwACxPIMc1tjE2wAAAABJRU5ErkJggg==\"><\/a><\/span>, DOI: 10.24405\/13961 <span><a href=\"\" rel='nofollow'><img decoding=\"async\" title=\"Titel anhand dieser DOI in Citavi-Projekt \u00fcbernehmen\" class=\"citavipicker\" style=\"border: 0px none!important;width: 16px!important;height: 16px!important;margin-left:1px !important;margin-right:1px !important\" src=\"image\/png;base64,iVBORw0KGgoAAAANSUhEUgAAABAAAAAQCAYAAAAf8\/9hAAAAGXRFWHRTb2Z0d2FyZQBBZG9iZSBJbWFnZVJlYWR5ccllPAAAARpJREFUeNpiZEAD1zX4E4BUPBA7oEkdAOKFmjc+LkAWZETSqACk1gOxAb\/lLwZegz8MTJz\/wXL\/vjMyfL7AwvDxOBuIewGIA4EGPYAbANV8nkP2r4Bk\/HcGdpm\/DNjAzyfMDM8XcjL8eMz8Acg1BBnCBJVbD9IsV\/QVp2YQAMmB1IDUQl3LwAT1swHIZpiT8QGQGpBakB6QXpAL4kF+xmczNpeA9ID0ggxwAAUYqQCqx4EJ5ixSAUwP2ABmLtINgBsEIn6\/ZSJZIyhtwAw4AEokpAKongMgAxaCUhgokRALQGqhqXIhEzRtXwClMJizCDkdpBakB6QX5vlAUPJ81MeN1yUgOZAaaFIOJCozgWIIFMh4MxMl2RkgwACxPIMc1tjE2wAAAABJRU5ErkJggg==\"><\/a><\/span><\/p>\n\n\n\n<p><em>Dietmannsberger, M.; Meyer M.; Schumann, M.; Schulz, D. (<abbr title=\"Herausgeber\">Hrsg.<\/abbr>)<\/em><br><a rel=\"noreferrer noopener\" href=\"http:\/\/edoc.sub.uni-hamburg.de\/hsu\/volltexte\/2017\/3156\" target=\"_blank\">Anforderungen an das Stromnetz durch Elektromobilit\u00e4t, insbesondere Elektrobusse, in Hamburg<\/a>,<br>Metastudie Elektromobilit\u00e4t, Hamburg Dezember 2016, Helmut-Schmidt-Universit\u00e4t \/ Universit\u00e4t der Bundeswehr, Professur f\u00fcr Elektrische Energiesysteme,\u00a0<abbr title=\"International Standard Book Number\">ISBN<\/abbr>\u00a0978-3-86818-095-4 <span><a href=\"\" rel='nofollow'><img decoding=\"async\" title=\"Titel anhand dieser ISBN in Citavi-Projekt \u00fcbernehmen\" class=\"citavipicker\" style=\"border: 0px none!important;width: 16px!important;height: 16px!important;margin-left:1px !important;margin-right:1px !important\" src=\"image\/svg+xml;base64,PD94bWwgdmVyc2lvbj0iMS4wIiBlbmNvZGluZz0idXRmLTgiPz48IURPQ1RZUEUgc3ZnIFBVQkxJQyAiLS8vVzNDLy9EVEQgU1ZHIDEuMS8vRU4iICJodHRwOi8vd3d3LnczLm9yZy9HcmFwaGljcy9TVkcvMS4xL0RURC9zdmcxMS5kdGQiPjxzdmcgdmVyc2lvbj0iMS4xIiBpZD0iRWJlbmVfMSIgeG1sbnM9Imh0dHA6Ly93d3cudzMub3JnLzIwMDAvc3ZnIiB4bWxuczp4bGluaz0iaHR0cDovL3d3dy53My5vcmcvMTk5OS94bGluayIgeD0iMHB4IiB5PSIwcHgiIHdpZHRoPSIxNnB4IiBoZWlnaHQ9IjE2cHgiIHZpZXdCb3g9IjAgMCAxNiAxNiIgZW5hYmxlLWJhY2tncm91bmQ9Im5ldyAwIDAgMTYgMTYiIHhtbDpzcGFjZT0icHJlc2VydmUiPjxnPjxnPjxwYXRoIGZpbGw9IiNGRkZGRkYiIGQ9Ik04LjAwMSwxNS41QzMuODY0LDE1LjUsMC41LDEyLjEzNiwwLjUsOGMwLTQuMTM1LDMuMzY1LTcuNSw3LjUwMS03LjVTMTUuNSwzLjg2NCwxNS41LDhTMTIuMTM3LDE1LjUsOC4wMDEsMTUuNXoiLz48cGF0aCBmaWxsPSIjRDUyQjFFIiBkPSJNOC4wMDEsMUMxMS44NiwxLDE1LDQuMTQxLDE1LDhzLTMuMTM5LDctNi45OTksN0M0LjE0LDE1LDEsMTEuODU5LDEsOFM0LjE0LDEsOC4wMDEsMSBNOC4wMDEsMEMzLjU4MiwwLDAsMy41ODIsMCw4czMuNTgyLDgsOC4wMDEsOEMxMi40MTgsMTYsMTYsMTIuNDE4LDE2LDhTMTIuNDE4LDAsOC4wMDEsMEw4LjAwMSwweiIvPjwvZz48cGF0aCBmaWxsPSIjRDUyQjFFIiBkPSJNNi43NDUsMTIuNTg5Yy0wLjIyNywwLjEyMi0wLjQ5NywwLjI0Ny0wLjY4NCwwLjI0N2MtMC4zMTgsMC0wLjUwMS0wLjE2NC0wLjUwMS0wLjQ1MmMwLTAuMjA3LDAuMTQtMC4zNzUsMC41OTUtMC42MjJjMS41NDktMC45MDQsMi41OTQtMi4yNzIsMi41OTQtMy43MjFjMC0wLjgyNS0wLjIyNy0xLjExOS0wLjY4MS0xLjExOWMtMC4xMzUsMC0wLjMyLDAuMjE5LTAuNjM2LDAuMjE5SDcuMTU3QzYuMTAyLDcuMTQzLDUuMzMzLDYuMjY0LDUuMzMzLDUuMjNjMC0xLjE1MiwwLjk1OC0yLjAwNiwyLjI4LTIuMDA2YzEuNzc3LDAsMy4wNTMsMS4zNzMsMy4wNTMsMy40M0MxMC42NjYsOS4yMTUsOS4yMDMsMTEuMjcsNi43NDUsMTIuNTg5Ii8+PC9nPjwvc3ZnPg\"><\/a><\/span><\/p>\n\n\n\n<p><em>Eskander, M.; Jahic, A.; M\u00fcller, T.; Zeun, N.; Leuning, F.; Burkhardt, J.; Klingenberg, H.; Schulz, D.<\/em><br><a href=\"http:\/\/edoc.sub.uni-hamburg.de\/hsu\/volltexte\/2019\/3245\/\" target=\"_blank\" rel=\"noreferrer noopener\">Beeinflussung der \u00dcbertragbarkeit der Ladeinfrastruktur von Busbetriebsh\u00f6fen in Hamburg auf andere St\u00e4dte<\/a>,<br>In: <em>Hamburger Beitr\u00e4ge f\u00fcr den technischen Klimaschutz,<br><\/em>Helmut-Schmidt-Universit\u00e4t \/ Universit\u00e4t der Bundeswehr, Professur f\u00fcr Elektrische Energiesysteme, Hamburg, Oktober 2019,<br><abbr title=\"Band\">Bd.<\/abbr> 1,&nbsp; S. 40-44, ISSN (Druck) 2698-8798, <abbr title=\"International Standard Book Number\">ISBN<\/abbr> (Druck) 978-3-86818-247-7, ISSN (Online) 2698-8801, <abbr title=\"International Standard Book Number\">ISBN<\/abbr> (Online) 978-3-86818-248-4<\/p>\n\n\n\n<p><em>Jahic, A.; Eskander, M.; Burkhardt, J.; Klingenberg, H.; Schulz, D.<\/em><br><a href=\"http:\/\/edoc.sub.uni-hamburg.de\/hsu\/volltexte\/2019\/3245\/\" target=\"_blank\" rel=\"noreferrer noopener\">Konzepte f\u00fcr das Lastmanagement auf gro\u00dfen Busbetriebsh\u00f6fen<\/a>,<br>In: <em>Hamburger Beitr\u00e4ge f\u00fcr den technischen Klimaschutz,<br><\/em>Helmut-Schmidt-Universit\u00e4t \/ Universit\u00e4t der Bundeswehr, Professur f\u00fcr Elektrische Energiesysteme, Hamburg, Oktober 2019,<br><abbr title=\"Band\">Bd.<\/abbr> 1,&nbsp; S. 45-48, ISSN (Druck) 2698-8798, <abbr title=\"International Standard Book Number\">ISBN<\/abbr> (Druck) 978-3-86818-247-7, ISSN (Online) 2698-8801, <abbr title=\"International Standard Book Number\">ISBN<\/abbr> (Online) 978-3-86818-248-4<\/p>\n\n\n\n<p><em>Jahic, A.; Eskander, M.; Schulz, D.<\/em><br>Bus Depot Simulator: Steady-State Python and DigSILENT Co-simulation for Large-Scale Electric Bus Depots,<br>In: NEIS 2019, Conference on Sustainable Energy Supply and Energy Storage Systems, Hamburg, Germany, 19-20 September 2019, IEEE Conference,<br>VDE Verlag, Berlin 2019, <abbr title=\"International Standard Book Number\">ISBN<\/abbr> 978-3-8007-5152-5 (Print-Ausgabe), <abbr title=\"International Standard Book Number\">ISBN<\/abbr> 978-3-8007-5153-2 (eBook), ISSN 2510-6902<\/p>\n\n\n\n<p><em>Jahic, A.; Eskander, M.; Schulz, D.<\/em><br><a href=\"https:\/\/ieeexplore.ieee.org\/document\/8905633\" target=\"_blank\" rel=\"noreferrer noopener\">Preemptive vs. non-preemptive charging schedule for large-scale electric bus depots<\/a>,<br>In: IEEE PES Innovative Smart Grid Technologies Europe (ISGT-Europe), Bucharest, Romania, 2019. DOI: 10.1109\/ISGTEurope.2019.8905633<\/p>\n\n\n\n<p><em>Jahic, A.; Eskander, M.; Schulz, D.<\/em><br><a href=\"https:\/\/www.mdpi.com\/2076-3417\/9\/9\/1748\" target=\"_blank\" rel=\"noreferrer noopener\">Charging Schedule for Load Peak Minimization on Large-Scale Electric Bus Depots<\/a><br>Applied Sciences, 9(9), 1748, 2019, DOI: 10.3390\/app9091748<\/p>\n\n\n\n<h2 class=\"wp-block-heading\">Vorarbeiten<\/h2>\n\n\n\n<p><a href=\"https:\/\/www.hsu-hh.de\/ees\/forschung\/ladeinfrastrukturen\" target=\"_blank\" rel=\"noreferrer noopener\">Wissenschaftliche Begleitforschung zum Aufbau von Ladeinfrastrukturen auf Busbetriebsh\u00f6fen<\/a><\/p>\n\n\n\n<p><a href=\"https:\/\/www.hsu-hh.de\/ees\/forschung\/electrify-buildings-for-evs-elbe\" target=\"_blank\" rel=\"noreferrer noopener\">Electrify Buildings for EVs (ELBE)<\/a><\/p>\n\n\n\n<h2 class=\"wp-block-heading\">Ansprechpartner<\/h2>\n\n\n\n<p><abbr title=\"Professor\">Prof.<\/abbr> <abbr title=\"Doktor\">Dr.<\/abbr>&#8211;<abbr title=\"Ingenieur\">Ing.<\/abbr> <abbr title=\"habilitatus\">habil.<\/abbr> Detlef Schulz (Teilprojektleiter)<br>Fakult\u00e4t f\u00fcr Elektrotechnik<br>Elektrische Energiesysteme<\/p>\n","protected":false},"excerpt":{"rendered":"<p>Projekthintergrund und Projektziele Das Vorhaben &#8222;innovative Luftgest\u00fctzte Urbane Mobilit\u00e4t&#8220; (i-LUM) wird durch die Landesforschungsf\u00f6rderung Hamburg im Rahmen der HamburgX-Projekte gef\u00f6rdert. Die \u00fcbergeordnete Zielsetzung des i-LUM Verbundvorhabens ist die Erarbeitung und [&hellip;]<\/p>\n","protected":false},"author":57,"featured_media":0,"parent":3518,"menu_order":0,"comment_status":"closed","ping_status":"closed","template":"","meta":{"footnotes":""},"categories":[4,118],"tags":[545],"class_list":["post-3298","page","type-page","status-publish","hentry","category-forschung","category-projekte","tag-ilum"],"_links":{"self":[{"href":"https:\/\/www.hsu-hh.de\/ees\/wp-json\/wp\/v2\/pages\/3298","targetHints":{"allow":["GET"]}}],"collection":[{"href":"https:\/\/www.hsu-hh.de\/ees\/wp-json\/wp\/v2\/pages"}],"about":[{"href":"https:\/\/www.hsu-hh.de\/ees\/wp-json\/wp\/v2\/types\/page"}],"author":[{"embeddable":true,"href":"https:\/\/www.hsu-hh.de\/ees\/wp-json\/wp\/v2\/users\/57"}],"replies":[{"embeddable":true,"href":"https:\/\/www.hsu-hh.de\/ees\/wp-json\/wp\/v2\/comments?post=3298"}],"version-history":[{"count":19,"href":"https:\/\/www.hsu-hh.de\/ees\/wp-json\/wp\/v2\/pages\/3298\/revisions"}],"predecessor-version":[{"id":6640,"href":"https:\/\/www.hsu-hh.de\/ees\/wp-json\/wp\/v2\/pages\/3298\/revisions\/6640"}],"up":[{"embeddable":true,"href":"https:\/\/www.hsu-hh.de\/ees\/wp-json\/wp\/v2\/pages\/3518"}],"wp:attachment":[{"href":"https:\/\/www.hsu-hh.de\/ees\/wp-json\/wp\/v2\/media?parent=3298"}],"wp:term":[{"taxonomy":"category","embeddable":true,"href":"https:\/\/www.hsu-hh.de\/ees\/wp-json\/wp\/v2\/categories?post=3298"},{"taxonomy":"post_tag","embeddable":true,"href":"https:\/\/www.hsu-hh.de\/ees\/wp-json\/wp\/v2\/tags?post=3298"}],"curies":[{"name":"wp","href":"https:\/\/api.w.org\/{rel}","templated":true}]}}