{"id":3174,"date":"2020-06-25T08:47:32","date_gmt":"2020-06-25T06:47:32","guid":{"rendered":"https:\/\/www.hsu-hh.de\/ees\/?page_id=3174"},"modified":"2024-07-17T14:49:43","modified_gmt":"2024-07-17T12:49:43","slug":"hyreflexs","status":"publish","type":"page","link":"https:\/\/www.hsu-hh.de\/ees\/forschung\/forschungsgebiete\/hyreflexs","title":{"rendered":"Wasserstoffbasierte Notstromversorgung mit integriertem Regelkraftwerk mittels flexibler Sektorkopplung und Metallhydridspeichern (HyReflexS)"},"content":{"rendered":"<p><img loading=\"lazy\" decoding=\"async\" class=\"alignnone wp-image-5016 \" src=\"https:\/\/www.hsu-hh.de\/ees\/wp-content\/uploads\/sites\/680\/2022\/02\/BMWi_Logo_gefoerdert_durch_380x391-3.png\" alt=\"BMWK-F\u00f6rderlogo\" width=\"290\" height=\"298\" data-credit=\"BMWi\" srcset=\"https:\/\/www.hsu-hh.de\/ees\/wp-content\/uploads\/sites\/680\/2022\/02\/BMWi_Logo_gefoerdert_durch_380x391-3.png 380w, https:\/\/www.hsu-hh.de\/ees\/wp-content\/uploads\/sites\/680\/2022\/02\/BMWi_Logo_gefoerdert_durch_380x391-3-292x300.png 292w\" sizes=\"auto, (max-width: 290px) 100vw, 290px\" \/><\/p>\n<h3>FKZ: 03EI3020A<\/h3>\n<p>In dem geplanten Forschungsprojekt \u201eHyReflexS\u201c werden die Einsatzm\u00f6glichkeiten von Notstromversorgungsanlagen auf Brennstoffzellenbasis in der Sektorkopplung untersucht. Hintergrund ist der Einsatz bidirektionaler Systeme, welche sowohl zur Erzeugung von elektrischer Energie als auch zur Herstellung von Wasserstoff verwendet werden k\u00f6nnen. Auf diese Art lassen sich Lastschwankungen innerhalb der Versorgungsnetze ausgleichen, Speicherkapazit\u00e4ten vergr\u00f6\u00dfern und zus\u00e4tzliche Marktoptionen erschlie\u00dfen.<\/p>\n<p>Vor dem Hintergrund zunehmender Schwankungen bei der Stromerzeugung durch erneuerbare Energien w\u00e4chst die Bedeutung von L\u00f6sungen zur Zwischenspeicherung der Energie. So ist ein bidirektionales System in der Lage, \u00fcbersch\u00fcssige Energie aus dem Stromnetz aufzunehmen und in Wasserstoff umzuwandeln. Bei einer erh\u00f6hten Stromnachfrage kann dieser Wasserstoff wieder verstromt werden. Nach dem gleichen Prinzip eignen sich derartige Systeme auch zur Spitzenlastreduzierung bei stromintensiven Anlagen. Im Projekt HyReflexS soll dieser Mechanismus anhand eines Betriebshofes f\u00fcr Elektrobusse erforscht werden.<\/p>\n<p><img loading=\"lazy\" decoding=\"async\" class=\"alignnone wp-image-3180\" src=\"https:\/\/www.hsu-hh.de\/ees\/wp-content\/uploads\/sites\/680\/2020\/06\/Lastverlauf.png\" alt=\"Lastverlauf\" width=\"875\" height=\"350\" data-credit=\"HSU \/ EES\" srcset=\"https:\/\/www.hsu-hh.de\/ees\/wp-content\/uploads\/sites\/680\/2020\/06\/Lastverlauf.png 2362w, https:\/\/www.hsu-hh.de\/ees\/wp-content\/uploads\/sites\/680\/2020\/06\/Lastverlauf-300x120.png 300w, https:\/\/www.hsu-hh.de\/ees\/wp-content\/uploads\/sites\/680\/2020\/06\/Lastverlauf-1024x410.png 1024w, https:\/\/www.hsu-hh.de\/ees\/wp-content\/uploads\/sites\/680\/2020\/06\/Lastverlauf-768x307.png 768w, https:\/\/www.hsu-hh.de\/ees\/wp-content\/uploads\/sites\/680\/2020\/06\/Lastverlauf-1536x615.png 1536w, https:\/\/www.hsu-hh.de\/ees\/wp-content\/uploads\/sites\/680\/2020\/06\/Lastverlauf-2048x819.png 2048w, https:\/\/www.hsu-hh.de\/ees\/wp-content\/uploads\/sites\/680\/2020\/06\/Lastverlauf-1100x440.png 1100w\" sizes=\"auto, (max-width: 875px) 100vw, 875px\" \/><\/p>\n<p>Das umschaltbare Brennstoffzellen- und Elektrolysesystem (UBES) wird dabei \u00fcber einen zentralen Leitrechner gesteuert, welcher mit den Leitwarten der Versorgungsnetze f\u00fcr Strom und Gas sowie mit dem Energiemanagementsystem des Busbetriebshofes verbunden ist. Die Steuerungssysteme des Leitrechners sowie die hierf\u00fcr erforderlichen Schnittstellen werden im Projekt entwickelt. So kann das UBES auf unterschiedliche Betriebsszenarien reagieren und Lastschwankungen in allen Systemen puffern, ohne dabei die F\u00e4higkeit zur Notstromversorgung zu verlieren.<\/p>\n<p>Abgerundet wird dieses Projekt durch die Erforschung von neuartigen Wasserstoffspeichern, welche auf Basis von Metallhydriden in der Lage sind, betr\u00e4chtliche Mengen von Wasserstoff einzuspeichern. Die Forschungsarbeiten hierzu werden von der Professur Klassen durchgef\u00fchrt. \u00dcber eine W\u00e4rmekopplung des Speichers mit dem UBES k\u00f6nnen zus\u00e4tzliche Effizienzgewinne erzielt werden.<\/p>\n<h2>Projektpartner<\/h2>\n<p><img loading=\"lazy\" decoding=\"async\" class=\"alignnone wp-image-5092 \" src=\"https:\/\/www.hsu-hh.de\/ees\/wp-content\/uploads\/sites\/680\/2022\/03\/Partner_neu-300x170.png\" alt=\"\" width=\"300\" height=\"170\" data-credit=\"HSU \/ EES\" srcset=\"https:\/\/www.hsu-hh.de\/ees\/wp-content\/uploads\/sites\/680\/2022\/03\/Partner_neu-300x170.png 300w, https:\/\/www.hsu-hh.de\/ees\/wp-content\/uploads\/sites\/680\/2022\/03\/Partner_neu-1024x579.png 1024w, https:\/\/www.hsu-hh.de\/ees\/wp-content\/uploads\/sites\/680\/2022\/03\/Partner_neu-768x434.png 768w, https:\/\/www.hsu-hh.de\/ees\/wp-content\/uploads\/sites\/680\/2022\/03\/Partner_neu-1536x868.png 1536w, https:\/\/www.hsu-hh.de\/ees\/wp-content\/uploads\/sites\/680\/2022\/03\/Partner_neu-1100x622.png 1100w, https:\/\/www.hsu-hh.de\/ees\/wp-content\/uploads\/sites\/680\/2022\/03\/Partner_neu.png 1562w\" sizes=\"auto, (max-width: 300px) 100vw, 300px\" \/><\/p>\n<h2>Ansprechpartner<\/h2>\n<p><abbr title=\"Professor\">Prof.<\/abbr> <abbr title=\"Doktor\">Dr.<\/abbr>&#8211;<abbr title=\"Ingenieur\">Ing.<\/abbr> <abbr title=\"habilitatus\">habil.<\/abbr> Detlef Schulz (<u>Projektleiter<\/u>)<br \/>\nFakult\u00e4t f\u00fcr Elektrotechnik<br \/>\nElektrische Energiesysteme<\/p>\n<p>Kontakt: hyreflexs@hsu-hh.de<\/p>\n","protected":false},"excerpt":{"rendered":"<p>FKZ: 03EI3020A In dem geplanten Forschungsprojekt \u201eHyReflexS\u201c werden die Einsatzm\u00f6glichkeiten von Notstromversorgungsanlagen auf Brennstoffzellenbasis in der Sektorkopplung untersucht. Hintergrund ist der Einsatz bidirektionaler Systeme, welche sowohl zur Erzeugung von elektrischer [&hellip;]<\/p>\n","protected":false},"author":57,"featured_media":0,"parent":3518,"menu_order":0,"comment_status":"closed","ping_status":"closed","template":"","meta":{"footnotes":""},"categories":[4,118],"tags":[526],"class_list":["post-3174","page","type-page","status-publish","hentry","category-forschung","category-projekte","tag-hyreflexs"],"_links":{"self":[{"href":"https:\/\/www.hsu-hh.de\/ees\/wp-json\/wp\/v2\/pages\/3174","targetHints":{"allow":["GET"]}}],"collection":[{"href":"https:\/\/www.hsu-hh.de\/ees\/wp-json\/wp\/v2\/pages"}],"about":[{"href":"https:\/\/www.hsu-hh.de\/ees\/wp-json\/wp\/v2\/types\/page"}],"author":[{"embeddable":true,"href":"https:\/\/www.hsu-hh.de\/ees\/wp-json\/wp\/v2\/users\/57"}],"replies":[{"embeddable":true,"href":"https:\/\/www.hsu-hh.de\/ees\/wp-json\/wp\/v2\/comments?post=3174"}],"version-history":[{"count":16,"href":"https:\/\/www.hsu-hh.de\/ees\/wp-json\/wp\/v2\/pages\/3174\/revisions"}],"predecessor-version":[{"id":7677,"href":"https:\/\/www.hsu-hh.de\/ees\/wp-json\/wp\/v2\/pages\/3174\/revisions\/7677"}],"up":[{"embeddable":true,"href":"https:\/\/www.hsu-hh.de\/ees\/wp-json\/wp\/v2\/pages\/3518"}],"wp:attachment":[{"href":"https:\/\/www.hsu-hh.de\/ees\/wp-json\/wp\/v2\/media?parent=3174"}],"wp:term":[{"taxonomy":"category","embeddable":true,"href":"https:\/\/www.hsu-hh.de\/ees\/wp-json\/wp\/v2\/categories?post=3174"},{"taxonomy":"post_tag","embeddable":true,"href":"https:\/\/www.hsu-hh.de\/ees\/wp-json\/wp\/v2\/tags?post=3174"}],"curies":[{"name":"wp","href":"https:\/\/api.w.org\/{rel}","templated":true}]}}