{"id":304,"date":"2017-10-06T12:40:08","date_gmt":"2017-10-06T10:40:08","guid":{"rendered":"https:\/\/www.hsu-hh.de\/ees\/?page_id=304"},"modified":"2024-05-22T15:29:04","modified_gmt":"2024-05-22T13:29:04","slug":"neis-konferenz","status":"publish","type":"page","link":"https:\/\/www.hsu-hh.de\/ees\/forschung\/neis-konferenz","title":{"rendered":"NEIS-Konferenz"},"content":{"rendered":"\n<h2 class=\"wp-block-heading\">Konferenz f\u00fcr Nachhaltige Energieversorgung und Integration von Speichern<\/h2>\n\n\n\n<p>Diese Konferenz wird seit 2013 j\u00e4hrlich von der Professur Elektrische Energiesysteme an der Helmut-Schmidt-Universit\u00e4t veranstaltet, um Wissenschaftlern und Experten ein Forum f\u00fcr die Gestaltung der zuk\u00fcnftigen Energieversorgung in Deutschland und weltweit zu bieten. Der Paradigmenwechsel, weg von fossilen und nuklearen Brennstoffen hin zu einer nachhaltigen und sicheren Versorgung auf Basis erneuerbarer Energien, stellt neue Herausforderungen an die elektrische Energieversorgung. Daf\u00fcr sind innovative L\u00f6sungsans\u00e4tze und die Schaffung geeigneter politischer und marktregulatorischer Rahmenbedingungen notwendig.Auf der Konferenz werden Kenntnisse zu den neusten Entwicklungen und Erfahrungen in den Themenfeldern Erneuerbare Energien, Energiespeicher, deren Netzintegration und Rahmenbedingungen der Energiewende ausgetauscht. Besonderer Wert wird auf die systemtechnische Betrachtung, Analyse und Optimierung des Stromsektors gelegt. Dazu geh\u00f6ren beispielsweise zuk\u00fcnftige Strategien zur verbesserten Netzintegration fluktuierender Energien sowie Konzepte zur Netzregelung mit dezentralen Kraftwerkseinheiten. Neben den technischen Aspekten stehen auch die wirtschaftlichen, gesellschaftlichen und juristischen Seiten im Fokus. Seit 2016 wird die Konferenz in englischer Sprache durchgef\u00fchrt.<\/p>\n\n\n\n<p>N\u00e4here Informationen finden Sie auf der&nbsp;<a href=\"http:\/\/www.neis-conference.com\" target=\"_blank\" rel=\"noreferrer noopener\">Homepage der aktuellen NEIS-Konferenz<\/a>.<\/p>\n\n\n\n<div style=\"height:20px\" aria-hidden=\"true\" class=\"wp-block-spacer\"><\/div>\n\n\n\n<h2 class=\"wp-block-heading\">Konferenzb\u00e4nde<\/h2>\n\n\n\n<div style=\"height:20px\" aria-hidden=\"true\" class=\"wp-block-spacer\"><\/div>\n\n\n\n<div class=\"wp-block-columns is-layout-flex wp-container-core-columns-is-layout-9d6595d7 wp-block-columns-is-layout-flex\">\n<div class=\"wp-block-column is-layout-flow wp-block-column-is-layout-flow\">\n<figure class=\"wp-block-image size-large is-resized\"><img loading=\"lazy\" decoding=\"async\" width=\"724\" height=\"1024\" src=\"https:\/\/www.hsu-hh.de\/ees\/wp-content\/uploads\/sites\/680\/2024\/05\/NEIS2023_Titelseite-724x1024.png\" data-credit=\"Helmut-Schmidt-Universit\u00e4t\" alt=\"NEIS2023_Titelseite\" class=\"wp-image-7632\" style=\"aspect-ratio:2\/3;object-fit:cover;width:181px\" srcset=\"https:\/\/www.hsu-hh.de\/ees\/wp-content\/uploads\/sites\/680\/2024\/05\/NEIS2023_Titelseite-724x1024.png 724w, https:\/\/www.hsu-hh.de\/ees\/wp-content\/uploads\/sites\/680\/2024\/05\/NEIS2023_Titelseite-212x300.png 212w, https:\/\/www.hsu-hh.de\/ees\/wp-content\/uploads\/sites\/680\/2024\/05\/NEIS2023_Titelseite-768x1086.png 768w, https:\/\/www.hsu-hh.de\/ees\/wp-content\/uploads\/sites\/680\/2024\/05\/NEIS2023_Titelseite-1086x1536.png 1086w, https:\/\/www.hsu-hh.de\/ees\/wp-content\/uploads\/sites\/680\/2024\/05\/NEIS2023_Titelseite-1100x1556.png 1100w, https:\/\/www.hsu-hh.de\/ees\/wp-content\/uploads\/sites\/680\/2024\/05\/NEIS2023_Titelseite.png 1240w\" sizes=\"auto, (max-width: 724px) 100vw, 724px\" \/><figcaption class=\"wp-element-caption\"> <\/figcaption><\/figure>\n<\/div>\n\n\n\n<div class=\"wp-block-column is-layout-flow wp-block-column-is-layout-flow\">\n<figure class=\"wp-block-image size-large is-resized\"><img loading=\"lazy\" decoding=\"async\" width=\"726\" height=\"1024\" src=\"https:\/\/www.hsu-hh.de\/ees\/wp-content\/uploads\/sites\/680\/2022\/12\/Titelseite_NEIS2022-726x1024.png\" data-credit=\"Helmut-Schmidt-Universit\u00e4t\" alt=\"Titelseite_NEIS2022\" class=\"wp-image-5894\" style=\"aspect-ratio:2\/3;object-fit:cover;width:181px\" srcset=\"https:\/\/www.hsu-hh.de\/ees\/wp-content\/uploads\/sites\/680\/2022\/12\/Titelseite_NEIS2022-726x1024.png 726w, https:\/\/www.hsu-hh.de\/ees\/wp-content\/uploads\/sites\/680\/2022\/12\/Titelseite_NEIS2022-213x300.png 213w, https:\/\/www.hsu-hh.de\/ees\/wp-content\/uploads\/sites\/680\/2022\/12\/Titelseite_NEIS2022-768x1083.png 768w, https:\/\/www.hsu-hh.de\/ees\/wp-content\/uploads\/sites\/680\/2022\/12\/Titelseite_NEIS2022-1089x1536.png 1089w, https:\/\/www.hsu-hh.de\/ees\/wp-content\/uploads\/sites\/680\/2022\/12\/Titelseite_NEIS2022-1452x2048.png 1452w, https:\/\/www.hsu-hh.de\/ees\/wp-content\/uploads\/sites\/680\/2022\/12\/Titelseite_NEIS2022-1100x1552.png 1100w\" sizes=\"auto, (max-width: 726px) 100vw, 726px\" \/><figcaption class=\"wp-element-caption\"> <\/figcaption><\/figure>\n<\/div>\n\n\n\n<div class=\"wp-block-column is-layout-flow wp-block-column-is-layout-flow\">\n<figure class=\"wp-block-image size-large is-resized\"><img loading=\"lazy\" decoding=\"async\" width=\"720\" height=\"1024\" src=\"https:\/\/www.hsu-hh.de\/ees\/wp-content\/uploads\/sites\/680\/2022\/04\/NEIS21_COVER-2-720x1024.png\" data-credit=\"VDE Verlag\" alt=\"\" class=\"wp-image-5149\" style=\"aspect-ratio:2\/3;object-fit:cover;width:181px\" srcset=\"https:\/\/www.hsu-hh.de\/ees\/wp-content\/uploads\/sites\/680\/2022\/04\/NEIS21_COVER-2-720x1024.png 720w, https:\/\/www.hsu-hh.de\/ees\/wp-content\/uploads\/sites\/680\/2022\/04\/NEIS21_COVER-2-211x300.png 211w, https:\/\/www.hsu-hh.de\/ees\/wp-content\/uploads\/sites\/680\/2022\/04\/NEIS21_COVER-2-768x1092.png 768w, https:\/\/www.hsu-hh.de\/ees\/wp-content\/uploads\/sites\/680\/2022\/04\/NEIS21_COVER-2-1081x1536.png 1081w, https:\/\/www.hsu-hh.de\/ees\/wp-content\/uploads\/sites\/680\/2022\/04\/NEIS21_COVER-2-1441x2048.png 1441w, https:\/\/www.hsu-hh.de\/ees\/wp-content\/uploads\/sites\/680\/2022\/04\/NEIS21_COVER-2-1100x1564.png 1100w, https:\/\/www.hsu-hh.de\/ees\/wp-content\/uploads\/sites\/680\/2022\/04\/NEIS21_COVER-2.png 1654w\" sizes=\"auto, (max-width: 720px) 100vw, 720px\" \/><figcaption class=\"wp-element-caption\"> <\/figcaption><\/figure>\n<\/div>\n\n\n\n<div class=\"wp-block-column is-layout-flow wp-block-column-is-layout-flow\">\n<figure class=\"wp-block-image size-large is-resized\"><img loading=\"lazy\" decoding=\"async\" width=\"724\" height=\"1024\" src=\"https:\/\/www.hsu-hh.de\/ees\/wp-content\/uploads\/sites\/680\/2021\/01\/NEIS2020-724x1024.png\" data-credit=\"VDE Verlag\" alt=\"NEIS2020\" class=\"wp-image-3823\" style=\"aspect-ratio:2\/3;object-fit:cover;width:179px\" srcset=\"https:\/\/www.hsu-hh.de\/ees\/wp-content\/uploads\/sites\/680\/2021\/01\/NEIS2020-724x1024.png 724w, https:\/\/www.hsu-hh.de\/ees\/wp-content\/uploads\/sites\/680\/2021\/01\/NEIS2020-212x300.png 212w, https:\/\/www.hsu-hh.de\/ees\/wp-content\/uploads\/sites\/680\/2021\/01\/NEIS2020-768x1086.png 768w, https:\/\/www.hsu-hh.de\/ees\/wp-content\/uploads\/sites\/680\/2021\/01\/NEIS2020-1086x1536.png 1086w, https:\/\/www.hsu-hh.de\/ees\/wp-content\/uploads\/sites\/680\/2021\/01\/NEIS2020-1448x2048.png 1448w, https:\/\/www.hsu-hh.de\/ees\/wp-content\/uploads\/sites\/680\/2021\/01\/NEIS2020-1100x1556.png 1100w, https:\/\/www.hsu-hh.de\/ees\/wp-content\/uploads\/sites\/680\/2021\/01\/NEIS2020.png 1654w\" sizes=\"auto, (max-width: 724px) 100vw, 724px\" \/><figcaption class=\"wp-element-caption\"> <\/figcaption><\/figure>\n<\/div>\n\n\n\n<div class=\"wp-block-column is-layout-flow wp-block-column-is-layout-flow\">\n<figure class=\"wp-block-image size-large is-resized\"><img loading=\"lazy\" decoding=\"async\" width=\"716\" height=\"1024\" src=\"https:\/\/www.hsu-hh.de\/ees\/wp-content\/uploads\/sites\/680\/2021\/01\/NEIS2019-716x1024.jpg\" data-credit=\"VDE Verlag\" alt=\"NEIS2019\" class=\"wp-image-3822\" style=\"aspect-ratio:2\/3;object-fit:cover;width:181px\" srcset=\"https:\/\/www.hsu-hh.de\/ees\/wp-content\/uploads\/sites\/680\/2021\/01\/NEIS2019-716x1024.jpg 716w, https:\/\/www.hsu-hh.de\/ees\/wp-content\/uploads\/sites\/680\/2021\/01\/NEIS2019-210x300.jpg 210w, https:\/\/www.hsu-hh.de\/ees\/wp-content\/uploads\/sites\/680\/2021\/01\/NEIS2019-768x1098.jpg 768w, https:\/\/www.hsu-hh.de\/ees\/wp-content\/uploads\/sites\/680\/2021\/01\/NEIS2019-1074x1536.jpg 1074w, https:\/\/www.hsu-hh.de\/ees\/wp-content\/uploads\/sites\/680\/2021\/01\/NEIS2019-1432x2048.jpg 1432w, https:\/\/www.hsu-hh.de\/ees\/wp-content\/uploads\/sites\/680\/2021\/01\/NEIS2019-1100x1573.jpg 1100w, https:\/\/www.hsu-hh.de\/ees\/wp-content\/uploads\/sites\/680\/2021\/01\/NEIS2019-scaled.jpg 1790w\" sizes=\"auto, (max-width: 716px) 100vw, 716px\" \/><figcaption class=\"wp-element-caption\"> <\/figcaption><\/figure>\n<\/div>\n<\/div>\n\n\n\n<div class=\"wp-block-columns is-layout-flex wp-container-core-columns-is-layout-9d6595d7 wp-block-columns-is-layout-flex\">\n<div class=\"wp-block-column is-layout-flow wp-block-column-is-layout-flow\">\n<figure class=\"wp-block-image size-large is-resized\"><img loading=\"lazy\" decoding=\"async\" width=\"724\" height=\"1024\" src=\"https:\/\/www.hsu-hh.de\/ees\/wp-content\/uploads\/sites\/680\/2021\/01\/NEIS2018-724x1024.png\" data-credit=\"VDE Verlag\" alt=\"NEIS2018\" class=\"wp-image-3821\" style=\"aspect-ratio:2\/3;object-fit:cover;width:181px\" srcset=\"https:\/\/www.hsu-hh.de\/ees\/wp-content\/uploads\/sites\/680\/2021\/01\/NEIS2018-724x1024.png 724w, https:\/\/www.hsu-hh.de\/ees\/wp-content\/uploads\/sites\/680\/2021\/01\/NEIS2018-212x300.png 212w, https:\/\/www.hsu-hh.de\/ees\/wp-content\/uploads\/sites\/680\/2021\/01\/NEIS2018-768x1086.png 768w, https:\/\/www.hsu-hh.de\/ees\/wp-content\/uploads\/sites\/680\/2021\/01\/NEIS2018-1086x1536.png 1086w, https:\/\/www.hsu-hh.de\/ees\/wp-content\/uploads\/sites\/680\/2021\/01\/NEIS2018-1448x2048.png 1448w, https:\/\/www.hsu-hh.de\/ees\/wp-content\/uploads\/sites\/680\/2021\/01\/NEIS2018-1100x1556.png 1100w, https:\/\/www.hsu-hh.de\/ees\/wp-content\/uploads\/sites\/680\/2021\/01\/NEIS2018.png 1571w\" sizes=\"auto, (max-width: 724px) 100vw, 724px\" \/><\/figure>\n<\/div>\n\n\n\n<div class=\"wp-block-column is-layout-flow wp-block-column-is-layout-flow\">\n<figure class=\"wp-block-image size-large is-resized\"><img loading=\"lazy\" decoding=\"async\" width=\"716\" height=\"1024\" src=\"https:\/\/www.hsu-hh.de\/ees\/wp-content\/uploads\/sites\/680\/2021\/01\/NEIS2017-716x1024.png\" data-credit=\"VDE Verlag\" alt=\"NEIS2017\" class=\"wp-image-3820\" style=\"aspect-ratio:2\/3;object-fit:cover;width:181px\" srcset=\"https:\/\/www.hsu-hh.de\/ees\/wp-content\/uploads\/sites\/680\/2021\/01\/NEIS2017-716x1024.png 716w, https:\/\/www.hsu-hh.de\/ees\/wp-content\/uploads\/sites\/680\/2021\/01\/NEIS2017-210x300.png 210w, https:\/\/www.hsu-hh.de\/ees\/wp-content\/uploads\/sites\/680\/2021\/01\/NEIS2017-768x1098.png 768w, https:\/\/www.hsu-hh.de\/ees\/wp-content\/uploads\/sites\/680\/2021\/01\/NEIS2017-1074x1536.png 1074w, https:\/\/www.hsu-hh.de\/ees\/wp-content\/uploads\/sites\/680\/2021\/01\/NEIS2017-1100x1573.png 1100w, https:\/\/www.hsu-hh.de\/ees\/wp-content\/uploads\/sites\/680\/2021\/01\/NEIS2017.png 1215w\" sizes=\"auto, (max-width: 716px) 100vw, 716px\" \/><\/figure>\n<\/div>\n\n\n\n<div class=\"wp-block-column is-layout-flow wp-block-column-is-layout-flow\">\n<figure class=\"wp-block-image size-large is-resized\"><img loading=\"lazy\" decoding=\"async\" width=\"680\" height=\"1024\" src=\"https:\/\/www.hsu-hh.de\/ees\/wp-content\/uploads\/sites\/680\/2021\/01\/NEIS2016-680x1024.png\" data-credit=\"Springer Vieweg\" alt=\"NEIS2016\" class=\"wp-image-3819\" style=\"aspect-ratio:2\/3;object-fit:cover;width:181px\" srcset=\"https:\/\/www.hsu-hh.de\/ees\/wp-content\/uploads\/sites\/680\/2021\/01\/NEIS2016-680x1024.png 680w, https:\/\/www.hsu-hh.de\/ees\/wp-content\/uploads\/sites\/680\/2021\/01\/NEIS2016-199x300.png 199w, https:\/\/www.hsu-hh.de\/ees\/wp-content\/uploads\/sites\/680\/2021\/01\/NEIS2016-768x1157.png 768w, https:\/\/www.hsu-hh.de\/ees\/wp-content\/uploads\/sites\/680\/2021\/01\/NEIS2016.png 945w\" sizes=\"auto, (max-width: 680px) 100vw, 680px\" \/><\/figure>\n<\/div>\n\n\n\n<div class=\"wp-block-column is-layout-flow wp-block-column-is-layout-flow\">\n<figure class=\"wp-block-image size-large is-resized\"><img loading=\"lazy\" decoding=\"async\" width=\"730\" height=\"1024\" src=\"https:\/\/www.hsu-hh.de\/ees\/wp-content\/uploads\/sites\/680\/2021\/01\/NEIS2015-730x1024.png\" data-credit=\"Springer Vieweg\" alt=\"NEIS2015\" class=\"wp-image-3833\" style=\"aspect-ratio:2\/3;object-fit:cover;width:181px\" srcset=\"https:\/\/www.hsu-hh.de\/ees\/wp-content\/uploads\/sites\/680\/2021\/01\/NEIS2015-730x1024.png 730w, https:\/\/www.hsu-hh.de\/ees\/wp-content\/uploads\/sites\/680\/2021\/01\/NEIS2015-214x300.png 214w, https:\/\/www.hsu-hh.de\/ees\/wp-content\/uploads\/sites\/680\/2021\/01\/NEIS2015-768x1077.png 768w, https:\/\/www.hsu-hh.de\/ees\/wp-content\/uploads\/sites\/680\/2021\/01\/NEIS2015-1096x1536.png 1096w, https:\/\/www.hsu-hh.de\/ees\/wp-content\/uploads\/sites\/680\/2021\/01\/NEIS2015-1461x2048.png 1461w, https:\/\/www.hsu-hh.de\/ees\/wp-content\/uploads\/sites\/680\/2021\/01\/NEIS2015-1100x1542.png 1100w, https:\/\/www.hsu-hh.de\/ees\/wp-content\/uploads\/sites\/680\/2021\/01\/NEIS2015.png 1567w\" sizes=\"auto, (max-width: 730px) 100vw, 730px\" \/><\/figure>\n<\/div>\n\n\n\n<div class=\"wp-block-column is-layout-flow wp-block-column-is-layout-flow\">\n<figure class=\"wp-block-image size-large is-resized\"><img loading=\"lazy\" decoding=\"async\" width=\"700\" height=\"1024\" src=\"https:\/\/www.hsu-hh.de\/ees\/wp-content\/uploads\/sites\/680\/2021\/01\/NEIS2014-700x1024.jpg\" data-credit=\"HSU \/ DLab\" alt=\"NEIS2014\" class=\"wp-image-3817\" style=\"aspect-ratio:2\/3;object-fit:cover;width:181px\" srcset=\"https:\/\/www.hsu-hh.de\/ees\/wp-content\/uploads\/sites\/680\/2021\/01\/NEIS2014-700x1024.jpg 700w, https:\/\/www.hsu-hh.de\/ees\/wp-content\/uploads\/sites\/680\/2021\/01\/NEIS2014-205x300.jpg 205w, https:\/\/www.hsu-hh.de\/ees\/wp-content\/uploads\/sites\/680\/2021\/01\/NEIS2014-768x1123.jpg 768w, https:\/\/www.hsu-hh.de\/ees\/wp-content\/uploads\/sites\/680\/2021\/01\/NEIS2014-1050x1536.jpg 1050w, https:\/\/www.hsu-hh.de\/ees\/wp-content\/uploads\/sites\/680\/2021\/01\/NEIS2014-1400x2048.jpg 1400w, https:\/\/www.hsu-hh.de\/ees\/wp-content\/uploads\/sites\/680\/2021\/01\/NEIS2014-1100x1609.jpg 1100w, https:\/\/www.hsu-hh.de\/ees\/wp-content\/uploads\/sites\/680\/2021\/01\/NEIS2014-scaled.jpg 1750w\" sizes=\"auto, (max-width: 700px) 100vw, 700px\" \/><\/figure>\n<\/div>\n<\/div>\n\n\n\n<div class=\"wp-block-columns is-layout-flex wp-container-core-columns-is-layout-9d6595d7 wp-block-columns-is-layout-flex\">\n<div class=\"wp-block-column is-layout-flow wp-block-column-is-layout-flow\">\n<figure class=\"wp-block-image size-large is-resized\"><img loading=\"lazy\" decoding=\"async\" width=\"702\" height=\"1024\" src=\"https:\/\/www.hsu-hh.de\/ees\/wp-content\/uploads\/sites\/680\/2021\/01\/NEIS2013-702x1024.jpg\" data-credit=\"HSU \/ DLab\" alt=\"NEIS2013\" class=\"wp-image-3816\" style=\"aspect-ratio:2\/3;object-fit:cover;width:181px\" srcset=\"https:\/\/www.hsu-hh.de\/ees\/wp-content\/uploads\/sites\/680\/2021\/01\/NEIS2013-702x1024.jpg 702w, https:\/\/www.hsu-hh.de\/ees\/wp-content\/uploads\/sites\/680\/2021\/01\/NEIS2013-206x300.jpg 206w, https:\/\/www.hsu-hh.de\/ees\/wp-content\/uploads\/sites\/680\/2021\/01\/NEIS2013-768x1121.jpg 768w, https:\/\/www.hsu-hh.de\/ees\/wp-content\/uploads\/sites\/680\/2021\/01\/NEIS2013-1052x1536.jpg 1052w, https:\/\/www.hsu-hh.de\/ees\/wp-content\/uploads\/sites\/680\/2021\/01\/NEIS2013-1403x2048.jpg 1403w, https:\/\/www.hsu-hh.de\/ees\/wp-content\/uploads\/sites\/680\/2021\/01\/NEIS2013-1100x1606.jpg 1100w, https:\/\/www.hsu-hh.de\/ees\/wp-content\/uploads\/sites\/680\/2021\/01\/NEIS2013-scaled.jpg 1754w\" sizes=\"auto, (max-width: 702px) 100vw, 702px\" \/><\/figure>\n<\/div>\n\n\n\n<div class=\"wp-block-column is-layout-flow wp-block-column-is-layout-flow\"><\/div>\n\n\n\n<div class=\"wp-block-column is-layout-flow wp-block-column-is-layout-flow\"><\/div>\n\n\n\n<div class=\"wp-block-column is-layout-flow wp-block-column-is-layout-flow\"><\/div>\n\n\n\n<div class=\"wp-block-column is-layout-flow wp-block-column-is-layout-flow\"><\/div>\n<\/div>\n","protected":false},"excerpt":{"rendered":"<p>Konferenz f\u00fcr Nachhaltige Energieversorgung und Integration von Speichern Diese Konferenz wird seit 2013 j\u00e4hrlich von der Professur Elektrische Energiesysteme an der Helmut-Schmidt-Universit\u00e4t veranstaltet, um Wissenschaftlern und Experten ein Forum f\u00fcr [&hellip;]<\/p>\n","protected":false},"author":57,"featured_media":0,"parent":3500,"menu_order":0,"comment_status":"closed","ping_status":"closed","template":"","meta":{"footnotes":""},"categories":[4],"tags":[47,45],"class_list":["post-304","page","type-page","status-publish","hentry","category-forschung","tag-konferenz","tag-neis"],"_links":{"self":[{"href":"https:\/\/www.hsu-hh.de\/ees\/wp-json\/wp\/v2\/pages\/304","targetHints":{"allow":["GET"]}}],"collection":[{"href":"https:\/\/www.hsu-hh.de\/ees\/wp-json\/wp\/v2\/pages"}],"about":[{"href":"https:\/\/www.hsu-hh.de\/ees\/wp-json\/wp\/v2\/types\/page"}],"author":[{"embeddable":true,"href":"https:\/\/www.hsu-hh.de\/ees\/wp-json\/wp\/v2\/users\/57"}],"replies":[{"embeddable":true,"href":"https:\/\/www.hsu-hh.de\/ees\/wp-json\/wp\/v2\/comments?post=304"}],"version-history":[{"count":28,"href":"https:\/\/www.hsu-hh.de\/ees\/wp-json\/wp\/v2\/pages\/304\/revisions"}],"predecessor-version":[{"id":7651,"href":"https:\/\/www.hsu-hh.de\/ees\/wp-json\/wp\/v2\/pages\/304\/revisions\/7651"}],"up":[{"embeddable":true,"href":"https:\/\/www.hsu-hh.de\/ees\/wp-json\/wp\/v2\/pages\/3500"}],"wp:attachment":[{"href":"https:\/\/www.hsu-hh.de\/ees\/wp-json\/wp\/v2\/media?parent=304"}],"wp:term":[{"taxonomy":"category","embeddable":true,"href":"https:\/\/www.hsu-hh.de\/ees\/wp-json\/wp\/v2\/categories?post=304"},{"taxonomy":"post_tag","embeddable":true,"href":"https:\/\/www.hsu-hh.de\/ees\/wp-json\/wp\/v2\/tags?post=304"}],"curies":[{"name":"wp","href":"https:\/\/api.w.org\/{rel}","templated":true}]}}