{"id":2987,"date":"2020-05-14T09:14:22","date_gmt":"2020-05-14T07:14:22","guid":{"rendered":"https:\/\/www.hsu-hh.de\/ees\/?page_id=2987"},"modified":"2021-04-30T15:02:57","modified_gmt":"2021-04-30T13:02:57","slug":"steuerung-von-virtuellen-kraftwerken-mit-technischen-wirtschaftlichen-und-rechtlichen-aspekten","status":"publish","type":"page","link":"https:\/\/www.hsu-hh.de\/ees\/forschung\/forschungsgebiete\/steuerung-von-virtuellen-kraftwerken-mit-technischen-wirtschaftlichen-und-rechtlichen-aspekten","title":{"rendered":"Steuerung von virtuellen Kraftwerken mit technischen, wirtschaftlichen und rechtlichen Aspekten"},"content":{"rendered":"<h2>(Teilprojekt von: EnERgioN \u2013 Erneuerbare Energien in der Region Nord)<\/h2>\n<h2>Projekthintergrund<\/h2>\n<p>Der Anteil erneuerbarer Energien an der Stromerzeugung in Deutschland wird in Zukunft weiter zunehmen, insbesondere im\u00a0 Rahmen der von der Bundesregierung beschlossenen Energiewende. Eine Herausforderung ist die zunehmende Systemkomplexit\u00e4t bei einer immer dezentraleren Erzeugung elektrischer Energie und die damit einhergehende Abstimmung auf Verbraucher und notwendige Speicher. In virtuellen Kraftwerken erfolgt eine leittechnische Verbindung zwischen diesen Akteuren und erm\u00f6glicht dadurch die Hebung neuer Potentiale sowie die Optimierung des Gesamtsystems.<\/p>\n<h2>Integration technischer, wirtschaftlicher und rechtlicher Aspekte in ein umfangreiches Berechnungs-Tool in Matlab<\/h2>\n<p>Zur Erarbeitung technisch sinnvoller L\u00f6sungen arbeiteten die Forscher eng mit der wirtschaftswissenschaftlichen sowie juristischen Fakult\u00e4t der Leuphana Universit\u00e4t L\u00fcneburg zusammen. Somit konnten L\u00f6sungen direkt auf ihre betriebs- und volkswirtschaftliche Eignung bewertet und auf rechtliche Rahmenbedingungen hin \u00fcberpr\u00fcft werden. Die Ergebnisse der drei Disziplinen flossen schlie\u00dflich in die Erstellung eines gemeinsamen Berechnungs-Tools sowie eines Demonstrationsobjekts ein. Das Berechnungs-Tool kann f\u00fcr diverse wissenschaftliche Untersuchungen eingesetzt werden und verf\u00fcgt \u00fcber eine ausgepr\u00e4gte Datenbank an Erzeugungs- und Speichermodellen, Wetter- sowie Standortdaten in ganz Deutschland.<\/p>\n<p>Mit dem vielseitig einsetzbaren Tool sind sowohl abstrahierte Netzberechnungen als auch die Absch\u00e4tzung von Einspeiseleistungen aller erfassten Erneuerbaren Energieanlagen in ganz Deutschland m\u00f6glich. F\u00fcr Windkraftanlagen wurden verschiedene Kennlinien hinterlegt um den unterschiedlichen Einspeisecharakteristika von Stark- und Schwachwindanlagen gerecht zu werden. Photovoltaikanlagen k\u00f6nnen um Speicherkomponenten erweitert werden und somit Szenarien f\u00fcr eine autarke Versorgung einzelner Verbraucher zu realisieren. Wirtschaftliche Kenndaten zu Einspeiseverg\u00fctungen sowie Betriebskosten unterst\u00fctzen die finanzielle Bewertung von Anlagen. Eine juristische Bewertung betrachteter Szenarien erfolgt \u00fcber sogenannte Entscheidungsb\u00e4ume.<\/p>\n<h2>Auswirkungen des Einspeisemanagements auf den Betrieb von Windenergieanlagen \u2013 Potentiale f\u00fcr Speicher?<\/h2>\n<p>Die Bewertung des Zubaus von Onshore-Windenergieanlagen im Raum Norddeutschland war einer der Untersuchungsgegenst\u00e4nde des Projekts. Der Zubau f\u00fchrt zu einer H\u00e4ufung von Netzengp\u00e4ssen, in deren Folge die Leistung der Anlagen durch Einspeisemanagement-ma\u00dfnahmen (EinsM) reduziert werden muss. Die Umf\u00e4nge der Eingriffe sind seit 2009 stark gestiegen und von weiteren Zunahmen ist auszugehen. Werden Speicher zur Nutzung der abgeregelten Energie an den Anlagen betrieben, l\u00e4sst sich je nach Standort, Anlagentyp und Technologie ein signifikanter Teil der abgeregelten Energie nutzen.<\/p>\n<table border=\"1\" cellspacing=\"1\" cellpadding=\"1\" align=\"left\">\n<thead>\n<tr>\n<th scope=\"col\">\n<div>Umspannwerk<\/div>\n<\/th>\n<th scope=\"col\">\n<div>Menge Verlustarbeit [MWh]<\/div>\n<\/th>\n<th scope=\"col\">\n<div>Anteil in [%]<\/div>\n<\/th>\n<\/tr>\n<\/thead>\n<tbody>\n<tr>\n<td>\n<div>Marne West<\/div>\n<\/td>\n<td>\n<div>197,590<\/div>\n<\/td>\n<td>\n<div>17,52 %<\/div>\n<\/td>\n<\/tr>\n<tr>\n<td>\n<div>Reinsbuettel<\/div>\n<\/td>\n<td>\n<div>127,766<\/div>\n<\/td>\n<td>\n<div>11,33 %<\/div>\n<\/td>\n<\/tr>\n<tr>\n<td>\n<div>Perleberg<\/div>\n<\/td>\n<td>\n<div>79,090<\/div>\n<\/td>\n<td>\n<div>7,01 %<\/div>\n<\/td>\n<\/tr>\n<tr>\n<td>\n<div>Niebuell<\/div>\n<\/td>\n<td>\n<div>68,705<\/div>\n<\/td>\n<td>\n<div>6,09 %<\/div>\n<\/td>\n<\/tr>\n<tr>\n<td>\n<div>Lindewitt<\/div>\n<\/td>\n<td>\n<div>65,009<\/div>\n<\/td>\n<td>\n<div>5,76 %<\/div>\n<\/td>\n<\/tr>\n<tr>\n<td>\n<div>Breklum<\/div>\n<\/td>\n<td>\n<div>64,896<\/div>\n<\/td>\n<td>\n<div>5,75 %<\/div>\n<\/td>\n<\/tr>\n<\/tbody>\n<\/table>\n<p>&nbsp;<\/p>\n<p><img loading=\"lazy\" decoding=\"async\" class=\"wp-image-2996\" src=\"https:\/\/www.hsu-hh.de\/ees\/wp-content\/uploads\/sites\/680\/2020\/05\/Abbildung1.jpg\" alt=\"Abbildung 1\" width=\"1076\" height=\"300\" data-credit=\"HSU \/ EES\" srcset=\"https:\/\/www.hsu-hh.de\/ees\/wp-content\/uploads\/sites\/680\/2020\/05\/Abbildung1.jpg 1865w, https:\/\/www.hsu-hh.de\/ees\/wp-content\/uploads\/sites\/680\/2020\/05\/Abbildung1-300x84.jpg 300w, https:\/\/www.hsu-hh.de\/ees\/wp-content\/uploads\/sites\/680\/2020\/05\/Abbildung1-1024x286.jpg 1024w, https:\/\/www.hsu-hh.de\/ees\/wp-content\/uploads\/sites\/680\/2020\/05\/Abbildung1-768x214.jpg 768w, https:\/\/www.hsu-hh.de\/ees\/wp-content\/uploads\/sites\/680\/2020\/05\/Abbildung1-1536x428.jpg 1536w, https:\/\/www.hsu-hh.de\/ees\/wp-content\/uploads\/sites\/680\/2020\/05\/Abbildung1-1100x307.jpg 1100w\" sizes=\"auto, (max-width: 1076px) 100vw, 1076px\" \/><\/p>\n<p>&nbsp;<\/p>\n<p>Es wurde eine Methodik erarbeitet, mit der f\u00fcr unterschiedliche Konfigurationen und Einspeisemanagement-Vorg\u00e4nge eine optimale Dimensionierung der Speicherleistung sowie Energie erzielt werden kann. Die Berechnungen ergaben, dass Kurzzeitspeicher trotz der h\u00e4ufig sehr kurzen EinsM-Eins\u00e4tze aufgrund der hohen Kosten nicht wirtschaftlich darzustellen sind. Je nach Standort konnten bis\u00a0 45 % der Errichtungskosten f\u00fcr den Speicher generiert werden. Sofern sich die EinsM-Umf\u00e4nge um den Faktor 2 bis 3 erh\u00f6hen, sind Speicher an dieser Art von Standort also bereits bei heutigen Preisen wirtschaftlich attraktiv.<\/p>\n<h2>Realisierung eines Demonstrators zur anschaulichen Darstellung von virtuellen Kraftwerken<\/h2>\n<p>Um die Erkenntnisse des Projekts allen Disziplinen und fachfremdem Publikum zug\u00e4nglich zu machen, wurde ein Demonstrator f\u00fcr die interdisziplin\u00e4re Bewertung von virtuellen Kraftwerken entwickelt. Das System besteht aus 5 modularen Erzeugungs-, Speicher- und Verbrauchseinheiten, die \u00fcber ein Kommunikationsnetzwerk miteinander verbunden sind. Sie dienen der anschaulichen Darstellung einzelner Module des virtuellen Kraftwerks.<\/p>\n<p><img loading=\"lazy\" decoding=\"async\" class=\"wp-image-3002\" src=\"https:\/\/www.hsu-hh.de\/ees\/wp-content\/uploads\/sites\/680\/2020\/05\/Abbildung2.jpg\" alt=\"Abbildung 2\" width=\"1080\" height=\"211\" data-credit=\"HSU \/ EES\" srcset=\"https:\/\/www.hsu-hh.de\/ees\/wp-content\/uploads\/sites\/680\/2020\/05\/Abbildung2.jpg 2111w, https:\/\/www.hsu-hh.de\/ees\/wp-content\/uploads\/sites\/680\/2020\/05\/Abbildung2-300x59.jpg 300w, https:\/\/www.hsu-hh.de\/ees\/wp-content\/uploads\/sites\/680\/2020\/05\/Abbildung2-1024x200.jpg 1024w, https:\/\/www.hsu-hh.de\/ees\/wp-content\/uploads\/sites\/680\/2020\/05\/Abbildung2-768x150.jpg 768w, https:\/\/www.hsu-hh.de\/ees\/wp-content\/uploads\/sites\/680\/2020\/05\/Abbildung2-1536x301.jpg 1536w, https:\/\/www.hsu-hh.de\/ees\/wp-content\/uploads\/sites\/680\/2020\/05\/Abbildung2-2048x401.jpg 2048w, https:\/\/www.hsu-hh.de\/ees\/wp-content\/uploads\/sites\/680\/2020\/05\/Abbildung2-1100x215.jpg 1100w\" sizes=\"auto, (max-width: 1080px) 100vw, 1080px\" \/>Bei der zentralen Steuereinheit handelt es sich um ein prozessbasiertes Echtzeitsystem, welches durch manuelle Bedienung an die jeweiligen Anforderungen individuell angepasst werden kann. Gleichzeitig erm\u00f6glicht es dem Benutzer, eine R\u00fcckmeldung \u00fcber die vorgenommenen Handlungen und Ver\u00e4nderungen in Echtzeit zu bekommen.<\/p>\n<h2>Danksagung<\/h2>\n<p>Dieses Forschungsprojekt war Teil des EU-Gro\u00dfprojekts &#8222;Innovations-Inkubator&#8220;.<\/p>\n<p><img loading=\"lazy\" decoding=\"async\" class=\"wp-image-3005\" src=\"https:\/\/www.hsu-hh.de\/ees\/wp-content\/uploads\/sites\/680\/2020\/05\/EU-Logo.jpg\" alt=\"EU-Logo\" width=\"365\" height=\"150\" data-credit=\"Europ\u00e4ische Union\" srcset=\"https:\/\/www.hsu-hh.de\/ees\/wp-content\/uploads\/sites\/680\/2020\/05\/EU-Logo.jpg 720w, https:\/\/www.hsu-hh.de\/ees\/wp-content\/uploads\/sites\/680\/2020\/05\/EU-Logo-300x123.jpg 300w\" sizes=\"auto, (max-width: 365px) 100vw, 365px\" \/><\/p>\n<h2>Ansprechpartner:<\/h2>\n<p>Prof. <abbr title=\"Doktor der Ingenieurwissenschaften\">Dr.-Ing.<\/abbr> <abbr title=\"habilitatus\">habil.<\/abbr> Detlef Schulz\u00a0(Teilprojektleiter)<br \/>\nFakult\u00e4t f\u00fcr Elektrotechnik<br \/>\nElektrische Energiesysteme<\/p>\n","protected":false},"excerpt":{"rendered":"<p>(Teilprojekt von: EnERgioN \u2013 Erneuerbare Energien in der Region Nord) Projekthintergrund Der Anteil erneuerbarer Energien an der Stromerzeugung in Deutschland wird in Zukunft weiter zunehmen, insbesondere im\u00a0 Rahmen der von [&hellip;]<\/p>\n","protected":false},"author":57,"featured_media":0,"parent":3518,"menu_order":0,"comment_status":"closed","ping_status":"closed","template":"","meta":{"footnotes":""},"categories":[4,118],"tags":[],"class_list":["post-2987","page","type-page","status-publish","hentry","category-forschung","category-projekte"],"_links":{"self":[{"href":"https:\/\/www.hsu-hh.de\/ees\/wp-json\/wp\/v2\/pages\/2987","targetHints":{"allow":["GET"]}}],"collection":[{"href":"https:\/\/www.hsu-hh.de\/ees\/wp-json\/wp\/v2\/pages"}],"about":[{"href":"https:\/\/www.hsu-hh.de\/ees\/wp-json\/wp\/v2\/types\/page"}],"author":[{"embeddable":true,"href":"https:\/\/www.hsu-hh.de\/ees\/wp-json\/wp\/v2\/users\/57"}],"replies":[{"embeddable":true,"href":"https:\/\/www.hsu-hh.de\/ees\/wp-json\/wp\/v2\/comments?post=2987"}],"version-history":[{"count":15,"href":"https:\/\/www.hsu-hh.de\/ees\/wp-json\/wp\/v2\/pages\/2987\/revisions"}],"predecessor-version":[{"id":3012,"href":"https:\/\/www.hsu-hh.de\/ees\/wp-json\/wp\/v2\/pages\/2987\/revisions\/3012"}],"up":[{"embeddable":true,"href":"https:\/\/www.hsu-hh.de\/ees\/wp-json\/wp\/v2\/pages\/3518"}],"wp:attachment":[{"href":"https:\/\/www.hsu-hh.de\/ees\/wp-json\/wp\/v2\/media?parent=2987"}],"wp:term":[{"taxonomy":"category","embeddable":true,"href":"https:\/\/www.hsu-hh.de\/ees\/wp-json\/wp\/v2\/categories?post=2987"},{"taxonomy":"post_tag","embeddable":true,"href":"https:\/\/www.hsu-hh.de\/ees\/wp-json\/wp\/v2\/tags?post=2987"}],"curies":[{"name":"wp","href":"https:\/\/api.w.org\/{rel}","templated":true}]}}