{"id":2947,"date":"2020-05-05T10:11:48","date_gmt":"2020-05-05T08:11:48","guid":{"rendered":"https:\/\/www.hsu-hh.de\/ees\/?page_id=2947"},"modified":"2021-05-27T13:49:43","modified_gmt":"2021-05-27T11:49:43","slug":"nutzung-der-bundeswasserstrassen-als-energiespeicher","status":"publish","type":"page","link":"https:\/\/www.hsu-hh.de\/ees\/forschung\/forschungsgebiete\/nutzung-der-bundeswasserstrassen-als-energiespeicher","title":{"rendered":"Nutzung der Bundeswasserstra\u00dfen als Energiespeicher"},"content":{"rendered":"<h2>(Teilprojekt von: EnERgioN\u00a0\u2013 Erneuerbare Energien in der Region Nord)<\/h2>\n<p>Das Verbundprojekt EnERgioN hat\u00a0die Entwicklung eines technischen, rechtlichen und finanzwirtschaftlichen Konzepts zur regionalen Gewinnung, Speicherung und Vermarktung von erneuerbarer Energie im Rahmen eines virtuellen Kraftwerks zum Ziel. Dazu wird die Umsetzung des Konzeptes im Konvergenzgebiet wissenschaftlich begleitet und die \u00dcbertragung auf andere Regionen in Deutschland und Europa betrachtet.<\/p>\n<figure id=\"attachment_2951\" aria-describedby=\"caption-attachment-2951\" style=\"width: 609px\" class=\"wp-caption alignnone\"><img loading=\"lazy\" decoding=\"async\" class=\"wp-image-2951\" src=\"https:\/\/www.hsu-hh.de\/ees\/wp-content\/uploads\/sites\/680\/2020\/05\/Schematische-Darstellung.png\" alt=\"Schematische Darstellung\" width=\"609\" height=\"600\" data-credit=\"HSU \/ EES\" srcset=\"https:\/\/www.hsu-hh.de\/ees\/wp-content\/uploads\/sites\/680\/2020\/05\/Schematische-Darstellung.png 1043w, https:\/\/www.hsu-hh.de\/ees\/wp-content\/uploads\/sites\/680\/2020\/05\/Schematische-Darstellung-300x296.png 300w, https:\/\/www.hsu-hh.de\/ees\/wp-content\/uploads\/sites\/680\/2020\/05\/Schematische-Darstellung-1024x1009.png 1024w, https:\/\/www.hsu-hh.de\/ees\/wp-content\/uploads\/sites\/680\/2020\/05\/Schematische-Darstellung-768x757.png 768w, https:\/\/www.hsu-hh.de\/ees\/wp-content\/uploads\/sites\/680\/2020\/05\/Schematische-Darstellung-100x100.png 100w\" sizes=\"auto, (max-width: 609px) 100vw, 609px\" \/><figcaption id=\"caption-attachment-2951\" class=\"wp-caption-text\">Schematische Darstellung<\/figcaption><\/figure>\n<p>Im Rahmen dieses Teilprojektes wurde die technische und \u00f6konomische Machbarkeit eines Pumpspeicherwerks im Kanalsystem der \u00f6ffentlichen Wasserstra\u00dfen untersucht. M\u00f6gliche Konfigurationen von Pumpen, Motoren, Turbinen und Generatoren wurden auf technische Machbarkeit und Vereinbarkeit mit gesetzlichen Vorschriften \u00fcberpr\u00fcft. Die \u00f6konomische Machbarkeit wurde f\u00fcr verschiedene Arten der Abrechnung und des Marktdesigns analysiert. Es zeigt sich, dass die \u00f6konomische Machbarkeit wesentlich durch die Netznutzungsentgelte und die M\u00f6glichkeit, Systemdienstleistungen zu erbringen, bestimmt wird.<\/p>\n<figure id=\"attachment_2957\" aria-describedby=\"caption-attachment-2957\" style=\"width: 1589px\" class=\"wp-caption alignnone\"><img loading=\"lazy\" decoding=\"async\" class=\"wp-image-2957\" src=\"https:\/\/www.hsu-hh.de\/ees\/wp-content\/uploads\/sites\/680\/2020\/05\/BildschirmCopy.png\" alt=\"EnERgioN\" width=\"1589\" height=\"600\" data-credit=\"HSU \/ EES\" srcset=\"https:\/\/www.hsu-hh.de\/ees\/wp-content\/uploads\/sites\/680\/2020\/05\/BildschirmCopy.png 2690w, https:\/\/www.hsu-hh.de\/ees\/wp-content\/uploads\/sites\/680\/2020\/05\/BildschirmCopy-300x113.png 300w, https:\/\/www.hsu-hh.de\/ees\/wp-content\/uploads\/sites\/680\/2020\/05\/BildschirmCopy-1024x387.png 1024w, https:\/\/www.hsu-hh.de\/ees\/wp-content\/uploads\/sites\/680\/2020\/05\/BildschirmCopy-768x290.png 768w, https:\/\/www.hsu-hh.de\/ees\/wp-content\/uploads\/sites\/680\/2020\/05\/BildschirmCopy-1536x580.png 1536w, https:\/\/www.hsu-hh.de\/ees\/wp-content\/uploads\/sites\/680\/2020\/05\/BildschirmCopy-2048x774.png 2048w\" sizes=\"auto, (max-width: 1589px) 100vw, 1589px\" \/><figcaption id=\"caption-attachment-2957\" class=\"wp-caption-text\">\u00a0<\/figcaption><\/figure>\n<h2>Ansprechpartner:<\/h2>\n<p>Prof. <abbr title=\"Doktor der Ingenieurwissenschaften\">Dr.-Ing.<\/abbr> <abbr title=\"habilitatus\">habil.<\/abbr> Detlef Schulz (Teilprojektleiter)<br \/>\nFakult\u00e4t f\u00fcr Elektrotechnik<br \/>\nElektrische Energiesysteme<\/p>\n","protected":false},"excerpt":{"rendered":"<p>(Teilprojekt von: EnERgioN\u00a0\u2013 Erneuerbare Energien in der Region Nord) Das Verbundprojekt EnERgioN hat\u00a0die Entwicklung eines technischen, rechtlichen und finanzwirtschaftlichen Konzepts zur regionalen Gewinnung, Speicherung und Vermarktung von erneuerbarer Energie im [&hellip;]<\/p>\n","protected":false},"author":57,"featured_media":0,"parent":3518,"menu_order":0,"comment_status":"closed","ping_status":"closed","template":"","meta":{"footnotes":""},"categories":[4,118],"tags":[494],"class_list":["post-2947","page","type-page","status-publish","hentry","category-forschung","category-projekte","tag-energion"],"_links":{"self":[{"href":"https:\/\/www.hsu-hh.de\/ees\/wp-json\/wp\/v2\/pages\/2947","targetHints":{"allow":["GET"]}}],"collection":[{"href":"https:\/\/www.hsu-hh.de\/ees\/wp-json\/wp\/v2\/pages"}],"about":[{"href":"https:\/\/www.hsu-hh.de\/ees\/wp-json\/wp\/v2\/types\/page"}],"author":[{"embeddable":true,"href":"https:\/\/www.hsu-hh.de\/ees\/wp-json\/wp\/v2\/users\/57"}],"replies":[{"embeddable":true,"href":"https:\/\/www.hsu-hh.de\/ees\/wp-json\/wp\/v2\/comments?post=2947"}],"version-history":[{"count":17,"href":"https:\/\/www.hsu-hh.de\/ees\/wp-json\/wp\/v2\/pages\/2947\/revisions"}],"predecessor-version":[{"id":4668,"href":"https:\/\/www.hsu-hh.de\/ees\/wp-json\/wp\/v2\/pages\/2947\/revisions\/4668"}],"up":[{"embeddable":true,"href":"https:\/\/www.hsu-hh.de\/ees\/wp-json\/wp\/v2\/pages\/3518"}],"wp:attachment":[{"href":"https:\/\/www.hsu-hh.de\/ees\/wp-json\/wp\/v2\/media?parent=2947"}],"wp:term":[{"taxonomy":"category","embeddable":true,"href":"https:\/\/www.hsu-hh.de\/ees\/wp-json\/wp\/v2\/categories?post=2947"},{"taxonomy":"post_tag","embeddable":true,"href":"https:\/\/www.hsu-hh.de\/ees\/wp-json\/wp\/v2\/tags?post=2947"}],"curies":[{"name":"wp","href":"https:\/\/api.w.org\/{rel}","templated":true}]}}