{"id":2438,"date":"2020-01-28T09:06:58","date_gmt":"2020-01-28T08:06:58","guid":{"rendered":"https:\/\/www.hsu-hh.de\/ees\/?page_id=2438"},"modified":"2022-11-09T13:06:50","modified_gmt":"2022-11-09T12:06:50","slug":"forschungsprojekte","status":"publish","type":"page","link":"https:\/\/www.hsu-hh.de\/ees\/forschungsprojekte","title":{"rendered":"Forschungsprojekte"},"content":{"rendered":"<div>\n<h3>Vorbehaltlich der genehmigten Forschungszuwendungen sucht die Professur Elektrische Energiesysteme <strong>Mitarbeiterinnen und Mitarbeiter<\/strong> sowie Studentische Hilfskr\u00e4fte f\u00fcr folgende Themengebiete:<\/h3>\n<h3>&nbsp;<\/h3>\n<ul>\n<li>Lades\u00e4uleninfrastruktur f\u00fcr Elektromobilit\u00e4t im Privatsektor<\/li>\n<li>Demand-Side-Management, Smart-Meter-Gateway-Infrastruktur und Energiemanagementsysteme<\/li>\n<li>Elektrifizierung des \u00f6ffentlichen Personennahverkehrs, Elektrobusforschung<\/li>\n<li>Betrieb von Flugzeugbordnetzen mit Brennstoffzellen<\/li>\n<li>Brennstoffzellensysteme in der Notstromversorgung<\/li>\n<li>3-D-Druck-Komponenten mit elektrischen Eigenschaften f\u00fcr Flugzeugbordnetze<\/li>\n<li>Technologietransfer im Energieforschungsverbund<\/li>\n<li>Multi-Modale Energiesysteme, Sektorenkopplung, Integrierte Netzplanung<\/li>\n<\/ul>\n<\/div>\n\n\n<p><\/p>\n\n\n\n<p>Bei Interesse kontaktieren Sie gerne <a href=\"https:\/\/www.hsu-hh.de\/ees\/team2021\/team-3#Schulz\"><abbr title=\"Professor\">Prof.<\/abbr> <abbr title=\"Doktor\">Dr.<\/abbr>&#8211;<abbr title=\"Ingenieur\">Ing.<\/abbr> Detlef Schulz<\/a>.<\/p>\n","protected":false},"excerpt":{"rendered":"<p>Vorbehaltlich der genehmigten Forschungszuwendungen sucht die Professur Elektrische Energiesysteme Mitarbeiterinnen und Mitarbeiter sowie Studentische Hilfskr\u00e4fte f\u00fcr folgende Themengebiete: &nbsp; Lades\u00e4uleninfrastruktur f\u00fcr Elektromobilit\u00e4t im Privatsektor Demand-Side-Management, Smart-Meter-Gateway-Infrastruktur und Energiemanagementsysteme Elektrifizierung des [&hellip;]<\/p>\n","protected":false},"author":57,"featured_media":0,"parent":0,"menu_order":0,"comment_status":"closed","ping_status":"closed","template":"","meta":{"footnotes":""},"categories":[4,118],"tags":[412],"class_list":["post-2438","page","type-page","status-publish","hentry","category-forschung","category-projekte","tag-forschungsprojekte"],"_links":{"self":[{"href":"https:\/\/www.hsu-hh.de\/ees\/wp-json\/wp\/v2\/pages\/2438","targetHints":{"allow":["GET"]}}],"collection":[{"href":"https:\/\/www.hsu-hh.de\/ees\/wp-json\/wp\/v2\/pages"}],"about":[{"href":"https:\/\/www.hsu-hh.de\/ees\/wp-json\/wp\/v2\/types\/page"}],"author":[{"embeddable":true,"href":"https:\/\/www.hsu-hh.de\/ees\/wp-json\/wp\/v2\/users\/57"}],"replies":[{"embeddable":true,"href":"https:\/\/www.hsu-hh.de\/ees\/wp-json\/wp\/v2\/comments?post=2438"}],"version-history":[{"count":7,"href":"https:\/\/www.hsu-hh.de\/ees\/wp-json\/wp\/v2\/pages\/2438\/revisions"}],"predecessor-version":[{"id":5649,"href":"https:\/\/www.hsu-hh.de\/ees\/wp-json\/wp\/v2\/pages\/2438\/revisions\/5649"}],"wp:attachment":[{"href":"https:\/\/www.hsu-hh.de\/ees\/wp-json\/wp\/v2\/media?parent=2438"}],"wp:term":[{"taxonomy":"category","embeddable":true,"href":"https:\/\/www.hsu-hh.de\/ees\/wp-json\/wp\/v2\/categories?post=2438"},{"taxonomy":"post_tag","embeddable":true,"href":"https:\/\/www.hsu-hh.de\/ees\/wp-json\/wp\/v2\/tags?post=2438"}],"curies":[{"name":"wp","href":"https:\/\/api.w.org\/{rel}","templated":true}]}}