{"id":2309,"date":"2019-09-15T19:18:48","date_gmt":"2019-09-15T17:18:48","guid":{"rendered":"https:\/\/www.hsu-hh.de\/ees\/?page_id=2309"},"modified":"2020-04-28T12:36:52","modified_gmt":"2020-04-28T10:36:52","slug":"vermaschte-netze-im-kabinen-und-frachtraumbereich","status":"publish","type":"page","link":"https:\/\/www.hsu-hh.de\/ees\/lff\/vermaschte-netze-im-kabinen-und-frachtraumbereich","title":{"rendered":"Vermaschte Netze im Kabinen- und Frachtraumbereich"},"content":{"rendered":"<p>Das Projekt \u201eMeshed Grids in Cabin and Cargo\u201d ist Teil des F\u00f6rderverbunds SESAM (SMART ENERGY SYSTEMS AND MANAGEMENT) und untersucht das Potential von vermaschten elektrischen Netzen in Flugzeugen. Betrachtet wird ausschlie\u00dflich der Kabinen- und Frachtraumbereich des Flugzeugs.<\/p>\n<p>Zurzeit werden Flugzeugbordnetze nur als Strahlennetz oder Baumnetz realisiert. Die elektrischen Energiequellen (Generatoren, Hilfstriebwerke, Batteriesysteme) sind mit der PEPDC (Primary Electric Power Distribution Center) verbunden. Von dieser wird die elektrische Energie unmittelbar oder \u00fcber SPDBs (Secondary Power Distribution Box) an die Lasten verteilt. Das f\u00fchrt je nach Energiequellenposition zu langen Leitungen von den Quellen zur Prim\u00e4rverteilung. Alle Strahlen des Netzes, die sogenannten Feeder, werden f\u00fcr den maximal auftretenden Strom ausgelegt. Jedoch sind manche Netzabschnitte nur in bestimmten Flugphasen aktiv.<\/p>\n<p>Ziel des Projekts ist es, ein m\u00f6glichst universelles Netz zu entwerfen und auf seine Praxistauglichkeit zu pr\u00fcfen. Dadurch soll die Einbindung von unterschiedlichen Quellen wie Standard-Generatoren, Brennstoffzellen und elektrischen Speichern auch nachtr\u00e4glich erm\u00f6glicht werden. Des Weiteren sollen Kabelquerschnitte durch die Vermaschung von Feedern verringert werden, wodurch zus\u00e4tzliches Gewicht eingespart werden kann. Ein wichtiges Ziel ist die Vereinheitlichung der Netzstruktur, sodass es m\u00f6glich ist, standardisierte Verkabelungen zu nutzen sowie elektronische Standardkomponenten zu entwickeln, deren Entwicklung und Produktion zu geringeren Kosten m\u00f6glich ist und die f\u00fcr jeden Flugzeugtyp einsetzbar sind.<\/p>\n<figure id=\"attachment_2922\" aria-describedby=\"caption-attachment-2922\" style=\"width: 1076px\" class=\"wp-caption alignnone\"><img loading=\"lazy\" decoding=\"async\" class=\"wp-image-2922\" src=\"https:\/\/www.hsu-hh.de\/ees\/wp-content\/uploads\/sites\/680\/2020\/04\/Cube-Concept.jpg\" alt=\"Cube-Concept\" width=\"1076\" height=\"500\" data-credit=\"HSU \/ EES\" srcset=\"https:\/\/www.hsu-hh.de\/ees\/wp-content\/uploads\/sites\/680\/2020\/04\/Cube-Concept.jpg 2531w, https:\/\/www.hsu-hh.de\/ees\/wp-content\/uploads\/sites\/680\/2020\/04\/Cube-Concept-300x139.jpg 300w, https:\/\/www.hsu-hh.de\/ees\/wp-content\/uploads\/sites\/680\/2020\/04\/Cube-Concept-1024x476.jpg 1024w, https:\/\/www.hsu-hh.de\/ees\/wp-content\/uploads\/sites\/680\/2020\/04\/Cube-Concept-768x357.jpg 768w, https:\/\/www.hsu-hh.de\/ees\/wp-content\/uploads\/sites\/680\/2020\/04\/Cube-Concept-1536x714.jpg 1536w, https:\/\/www.hsu-hh.de\/ees\/wp-content\/uploads\/sites\/680\/2020\/04\/Cube-Concept-2048x952.jpg 2048w\" sizes=\"auto, (max-width: 1076px) 100vw, 1076px\" \/><figcaption id=\"caption-attachment-2922\" class=\"wp-caption-text\">Cube-Concept<\/figcaption><\/figure>\n<h2>Ansprechpartner:<\/h2>\n<p><a href=\"https:\/\/www.hsu-hh.de\/ees\/team\" target=\"_blank\" rel=\"noopener noreferrer\">Prof. <abbr title=\"Doktor der Ingenieurwissenschaften\">Dr.-Ing.<\/abbr> <abbr title=\"habilitatus\">habil.<\/abbr> Detlef Schulz<\/a>\u00a0(Projektleiter)<br \/>\nFakult\u00e4t f\u00fcr Elektrotechnik<br \/>\nElektrische Energiesysteme<\/p>\n","protected":false},"excerpt":{"rendered":"<p>Das Projekt \u201eMeshed Grids in Cabin and Cargo\u201d ist Teil des F\u00f6rderverbunds SESAM (SMART ENERGY SYSTEMS AND MANAGEMENT) und untersucht das Potential von vermaschten elektrischen Netzen in Flugzeugen. Betrachtet wird [&hellip;]<\/p>\n","protected":false},"author":1341,"featured_media":0,"parent":999,"menu_order":0,"comment_status":"closed","ping_status":"closed","template":"","meta":{"footnotes":""},"categories":[352],"tags":[401],"class_list":["post-2309","page","type-page","status-publish","hentry","category-cluster-de","tag-luftfahrtforschung"],"_links":{"self":[{"href":"https:\/\/www.hsu-hh.de\/ees\/wp-json\/wp\/v2\/pages\/2309","targetHints":{"allow":["GET"]}}],"collection":[{"href":"https:\/\/www.hsu-hh.de\/ees\/wp-json\/wp\/v2\/pages"}],"about":[{"href":"https:\/\/www.hsu-hh.de\/ees\/wp-json\/wp\/v2\/types\/page"}],"author":[{"embeddable":true,"href":"https:\/\/www.hsu-hh.de\/ees\/wp-json\/wp\/v2\/users\/1341"}],"replies":[{"embeddable":true,"href":"https:\/\/www.hsu-hh.de\/ees\/wp-json\/wp\/v2\/comments?post=2309"}],"version-history":[{"count":2,"href":"https:\/\/www.hsu-hh.de\/ees\/wp-json\/wp\/v2\/pages\/2309\/revisions"}],"predecessor-version":[{"id":2924,"href":"https:\/\/www.hsu-hh.de\/ees\/wp-json\/wp\/v2\/pages\/2309\/revisions\/2924"}],"up":[{"embeddable":true,"href":"https:\/\/www.hsu-hh.de\/ees\/wp-json\/wp\/v2\/pages\/999"}],"wp:attachment":[{"href":"https:\/\/www.hsu-hh.de\/ees\/wp-json\/wp\/v2\/media?parent=2309"}],"wp:term":[{"taxonomy":"category","embeddable":true,"href":"https:\/\/www.hsu-hh.de\/ees\/wp-json\/wp\/v2\/categories?post=2309"},{"taxonomy":"post_tag","embeddable":true,"href":"https:\/\/www.hsu-hh.de\/ees\/wp-json\/wp\/v2\/tags?post=2309"}],"curies":[{"name":"wp","href":"https:\/\/api.w.org\/{rel}","templated":true}]}}