{"id":2300,"date":"2019-09-15T15:45:13","date_gmt":"2019-09-15T13:45:13","guid":{"rendered":"https:\/\/www.hsu-hh.de\/ees\/?page_id=2300"},"modified":"2020-04-22T13:32:44","modified_gmt":"2020-04-22T11:32:44","slug":"ipad-applikation-zur-demonstratorsteuerung","status":"publish","type":"page","link":"https:\/\/www.hsu-hh.de\/ees\/lff\/ipad-applikation-zur-demonstratorsteuerung","title":{"rendered":"Erstellung einer iPad-Applikation zur Demonstratorsteuerung"},"content":{"rendered":"<p>Im Zusammenhang mit einer Demonstrator-Entwicklung f\u00fcr Lastmanagement-Systeme in Flugzeugbordnetzen werden eigene Applikationen f\u00fcr Tablet-PCs erstellt. Mit diesen Applikationen k\u00f6nnen Demonstratoren gesteuert und \u00fcberwacht werden.<\/p>\n<p>F\u00fcr das Projekt wurde eine eigene Schnittstelle zwischen einem\u00a0Hardware-in-the-Loop-System und einem iPad entwickelt. Mithilfe dieser Applikationen und einem iPad wird eine einfache Steuerung und Pr\u00e4sentation verschiedener Funktionen der Demonstratoren erm\u00f6glicht.<\/p>\n<p><img loading=\"lazy\" decoding=\"async\" class=\"wp-image-2885\" src=\"https:\/\/www.hsu-hh.de\/ees\/wp-content\/uploads\/sites\/680\/2020\/04\/71_Airbus-iPad-Apps_WS.png\" alt=\"71_Airbus iPad-Apps_WS\" width=\"459\" height=\"325\" data-credit=\"HSU \/ EES\" srcset=\"https:\/\/www.hsu-hh.de\/ees\/wp-content\/uploads\/sites\/680\/2020\/04\/71_Airbus-iPad-Apps_WS.png 820w, https:\/\/www.hsu-hh.de\/ees\/wp-content\/uploads\/sites\/680\/2020\/04\/71_Airbus-iPad-Apps_WS-300x212.png 300w, https:\/\/www.hsu-hh.de\/ees\/wp-content\/uploads\/sites\/680\/2020\/04\/71_Airbus-iPad-Apps_WS-768x543.png 768w\" sizes=\"auto, (max-width: 459px) 100vw, 459px\" \/><\/p>\n<h2>Ansprechpartner:<\/h2>\n<p><a href=\"https:\/\/www.hsu-hh.de\/ees\/team\" target=\"_blank\" rel=\"noopener noreferrer\">Prof. <abbr title=\"Doktor der Ingenieurwissenschaften\">Dr.-Ing.<\/abbr> <abbr title=\"habilitatus\">habil.<\/abbr> Detlef Schulz<\/a>\u00a0(Projektleiter)<br \/>\n<abbr title=\"Diplom-Ingenieur\">Dipl.-Ing.<\/abbr> Florian Grumm<br \/>\nFakult\u00e4t f\u00fcr Elektrotechnik<br \/>\nElektrische Energiesysteme<\/p>\n<p>Kooperationspartner:\u00a0Airbus Operations\u00a0<abbr title=\"Gesellschaft mit beschr\u00e4nkter Haftung\">GmbH<\/abbr><\/p>\n","protected":false},"excerpt":{"rendered":"<p>Im Zusammenhang mit einer Demonstrator-Entwicklung f\u00fcr Lastmanagement-Systeme in Flugzeugbordnetzen werden eigene Applikationen f\u00fcr Tablet-PCs erstellt. Mit diesen Applikationen k\u00f6nnen Demonstratoren gesteuert und \u00fcberwacht werden. F\u00fcr das Projekt wurde eine eigene [&hellip;]<\/p>\n","protected":false},"author":1341,"featured_media":0,"parent":999,"menu_order":0,"comment_status":"closed","ping_status":"closed","template":"","meta":{"footnotes":""},"categories":[352],"tags":[401],"class_list":["post-2300","page","type-page","status-publish","hentry","category-cluster-de","tag-luftfahrtforschung"],"_links":{"self":[{"href":"https:\/\/www.hsu-hh.de\/ees\/wp-json\/wp\/v2\/pages\/2300","targetHints":{"allow":["GET"]}}],"collection":[{"href":"https:\/\/www.hsu-hh.de\/ees\/wp-json\/wp\/v2\/pages"}],"about":[{"href":"https:\/\/www.hsu-hh.de\/ees\/wp-json\/wp\/v2\/types\/page"}],"author":[{"embeddable":true,"href":"https:\/\/www.hsu-hh.de\/ees\/wp-json\/wp\/v2\/users\/1341"}],"replies":[{"embeddable":true,"href":"https:\/\/www.hsu-hh.de\/ees\/wp-json\/wp\/v2\/comments?post=2300"}],"version-history":[{"count":8,"href":"https:\/\/www.hsu-hh.de\/ees\/wp-json\/wp\/v2\/pages\/2300\/revisions"}],"predecessor-version":[{"id":2887,"href":"https:\/\/www.hsu-hh.de\/ees\/wp-json\/wp\/v2\/pages\/2300\/revisions\/2887"}],"up":[{"embeddable":true,"href":"https:\/\/www.hsu-hh.de\/ees\/wp-json\/wp\/v2\/pages\/999"}],"wp:attachment":[{"href":"https:\/\/www.hsu-hh.de\/ees\/wp-json\/wp\/v2\/media?parent=2300"}],"wp:term":[{"taxonomy":"category","embeddable":true,"href":"https:\/\/www.hsu-hh.de\/ees\/wp-json\/wp\/v2\/categories?post=2300"},{"taxonomy":"post_tag","embeddable":true,"href":"https:\/\/www.hsu-hh.de\/ees\/wp-json\/wp\/v2\/tags?post=2300"}],"curies":[{"name":"wp","href":"https:\/\/api.w.org\/{rel}","templated":true}]}}