{"id":2265,"date":"2019-09-12T12:22:32","date_gmt":"2019-09-12T10:22:32","guid":{"rendered":"https:\/\/www.hsu-hh.de\/ees\/?page_id=2265"},"modified":"2020-06-22T12:53:34","modified_gmt":"2020-06-22T10:53:34","slug":"konzeptanalyse-integration-von-brennstoffzellen","status":"publish","type":"page","link":"https:\/\/www.hsu-hh.de\/ees\/lff\/konzeptanalyse-integration-von-brennstoffzellen","title":{"rendered":"Konzeptanalyse einer elektrischen Integration von Brennstoffzellen in modernen Verkehrsflugzeugen"},"content":{"rendered":"<p>Als\u00a0Teilprojekt &#8222;Design und Analyse des Brennstoffnetzes&#8220; untersucht das Fachgebiet Elektrische Energiesysteme an der Helmut-Schmidt-Universit\u00e4t in Kooperation mit Airbus Operations\u00a0<abbr title=\"Gesellschaft mit beschr\u00e4nkter Haftung\">GmbH<\/abbr>\u00a0im Spitzenclusterprojekt &#8222;Kabinentechnologie und Multifunktionale Brennstoffzelle\u201c die hoch effiziente Bordstromversorgung durch ein multifunktionales Brennstoffzellensystem.<\/p>\n<ol>\n<li>Die Anwendung eines Brennstoffzellensystems als eine Alternative zur herk\u00f6mmlichen, kerosinbetriebenen Gasturbine APU (engl. Auxiliary Power Unit) hat viele Vorteile.\u00a0 Um diese positiven Eigenschaften im vollen Umfang nutzen zu k\u00f6nnen, muss die elektrische Anschlussarchitektur sicherstellen, dass alle angeschlossenen Verbraucher zu jeder Zeit mit ausreichender Energie versorgt werden. Dazu ist eine neue, optimierte elektrische Anschlussarchitektur zu entwickeln.<\/li>\n<li>Um die elektrische Dynamik von Brennstoffzellen bei gro\u00dfen Leistungsspr\u00fcngen zu verbessern, werden unterschiedliche Konzepte untersucht. Eine M\u00f6glichkeit ist die Integration von Kurzzeitenergiespeichern, wie es im Bild schematisch dargestellt wird.<\/li>\n<li>Aus Redundanzgr\u00fcnden und um die Verf\u00fcgbarkeit des Brennstoffzellensystems zu erh\u00f6hen, wird die Gesamtleistung auf 2 Teilsysteme aufgeteilt. Um allerdings die ben\u00f6tigte maximale Leistung bereitzustellen und die Systeme gleichm\u00e4\u00dfig zu belasten, m\u00fcssen diese Teilsysteme parallel an das elektrische Bordnetz angeschlossen werden.\u00a0 F\u00fcr diese Aufgabenstellung sind neue Netzschutzstrukturen und innovative Schutzkonzepte notwendig, um das Bordnetz im Falle eines elektrischen Fehlers zu sch\u00fctzen.<\/li>\n<\/ol>\n<p>&nbsp;<\/p>\n<figure id=\"attachment_2843\" aria-describedby=\"caption-attachment-2843\" style=\"width: 628px\" class=\"wp-caption alignnone\"><img loading=\"lazy\" decoding=\"async\" class=\"size-full wp-image-2843\" src=\"https:\/\/www.hsu-hh.de\/ees\/wp-content\/uploads\/sites\/680\/2020\/04\/131_Airbus_Brennstoffzelle_BN.jpg\" alt=\"131_Airbus_Brennstoffzelle_BN\" width=\"628\" height=\"400\" data-credit=\"HSU \/ EES\" srcset=\"https:\/\/www.hsu-hh.de\/ees\/wp-content\/uploads\/sites\/680\/2020\/04\/131_Airbus_Brennstoffzelle_BN.jpg 628w, https:\/\/www.hsu-hh.de\/ees\/wp-content\/uploads\/sites\/680\/2020\/04\/131_Airbus_Brennstoffzelle_BN-300x191.jpg 300w\" sizes=\"auto, (max-width: 628px) 100vw, 628px\" \/><figcaption id=\"caption-attachment-2843\" class=\"wp-caption-text\">M\u00f6gliche elektrische Architektur mit 4 unterschiedlichen Integrationsm\u00f6glichkeiten f\u00fcr Kurzzeitenergiespeicher<\/figcaption><\/figure>\n<h2>Dissertationen:<\/h2>\n<p><em>L\u00fccken, A.<\/em><br \/>\nIntegration von Brennstoffzellen in Flugzeugbordnetze,<br \/>\nDissertation Helmut-Schmidt-Universit\u00e4t \u00a0\/ Universit\u00e4t der\u00a0Bundeswehr\u00a0Hamburg 2014,\u00a0VDE\u00a0Verlag,\u00a0<abbr title=\"International Standard Book Number\">ISBN<\/abbr>\u00a0978-3-8007-3631-7<br \/>\n<a href=\"http:\/\/www.h2hamburg.de\/servicemarken\/Nachrichten\/Dr--Ing--Arno-Luecken-erhaelt-Promotionspreis_2016\/3780078\" target=\"_blank\" rel=\"noopener noreferrer\">F\u00fcr diese Dissertation wurde Herrn\u00a0<abbr title=\"Doktor der Ingenieurwissenschaften\">Dr.-Ing.<\/abbr>\u00a0Arno L\u00fccken am 28. Juni 2017 der Heinz und Joachim Gretz-Promotionspreis 2016 der Wasserstoff-Gesellschaft Hamburg e.V. verliehen.<\/a><\/p>\n<h2>Ansprechpartner:<\/h2>\n<p><a href=\"https:\/\/www.hsu-hh.de\/ees\/team\" target=\"_blank\" rel=\"noopener noreferrer\">Prof. <abbr title=\"Doktor der Ingenieurwissenschaften\">Dr.-Ing.<\/abbr> <abbr title=\"habilitatus\">habil.<\/abbr> Detlef Schulz<\/a>\u00a0(Projektleiter)<br \/>\nFakult\u00e4t f\u00fcr Elektrotechnik<br \/>\nElektrische Energiesysteme<\/p>\n<p>Kooperationspartner: Airbus Operations <abbr title=\"Gesellschaft mit beschr\u00e4nkter Haftung\">GmbH<\/abbr><br \/>\nLaufzeit:\u00a007\/2009 bis 11\/2013<\/p>\n","protected":false},"excerpt":{"rendered":"<p>Als\u00a0Teilprojekt &#8222;Design und Analyse des Brennstoffnetzes&#8220; untersucht das Fachgebiet Elektrische Energiesysteme an der Helmut-Schmidt-Universit\u00e4t in Kooperation mit Airbus Operations\u00a0GmbH\u00a0im Spitzenclusterprojekt &#8222;Kabinentechnologie und Multifunktionale Brennstoffzelle\u201c die hoch effiziente Bordstromversorgung durch ein [&hellip;]<\/p>\n","protected":false},"author":1341,"featured_media":0,"parent":999,"menu_order":0,"comment_status":"closed","ping_status":"closed","template":"","meta":{"footnotes":""},"categories":[352],"tags":[401],"class_list":["post-2265","page","type-page","status-publish","hentry","category-cluster-de","tag-luftfahrtforschung"],"_links":{"self":[{"href":"https:\/\/www.hsu-hh.de\/ees\/wp-json\/wp\/v2\/pages\/2265","targetHints":{"allow":["GET"]}}],"collection":[{"href":"https:\/\/www.hsu-hh.de\/ees\/wp-json\/wp\/v2\/pages"}],"about":[{"href":"https:\/\/www.hsu-hh.de\/ees\/wp-json\/wp\/v2\/types\/page"}],"author":[{"embeddable":true,"href":"https:\/\/www.hsu-hh.de\/ees\/wp-json\/wp\/v2\/users\/1341"}],"replies":[{"embeddable":true,"href":"https:\/\/www.hsu-hh.de\/ees\/wp-json\/wp\/v2\/comments?post=2265"}],"version-history":[{"count":7,"href":"https:\/\/www.hsu-hh.de\/ees\/wp-json\/wp\/v2\/pages\/2265\/revisions"}],"predecessor-version":[{"id":3154,"href":"https:\/\/www.hsu-hh.de\/ees\/wp-json\/wp\/v2\/pages\/2265\/revisions\/3154"}],"up":[{"embeddable":true,"href":"https:\/\/www.hsu-hh.de\/ees\/wp-json\/wp\/v2\/pages\/999"}],"wp:attachment":[{"href":"https:\/\/www.hsu-hh.de\/ees\/wp-json\/wp\/v2\/media?parent=2265"}],"wp:term":[{"taxonomy":"category","embeddable":true,"href":"https:\/\/www.hsu-hh.de\/ees\/wp-json\/wp\/v2\/categories?post=2265"},{"taxonomy":"post_tag","embeddable":true,"href":"https:\/\/www.hsu-hh.de\/ees\/wp-json\/wp\/v2\/tags?post=2265"}],"curies":[{"name":"wp","href":"https:\/\/api.w.org\/{rel}","templated":true}]}}