{"id":2189,"date":"2019-08-26T13:04:39","date_gmt":"2019-08-26T11:04:39","guid":{"rendered":"https:\/\/www.hsu-hh.de\/ees\/?page_id=2189"},"modified":"2022-03-18T11:20:27","modified_gmt":"2022-03-18T10:20:27","slug":"electrify-buildings-for-evs-elbe","status":"publish","type":"page","link":"https:\/\/www.hsu-hh.de\/ees\/forschung\/forschungsgebiete\/electrify-buildings-for-evs-elbe","title":{"rendered":"Electrify Buildings for EVs (ELBE)"},"content":{"rendered":"\n<div class=\"wp-block-columns is-layout-flex wp-container-core-columns-is-layout-9d6595d7 wp-block-columns-is-layout-flex\">\n<div class=\"wp-block-column is-layout-flow wp-block-column-is-layout-flow\">\n<div class=\"wp-block-image\"><figure class=\"alignleft size-large is-resized\"><img loading=\"lazy\" decoding=\"async\" src=\"https:\/\/www.hsu-hh.de\/ees\/wp-content\/uploads\/sites\/680\/2022\/03\/BMWK_Fz_2017_Office_Farbe_de-995x1024.png\" data-credit=\"BMWK_Elbe\" alt=\"BMWK_Elbe\" class=\"wp-image-5108\" width=\"225\" height=\"230\" \/><\/figure><\/div>\n<\/div>\n\n\n\n<div class=\"wp-block-column is-layout-flow wp-block-column-is-layout-flow\">\n<div class=\"wp-block-image\"><figure class=\"alignright is-resized\"><img loading=\"lazy\" decoding=\"async\" src=\"https:\/\/www.hsu-hh.de\/ees\/wp-content\/uploads\/sites\/680\/2020\/01\/Logo-ELBE-final.png\" data-credit=\"ELBE\" alt=\"ELBE Logo\" class=\"wp-image-2413\" width=\"395\" height=\"200\" srcset=\"https:\/\/www.hsu-hh.de\/ees\/wp-content\/uploads\/sites\/680\/2020\/01\/Logo-ELBE-final.png 5729w, https:\/\/www.hsu-hh.de\/ees\/wp-content\/uploads\/sites\/680\/2020\/01\/Logo-ELBE-final-300x152.png 300w, https:\/\/www.hsu-hh.de\/ees\/wp-content\/uploads\/sites\/680\/2020\/01\/Logo-ELBE-final-1024x518.png 1024w, https:\/\/www.hsu-hh.de\/ees\/wp-content\/uploads\/sites\/680\/2020\/01\/Logo-ELBE-final-768x388.png 768w, https:\/\/www.hsu-hh.de\/ees\/wp-content\/uploads\/sites\/680\/2020\/01\/Logo-ELBE-final-1536x777.png 1536w, https:\/\/www.hsu-hh.de\/ees\/wp-content\/uploads\/sites\/680\/2020\/01\/Logo-ELBE-final-2048x1036.png 2048w\" sizes=\"auto, (max-width: 395px) 100vw, 395px\" \/><\/figure><\/div>\n\n\n\n<p><\/p>\n<\/div>\n<\/div>\n\n\n\n<h3 class=\"wp-block-heading\">FKZ 01MZ18014F<\/h3>\n\n\n\n<p>Im Rahmen des ELBE Projektes sollen in Hamburg au\u00dferhalb des \u00f6ffentlichen Raumes 7.400 Ladepunkte installiert, erprobt und im Betrieb analysiert werden. Diese sind ausnahmslos netzdienlich konzipiert und k\u00f6nnen intelligent gesteuert werden. Aufgabe der HSU ist die wissenschaftliche Begleitung der Umsetzung eines netzdienlichen Ladens. Mit den im Projekt zu identifizierenden Anforderungen der beteiligten Akteure wird die Umsetzung der Wirkkette VNB-Signal \u2013 CPOBackend \u2013 Ladebox \u2013 EV \u00fcberpr\u00fcft. Am Projekt sind Verteilnetzbetreiber (VNB), Charge Point Operators (CPOs) und E-Fahrzeugbesitzer beteiligt.<\/p>\n\n\n\n<figure class=\"wp-block-image alignnone is-resized wp-image-2192\"><img loading=\"lazy\" decoding=\"async\" src=\"https:\/\/www.hsu-hh.de\/ees\/wp-content\/uploads\/sites\/680\/2019\/08\/Abb1.jpg\" data-credit=\"ShutterOK\/shutterstock.com\" alt=\"Abbildung 1: E- Ladestation\" class=\"wp-image-2192\" width=\"455\" height=\"303\" srcset=\"https:\/\/www.hsu-hh.de\/ees\/wp-content\/uploads\/sites\/680\/2019\/08\/Abb1.jpg 920w, https:\/\/www.hsu-hh.de\/ees\/wp-content\/uploads\/sites\/680\/2019\/08\/Abb1-300x200.jpg 300w, https:\/\/www.hsu-hh.de\/ees\/wp-content\/uploads\/sites\/680\/2019\/08\/Abb1-768x512.jpg 768w\" sizes=\"auto, (max-width: 455px) 100vw, 455px\" \/><figcaption>Abbildung 1: E-Ladestation<\/figcaption><\/figure>\n\n\n\n<h2 class=\"wp-block-heading\"><strong>Netzdienliches Laden \u2013 Konzept<\/strong><\/h2>\n\n\n\n<p>Heute installierte Lades\u00e4ulen verf\u00fcgen \u00fcber keine M\u00f6glichkeit eines netzdienlichen Ladens. Die CPOs (Charge Point Operator \u2013 Ladepunktbetreiber) k\u00f6nnen nach der Installation messen und auswerten, wie sehr die Lades\u00e4ule ausgelastet ist und wie viel Energie geladen wurde. Eine Regelung der real bezogenen Leistung in Abh\u00e4ngigkeit vom konkreten Netzzustand ist nach dem Stand der Technik gegenw\u00e4rtig nicht m\u00f6glich. Im Projekt ELBE wird abh\u00e4ngig von der Netzauslastung ein Lademanagement umgesetzt, bei dem immer ein Ladestrom von mindestens 8 A garantiert wird. Damit k\u00f6nnen alle Fahrzeugtypen ohne Unterbrechung weiter geladen werden.<\/p>\n\n\n\n<div class=\"wp-block-image wp-image-2339\"><figure class=\"alignleft size-large is-resized\"><img loading=\"lazy\" decoding=\"async\" src=\"https:\/\/www.hsu-hh.de\/ees\/wp-content\/uploads\/sites\/680\/2021\/11\/Abbildung-2-DE-1024x576.png\" data-credit=\"HSU \/ DLab\" alt=\"Abbildung 2: Schematische Darstellung der HSU Aufgaben\" class=\"wp-image-4935\" width=\"730\" height=\"410\" srcset=\"https:\/\/www.hsu-hh.de\/ees\/wp-content\/uploads\/sites\/680\/2021\/11\/Abbildung-2-DE-1024x576.png 1024w, https:\/\/www.hsu-hh.de\/ees\/wp-content\/uploads\/sites\/680\/2021\/11\/Abbildung-2-DE-300x169.png 300w, https:\/\/www.hsu-hh.de\/ees\/wp-content\/uploads\/sites\/680\/2021\/11\/Abbildung-2-DE-768x432.png 768w, https:\/\/www.hsu-hh.de\/ees\/wp-content\/uploads\/sites\/680\/2021\/11\/Abbildung-2-DE-1100x619.png 1100w, https:\/\/www.hsu-hh.de\/ees\/wp-content\/uploads\/sites\/680\/2021\/11\/Abbildung-2-DE.png 1280w\" sizes=\"auto, (max-width: 730px) 100vw, 730px\" \/><figcaption>Abbildung 2: Schematische Darstellung der HSU Aufgaben<\/figcaption><\/figure><\/div>\n\n\n\n<div style=\"height:10px\" aria-hidden=\"true\" class=\"wp-block-spacer\"><\/div>\n\n\n\n<h2 class=\"wp-block-heading\"><strong>Untersuchung<\/strong><\/h2>\n\n\n\n<p>Die HSU untersucht die Funktionalit\u00e4t der Wirkkette VNB (Verteilnetzbetreiber) \u2013 Signal \u2013 CPO (Charge Point Operator \u2013 Ladepunktbetreiber) \u2013 Backend \u2013 Ladebox \u2013 EV (Elektrofahrzeug). Ziel der Untersuchung ist die \u00dcberpr\u00fcfung der Wirkkette hinsichtlich der Aspekte Wirkungsgrad der Fahrzeuge bei unterschiedlichen Lademodi, Netzr\u00fcckwirkungen und Unsymmetrie im Teillastbetrieb. Zudem werden in diesem Arbeitsschritt die Umsetzung weiterer Spezifikationen der entwickelten Schnittstelle (OpenADR \u2013Open Automated Demand Response) \u00fcberpr\u00fcft und validiert.<\/p>\n\n\n\n<figure class=\"wp-block-image is-resized\"><img loading=\"lazy\" decoding=\"async\" src=\"https:\/\/www.hsu-hh.de\/ees\/wp-content\/uploads\/sites\/680\/2020\/12\/Abbildung-3b.png\" data-credit=\"HSU \/ DLab\" alt=\"Abbildung 3\" class=\"wp-image-3613\" width=\"768\" height=\"495\" srcset=\"https:\/\/www.hsu-hh.de\/ees\/wp-content\/uploads\/sites\/680\/2020\/12\/Abbildung-3b.png 982w, https:\/\/www.hsu-hh.de\/ees\/wp-content\/uploads\/sites\/680\/2020\/12\/Abbildung-3b-300x193.png 300w, https:\/\/www.hsu-hh.de\/ees\/wp-content\/uploads\/sites\/680\/2020\/12\/Abbildung-3b-768x495.png 768w\" sizes=\"auto, (max-width: 768px) 100vw, 768px\" \/><\/figure>\n\n\n\n<p>Abbildung 3: Genereller Laboraufbau zur \u00dcberpr\u00fcfung der Wirkkette VNB (Verteilnetzbetreiber) -Signal \u2013 CPO (Charge Point Operator- Ladepunktbetreiber) \u2013 Backend \u2013 Ladebox \u2013 Elektrofahrzeug an der HSU, VTN (Virtual Top Node, Virtueller Hauptknoten), VEN (Virtuel End Node, Virtueller Endknoten), EVSE (Electric Vehicle Supply Equipment, Ladestation f\u00fcr Elektrofahrzeuge), OpenADR (Open Automated Demand Response)<\/p>\n\n\n\n<h2 class=\"wp-block-heading\" id=\"secure\"><strong>Einbindung der sicheren Kommunikation \u00fcber Smart-Meter-Gateway im Bereich Ladeinfrastruktur<\/strong><\/h2>\n\n\n\n<p>Das Projekt ELBE wurde ab 01.01.2020 um die pilothafte Einbindung von Smart-Meter-Gateways (SMGw) in die Ladeinfrastruktur f\u00fcr Elektromobilit\u00e4tsanwendungen erweitert. Das Smart-Meter-Gateway soll als zentrale Kommunikationseinheit eines intelligenten Messystems (iMES) zuk\u00fcnftige Anwendungen des Smart-Grids erst m\u00f6glich machen. Zentrale Aufgabe im Projekt wird der Aufbau einer sicheren Kommunikationskette gem\u00e4\u00df den Vorgaben des Bundesamtes f\u00fcr Sicherheit in der Informationstechnik (siehe BSI TR-03109-1) sein. Die Erprobung einer cybersicheren Kommunikation zur Steuerung einzelner Ladepunkte bildet somit das allumfassende Projektziel. Das BSI hat in der Technischen Richtlinie hohe datenschutzrelevante Anforderungen an die Smart-Meter-Gateway-Infrastruktur formuliert. Die Erf\u00fcllung der Anforderungen durch die Hersteller muss im Rahmen eines Zertifizierungsprozesses nachgewiesen werden.<\/p>\n\n\n\n<p>Die grunds\u00e4tzliche Einbindung eines SMGw und die Kommunikationsschnittstellen in die angrenzenden Netze zeigt Abbildung 4. Im WAN befinden sich der Gateway-Administrator als sichere Instanz zur Konfiguration und Verwaltung des SMGw und weitere externe Marktteilnehmer, die Zugriff auf ausgelesene Daten ben\u00f6tigen. Im LMN befinden sich die Z\u00e4hler f\u00fcr Elektrizit\u00e4t und ggf. weitere Sparten, die ihre Messergebnisse an das SMGw senden. \u00dcber das HAN kann der Letztverbraucher auf das SMGw zugreifen und sich gespeicherte Daten anzeigen lassen. Ebenso findet \u00fcber die HAN-Schnittstelle die Kommunikation mit angeschlossenen steuerbaren Verbrauchs- oder Erzeugungsanlagen, wie zum Beispiel mit Ladepunkten, statt.<\/p>\n\n\n\n<figure class=\"wp-block-image alignnone is-resized wp-image-2727\"><img loading=\"lazy\" decoding=\"async\" src=\"https:\/\/www.hsu-hh.de\/ees\/wp-content\/uploads\/sites\/680\/2020\/04\/SMGw-Infrastruktur_de.png\" data-credit=\"HSU \/ DLab\" alt=\"Abbildung 4: Einbindung des SMGw in die Einsatzumgebung (gem\u00e4\u00df BSI TR-03109)\" class=\"wp-image-2727\" width=\"659\" height=\"408\" srcset=\"https:\/\/www.hsu-hh.de\/ees\/wp-content\/uploads\/sites\/680\/2020\/04\/SMGw-Infrastruktur_de.png 996w, https:\/\/www.hsu-hh.de\/ees\/wp-content\/uploads\/sites\/680\/2020\/04\/SMGw-Infrastruktur_de-300x186.png 300w, https:\/\/www.hsu-hh.de\/ees\/wp-content\/uploads\/sites\/680\/2020\/04\/SMGw-Infrastruktur_de-768x476.png 768w\" sizes=\"auto, (max-width: 659px) 100vw, 659px\" \/><figcaption>Abbildung 4: Einbindung des SMGw in die Einsatzumgebung (gem\u00e4\u00df <abbr title=\"Bundesamt f\u00fcr Sicherheit in der Informationstechnik\">BSI<\/abbr> TR-03109)<\/figcaption><\/figure>\n\n\n\n<p>Im Rahmen der wissenschaftlichen Begleitforschung durch die HSU wird ein Visualisierungs- und Demonstrationslabor mit SMGw aufgebaut und betrieben. Dies wird eine fortschreitende Forschung zur verbraucherseitigen Flexibilisierung durch Steuerung von Verbrauchs- und Erzeugungsanlagen im Energieversorgungssystem erm\u00f6glichen. &nbsp;Weiterhin wird die \u00dcbertragbarkeit der Erkenntnisse und Konzepte der pilothaften Umsetzung aus dem Bereich Ladeinfrastruktur validiert.<\/p>\n\n\n\n<p>Die Ergebnisse aus dem Visualisierungs- und Demonstrationslabor werden im Rahmen von Netzsimulationen skaliert, um Aussagen \u00fcber das Netzverhalten treffen zu k\u00f6nnen.<\/p>\n\n\n\n<h2 class=\"wp-block-heading\">Projektpartner:<\/h2>\n\n\n\n<div class=\"wp-block-image\"><figure class=\"alignleft size-large is-resized\"><img loading=\"lazy\" decoding=\"async\" src=\"https:\/\/www.hsu-hh.de\/ees\/wp-content\/uploads\/sites\/680\/2021\/11\/Logos2021-1024x398.jpg\" data-credit=\"HSU \/ DLab\" alt=\"ElbeLogos\" class=\"wp-image-4942\" width=\"768\" height=\"299\" srcset=\"https:\/\/www.hsu-hh.de\/ees\/wp-content\/uploads\/sites\/680\/2021\/11\/Logos2021-1024x398.jpg 1024w, https:\/\/www.hsu-hh.de\/ees\/wp-content\/uploads\/sites\/680\/2021\/11\/Logos2021-300x117.jpg 300w, https:\/\/www.hsu-hh.de\/ees\/wp-content\/uploads\/sites\/680\/2021\/11\/Logos2021-768x299.jpg 768w, https:\/\/www.hsu-hh.de\/ees\/wp-content\/uploads\/sites\/680\/2021\/11\/Logos2021-1536x597.jpg 1536w, https:\/\/www.hsu-hh.de\/ees\/wp-content\/uploads\/sites\/680\/2021\/11\/Logos2021-2048x796.jpg 2048w, https:\/\/www.hsu-hh.de\/ees\/wp-content\/uploads\/sites\/680\/2021\/11\/Logos2021-1100x428.jpg 1100w\" sizes=\"auto, (max-width: 768px) 100vw, 768px\" \/><\/figure><\/div>\n\n\n\n<div style=\"height:11px\" aria-hidden=\"true\" class=\"wp-block-spacer\"><\/div>\n\n\n\n<h2 class=\"wp-block-heading\">Ansprechpartner:<\/h2>\n\n\n\n<p>Prof. <abbr title=\"Doktor der Ingenieurwissenschaften\">Dr.-Ing.<\/abbr> <abbr title=\"habilitatus\">habil.<\/abbr> Detlef Schulz (Projektleiter)<br>Sahar Darvish, M. Sc.<br>Felix Heider, M. Sc.<br>Reiner Jordan, Dipl.-Ing. (FH)<br>Fakult\u00e4t f\u00fcr Elektrotechnik<br>Elektrische Energiesysteme<\/p>\n\n\n\n<h2 class=\"wp-block-heading\"><strong>Weitere Informationen:<\/strong><\/h2>\n\n\n\n<p><a href=\"https:\/\/elbe-hh.de\" target=\"_blank\" rel=\"noreferrer noopener\">ELBE-Webseite<\/a><\/p>\n\n\n\n<p><\/p>\n","protected":false},"excerpt":{"rendered":"<p>FKZ 01MZ18014F Im Rahmen des ELBE Projektes sollen in Hamburg au\u00dferhalb des \u00f6ffentlichen Raumes 7.400 Ladepunkte installiert, erprobt und im Betrieb analysiert werden. Diese sind ausnahmslos netzdienlich konzipiert und k\u00f6nnen [&hellip;]<\/p>\n","protected":false},"author":57,"featured_media":0,"parent":3518,"menu_order":0,"comment_status":"closed","ping_status":"closed","template":"","meta":{"footnotes":""},"categories":[4,572],"tags":[390],"class_list":["post-2189","page","type-page","status-publish","hentry","category-forschung","category-projekte-2","tag-elbe"],"_links":{"self":[{"href":"https:\/\/www.hsu-hh.de\/ees\/wp-json\/wp\/v2\/pages\/2189","targetHints":{"allow":["GET"]}}],"collection":[{"href":"https:\/\/www.hsu-hh.de\/ees\/wp-json\/wp\/v2\/pages"}],"about":[{"href":"https:\/\/www.hsu-hh.de\/ees\/wp-json\/wp\/v2\/types\/page"}],"author":[{"embeddable":true,"href":"https:\/\/www.hsu-hh.de\/ees\/wp-json\/wp\/v2\/users\/57"}],"replies":[{"embeddable":true,"href":"https:\/\/www.hsu-hh.de\/ees\/wp-json\/wp\/v2\/comments?post=2189"}],"version-history":[{"count":49,"href":"https:\/\/www.hsu-hh.de\/ees\/wp-json\/wp\/v2\/pages\/2189\/revisions"}],"predecessor-version":[{"id":5110,"href":"https:\/\/www.hsu-hh.de\/ees\/wp-json\/wp\/v2\/pages\/2189\/revisions\/5110"}],"up":[{"embeddable":true,"href":"https:\/\/www.hsu-hh.de\/ees\/wp-json\/wp\/v2\/pages\/3518"}],"wp:attachment":[{"href":"https:\/\/www.hsu-hh.de\/ees\/wp-json\/wp\/v2\/media?parent=2189"}],"wp:term":[{"taxonomy":"category","embeddable":true,"href":"https:\/\/www.hsu-hh.de\/ees\/wp-json\/wp\/v2\/categories?post=2189"},{"taxonomy":"post_tag","embeddable":true,"href":"https:\/\/www.hsu-hh.de\/ees\/wp-json\/wp\/v2\/tags?post=2189"}],"curies":[{"name":"wp","href":"https:\/\/api.w.org\/{rel}","templated":true}]}}