{"id":2066,"date":"2019-03-25T08:31:02","date_gmt":"2019-03-25T07:31:02","guid":{"rendered":"https:\/\/www.hsu-hh.de\/ees\/?page_id=2066"},"modified":"2021-04-14T10:28:13","modified_gmt":"2021-04-14T08:28:13","slug":"mittelspannungslabor","status":"publish","type":"page","link":"https:\/\/www.hsu-hh.de\/ees\/dlab\/mittelspannungslabor","title":{"rendered":"Labor f\u00fcr Elektromobilit\u00e4t und Mittelspannungspr\u00fcfungen"},"content":{"rendered":"<div>\n<p>Untersuchung von Lades\u00e4ulen sowie der Spannungsfestigkeit von Leistungselektronik bis 30 kV<\/p>\n<\/div>\n\n\n<figure class=\"wp-block-video\"><video height=\"720\" style=\"aspect-ratio: 1280 \/ 720;\" width=\"1280\" controls poster=\"https:\/\/www.hsu-hh.de\/ees\/wp-content\/uploads\/sites\/680\/2020\/12\/ElektroMobilityVorschau.png\" src=\"https:\/\/www.hsu-hh.de\/ees\/wp-content\/uploads\/sites\/680\/2020\/12\/ElektroMobilityLabor.mp4\"><\/video><\/figure>\n","protected":false},"excerpt":{"rendered":"<p>Untersuchung von Lades\u00e4ulen sowie der Spannungsfestigkeit von Leistungselektronik bis 30 kV<\/p>\n","protected":false},"author":57,"featured_media":0,"parent":1963,"menu_order":0,"comment_status":"closed","ping_status":"closed","template":"","meta":{"footnotes":""},"categories":[283],"tags":[281,301],"class_list":["post-2066","page","type-page","status-publish","hentry","category-dlab","tag-dlab","tag-mittelspannungslabor"],"_links":{"self":[{"href":"https:\/\/www.hsu-hh.de\/ees\/wp-json\/wp\/v2\/pages\/2066","targetHints":{"allow":["GET"]}}],"collection":[{"href":"https:\/\/www.hsu-hh.de\/ees\/wp-json\/wp\/v2\/pages"}],"about":[{"href":"https:\/\/www.hsu-hh.de\/ees\/wp-json\/wp\/v2\/types\/page"}],"author":[{"embeddable":true,"href":"https:\/\/www.hsu-hh.de\/ees\/wp-json\/wp\/v2\/users\/57"}],"replies":[{"embeddable":true,"href":"https:\/\/www.hsu-hh.de\/ees\/wp-json\/wp\/v2\/comments?post=2066"}],"version-history":[{"count":4,"href":"https:\/\/www.hsu-hh.de\/ees\/wp-json\/wp\/v2\/pages\/2066\/revisions"}],"predecessor-version":[{"id":4286,"href":"https:\/\/www.hsu-hh.de\/ees\/wp-json\/wp\/v2\/pages\/2066\/revisions\/4286"}],"up":[{"embeddable":true,"href":"https:\/\/www.hsu-hh.de\/ees\/wp-json\/wp\/v2\/pages\/1963"}],"wp:attachment":[{"href":"https:\/\/www.hsu-hh.de\/ees\/wp-json\/wp\/v2\/media?parent=2066"}],"wp:term":[{"taxonomy":"category","embeddable":true,"href":"https:\/\/www.hsu-hh.de\/ees\/wp-json\/wp\/v2\/categories?post=2066"},{"taxonomy":"post_tag","embeddable":true,"href":"https:\/\/www.hsu-hh.de\/ees\/wp-json\/wp\/v2\/tags?post=2066"}],"curies":[{"name":"wp","href":"https:\/\/api.w.org\/{rel}","templated":true}]}}