{"id":2063,"date":"2019-03-25T07:42:37","date_gmt":"2019-03-25T06:42:37","guid":{"rendered":"https:\/\/www.hsu-hh.de\/ees\/?page_id=2063"},"modified":"2020-04-27T08:35:50","modified_gmt":"2020-04-27T06:35:50","slug":"flugzeugbordnetzlabor","status":"publish","type":"page","link":"https:\/\/www.hsu-hh.de\/ees\/dlab\/flugzeugbordnetzlabor","title":{"rendered":"Flugzeugbordnetzlabor"},"content":{"rendered":"<p>Analyse und Evaluation von neuartigen Topologien und Entwicklung intelligenter Leistungsmanagementsysteme f\u00fcr Flugzeugbordnetze<\/p>\n<figure id=\"attachment_2866\" aria-describedby=\"caption-attachment-2866\" style=\"width: 898px\" class=\"wp-caption alignnone\"><img loading=\"lazy\" decoding=\"async\" class=\"size-full wp-image-2866\" src=\"https:\/\/www.hsu-hh.de\/ees\/wp-content\/uploads\/sites\/680\/2020\/04\/51_Airbus-Pr\u00fcfstand_TE.png\" alt=\"51_Airbus Pr\u00fcfstand_TE\" width=\"898\" height=\"650\" data-credit=\"HSU \/ EES\" srcset=\"https:\/\/www.hsu-hh.de\/ees\/wp-content\/uploads\/sites\/680\/2020\/04\/51_Airbus-Pr\u00fcfstand_TE.png 898w, https:\/\/www.hsu-hh.de\/ees\/wp-content\/uploads\/sites\/680\/2020\/04\/51_Airbus-Pr\u00fcfstand_TE-300x217.png 300w, https:\/\/www.hsu-hh.de\/ees\/wp-content\/uploads\/sites\/680\/2020\/04\/51_Airbus-Pr\u00fcfstand_TE-768x556.png 768w\" sizes=\"auto, (max-width: 898px) 100vw, 898px\" \/><figcaption id=\"caption-attachment-2866\" class=\"wp-caption-text\">Pr\u00fcfstand f\u00fcr die zuk\u00fcnftige elektrische Kabinenenergieversorgung in Flugzeugen<\/figcaption><\/figure>\n","protected":false},"excerpt":{"rendered":"<p>Analyse und Evaluation von neuartigen Topologien und Entwicklung intelligenter Leistungsmanagementsysteme f\u00fcr Flugzeugbordnetze<\/p>\n","protected":false},"author":57,"featured_media":0,"parent":1963,"menu_order":0,"comment_status":"closed","ping_status":"closed","template":"","meta":{"footnotes":""},"categories":[283],"tags":[281,299],"class_list":["post-2063","page","type-page","status-publish","hentry","category-dlab","tag-dlab","tag-flugzeugbordnetzlabor"],"_links":{"self":[{"href":"https:\/\/www.hsu-hh.de\/ees\/wp-json\/wp\/v2\/pages\/2063","targetHints":{"allow":["GET"]}}],"collection":[{"href":"https:\/\/www.hsu-hh.de\/ees\/wp-json\/wp\/v2\/pages"}],"about":[{"href":"https:\/\/www.hsu-hh.de\/ees\/wp-json\/wp\/v2\/types\/page"}],"author":[{"embeddable":true,"href":"https:\/\/www.hsu-hh.de\/ees\/wp-json\/wp\/v2\/users\/57"}],"replies":[{"embeddable":true,"href":"https:\/\/www.hsu-hh.de\/ees\/wp-json\/wp\/v2\/comments?post=2063"}],"version-history":[{"count":4,"href":"https:\/\/www.hsu-hh.de\/ees\/wp-json\/wp\/v2\/pages\/2063\/revisions"}],"predecessor-version":[{"id":4096,"href":"https:\/\/www.hsu-hh.de\/ees\/wp-json\/wp\/v2\/pages\/2063\/revisions\/4096"}],"up":[{"embeddable":true,"href":"https:\/\/www.hsu-hh.de\/ees\/wp-json\/wp\/v2\/pages\/1963"}],"wp:attachment":[{"href":"https:\/\/www.hsu-hh.de\/ees\/wp-json\/wp\/v2\/media?parent=2063"}],"wp:term":[{"taxonomy":"category","embeddable":true,"href":"https:\/\/www.hsu-hh.de\/ees\/wp-json\/wp\/v2\/categories?post=2063"},{"taxonomy":"post_tag","embeddable":true,"href":"https:\/\/www.hsu-hh.de\/ees\/wp-json\/wp\/v2\/tags?post=2063"}],"curies":[{"name":"wp","href":"https:\/\/api.w.org\/{rel}","templated":true}]}}