{"id":2056,"date":"2019-03-25T07:36:00","date_gmt":"2019-03-25T06:36:00","guid":{"rendered":"https:\/\/www.hsu-hh.de\/ees\/?page_id=2056"},"modified":"2019-05-20T12:44:59","modified_gmt":"2019-05-20T10:44:59","slug":"netzimpedanzbestimmung","status":"publish","type":"page","link":"https:\/\/www.hsu-hh.de\/ees\/dlab\/netzimpedanzbestimmung","title":{"rendered":"Messcontainer zur Netzimpedanzbestimmung"},"content":{"rendered":"<p>Entwicklung und Validierung von Messger\u00e4ten zur Identifikation der frequenzabh\u00e4ngigen Netz-impedanz f\u00fcr die Niederspannungsebene sowie f\u00fcr Mittelspannung bis 20 kV und Hochspannung bis 110 kV<\/p>\n<figure id=\"attachment_2163\" aria-describedby=\"caption-attachment-2163\" style=\"width: 1024px\" class=\"wp-caption alignleft\"><img loading=\"lazy\" decoding=\"async\" class=\"wp-image-2163 size-large\" src=\"https:\/\/www.hsu-hh.de\/ees\/wp-content\/uploads\/sites\/680\/2019\/05\/DSC_4703-1024x739.jpg\" alt=\"Hochspannungs-Impedanz-Messcontainer\" width=\"1024\" height=\"739\" data-credit=\"HSU\" srcset=\"https:\/\/www.hsu-hh.de\/ees\/wp-content\/uploads\/sites\/680\/2019\/05\/DSC_4703-1024x739.jpg 1024w, https:\/\/www.hsu-hh.de\/ees\/wp-content\/uploads\/sites\/680\/2019\/05\/DSC_4703-300x217.jpg 300w, https:\/\/www.hsu-hh.de\/ees\/wp-content\/uploads\/sites\/680\/2019\/05\/DSC_4703-768x555.jpg 768w\" sizes=\"auto, (max-width: 1024px) 100vw, 1024px\" \/><figcaption id=\"caption-attachment-2163\" class=\"wp-caption-text\">Hochspannungs-Impedanz-Messcontainer<\/figcaption><\/figure>\n<figure id=\"attachment_2153\" aria-describedby=\"caption-attachment-2153\" style=\"width: 1024px\" class=\"wp-caption alignleft\"><img loading=\"lazy\" decoding=\"async\" class=\"wp-image-2153 size-large\" src=\"https:\/\/www.hsu-hh.de\/ees\/wp-content\/uploads\/sites\/680\/2019\/05\/DSC_4611-1024x739.jpg\" alt=\"Mittelspannungs-Netzimdepanz-Container\" width=\"1024\" height=\"739\" data-credit=\"HSU\" srcset=\"https:\/\/www.hsu-hh.de\/ees\/wp-content\/uploads\/sites\/680\/2019\/05\/DSC_4611-1024x739.jpg 1024w, https:\/\/www.hsu-hh.de\/ees\/wp-content\/uploads\/sites\/680\/2019\/05\/DSC_4611-300x217.jpg 300w, https:\/\/www.hsu-hh.de\/ees\/wp-content\/uploads\/sites\/680\/2019\/05\/DSC_4611-768x555.jpg 768w\" sizes=\"auto, (max-width: 1024px) 100vw, 1024px\" \/><figcaption id=\"caption-attachment-2153\" class=\"wp-caption-text\">Mittelspannungs-Netzimdepanz-Container<\/figcaption><\/figure>\n<p>&nbsp;<\/p>\n<p>&nbsp;<\/p>\n<p>&nbsp;<\/p>\n","protected":false},"excerpt":{"rendered":"<p>Entwicklung und Validierung von Messger\u00e4ten zur Identifikation der frequenzabh\u00e4ngigen Netz-impedanz f\u00fcr die Niederspannungsebene sowie f\u00fcr Mittelspannung bis 20 kV und Hochspannung bis 110 kV &nbsp; &nbsp; &nbsp;<\/p>\n","protected":false},"author":57,"featured_media":0,"parent":1963,"menu_order":0,"comment_status":"closed","ping_status":"closed","template":"","meta":{"footnotes":""},"categories":[283],"tags":[281,293],"class_list":["post-2056","page","type-page","status-publish","hentry","category-dlab","tag-dlab","tag-netzimpedanzbestimmung"],"_links":{"self":[{"href":"https:\/\/www.hsu-hh.de\/ees\/wp-json\/wp\/v2\/pages\/2056","targetHints":{"allow":["GET"]}}],"collection":[{"href":"https:\/\/www.hsu-hh.de\/ees\/wp-json\/wp\/v2\/pages"}],"about":[{"href":"https:\/\/www.hsu-hh.de\/ees\/wp-json\/wp\/v2\/types\/page"}],"author":[{"embeddable":true,"href":"https:\/\/www.hsu-hh.de\/ees\/wp-json\/wp\/v2\/users\/57"}],"replies":[{"embeddable":true,"href":"https:\/\/www.hsu-hh.de\/ees\/wp-json\/wp\/v2\/comments?post=2056"}],"version-history":[{"count":6,"href":"https:\/\/www.hsu-hh.de\/ees\/wp-json\/wp\/v2\/pages\/2056\/revisions"}],"predecessor-version":[{"id":2168,"href":"https:\/\/www.hsu-hh.de\/ees\/wp-json\/wp\/v2\/pages\/2056\/revisions\/2168"}],"up":[{"embeddable":true,"href":"https:\/\/www.hsu-hh.de\/ees\/wp-json\/wp\/v2\/pages\/1963"}],"wp:attachment":[{"href":"https:\/\/www.hsu-hh.de\/ees\/wp-json\/wp\/v2\/media?parent=2056"}],"wp:term":[{"taxonomy":"category","embeddable":true,"href":"https:\/\/www.hsu-hh.de\/ees\/wp-json\/wp\/v2\/categories?post=2056"},{"taxonomy":"post_tag","embeddable":true,"href":"https:\/\/www.hsu-hh.de\/ees\/wp-json\/wp\/v2\/tags?post=2056"}],"curies":[{"name":"wp","href":"https:\/\/api.w.org\/{rel}","templated":true}]}}