{"id":2053,"date":"2019-03-25T07:32:21","date_gmt":"2019-03-25T06:32:21","guid":{"rendered":"https:\/\/www.hsu-hh.de\/ees\/?page_id=2053"},"modified":"2022-09-28T11:51:02","modified_gmt":"2022-09-28T09:51:02","slug":"hochspannungslabor","status":"publish","type":"page","link":"https:\/\/www.hsu-hh.de\/ees\/dlab\/hochspannungslabor","title":{"rendered":"Hochspannungslabor"},"content":{"rendered":"\n<p>Laboraufbauten als Baukastensystem zur Durchf\u00fchrung von Wechsel-, Gleich- und Sto\u00dfspannungsversuchen bis 140 kV, sowie Messung von Teilentladungen<\/p>\n\n\n\n<figure class=\"wp-block-video\"><video height=\"720\" style=\"aspect-ratio: 1280 \/ 720;\" width=\"1280\" controls poster=\"https:\/\/www.hsu-hh.de\/ees\/wp-content\/uploads\/sites\/680\/2020\/12\/HSLaborVorschau.png\" src=\"https:\/\/www.hsu-hh.de\/ees\/wp-content\/uploads\/sites\/680\/2020\/12\/HSLaborAC.mp4\"><\/video><\/figure>\n\n\n\n<div style=\"height:23px\" aria-hidden=\"true\" class=\"wp-block-spacer\"><\/div>\n\n\n\n<h2 class=\"wp-block-heading\">\u00dcberblick \u00fcber das Labor und technische Daten<\/h2>\n\n\n<div class=\"wp-block-image\">\n<figure class=\"alignleft size-large is-resized\"><img loading=\"lazy\" decoding=\"async\" src=\"https:\/\/www.hsu-hh.de\/ees\/wp-content\/uploads\/sites\/680\/2020\/12\/HS_Labor_Ueberblick.jpg\" data-credit=\"HSU \/ DLab\" alt=\"HS_Labor_\u00dcberblick\" class=\"wp-image-3780\" width=\"960\" height=\"590\" srcset=\"https:\/\/www.hsu-hh.de\/ees\/wp-content\/uploads\/sites\/680\/2020\/12\/HS_Labor_Ueberblick.jpg 914w, https:\/\/www.hsu-hh.de\/ees\/wp-content\/uploads\/sites\/680\/2020\/12\/HS_Labor_Ueberblick-300x184.jpg 300w, https:\/\/www.hsu-hh.de\/ees\/wp-content\/uploads\/sites\/680\/2020\/12\/HS_Labor_Ueberblick-768x472.jpg 768w\" sizes=\"auto, (max-width: 960px) 100vw, 960px\" \/><\/figure>\n<\/div>\n\n<div class=\"wp-block-image\">\n<figure class=\"alignleft size-large is-resized\"><img loading=\"lazy\" decoding=\"async\" src=\"https:\/\/www.hsu-hh.de\/ees\/wp-content\/uploads\/sites\/680\/2020\/12\/HS_Labor_Daten.jpg\" data-credit=\"HSU \/ DLab\" alt=\"HS_Labor_Daten\" class=\"wp-image-3777\" width=\"960\" height=\"491\" srcset=\"https:\/\/www.hsu-hh.de\/ees\/wp-content\/uploads\/sites\/680\/2020\/12\/HS_Labor_Daten.jpg 916w, https:\/\/www.hsu-hh.de\/ees\/wp-content\/uploads\/sites\/680\/2020\/12\/HS_Labor_Daten-300x154.jpg 300w, https:\/\/www.hsu-hh.de\/ees\/wp-content\/uploads\/sites\/680\/2020\/12\/HS_Labor_Daten-768x393.jpg 768w\" sizes=\"auto, (max-width: 960px) 100vw, 960px\" \/><\/figure>\n<\/div>\n\n\n<p><\/p>\n\n\n\n<p><\/p>\n\n\n\n<div style=\"height:20px\" aria-hidden=\"true\" class=\"wp-block-spacer\"><\/div>\n\n\n\n<h2 class=\"wp-block-heading\">Pr\u00fcfschaltungen f\u00fcr die Laborversuche<\/h2>\n\n\n\n<figure class=\"wp-block-image size-large\"><img loading=\"lazy\" decoding=\"async\" width=\"959\" height=\"384\" src=\"https:\/\/www.hsu-hh.de\/ees\/wp-content\/uploads\/sites\/680\/2020\/12\/HS_Labor_Wechselspannung.jpg\" data-credit=\"HSU \/ DLab\" alt=\"HS_Labor_Wechselspannung\" class=\"wp-image-3781\" srcset=\"https:\/\/www.hsu-hh.de\/ees\/wp-content\/uploads\/sites\/680\/2020\/12\/HS_Labor_Wechselspannung.jpg 959w, https:\/\/www.hsu-hh.de\/ees\/wp-content\/uploads\/sites\/680\/2020\/12\/HS_Labor_Wechselspannung-300x120.jpg 300w, https:\/\/www.hsu-hh.de\/ees\/wp-content\/uploads\/sites\/680\/2020\/12\/HS_Labor_Wechselspannung-768x308.jpg 768w\" sizes=\"auto, (max-width: 959px) 100vw, 959px\" \/><\/figure>\n\n\n\n<figure class=\"wp-block-image size-large\"><img loading=\"lazy\" decoding=\"async\" width=\"960\" height=\"383\" src=\"https:\/\/www.hsu-hh.de\/ees\/wp-content\/uploads\/sites\/680\/2020\/12\/HS_Labor_Gleichspannung.jpg\" data-credit=\"HSU \/ DLab\" alt=\"HS_Labor_Gleichspannung\" class=\"wp-image-3778\" srcset=\"https:\/\/www.hsu-hh.de\/ees\/wp-content\/uploads\/sites\/680\/2020\/12\/HS_Labor_Gleichspannung.jpg 960w, https:\/\/www.hsu-hh.de\/ees\/wp-content\/uploads\/sites\/680\/2020\/12\/HS_Labor_Gleichspannung-300x120.jpg 300w, https:\/\/www.hsu-hh.de\/ees\/wp-content\/uploads\/sites\/680\/2020\/12\/HS_Labor_Gleichspannung-768x306.jpg 768w\" sizes=\"auto, (max-width: 960px) 100vw, 960px\" \/><\/figure>\n\n\n\n<figure class=\"wp-block-image size-large\"><img loading=\"lazy\" decoding=\"async\" width=\"960\" height=\"385\" src=\"https:\/\/www.hsu-hh.de\/ees\/wp-content\/uploads\/sites\/680\/2020\/12\/HS_Labor_Blitzstossspannung.jpg\" data-credit=\"HSU \/ DLab\" alt=\"HS_Labor_Blitzstossspannung\" class=\"wp-image-3776\" srcset=\"https:\/\/www.hsu-hh.de\/ees\/wp-content\/uploads\/sites\/680\/2020\/12\/HS_Labor_Blitzstossspannung.jpg 960w, https:\/\/www.hsu-hh.de\/ees\/wp-content\/uploads\/sites\/680\/2020\/12\/HS_Labor_Blitzstossspannung-300x120.jpg 300w, https:\/\/www.hsu-hh.de\/ees\/wp-content\/uploads\/sites\/680\/2020\/12\/HS_Labor_Blitzstossspannung-768x308.jpg 768w\" sizes=\"auto, (max-width: 960px) 100vw, 960px\" \/><\/figure>\n\n\n\n<figure class=\"wp-block-image size-large\"><img loading=\"lazy\" decoding=\"async\" width=\"960\" height=\"391\" src=\"https:\/\/www.hsu-hh.de\/ees\/wp-content\/uploads\/sites\/680\/2020\/12\/HS_Labor_Schaltstossspannung.jpg\" data-credit=\"HSU \/ DLab\" alt=\"HS_Labor_Schaltstossspannung\" class=\"wp-image-3779\" srcset=\"https:\/\/www.hsu-hh.de\/ees\/wp-content\/uploads\/sites\/680\/2020\/12\/HS_Labor_Schaltstossspannung.jpg 960w, https:\/\/www.hsu-hh.de\/ees\/wp-content\/uploads\/sites\/680\/2020\/12\/HS_Labor_Schaltstossspannung-300x122.jpg 300w, https:\/\/www.hsu-hh.de\/ees\/wp-content\/uploads\/sites\/680\/2020\/12\/HS_Labor_Schaltstossspannung-768x313.jpg 768w\" sizes=\"auto, (max-width: 960px) 100vw, 960px\" \/><\/figure>\n\n\n\n<div style=\"height:20px\" aria-hidden=\"true\" class=\"wp-block-spacer\"><\/div>\n\n\n\n<h2 class=\"wp-block-heading\">Demonstrationsversuch Blitz und Donner<\/h2>\n\n\n<div class=\"wp-block-image\">\n<figure class=\"alignleft size-large is-resized\"><img loading=\"lazy\" decoding=\"async\" src=\"https:\/\/www.hsu-hh.de\/ees\/wp-content\/uploads\/sites\/680\/2019\/05\/DSC_2313-1024x739.jpg\" data-credit=\"HSU\" alt=\"Blitz + Donner\" class=\"wp-image-2150\" width=\"960\" height=\"693\" srcset=\"https:\/\/www.hsu-hh.de\/ees\/wp-content\/uploads\/sites\/680\/2019\/05\/DSC_2313-1024x739.jpg 1024w, https:\/\/www.hsu-hh.de\/ees\/wp-content\/uploads\/sites\/680\/2019\/05\/DSC_2313-300x217.jpg 300w, https:\/\/www.hsu-hh.de\/ees\/wp-content\/uploads\/sites\/680\/2019\/05\/DSC_2313-768x555.jpg 768w\" sizes=\"auto, (max-width: 960px) 100vw, 960px\" \/><\/figure>\n<\/div>\n\n\n<div style=\"height:20px\" aria-hidden=\"true\" class=\"wp-block-spacer\"><\/div>\n\n\n\n<div class=\"wp-block-columns is-layout-flex wp-container-core-columns-is-layout-9d6595d7 wp-block-columns-is-layout-flex\">\n<div class=\"wp-block-column is-layout-flow wp-block-column-is-layout-flow\"><\/div>\n\n\n\n<div class=\"wp-block-column is-layout-flow wp-block-column-is-layout-flow\"><\/div>\n<\/div>\n\n\n\n<p>Kontakt: hochspannungslabor@hsu-hh.de<\/p>\n","protected":false},"excerpt":{"rendered":"<p>Laboraufbauten als Baukastensystem zur Durchf\u00fchrung von Wechsel-, Gleich- und Sto\u00dfspannungsversuchen bis 140 kV, sowie Messung von Teilentladungen \u00dcberblick \u00fcber das Labor und technische Daten Pr\u00fcfschaltungen f\u00fcr die Laborversuche Demonstrationsversuch Blitz [&hellip;]<\/p>\n","protected":false},"author":57,"featured_media":0,"parent":1963,"menu_order":0,"comment_status":"closed","ping_status":"closed","template":"","meta":{"footnotes":""},"categories":[283],"tags":[281,291],"class_list":["post-2053","page","type-page","status-publish","hentry","category-dlab","tag-dlab","tag-hochspannungslabor"],"_links":{"self":[{"href":"https:\/\/www.hsu-hh.de\/ees\/wp-json\/wp\/v2\/pages\/2053","targetHints":{"allow":["GET"]}}],"collection":[{"href":"https:\/\/www.hsu-hh.de\/ees\/wp-json\/wp\/v2\/pages"}],"about":[{"href":"https:\/\/www.hsu-hh.de\/ees\/wp-json\/wp\/v2\/types\/page"}],"author":[{"embeddable":true,"href":"https:\/\/www.hsu-hh.de\/ees\/wp-json\/wp\/v2\/users\/57"}],"replies":[{"embeddable":true,"href":"https:\/\/www.hsu-hh.de\/ees\/wp-json\/wp\/v2\/comments?post=2053"}],"version-history":[{"count":11,"href":"https:\/\/www.hsu-hh.de\/ees\/wp-json\/wp\/v2\/pages\/2053\/revisions"}],"predecessor-version":[{"id":5463,"href":"https:\/\/www.hsu-hh.de\/ees\/wp-json\/wp\/v2\/pages\/2053\/revisions\/5463"}],"up":[{"embeddable":true,"href":"https:\/\/www.hsu-hh.de\/ees\/wp-json\/wp\/v2\/pages\/1963"}],"wp:attachment":[{"href":"https:\/\/www.hsu-hh.de\/ees\/wp-json\/wp\/v2\/media?parent=2053"}],"wp:term":[{"taxonomy":"category","embeddable":true,"href":"https:\/\/www.hsu-hh.de\/ees\/wp-json\/wp\/v2\/categories?post=2053"},{"taxonomy":"post_tag","embeddable":true,"href":"https:\/\/www.hsu-hh.de\/ees\/wp-json\/wp\/v2\/tags?post=2053"}],"curies":[{"name":"wp","href":"https:\/\/api.w.org\/{rel}","templated":true}]}}