{"id":1963,"date":"2019-01-28T06:33:19","date_gmt":"2019-01-28T05:33:19","guid":{"rendered":"https:\/\/www.hsu-hh.de\/ees\/?page_id=1963"},"modified":"2021-05-25T08:04:20","modified_gmt":"2021-05-25T06:04:20","slug":"dlab","status":"publish","type":"page","link":"https:\/\/www.hsu-hh.de\/ees\/dlab","title":{"rendered":"Distributed Energy Laboratory \u2013 DLab \u2013 Labor f\u00fcr verteilte Energiesysteme"},"content":{"rendered":"\n<p>Unter dem Dach des \u201eDistributed Energy Laboratory\u201c \u2013 kurz DLab \u2013 betreibt die Professur verschiedene Labore zur Untersuchung von Schl\u00fcsseltechnologien in den elektrischen Energiesystemen. Die sehr gut ausgestatteten, vielseitig nutzbaren und vernetzbaren Einrichtungen bieten die auch im internationalen Vergleich seltene M\u00f6glichkeit, eine Idee von der anteiligen Grundlagenforschung \u00fcber die Patententwicklung bis hin zur anschlie\u00dfenden angewandten Forschung mit Prototypentwicklung in vergleichsweise kurzen und damit wettbewerbsf\u00e4higen Zeitr\u00e4umen zu verfolgen.<\/p>\n\n\n\n<figure class=\"wp-block-video\"><video height=\"720\" style=\"aspect-ratio: 1280 \/ 720;\" width=\"1280\" controls poster=\"https:\/\/www.hsu-hh.de\/ees\/wp-content\/uploads\/sites\/680\/2020\/12\/SummeryVorschau.png\" src=\"https:\/\/www.hsu-hh.de\/ees\/wp-content\/uploads\/sites\/680\/2020\/12\/Summery.mp4\"><\/video><\/figure>\n\n\n\n<h2 class=\"wp-block-heading\">Labore im Einzelnen<\/h2>\n\n\n<div>\n<div>\n<div>\n<div>\n<div>\n<div>\n<div>\n<div>\n<div>\n<div>\n<p><a href=\"https:\/\/www.hsu-hh.de\/ees\/dlab\/netzlabor\">Netzlabor<\/a> &#8211; mit Video<\/p>\n<p>Nachbildung und Untersuchung von Energieversorgungs- und Inselnetzen mit hohem Anteil erneuerbarer Energien, sowie Entwicklung von innovativer Netzschutztechnik<\/p>\n<p><a href=\"https:\/\/www.hsu-hh.de\/ees\/dlab\/windenergielabor\">Windenergielabor<\/a> &#8211; mit Video<\/p>\n<p>Pr\u00fcfst\u00e4nde zur Untersuchung von Windenergieanlagen mit doppelt gespeistem Asynchrongenerator und permanent erregtem Synchrongenerator<\/p>\n<p><a href=\"https:\/\/www.hsu-hh.de\/ees\/dlab\/hochspannungslabor\">Hochspannungslabor<\/a> &#8211; mit Video<\/p>\n<p>Laboraufbauten als Baukastensystem zur Durchf\u00fchrung von Wechsel-, Gleich- und Sto\u00dfspannungsversuchen bis 140 kV, sowie Messung von Teilentladungen<\/p>\n<p><a href=\"https:\/\/www.hsu-hh.de\/ees\/photovoltaiklabor\">Photovoltaiklabor<\/a> &#8211; mit Video<\/p>\n<p>Demonstrationsanlage zur Untersuchung von PV-Modulen und Dachanlage mit Wechselrichter<\/p>\n<p><a href=\"https:\/\/www.hsu-hh.de\/ees\/dlab\/netzimpedanzbestimmung\">Messcontainer zur Netzimpedanzbestimmung<\/a><\/p>\n<p>Entwicklung und Validierung von Messger\u00e4ten zur Identifikation der frequenzabh\u00e4ngigen Netz-impedanz f\u00fcr die Niederspannungsebene sowie f\u00fcr Mittelspannung bis 20 kV und Hochspannung bis 110 kV<\/p>\n<p><a href=\"https:\/\/www.hsu-hh.de\/ees\/dlab\/brennstoffzellenlabor\">Wasserstoff- und Brennstoffzellenlabor<\/a> &#8211; mit Video<\/p>\n<p>Untersuchung elektrischer Brennstoffzellen-Membranen<br \/>Untersuchung einer internen Methanisierung im Gasauslasskanal von Elektrolyseuren<br \/>Testst\u00e4nde zur Entwicklung und Untersuchung von neuartigen Brennstoffzellen- und Wasserstofftechnologien<\/p>\n<p><a href=\"https:\/\/www.hsu-hh.de\/ees\/dlab\/flugzeugbordnetzlabor\">Flugzeugbordnetzlabor<\/a><\/p>\n<p>Analyse und Evaluation von neuartigen Topologien und Entwicklung intelligenter Leistungsmanagementsysteme f\u00fcr Flugzeugbordnetze<\/p>\n<p><a href=\"https:\/\/www.hsu-hh.de\/ees\/dlab\/mittelspannungslabor\">Labor f\u00fcr Elektromobilit\u00e4t und Mittelspannungspr\u00fcfungen<\/a> &#8211; mit Video<\/p>\n<p>Untersuchung von Lades\u00e4ulen und der Spannungsfestigkeit von Leistungselektronik bis 30 kV<\/p>\n<p><a href=\"https:\/\/www.hsu-hh.de\/ees\/dlab\/elektrofahrzeuge\">Elektrofahrzeuge<\/a><\/p>\n<p>Mitsubishi i-MiEV (Pkw)<br \/>Smart fortwo electric drive (Pkw)<br \/>Segways PT i2<br \/>Smart E-Bike<\/p>\n<p>Weitere Informationen entnehmen Sie bitte dem <a href=\"https:\/\/www.hsu-hh.de\/ees\/wp-content\/uploads\/sites\/680\/2019\/02\/DLab-Flyer_V8de.pdf\" target=\"_blank\" rel=\"noopener noreferrer\">Flyer<\/a> und dem Video<\/p>\n<\/div>\n<\/div>\n<\/div>\n<\/div>\n<\/div>\n<\/div>\n<\/div>\n<\/div>\n<\/div>\n<\/div>","protected":false},"excerpt":{"rendered":"<p>Unter dem Dach des \u201eDistributed Energy Laboratory\u201c \u2013 kurz DLab \u2013 betreibt die Professur verschiedene Labore zur Untersuchung von Schl\u00fcsseltechnologien in den elektrischen Energiesystemen. Die sehr gut ausgestatteten, vielseitig nutzbaren [&hellip;]<\/p>\n","protected":false},"author":57,"featured_media":0,"parent":0,"menu_order":0,"comment_status":"closed","ping_status":"closed","template":"","meta":{"footnotes":""},"categories":[283],"tags":[],"class_list":["post-1963","page","type-page","status-publish","hentry","category-dlab"],"_links":{"self":[{"href":"https:\/\/www.hsu-hh.de\/ees\/wp-json\/wp\/v2\/pages\/1963","targetHints":{"allow":["GET"]}}],"collection":[{"href":"https:\/\/www.hsu-hh.de\/ees\/wp-json\/wp\/v2\/pages"}],"about":[{"href":"https:\/\/www.hsu-hh.de\/ees\/wp-json\/wp\/v2\/types\/page"}],"author":[{"embeddable":true,"href":"https:\/\/www.hsu-hh.de\/ees\/wp-json\/wp\/v2\/users\/57"}],"replies":[{"embeddable":true,"href":"https:\/\/www.hsu-hh.de\/ees\/wp-json\/wp\/v2\/comments?post=1963"}],"version-history":[{"count":32,"href":"https:\/\/www.hsu-hh.de\/ees\/wp-json\/wp\/v2\/pages\/1963\/revisions"}],"predecessor-version":[{"id":5241,"href":"https:\/\/www.hsu-hh.de\/ees\/wp-json\/wp\/v2\/pages\/1963\/revisions\/5241"}],"wp:attachment":[{"href":"https:\/\/www.hsu-hh.de\/ees\/wp-json\/wp\/v2\/media?parent=1963"}],"wp:term":[{"taxonomy":"category","embeddable":true,"href":"https:\/\/www.hsu-hh.de\/ees\/wp-json\/wp\/v2\/categories?post=1963"},{"taxonomy":"post_tag","embeddable":true,"href":"https:\/\/www.hsu-hh.de\/ees\/wp-json\/wp\/v2\/tags?post=1963"}],"curies":[{"name":"wp","href":"https:\/\/api.w.org\/{rel}","templated":true}]}}