{"id":1771,"date":"2018-07-23T09:18:35","date_gmt":"2018-07-23T07:18:35","guid":{"rendered":"https:\/\/www.hsu-hh.de\/ees\/?page_id=1771"},"modified":"2022-03-14T11:08:43","modified_gmt":"2022-03-14T10:08:43","slug":"technische-entwicklung-der-internen-methanisierung-im-gasauslasskanal","status":"publish","type":"page","link":"https:\/\/www.hsu-hh.de\/ees\/forschung\/forschungsgebiete\/technische-entwicklung-der-internen-methanisierung-im-gasauslasskanal","title":{"rendered":"Technische Entwicklung der internen Methanisierung im Gasauslasskanal"},"content":{"rendered":"<p><img loading=\"lazy\" decoding=\"async\" class=\"alignnone wp-image-5020 size-full\" src=\"https:\/\/www.hsu-hh.de\/ees\/wp-content\/uploads\/sites\/680\/2022\/02\/BMWi_Logo_gefoerdert_durch_380x391-4.png\" alt=\"BMWK-F\u00f6rderlogo\" width=\"380\" height=\"391\" data-credit=\"BMWi\" srcset=\"https:\/\/www.hsu-hh.de\/ees\/wp-content\/uploads\/sites\/680\/2022\/02\/BMWi_Logo_gefoerdert_durch_380x391-4.png 380w, https:\/\/www.hsu-hh.de\/ees\/wp-content\/uploads\/sites\/680\/2022\/02\/BMWi_Logo_gefoerdert_durch_380x391-4-292x300.png 292w\" sizes=\"auto, (max-width: 380px) 100vw, 380px\" \/><\/p>\n<h3>FKZ: 03<abbr title=\"Elektrotechnik\">ET<\/abbr>6133A<\/h3>\n<h2>Projekthintergrund<\/h2>\n<p>Im Zuge der angestrebten Energiewende wird zunehmend ein Ausgleich der fluktuierenden Erzeugung von erneuerbaren Energien notwendig sein, um die Versorgungssicherheit zu gew\u00e4hrleisten. Elektrolyseure zur Erzeugung von Wasserstoff (H<sub>2<\/sub>) aus \u00fcbersch\u00fcssiger elektrischer Energie werden dabei einen wichtigen Baustein bilden. Zudem wird eine Kopplung der Sektoren Energie und Verkehr mit der Verwendung von Wasserstoff oder synthetischem Erdgas als Kraftstoff geschaffen.<\/p>\n<p>Durch die Umwandlung von elektrischer in chemische Energie kann diese langfristig gespeichert werden. Der erzeugte Wasserstoff wird entweder erzeugungsnah gespeichert oder alternativ bis zu einem Volumenanteil von 5\u00a0% direkt in das Erdgasnetz eingespeist.<\/p>\n<p>Um die umgewandelte elektrische Energie unbegrenzt in das Erdgasnetz einzuspeisen, wird der Wasserstoff in einem nachgeschalteten Sabatier-Prozess durch Zugabe von Kohlenstoffdioxid (CO<sub>2<\/sub>) oder Kohlenstoffmonoxid (CO) bei Temperaturen zwischen 200\u00a0\u2013\u00a0700\u00a0\u00b0C in Methan, der Hauptkomponente von Erdgas, umgewandelt (Abbildung 1). Dieses Verfahren wird auch als Power-to-Gas (PtG) bezeichnet. Hierbei lassen sich weitere Optimierungspotentiale in der energetischen Nutzung des aus erneuerbaren Energien erzeugten Wasserstoffs finden.<\/p>\n<p><figure id=\"attachment_1775\" aria-describedby=\"caption-attachment-1775\" style=\"width: 998px\" class=\"wp-caption alignnone\"><img loading=\"lazy\" decoding=\"async\" class=\"wp-image-1775\" src=\"https:\/\/www.hsu-hh.de\/ees\/wp-content\/uploads\/sites\/680\/2018\/07\/Fig-1.jpg\" alt=\"\u00dcbersicht der technologischen Reaktionsabl\u00e4ufe bei der Elektrolyse mit nachgeschalteter Methanisierung [1]\" width=\"998\" height=\"146\" srcset=\"https:\/\/www.hsu-hh.de\/ees\/wp-content\/uploads\/sites\/680\/2018\/07\/Fig-1.jpg 2727w, https:\/\/www.hsu-hh.de\/ees\/wp-content\/uploads\/sites\/680\/2018\/07\/Fig-1-300x44.jpg 300w, https:\/\/www.hsu-hh.de\/ees\/wp-content\/uploads\/sites\/680\/2018\/07\/Fig-1-768x112.jpg 768w, https:\/\/www.hsu-hh.de\/ees\/wp-content\/uploads\/sites\/680\/2018\/07\/Fig-1-1024x150.jpg 1024w\" sizes=\"auto, (max-width: 998px) 100vw, 998px\" \/><figcaption id=\"caption-attachment-1775\" class=\"wp-caption-text\">Abbildung 1: Schematische Darstellung des PtG-Verfahrens mit einer der Elektrolyse nachgeschalteten Methanisierung [1]<\/figcaption><\/figure>Das relevanteste PtG-Verfahren nach dem Sabatier-Prozess weist nach dem Stand der Technik folgende Nachteile auf:<\/p>\n<ul>\n<li>Die Methanisierung erfolgt apparativ gesondert und nicht direkt nach der Elektrolyse.<\/li>\n<li>Es erfolgt keine Nutzung von Temperatursynergien, wodurch sich eine geringe Effizienz ergibt<\/li>\n<li>Der hohe apparative Systemaufwand f\u00fchrt zu hohen Kosten.<\/li>\n<\/ul>\n<p>Abhilfe l\u00e4sst sich mit einer internen Methanisierungseinheit im Gasauslasskanal erzielen. Die Effizienz kann dabei gesteigert werden, da die Abw\u00e4rme des Elektrolyseurs direkt f\u00fcr die Methanisierung genutzt wird. Ebenso l\u00e4sst sich durch die Reduzierung des Systemaufwands eine Kostenersparnis erreichen.<\/p>\n<h2>Projektziel<\/h2>\n<p>Dieses Teilprojekt untersucht die Vereinigung der Reaktionen der Elektrolyse und der Methanisierung in einer gemeinsamen Apparatur, um den Gesamtwirkungsgrad zu verbessern und die Systemkosten zu senken (Abbildung\u00a02). Dabei wird sich auf die Elektrolyse durch PEM-Elektrolyseure konzentriert.<\/p>\n<figure id=\"attachment_1776\" aria-describedby=\"caption-attachment-1776\" style=\"width: 560px\" class=\"wp-caption alignnone\"><img loading=\"lazy\" decoding=\"async\" class=\"wp-image-1776\" src=\"https:\/\/www.hsu-hh.de\/ees\/wp-content\/uploads\/sites\/680\/2018\/07\/Fig-2.jpg\" alt=\"Struktur des chemischen Gesamtablaufs in der Elektrolyse-Methan-Zelle [1]\" width=\"560\" height=\"185\" srcset=\"https:\/\/www.hsu-hh.de\/ees\/wp-content\/uploads\/sites\/680\/2018\/07\/Fig-2.jpg 2128w, https:\/\/www.hsu-hh.de\/ees\/wp-content\/uploads\/sites\/680\/2018\/07\/Fig-2-300x99.jpg 300w, https:\/\/www.hsu-hh.de\/ees\/wp-content\/uploads\/sites\/680\/2018\/07\/Fig-2-768x254.jpg 768w, https:\/\/www.hsu-hh.de\/ees\/wp-content\/uploads\/sites\/680\/2018\/07\/Fig-2-1024x338.jpg 1024w\" sizes=\"auto, (max-width: 560px) 100vw, 560px\" \/><figcaption id=\"caption-attachment-1776\" class=\"wp-caption-text\">Abbildung 2: Struktur des chemischen Gesamtablaufs in der Elektrolyse-Methan-Zelle [1]<\/figcaption><\/figure>\n<h2><\/h2>\n<p>Ein Ansatz der dazu verfolgt wird, ist die Untersuchung des Konzeptes der Hybrid\u2011Plasma\u2011Katalyse, um das niedrige Temperaturniveau von PEM-Elektrolyseuren optimal nutzen zu k\u00f6nnen. Durch die Erzeugung von nichtthermischem Plasma bei der katalytischen Methanisierung k\u00f6nnen signifikante Ums\u00e4tze bei relativ niedrigen Temperaturen erzielt werden. Erwartet wird zudem ein dynamischeres Lastwechselverhalten gegen\u00fcber konventionellen Katalysen.<\/p>\n<h2>Methodisches Vorgehen<\/h2>\n<p>Zu Beginn des Projekts werden m\u00f6gliche Reaktoren zur internen Methanisierung als physikalisches Modell mit der Software COMSOL Multiphysics\u00ae erstellt. Dabei werden sowohl m\u00f6gliche Geometrien als auch Materialeigenschaften nachgebildet und Gleichungen zur Beschreibung des Reaktionsablaufs implementiert. Durch die Analyse der Simulationsergebnisse werden die geeignetsten Varianten f\u00fcr experimentelle Untersuchungen ausgew\u00e4hlt. Davon ausgehend werden Prototypen hergestellt und mit unterschiedlichen Katalysatoren charakterisiert. F\u00fcr diese Untersuchungen wird eigens ein Teststand entwickelt und in einem Labor der Professur installiert. Schlie\u00dflich werden die gew\u00e4hlten Katalysatoren hinsichtlich ihrer Langzeitstabilit\u00e4t qualifiziert.<\/p>\n<h2>Publikationen<\/h2>\n<p><em>Cosse, C.; Best, S.; Schulz, D.<\/em><br \/>\nAnforderungen an die Elektrolyse-Methan-Zelle,<br \/>\nIn: Hamburger Beitr\u00e4ge f\u00fcr den technischen Klimaschutz,<br \/>\nHelmut-Schmidt-Universit\u00e4t \/ Universit\u00e4t der Bundeswehr, Professur f\u00fcr Elektrische Energiesysteme, Hamburg, Oktober 2019,<br \/>\n<abbr title=\"Band\">Bd.<\/abbr> 1,\u00a0 S. 122-127, ISSN (Druck) 2698-8798, <abbr title=\"International Standard Book Number\">ISBN<\/abbr> (Druck) 978-3-86818-247-7, ISSN (Online) 2698-8801, <abbr title=\"International Standard Book Number\">ISBN<\/abbr> (Online) 978-3-86818-248-4<\/p>\n<p><em>Best, S.; Cosse, C.; Schulz, D.<\/em><br \/>\nHybrid-Plasma-Katalyse zur Methanisierung im Power-to-Gas Prozess,<br \/>\nIn: Hamburger Beitr\u00e4ge f\u00fcr den technischen Klimaschutz,<br \/>\nHelmut-Schmidt-Universit\u00e4t \/ Universit\u00e4t der Bundeswehr, Professur f\u00fcr Elektrische Energiesysteme, Hamburg, Oktober 2019,<br \/>\n<abbr title=\"Band\">Bd.<\/abbr> 1,\u00a0 S. 128-132, ISSN (Druck) 2698-8798, <abbr title=\"International Standard Book Number\">ISBN<\/abbr> (Druck) 978-3-86818-247-7, ISSN (Online) 2698-8801, <abbr title=\"International Standard Book Number\">ISBN<\/abbr> (Online) 978-3-86818-248-4<\/p>\n<p><em>Cosse, C.; Best, S.; Schulz, D.<\/em><br \/>\nApplicability of Fixed Bed Reactors for Methanation in Electrolysis-Methanation-Cells,<br \/>\nREPE 2019 IEEE 2nd Int. Conf. on Ren. En. &amp; Power Eng., Toronto, Kanada, 2.-4. November, 2019<\/p>\n<h2>Projektpartner:<\/h2>\n<p>Das Projekt StBZuEL \u2013 <em>Entwicklung und Test von elektrisch steuerbaren Membraneinheiten in Polymer-Elektrolyt-Brennstoffzellen und Elektrolyseuren mit interner Methanisierung im Auslasskanal<\/em> wird in Kooperation mit der Firma Altran Deutschland S.A.S. &amp; Co. <abbr title=\"Kommanditgesellschaft\">KG<\/abbr> bearbeitet.<\/p>\n<p><img loading=\"lazy\" decoding=\"async\" class=\"wp-image-5101  alignleft\" src=\"https:\/\/www.hsu-hh.de\/ees\/wp-content\/uploads\/sites\/680\/2022\/03\/ProjektPartner-neu-2.png\" alt=\"Logo-StBZuEL\" width=\"1104\" height=\"152\" data-credit=\"HSU \/ DLab\" srcset=\"https:\/\/www.hsu-hh.de\/ees\/wp-content\/uploads\/sites\/680\/2022\/03\/ProjektPartner-neu-2.png 3012w, https:\/\/www.hsu-hh.de\/ees\/wp-content\/uploads\/sites\/680\/2022\/03\/ProjektPartner-neu-2-300x41.png 300w, https:\/\/www.hsu-hh.de\/ees\/wp-content\/uploads\/sites\/680\/2022\/03\/ProjektPartner-neu-2-1024x141.png 1024w, https:\/\/www.hsu-hh.de\/ees\/wp-content\/uploads\/sites\/680\/2022\/03\/ProjektPartner-neu-2-768x106.png 768w, https:\/\/www.hsu-hh.de\/ees\/wp-content\/uploads\/sites\/680\/2022\/03\/ProjektPartner-neu-2-1536x212.png 1536w, https:\/\/www.hsu-hh.de\/ees\/wp-content\/uploads\/sites\/680\/2022\/03\/ProjektPartner-neu-2-2048x283.png 2048w, https:\/\/www.hsu-hh.de\/ees\/wp-content\/uploads\/sites\/680\/2022\/03\/ProjektPartner-neu-2-1100x152.png 1100w\" sizes=\"auto, (max-width: 1104px) 100vw, 1104px\" \/><\/p>\n<h2><strong>Patente:<\/strong><\/h2>\n<p>[1] Schulz, D.: Brennstoffzellenmembraneinheit, steuerbare Brennstoffzelle und Hochdruckelektrolysezelle, 15.12.2011, Patent DE 10 2011 088 613<\/p>\n<p>[2] Schulz, D.: INTERNALLY CONTROLLABLE FUEL CELL, United States Patent, Patent No.: US 9,437,887 B2, Sep.6, 2016<\/p>\n<p>[3] Schulz, D.: INTERNALLY CONTROLLABLE FUEL CELL, European patent No. 2791392, 16.08.2017<\/p>\n<p>[4] Schulz, D.: INTERNALLY CONTROLLABLE FUEL CELL, Chinese patent, Patent No.: ZL2012800617937, 6.12.2017<\/p>\n<p>[5] Schulz, D.: HIGH EFFICIENCY FUEL CELL, European patent No. 2978875, 07.03.18<\/p>\n<p>[6] Schulz, D.: HIGH EFFICIENCY FUEL CELL, Chinese patent, Patent No.: ZL 2014800178483, 22.06.2018<\/p>\n<p>[7] Schulz, D.: HIGH EFFICIENCY FUEL CELL, United States Patent, Patent No.: US 1050235506 B2, Jul. 17, 2018<\/p>\n<p>[8] Schulz, D.: HIGH EFFICIENCY FUEL CELL, Japanese Patent Number 6462660, 11.01.2019<\/p>\n<p>[9] Schulz, D.: INTERNALLY CONTROLLABLE FUEL CELL, Japanese Patent Number 8486105, 01.03.2019<\/p>\n<p>[10] Schulz, D.: INTERNALLY CONTROLLABLE FUEL CELL, Korean Patent Number 10-2001703, 12.07.2019<\/p>\n<h2>Ansprechpartner:<\/h2>\n<p>Prof. <abbr title=\"Doktor der Ingenieurwissenschaften\">Dr.-Ing.<\/abbr> <abbr title=\"habilitatus\">habil.<\/abbr> Detlef Schulz (<u>Projektleiter<\/u>)<br \/>\n<abbr title=\"Diplom\">Dipl.<\/abbr>-Phys. Stefan Best<br \/>\n<abbr title=\"Doktor\">Dr.<\/abbr> <abbr title=\"rerum\">rer.<\/abbr> nat. Daniel Becker<br \/>\nFakult\u00e4t f\u00fcr Elektrotechnik<br \/>\nElektrische Energiesysteme<\/p>\n","protected":false},"excerpt":{"rendered":"<p>FKZ: 03ET6133A Projekthintergrund Im Zuge der angestrebten Energiewende wird zunehmend ein Ausgleich der fluktuierenden Erzeugung von erneuerbaren Energien notwendig sein, um die Versorgungssicherheit zu gew\u00e4hrleisten. Elektrolyseure zur Erzeugung von Wasserstoff [&hellip;]<\/p>\n","protected":false},"author":57,"featured_media":0,"parent":3518,"menu_order":0,"comment_status":"closed","ping_status":"closed","template":"","meta":{"footnotes":""},"categories":[4,118],"tags":[],"class_list":["post-1771","page","type-page","status-publish","hentry","category-forschung","category-projekte"],"_links":{"self":[{"href":"https:\/\/www.hsu-hh.de\/ees\/wp-json\/wp\/v2\/pages\/1771","targetHints":{"allow":["GET"]}}],"collection":[{"href":"https:\/\/www.hsu-hh.de\/ees\/wp-json\/wp\/v2\/pages"}],"about":[{"href":"https:\/\/www.hsu-hh.de\/ees\/wp-json\/wp\/v2\/types\/page"}],"author":[{"embeddable":true,"href":"https:\/\/www.hsu-hh.de\/ees\/wp-json\/wp\/v2\/users\/57"}],"replies":[{"embeddable":true,"href":"https:\/\/www.hsu-hh.de\/ees\/wp-json\/wp\/v2\/comments?post=1771"}],"version-history":[{"count":33,"href":"https:\/\/www.hsu-hh.de\/ees\/wp-json\/wp\/v2\/pages\/1771\/revisions"}],"predecessor-version":[{"id":5102,"href":"https:\/\/www.hsu-hh.de\/ees\/wp-json\/wp\/v2\/pages\/1771\/revisions\/5102"}],"up":[{"embeddable":true,"href":"https:\/\/www.hsu-hh.de\/ees\/wp-json\/wp\/v2\/pages\/3518"}],"wp:attachment":[{"href":"https:\/\/www.hsu-hh.de\/ees\/wp-json\/wp\/v2\/media?parent=1771"}],"wp:term":[{"taxonomy":"category","embeddable":true,"href":"https:\/\/www.hsu-hh.de\/ees\/wp-json\/wp\/v2\/categories?post=1771"},{"taxonomy":"post_tag","embeddable":true,"href":"https:\/\/www.hsu-hh.de\/ees\/wp-json\/wp\/v2\/tags?post=1771"}],"curies":[{"name":"wp","href":"https:\/\/api.w.org\/{rel}","templated":true}]}}