{"id":164,"date":"2017-09-27T14:42:21","date_gmt":"2017-09-27T12:42:21","guid":{"rendered":"https:\/\/www.hsu-hh.de\/ees\/?page_id=164"},"modified":"2023-03-16T12:51:05","modified_gmt":"2023-03-16T11:51:05","slug":"lehre","status":"publish","type":"page","link":"https:\/\/www.hsu-hh.de\/ees\/lehre","title":{"rendered":"Lehre"},"content":{"rendered":"\n<p>Von der Professur f\u00fcr &#8222;Elektrische Energiesysteme&#8220; werden Lehrveranstaltungen f\u00fcr die Master-Studieng\u00e4nge der Fachrichtung Elektrotechnik sowie f\u00fcr den Master-Studiengang der Fachrichtung Wirtschaftsingenieurwesen durchgef\u00fchrt. Dar\u00fcber hinaus beteiligt sich die Professur an den interdisziplin\u00e4ren Studienanteilen f\u00fcr andere Fakult\u00e4ten (ISA-Studium).<\/p>\n\n\n\n<h2 class=\"wp-block-heading\">Bachelor-, Seminar- und Masterarbeiten<\/h2>\n\n\n\n<p>Wir bieten sowohl intern als auch extern Studierenden sich mit folgenden Arbeiten an innovativen Forschungsprojekten zu beteiligen.<br>Die aktuellen Ausschreibungen sind auf der Seite <a href=\"https:\/\/www.hsu-hh.de\/ees\/studentische-arbeiten\">studentische Arbeiten<\/a> zu finden.<\/p>\n\n\n\n<h2 class=\"wp-block-heading\">Herbsttrimester<\/h2>\n\n\n\n<h3 class=\"wp-block-heading\"><strong>Elektrische Energietechnik<\/strong> <strong>Pflichtf\u00e4cher<\/strong><\/h3>\n\n\n\n<p>Berechnung von Netzfehlern und Netzbetrieb (<abbr title=\"Elektrotechnik\">ET<\/abbr>-23-EVGB)<br>Vorlesung 2 TWS (20.1002)<br>\u00dcbung 2 TWS (20.1003)<br>Repetitorium (20.1016)<\/p>\n\n\n\n<p>Transiente Vorg\u00e4nge in Hochspannungsnetzen (<abbr title=\"Elektrotechnik\">ET<\/abbr>-22-HSTB)<br>\u00dcbung\/Labor 2 TWS (20.1001)<br>Repetitorium (20.1015)<\/p>\n\n\n\n<p>Elektrische Energiesysteme (KEYSY)<br>Kolloquium 2 TWS (20.170)<\/p>\n\n\n\n<p>Mathematik <br>Vorkurs 2 TWS (28.092015)<\/p>\n\n\n\n<h3 class=\"wp-block-heading\"><strong>Elektrische Energietechnik Wahlpflichtf\u00e4cher<\/strong><\/h3>\n\n\n\n<p>Regenerative Energiesysteme im Netzparallelbetrieb (<abbr title=\"Elektrotechnik\">ET<\/abbr>-43-REN)<br>Vorlesung 2 TWS (20.1062)<br>\u00dcbung 2 TWS (20.1063)<\/p>\n\n\n\n<h3 class=\"wp-block-heading\"><strong><strong>Erneuerbare Energien und intelligente Netze Pflichtf\u00e4cher<\/strong><\/strong><\/h3>\n\n\n\n<p>Netzbetrieb und intelligente Netze (EVG IN)<br>Vorlesung 2 TWS (20.1002)<br>\u00dcbung 2 TWS (20.1003)<br>Repetitorium (20.1016)<\/p>\n\n\n\n<p>Regenerative Energiesysteme im Netzparallelbetrieb (REN)<br>Vorlesung 2 TWS (20.1062)<br>\u00dcbung 2 TWS (20.1063)<\/p>\n\n\n\n<h3 class=\"wp-block-heading\"><strong><strong>Elektrische Energieversorgung und Energiewirtschaft<\/strong> Wahlpflichtf\u00e4cher<\/strong><\/h3>\n\n\n\n<p>Transiente Vorg\u00e4nge in Hochspannungsnetzen (<abbr title=\"Elektrotechnik\">ET<\/abbr>-22-HSTB)<br>\u00dcbung 2 TWS (20.1001)<br>Repetitorium (20.1015)<\/p>\n\n\n\n<h3 class=\"wp-block-heading\"><strong><strong>Wirtschaftsingenieurwesen Wahlpflichtf\u00e4cher<\/strong><\/strong><\/h3>\n\n\n\n<p>Einf\u00fchrung elektrische Energieversorgung (<abbr title=\"Elektrotechnik\">ET<\/abbr>-14-EEN)<br>Vorlesung 2 TWS (20.4701)<br>\u00dcbung 2 TWS (20.4702)<br>Labor 1 TWS (20.4703)<\/p>\n\n\n\n<p>Regenerative Energiesysteme im Netzparallelbetrieb (<abbr title=\"Elektrotechnik\">ET<\/abbr>-43-REN)<br>Vorlesung 2 TWS (20.1062)<br>\u00dcbung 2 TWS (20.1063)<\/p>\n\n\n\n<h2 class=\"wp-block-heading\">Wintertrimester<\/h2>\n\n\n\n<h3 class=\"wp-block-heading\"><strong>Elektrische Energietechnik<\/strong> <strong>Pflichtf\u00e4cher<\/strong><\/h3>\n\n\n\n<p>Elektrische Energieversorgung (<abbr title=\"Elektrotechnik\">ET<\/abbr>-21-EVGA)<br>Vorlesung 2 TWS (20.804)<br>Repetitorium (20.805)<\/p>\n\n\n\n<p>Grundlagen der Hochspannungstechnik (<abbr title=\"Elektrotechnik\">ET<\/abbr>-21-HSTA)<br>Vorlesung 2 TWS (20.801)<br>\u00dcbung 1 TWS (20.802)<br>Repetitorium (20.803)<\/p>\n\n\n\n<p>Energietechnisches Projekt (<abbr title=\"Elektrotechnik\">ET<\/abbr>-15-ETP)<br>Vorlesung\/\u00dcbung 4 TWS (20.523)<\/p>\n\n\n\n<p>Elektrische Energiesysteme (KEYSY)<br>Kolloquium 2 TWS (20.170)<\/p>\n\n\n\n<h3 class=\"wp-block-heading\"><strong><strong>Erneuerbare Energien und intelligente Netze Pflichtf\u00e4cher<\/strong><\/strong><\/h3>\n\n\n\n<p>Elektrische Energieversorgung (EVG-EE)<br>Vorlesung 2 TWS (20.804)<br>Repetitorium (20.805)<\/p>\n\n\n\n<p>Grundlagen der Hochspannungstechnik (<abbr title=\"Elektrotechnik\">ET<\/abbr>-21-HSTA)<br>Vorlesung 2 TWS (20.801)<br>\u00dcbung 1 TWS (20.802)<br>Repetitorium (20.803)<\/p>\n\n\n\n<h3 class=\"wp-block-heading\"><strong><strong>Wirtschaftsingenieurwesen Pflichtf\u00e4cher<\/strong><\/strong><\/h3>\n\n\n\n<p>Elektrische Energieversorgung (<abbr title=\"Wirtschaftsingenieurwesen\">WI<\/abbr>-ENG)<br>Vorlesung 2 TWS (24.801)<br>\u00dcbung 2 TWS (24.802)<\/p>\n\n\n\n<h3 class=\"wp-block-heading\"><strong><strong>Wirtschaftsingenieurwesen Wahlpflichtf\u00e4cher<\/strong><\/strong><\/h3>\n\n\n\n<p>Elektrische Messwandler (<abbr title=\"Elektrotechnik\">ET<\/abbr>-44-EMW)<br>Vorlesung 2 TWS <\/p>\n\n\n\n<p>Internationale Energiewirtschaft &#8211; Schwerpunkt Erdgas (<abbr title=\"Elektrotechnik\">ET<\/abbr>-44-EWEG)<br>Vorlesung 2 TWS<br>\u00dcbung 1 TWS <\/p>\n\n\n\n<h3 class=\"wp-block-heading\"><strong><strong>Interdisziplin\u00e4re Studienanteile (ISA)<\/strong><\/strong><\/h3>\n\n\n\n<p>Elektrische Energietechnik f\u00fcr Einsteiger (ISA-00379)<br>Vorlesung 2 TWS (98.503)<\/p>\n\n\n\n<h2 class=\"wp-block-heading\">Fr\u00fchjahrstrimester<\/h2>\n\n\n\n<h3 class=\"wp-block-heading\"><strong>Elektrische Energietechnik<\/strong> <strong>Pflichtf\u00e4cher<\/strong><\/h3>\n\n\n\n<p>Elektrische Energieversorgung (<abbr title=\"Elektrotechnik\">ET<\/abbr>-21-EVGA)<br>Vorlesung 2 TWS (20.903)<br>\u00dcbung 2 TWS (20.904)<br>Repetitorium (20.905)<\/p>\n\n\n\n<p>Transiente Vorg\u00e4nge in Hochspannungsnetzen (<abbr title=\"Elektrotechnik\">ET<\/abbr>-22-HSTB)<br>Vorlesung 2 TWS (20.901)<br>Repetitorium (20.902)<\/p>\n\n\n\n<h3 class=\"wp-block-heading\"><strong>Elektrische Energietechnik Wahlpflichtf\u00e4cher<\/strong><\/h3>\n\n\n\n<p>Energiewirtschaft (<abbr title=\"Elektrotechnik\">ET<\/abbr>-42-EW)<br>Vorlesung 2 TWS (20.963)<br>\u00dcbung 2 TWS (20.964)<\/p>\n\n\n\n<h3 class=\"wp-block-heading\"><strong><strong>Erneuerbare Energien und intelligente Netze Pflichtf\u00e4cher<\/strong><\/strong><\/h3>\n\n\n\n<p>Elektrische Energieversorgung (<abbr title=\"Elektrotechnik\">ET<\/abbr>-21-EVGA)<br>Vorlesung 2 TWS (20.903)<br>\u00dcbung 2 TWS (20.904)<br>Repetitorium (20.905)<\/p>\n\n\n\n<h3 class=\"wp-block-heading\"><strong><strong>Erneuerbare Energien und intelligente Netze<\/strong><\/strong> <strong>Wahlpflichtf\u00e4cher<\/strong><\/h3>\n\n\n\n<p>Transiente Vorg\u00e4nge in Hochspannungsnetzen (<abbr title=\"Elektrotechnik\">ET<\/abbr>-22-HSTB)<br>Vorlesung 2 TWS (20.901)<br>Repetitorium (20.902)<\/p>\n\n\n\n<h3 class=\"wp-block-heading\"><strong><strong>Elektrische Energieversorgung und Energiewirtschaft<\/strong> Wahlpflichtf\u00e4cher<\/strong><\/h3>\n\n\n\n<p>Energiewirtschaft (<abbr title=\"Elektrotechnik\">ET<\/abbr>-42-EW)<br>Vorlesung 2 TWS (20.963)<br>\u00dcbung 2 TWS (20.964)<\/p>\n\n\n\n<h3 class=\"wp-block-heading\"><strong><strong>Wirtschaftsingenieurwesen Pflichtf\u00e4cher<\/strong><\/strong><\/h3>\n\n\n\n<p>Ingenieurwissenschaftliches Seminar (<abbr title=\"Wirtschaftsingenieurwesen\">WI<\/abbr>-IWS)<br>Seminar 2 TWS<\/p>\n\n\n\n<h2 class=\"wp-block-heading\">Akademie der Wissenschaften<\/h2>\n\n\n\n<p>Sch\u00fclerlabor \u00fcber 2 Tage<\/p>\n\n\n\n<p><\/p>\n","protected":false},"excerpt":{"rendered":"<p>Von der Professur f\u00fcr &#8222;Elektrische Energiesysteme&#8220; werden Lehrveranstaltungen f\u00fcr die Master-Studieng\u00e4nge der Fachrichtung Elektrotechnik sowie f\u00fcr den Master-Studiengang der Fachrichtung Wirtschaftsingenieurwesen durchgef\u00fchrt. Dar\u00fcber hinaus beteiligt sich die Professur an den [&hellip;]<\/p>\n","protected":false},"author":57,"featured_media":0,"parent":0,"menu_order":0,"comment_status":"closed","ping_status":"closed","template":"","meta":{"footnotes":""},"categories":[6],"tags":[],"class_list":["post-164","page","type-page","status-publish","hentry","category-lehre"],"_links":{"self":[{"href":"https:\/\/www.hsu-hh.de\/ees\/wp-json\/wp\/v2\/pages\/164","targetHints":{"allow":["GET"]}}],"collection":[{"href":"https:\/\/www.hsu-hh.de\/ees\/wp-json\/wp\/v2\/pages"}],"about":[{"href":"https:\/\/www.hsu-hh.de\/ees\/wp-json\/wp\/v2\/types\/page"}],"author":[{"embeddable":true,"href":"https:\/\/www.hsu-hh.de\/ees\/wp-json\/wp\/v2\/users\/57"}],"replies":[{"embeddable":true,"href":"https:\/\/www.hsu-hh.de\/ees\/wp-json\/wp\/v2\/comments?post=164"}],"version-history":[{"count":64,"href":"https:\/\/www.hsu-hh.de\/ees\/wp-json\/wp\/v2\/pages\/164\/revisions"}],"predecessor-version":[{"id":6806,"href":"https:\/\/www.hsu-hh.de\/ees\/wp-json\/wp\/v2\/pages\/164\/revisions\/6806"}],"wp:attachment":[{"href":"https:\/\/www.hsu-hh.de\/ees\/wp-json\/wp\/v2\/media?parent=164"}],"wp:term":[{"taxonomy":"category","embeddable":true,"href":"https:\/\/www.hsu-hh.de\/ees\/wp-json\/wp\/v2\/categories?post=164"},{"taxonomy":"post_tag","embeddable":true,"href":"https:\/\/www.hsu-hh.de\/ees\/wp-json\/wp\/v2\/tags?post=164"}],"curies":[{"name":"wp","href":"https:\/\/api.w.org\/{rel}","templated":true}]}}