{"id":1237,"date":"2018-03-19T11:41:47","date_gmt":"2018-03-19T10:41:47","guid":{"rendered":"https:\/\/www.hsu-hh.de\/ees\/?page_id=1237"},"modified":"2018-04-30T07:08:33","modified_gmt":"2018-04-30T05:08:33","slug":"wi-kontakt","status":"publish","type":"page","link":"https:\/\/www.hsu-hh.de\/ees\/sbawi\/wi-kontakt","title":{"rendered":"Kontakt"},"content":{"rendered":"<h3>Vorsitzender und Stellvertreter des Studienbereichsausschuss WI<\/h3>\n<p style=\"text-align: center\"><strong>Vorsitzender des Studienbereichsausschuss <abbr title=\"Wirtschaftsingenieurwesen\">WI<\/abbr><\/strong><br \/>\n<abbr title=\"Universit\u00e4tsprofessor\">Univ.-Prof.<\/abbr> <abbr title=\"Doktor\">Dr.<\/abbr><abbr>&#8211;<abbr title=\"Ingenieur\">Ing.<\/abbr> D. Schulz<br \/>\nEmail: <a href=\"mailto:detlef.schulz@hsu-hh.de\" rel=\"nofollow\">detlef.schulz@hsu-hh.de<\/a><br \/>\nTelefon: +49 40 6541 2757<br \/>\nTelefax: +49 40 6541 3083<\/p>\n<p style=\"text-align: center\"><strong>Stellvertretender Vorsitzender des Studienbereichsausschuss <abbr title=\"Wirtschaftsingenieurwesen\">WI<\/abbr><\/strong><br \/>\n<abbr title=\"Universit\u00e4tsprofessor\">Univ.-Prof.<\/abbr> <abbr title=\"Doktor der Ingenieurwissenschaften\">Dr.-Ing.<\/abbr> F. Mantwill<br \/>\nEmail: <a href=\"mailto:frank.mantwill@hsu-hh.de\" rel=\"nofollow\">frank.mantwill@hsu-hh.de<\/a><br \/>\nTelefon: +49 40 6541 2730<br \/>\nTelefax: +49 40 6541 3745<\/p>\n<p style=\"text-align: center\"><strong>Anschrift<\/strong><br \/>\nHelmut-Schmidt-Universit\u00e4t<br \/>\nUniversit\u00e4t der Bundeswehr Hamburg<br \/>\nFakult\u00e4t f\u00fcr Elektrotechnik<br \/>\nHolstenhofweg 85<br \/>\n22043 Hamburg<\/p>\n<h3>Pr\u00fcfungsausschuss des Studienbereichsausschuss WI<\/h3>\n<p style=\"text-align: center\"><strong>Vorsitzender des Pr\u00fcfungssausschuss <abbr title=\"Wirtschaftsingenieurwesen\">WI<\/abbr><\/strong><br \/>\n<abbr title=\"Universit\u00e4tsprofessor\">Univ.-Prof.<\/abbr> <abbr title=\"Doktor\">Dr.<\/abbr><abbr>&#8211;<abbr title=\"Ingenieur\">Ing.<\/abbr> R. Bruns<br \/>\nEmail: <a href=\"mailto:rainer.bruns@hsu-hh.de\" rel=\"nofollow\">rainer.bruns@hsu-hh.de<\/a><br \/>\nTelefon: +49 40 6541 2855<br \/>\nTelefax: +49 40 6541 2095<\/p>\n<p style=\"text-align: center\"><strong>Stellvertretender Vorsitzender des Pr\u00fcfungssausschuss <abbr title=\"Wirtschaftsingenieurwesen\">WI<\/abbr><\/strong><br \/>\n<abbr title=\"Universit\u00e4tsprofessor\">Univ.-Prof.<\/abbr> <abbr title=\"Doktor\">Dr.<\/abbr> A. Fink<br \/>\nEmail: <a href=\"mailto:andreas.fink@hsu-hh.de\" rel=\"nofollow\">andreas.fink@hsu-hh.de<\/a><br \/>\nTelefon: +49 40 6541 2857<\/p>\n<p style=\"text-align: center\"><strong>Anschrift<\/strong><br \/>\nHelmut-Schmidt-Universit\u00e4t<br \/>\nUniversit\u00e4t der Bundeswehr Hamburg<br \/>\nFakult\u00e4t f\u00fcr Elektrotechnik<br \/>\nHolstenhofweg 85<br \/>\n22043 Hamburg<\/p>\n<h3>Pr\u00fcfungsamt<\/h3>\n<p style=\"text-align: center\">Ansprechpartner f\u00fcr die verwaltungsm\u00e4\u00dfige Abwicklung der Studien- und Pr\u00fcfungsangelegenheiten<\/p>\n<p style=\"text-align: center\"><a href=\"http:\/\/www.hsu-hh.de\/campusinfo\/\" target=\"_blank\" rel=\"noopener\">Pr\u00fcfungsamt\/Studiensekretariat<\/a><br \/>\nHelmut-Schmidt-Universit\u00e4t<\/p>\n<h3>Anfahrt<\/h3>\n<p style=\"text-align: center\"><strong>Anfahrt mit dem Auto:<\/strong><br \/>\nA 24 Abfahrt <abbr title=\"Hamburg\">HH<\/abbr>-Jenfeld, dann auf Schiffbeker Weg Richtung Nord (Rahlstedt) bis Rodigallee, dann links auf Rodigallee<br \/>\nzum Universit\u00e4tsbereich. Ab der Kreuzung Schiffbecker Weg- Rodigallee ist der Weg beschildert.<\/p>\n<p style=\"text-align: center\"><strong>Ab Hauptbahnhof:<\/strong><br \/>\nSchnellbus Linie 35 (Richtung Rahlstedt Ost) bis Haltestelle Universit\u00e4t der Bundeswehr zum Universit\u00e4tsbereich Holstenhofweg.<br \/>\nOder U-Bahn Linie U1 bis Wandsbek Markt, umsteigen in Bus Linie 261, 263 oder 10 bis Haltestelle Universit\u00e4t der Bundeswehr zum Universit\u00e4tsbereich.<\/p>\n<p style=\"text-align: center\">Informationen zu den Fahrpl\u00e4nen und Tarifen erhalten Sie beim Hamburger Verkehrsverbund (HVV)<\/p>\n<p style=\"text-align: center\"><a href=\"https:\/\/www.bahn.de\/\" target=\"_blank\" rel=\"noopener noreferrer\">Deutsche Bahn<\/a><\/p>\n<p style=\"text-align: center\"><a href=\"http:\/\/www.hvv.de\/\" target=\"_blank\" rel=\"noopener noreferrer\">HVV<\/a><\/p>\n<p style=\"text-align: center\"><strong>Mit dem Flugzeug:<\/strong><br \/>\nAb Flughafen mit Schnellbus Linie 38 (Richtung Billstedt) bis Wandsbek Markt, umsteigen in Bus Linie 261, 263 oder 10 bis Haltestelle Universit\u00e4t der Bundeswehr zum Universit\u00e4tsbereich.<\/p>\n<p style=\"text-align: center\"><a href=\"http:\/\/www.hamburg-airport.de\/de\/\" target=\"_blank\" rel=\"noopener noreferrer\">Flughafen<\/a><\/p>\n<p style=\"text-align: center\"><strong>Mit dem Taxi<\/strong><\/p>\n<p style=\"text-align: center\"><a href=\"http:\/\/www.taxihamburg.de\/startseite\/\" target=\"_blank\" rel=\"noopener noreferrer\">Taxi<\/a><\/p>\n","protected":false},"excerpt":{"rendered":"<p>Vorsitzender und Stellvertreter des Studienbereichsausschuss WI Vorsitzender des Studienbereichsausschuss WI Univ.-Prof. Dr.&#8211;Ing. D. Schulz Email: detlef.schulz@hsu-hh.de Telefon: +49 40 6541 2757 Telefax: +49 40 6541 3083 Stellvertretender Vorsitzender des Studienbereichsausschuss [&hellip;]<\/p>\n","protected":false},"author":57,"featured_media":0,"parent":1213,"menu_order":0,"comment_status":"closed","ping_status":"closed","template":"","meta":{"footnotes":""},"categories":[153],"tags":[155],"class_list":["post-1237","page","type-page","status-publish","hentry","category-wi","tag-wi"],"_links":{"self":[{"href":"https:\/\/www.hsu-hh.de\/ees\/wp-json\/wp\/v2\/pages\/1237","targetHints":{"allow":["GET"]}}],"collection":[{"href":"https:\/\/www.hsu-hh.de\/ees\/wp-json\/wp\/v2\/pages"}],"about":[{"href":"https:\/\/www.hsu-hh.de\/ees\/wp-json\/wp\/v2\/types\/page"}],"author":[{"embeddable":true,"href":"https:\/\/www.hsu-hh.de\/ees\/wp-json\/wp\/v2\/users\/57"}],"replies":[{"embeddable":true,"href":"https:\/\/www.hsu-hh.de\/ees\/wp-json\/wp\/v2\/comments?post=1237"}],"version-history":[{"count":9,"href":"https:\/\/www.hsu-hh.de\/ees\/wp-json\/wp\/v2\/pages\/1237\/revisions"}],"predecessor-version":[{"id":1384,"href":"https:\/\/www.hsu-hh.de\/ees\/wp-json\/wp\/v2\/pages\/1237\/revisions\/1384"}],"up":[{"embeddable":true,"href":"https:\/\/www.hsu-hh.de\/ees\/wp-json\/wp\/v2\/pages\/1213"}],"wp:attachment":[{"href":"https:\/\/www.hsu-hh.de\/ees\/wp-json\/wp\/v2\/media?parent=1237"}],"wp:term":[{"taxonomy":"category","embeddable":true,"href":"https:\/\/www.hsu-hh.de\/ees\/wp-json\/wp\/v2\/categories?post=1237"},{"taxonomy":"post_tag","embeddable":true,"href":"https:\/\/www.hsu-hh.de\/ees\/wp-json\/wp\/v2\/tags?post=1237"}],"curies":[{"name":"wp","href":"https:\/\/api.w.org\/{rel}","templated":true}]}}