{"id":1230,"date":"2018-03-19T11:30:30","date_gmt":"2018-03-19T10:30:30","guid":{"rendered":"https:\/\/www.hsu-hh.de\/ees\/?page_id=1230"},"modified":"2018-03-19T11:37:42","modified_gmt":"2018-03-19T10:37:42","slug":"wi-uebersicht","status":"publish","type":"page","link":"https:\/\/www.hsu-hh.de\/ees\/sbawi\/wi-uebersicht","title":{"rendered":"\u00dcbersicht"},"content":{"rendered":"<p>Der Studienbereich Wirtschaftsingenieurwesen wird von den Fakult\u00e4ten f\u00fcr Elektrotechnik, Maschinenbau und Wirtschafts- und Sozialwissenschaften eingerichtet. Seine Aufgaben bestehen in der Entwicklung, Planung und Sicherstellung des Lehrangebotes f\u00fcr den Studiengang Wirtschaftsingenieurwesen. Er besitzt bez\u00fcglich der Studienordnung, der Pr\u00fcfungsordnungen und der sonstigen den Studiengang betreffenden Ordnungen Entscheidungsbefugnis. Die Aufgaben des Studienbereiches werden vom Studienbereichsausschuss Wirtschaftsingenieurwesen wahrgenommen.<\/p>\n","protected":false},"excerpt":{"rendered":"<p>Der Studienbereich Wirtschaftsingenieurwesen wird von den Fakult\u00e4ten f\u00fcr Elektrotechnik, Maschinenbau und Wirtschafts- und Sozialwissenschaften eingerichtet. Seine Aufgaben bestehen in der Entwicklung, Planung und Sicherstellung des Lehrangebotes f\u00fcr den Studiengang Wirtschaftsingenieurwesen. [&hellip;]<\/p>\n","protected":false},"author":57,"featured_media":0,"parent":1213,"menu_order":0,"comment_status":"closed","ping_status":"closed","template":"","meta":{"footnotes":""},"categories":[153],"tags":[155],"class_list":["post-1230","page","type-page","status-publish","hentry","category-wi","tag-wi"],"_links":{"self":[{"href":"https:\/\/www.hsu-hh.de\/ees\/wp-json\/wp\/v2\/pages\/1230","targetHints":{"allow":["GET"]}}],"collection":[{"href":"https:\/\/www.hsu-hh.de\/ees\/wp-json\/wp\/v2\/pages"}],"about":[{"href":"https:\/\/www.hsu-hh.de\/ees\/wp-json\/wp\/v2\/types\/page"}],"author":[{"embeddable":true,"href":"https:\/\/www.hsu-hh.de\/ees\/wp-json\/wp\/v2\/users\/57"}],"replies":[{"embeddable":true,"href":"https:\/\/www.hsu-hh.de\/ees\/wp-json\/wp\/v2\/comments?post=1230"}],"version-history":[{"count":2,"href":"https:\/\/www.hsu-hh.de\/ees\/wp-json\/wp\/v2\/pages\/1230\/revisions"}],"predecessor-version":[{"id":1232,"href":"https:\/\/www.hsu-hh.de\/ees\/wp-json\/wp\/v2\/pages\/1230\/revisions\/1232"}],"up":[{"embeddable":true,"href":"https:\/\/www.hsu-hh.de\/ees\/wp-json\/wp\/v2\/pages\/1213"}],"wp:attachment":[{"href":"https:\/\/www.hsu-hh.de\/ees\/wp-json\/wp\/v2\/media?parent=1230"}],"wp:term":[{"taxonomy":"category","embeddable":true,"href":"https:\/\/www.hsu-hh.de\/ees\/wp-json\/wp\/v2\/categories?post=1230"},{"taxonomy":"post_tag","embeddable":true,"href":"https:\/\/www.hsu-hh.de\/ees\/wp-json\/wp\/v2\/tags?post=1230"}],"curies":[{"name":"wp","href":"https:\/\/api.w.org\/{rel}","templated":true}]}}