{"id":1226,"date":"2018-03-19T11:26:06","date_gmt":"2018-03-19T10:26:06","guid":{"rendered":"https:\/\/www.hsu-hh.de\/ees\/?page_id=1226"},"modified":"2018-03-19T12:25:13","modified_gmt":"2018-03-19T11:25:13","slug":"wi-infomationen-fuer-studierende","status":"publish","type":"page","link":"https:\/\/www.hsu-hh.de\/ees\/sbawi\/wi-infomationen-fuer-studierende","title":{"rendered":"Infomationen f\u00fcr Studierende"},"content":{"rendered":"<h3>Das Studium<\/h3>\n<p>Mit dem Studienfach Wirtschaftsingenieurwesen sollen den Studierenden breit gef\u00e4cherte, fachliche F\u00e4higkeiten und Kenntnisse aus der Betriebswirtschaftslehre, der Volkswirtschaftslehre, dem Maschinenbau und der Elektrotechnik vermittelt werden. Eine besondere Aufmerksamkeit wird auf die interdisziplin\u00e4re Sicht zwischen den beteiligten Fachrichtungen gelegt. Die Studierenden sollen besondere F\u00e4higkeiten entwickeln, die zu qualifiziertem und verantwortungsvollem Handeln in der Berufspraxis notwendig sind und es erm\u00f6glichen, wirtschaftliche und technische Zusammenh\u00e4nge zu erfassen, mit wissenschaftlichen Methoden zu analysieren und aktiv zu steuern. Dazu werden aufbauend auf einer fundierten theoretischen Basis der wirtschafts- und ingenieurwissenschaftlichen Teildisziplinen Umsetzungskompetenzen vermittelt, die die Absolventinnen und Absolventen bef\u00e4higen, Methoden, Techniken und Instrumente zielorientiert und verantwortlich anzuwenden.<\/p>\n<p>Das Wirtschaftsingenieurstudium ist seit Oktober 2007 in einen Bachelor-Studiengang (B.Sc.) sowie einen darauf aufbauenden Master-Studiengang (<abbr title=\"Master of Science\">M.Sc.<\/abbr>) gegliedert. Die Koordination der Studieng\u00e4nge erfolgt im Rahmen des Studienbereichs Wirtschaftsingenieurwesens (<abbr title=\"Wirtschaftsingenieurwesen\">WI<\/abbr>), konkret durch den Studienbereichsausschuss (SBA <abbr title=\"Wirtschaftsingenieurwesen\">WI<\/abbr>). Die rechtlichen Grundlagen der Studieng\u00e4nge sind in entsprechenden Ordnungen definiert. Konkrete Informationen zu den aktuellen Lehrveranstaltungen finden sich im Campus-Portal der HSU . Der Pr\u00fcfungsausschuss <abbr title=\"Wirtschaftsingenieurwesen\">WI<\/abbr> ist f\u00fcr die Einhaltung der Pr\u00fcfungsordnung verantwortlich; er wird bei der verwaltungsm\u00e4\u00dfigen Abwicklung der Pr\u00fcfungen durch das Pr\u00fcfungsamt unterst\u00fctzt (<abbr title=\"vergleiche\">vgl.<\/abbr> auch den Webbereich des Pr\u00fcfungsamts mit vielf\u00e4ltigen Service-Informationen, <abbr title=\"unter anderem\">u.a.<\/abbr> Formularen).<\/p>\n<p>Die Zulassung zum Bachelor-Studium setzt neben der Erf\u00fcllung der allgemeinen Zulassungsvoraussetzungen den Nachweis voraus, dass Praktika entsprechend den Vorgaben der Praktikumsordnung des Studienbereichs Wirtschaftsingenieurwesen abgeleistet wurden.<\/p>\n<p><a href=\"https:\/\/www.hsu-hh.de\/ees\/wp-content\/uploads\/sites\/680\/2018\/03\/WI-Brosch\u00fcre.pdf\">Brosch\u00fcre Wirtschaftsingenieurwesen<\/a><\/p>\n<h3>Studienf\u00fchrer<\/h3>\n<p>Der Leitfaden f\u00fcr die wichtigsten Fragen rund um Studieng\u00e4nge und Berufsfelder, Struktur des Studiums sowie Inhalte und Studienvoraussetzungen.<\/p>\n<p><a href=\"https:\/\/www.hsu-hh.de\/ees\/wp-content\/uploads\/sites\/680\/2018\/03\/WI-Brosch\u00fcre.pdf\">Studienf\u00fchrer Helmut-Schmidt-Universit\u00e4t Bereich \u2013 Wirtschaftsingenieurwesen<\/a><\/p>\n","protected":false},"excerpt":{"rendered":"<p>Das Studium Mit dem Studienfach Wirtschaftsingenieurwesen sollen den Studierenden breit gef\u00e4cherte, fachliche F\u00e4higkeiten und Kenntnisse aus der Betriebswirtschaftslehre, der Volkswirtschaftslehre, dem Maschinenbau und der Elektrotechnik vermittelt werden. Eine besondere Aufmerksamkeit [&hellip;]<\/p>\n","protected":false},"author":57,"featured_media":0,"parent":1213,"menu_order":0,"comment_status":"closed","ping_status":"closed","template":"","meta":{"footnotes":""},"categories":[153],"tags":[155],"class_list":["post-1226","page","type-page","status-publish","hentry","category-wi","tag-wi"],"_links":{"self":[{"href":"https:\/\/www.hsu-hh.de\/ees\/wp-json\/wp\/v2\/pages\/1226","targetHints":{"allow":["GET"]}}],"collection":[{"href":"https:\/\/www.hsu-hh.de\/ees\/wp-json\/wp\/v2\/pages"}],"about":[{"href":"https:\/\/www.hsu-hh.de\/ees\/wp-json\/wp\/v2\/types\/page"}],"author":[{"embeddable":true,"href":"https:\/\/www.hsu-hh.de\/ees\/wp-json\/wp\/v2\/users\/57"}],"replies":[{"embeddable":true,"href":"https:\/\/www.hsu-hh.de\/ees\/wp-json\/wp\/v2\/comments?post=1226"}],"version-history":[{"count":12,"href":"https:\/\/www.hsu-hh.de\/ees\/wp-json\/wp\/v2\/pages\/1226\/revisions"}],"predecessor-version":[{"id":1330,"href":"https:\/\/www.hsu-hh.de\/ees\/wp-json\/wp\/v2\/pages\/1226\/revisions\/1330"}],"up":[{"embeddable":true,"href":"https:\/\/www.hsu-hh.de\/ees\/wp-json\/wp\/v2\/pages\/1213"}],"wp:attachment":[{"href":"https:\/\/www.hsu-hh.de\/ees\/wp-json\/wp\/v2\/media?parent=1226"}],"wp:term":[{"taxonomy":"category","embeddable":true,"href":"https:\/\/www.hsu-hh.de\/ees\/wp-json\/wp\/v2\/categories?post=1226"},{"taxonomy":"post_tag","embeddable":true,"href":"https:\/\/www.hsu-hh.de\/ees\/wp-json\/wp\/v2\/tags?post=1226"}],"curies":[{"name":"wp","href":"https:\/\/api.w.org\/{rel}","templated":true}]}}