{"id":1192,"date":"2018-03-12T07:56:51","date_gmt":"2018-03-12T06:56:51","guid":{"rendered":"https:\/\/www.hsu-hh.de\/ees\/?page_id=1192"},"modified":"2018-03-19T11:39:53","modified_gmt":"2018-03-19T10:39:53","slug":"wirtschaftsingenieurwesen","status":"publish","type":"page","link":"https:\/\/www.hsu-hh.de\/ees\/sbawi\/wirtschaftsingenieurwesen","title":{"rendered":"Wirtschaftsingenieurwesen"},"content":{"rendered":"<h2><em><strong>Studienbereichsausschuss Wirtschaftsingenieurwesen<\/strong><\/em><\/h2>\n<h3><strong>Allgemein<\/strong><\/h3>\n<p>Der Studienbereich Wirtschaftsingenieurwesen wird von den Fakult\u00e4ten f\u00fcr Elektrotechnik, Maschinenbau und Wirtschafts- und Sozialwissenschaften eingerichtet. Seine Aufgaben bestehen in der Entwicklung, Planung und Sicherstellung des Lehrangebotes f\u00fcr den Studiengang Wirtschaftsingenieurwesen. Er besitzt bez\u00fcglich der Studienordnung, der Pr\u00fcfungsordnungen und der sonstigen den Studiengang betreffenden Ordnungen Entscheidungsbefugnis. Die Aufgaben des Studienbereiches werden vom Studienbereichsausschuss Wirtschaftsingenieurwesen wahrgenommen.<\/p>\n<p>&nbsp;<\/p>\n<p><strong>Mitglieder (2017\u20132018)<\/strong><\/p>\n<table border=\"1\" cellspacing=\"2\" cellpadding=\"1\">\n<tbody>\n<tr>\n<td><\/td>\n<td><strong>vorsitzendes Mitglied<\/strong><\/td>\n<td><\/td>\n<td><strong>stellvertretend vorsitzendes Mitglied<\/strong><\/td>\n<td><\/td>\n<\/tr>\n<tr>\n<td><\/td>\n<td><abbr title=\"Universit\u00e4tsprofessor\">Univ.-Prof.<\/abbr> <abbr title=\"Doktor der Ingenieurwissenschaften\">Dr.-Ing.<\/abbr> D. Schulz<\/td>\n<td><\/td>\n<td><abbr title=\"Universit\u00e4tsprofessor\">Univ.-Prof.<\/abbr> <abbr title=\"Doktor der Ingenieurwissenschaften\">Dr.-Ing.<\/abbr> F. Mantwill<\/td>\n<td><\/td>\n<\/tr>\n<tr>\n<th colspan=\"5\"><\/th>\n<\/tr>\n<tr>\n<td><\/td>\n<td><strong>Mitglied<\/strong><\/td>\n<td><\/td>\n<td><strong>Stellvertretung<\/strong><\/td>\n<td><\/td>\n<\/tr>\n<tr>\n<td><strong>Professoren<\/strong><\/td>\n<td><abbr title=\"Universit\u00e4tsprofessor\">Univ.-Prof.<\/abbr> <abbr title=\"Doktor der Ingenieurwissenschaften\">Dr.-Ing.<\/abbr> F. Mantwill<\/td>\n<td>MB<\/td>\n<td><abbr title=\"Universit\u00e4tsprofessor\">Univ.-Prof.<\/abbr> <abbr title=\"Doktor der Ingenieurwissenschaften\">Dr.-Ing.<\/abbr> A. Fay<\/td>\n<td>MB<\/td>\n<\/tr>\n<tr>\n<td><\/td>\n<td><abbr title=\"Universit\u00e4tsprofessor\">Univ.-Prof.<\/abbr> <abbr title=\"Doktor\">Dr.<\/abbr> A. Fink<\/td>\n<td>WISO<\/td>\n<td><abbr title=\"Universit\u00e4tsprofessor\">Univ.-Prof.<\/abbr> <abbr title=\"Doktor\">Dr.<\/abbr> M. Geiger<\/td>\n<td>WISO<\/td>\n<\/tr>\n<tr>\n<td><\/td>\n<td><abbr title=\"Universit\u00e4tsprofessor\">Univ.-Prof.<\/abbr> <abbr title=\"Doktor\">Dr.<\/abbr> H. Koller<\/td>\n<td>WISO<\/td>\n<td><abbr title=\"Universit\u00e4tsprofessor\">Univ.-Prof.<\/abbr> <abbr title=\"Doktor\">Dr.<\/abbr> C. Fantapi\u00e9 Altobelli<\/td>\n<td>WISO<\/td>\n<\/tr>\n<tr>\n<td><\/td>\n<td><abbr title=\"Universit\u00e4tsprofessor\">Univ.-Prof.<\/abbr> <abbr title=\"Doktor der Ingenieurwissenschaften\">Dr.-Ing.<\/abbr> D. Schulz<\/td>\n<td><abbr title=\"Elektrotechnik\">ET<\/abbr><\/td>\n<td><abbr title=\"Universit\u00e4tsprofessor\">Univ.-Prof.<\/abbr> <abbr title=\"Doktor\">Dr.<\/abbr> D. Kip<\/td>\n<td><abbr title=\"Elektrotechnik\">ET<\/abbr><\/td>\n<\/tr>\n<tr>\n<td><\/td>\n<td><abbr title=\"Universit\u00e4tsprofessor\">Univ.-Prof.<\/abbr> <abbr title=\"Doktor\">Dr.<\/abbr> S. Knoth<\/td>\n<td>WISO<\/td>\n<td><abbr title=\"Universit\u00e4tsprofessor\">Univ.-Prof.<\/abbr> <abbr title=\"Doktor\">Dr.<\/abbr> G. Reiner<\/td>\n<td>WiSO<\/td>\n<\/tr>\n<tr>\n<td><\/td>\n<td><abbr title=\"Universit\u00e4tsprofessor\">Univ.-Prof.<\/abbr> <abbr title=\"Doktor der Ingenieurwissenschaften\">Dr.-Ing.<\/abbr> G. Scholl<\/td>\n<td><abbr title=\"Elektrotechnik\">ET<\/abbr><\/td>\n<td><abbr title=\"Universit\u00e4tsprofessor\">Univ.-Prof.<\/abbr> <abbr title=\"Doktor der Ingenieurwissenschaften\">Dr.-Ing.<\/abbr> K. Hoffmann<\/td>\n<td><abbr title=\"Elektrotechnik\">ET<\/abbr><\/td>\n<\/tr>\n<tr>\n<td><strong>Wissenschaftliche Mitarbeiter<\/strong><\/td>\n<td>M. Meissner, <abbr title=\"Master of Science\">M.Sc.<\/abbr><\/td>\n<td><abbr title=\"Elektrotechnik\">ET<\/abbr><\/td>\n<td>M. Lewin, <abbr title=\"Master of Science\">M.Sc.<\/abbr><\/td>\n<td>MB<\/td>\n<\/tr>\n<tr>\n<td><\/td>\n<td><abbr title=\"Diplom-Ingenieur\">Dipl.-Ing.<\/abbr> oec. P. Wittenberg<\/td>\n<td>WISO<\/td>\n<td><\/td>\n<td><\/td>\n<\/tr>\n<tr>\n<td><strong>Andere Mitarbeiter<\/strong><\/td>\n<td>N. Landskron<\/td>\n<td><abbr title=\"Elektrotechnik\">ET<\/abbr><\/td>\n<td>C. Klitsch, <abbr title=\"Master of Science\">M.Sc.<\/abbr><\/td>\n<td>MB<\/td>\n<\/tr>\n<tr>\n<td><strong>Studierende<\/strong><\/td>\n<td>K. A. Egle<\/td>\n<td><abbr title=\"Wirtschaftsingenieurwesen\">WI<\/abbr> 2015<\/td>\n<td>J. Schmied<\/td>\n<td><abbr title=\"Wirtschaftsingenieurwesen\">WI<\/abbr> 2016<\/td>\n<\/tr>\n<tr>\n<td><\/td>\n<td>C. Kayser<\/td>\n<td><abbr title=\"Wirtschaftsingenieurwesen\">WI<\/abbr> 2015<\/td>\n<td>F. Tenzer<\/td>\n<td><abbr title=\"Wirtschaftsingenieurwesen\">WI<\/abbr> 2016<\/td>\n<\/tr>\n<tr>\n<td><strong>beratend<\/strong><\/td>\n<td>KKpt. M. Kohrt<\/td>\n<td>SFB A<\/td>\n<td>Hptm. P. Lehmann<\/td>\n<td>SFB A<\/td>\n<\/tr>\n<\/tbody>\n<\/table>\n","protected":false},"excerpt":{"rendered":"<p>Studienbereichsausschuss Wirtschaftsingenieurwesen Allgemein Der Studienbereich Wirtschaftsingenieurwesen wird von den Fakult\u00e4ten f\u00fcr Elektrotechnik, Maschinenbau und Wirtschafts- und Sozialwissenschaften eingerichtet. Seine Aufgaben bestehen in der Entwicklung, Planung und Sicherstellung des Lehrangebotes f\u00fcr [&hellip;]<\/p>\n","protected":false},"author":57,"featured_media":0,"parent":1213,"menu_order":0,"comment_status":"closed","ping_status":"closed","template":"","meta":{"footnotes":""},"categories":[153],"tags":[157],"class_list":["post-1192","page","type-page","status-publish","hentry","category-wi","tag-sbawi"],"_links":{"self":[{"href":"https:\/\/www.hsu-hh.de\/ees\/wp-json\/wp\/v2\/pages\/1192","targetHints":{"allow":["GET"]}}],"collection":[{"href":"https:\/\/www.hsu-hh.de\/ees\/wp-json\/wp\/v2\/pages"}],"about":[{"href":"https:\/\/www.hsu-hh.de\/ees\/wp-json\/wp\/v2\/types\/page"}],"author":[{"embeddable":true,"href":"https:\/\/www.hsu-hh.de\/ees\/wp-json\/wp\/v2\/users\/57"}],"replies":[{"embeddable":true,"href":"https:\/\/www.hsu-hh.de\/ees\/wp-json\/wp\/v2\/comments?post=1192"}],"version-history":[{"count":5,"href":"https:\/\/www.hsu-hh.de\/ees\/wp-json\/wp\/v2\/pages\/1192\/revisions"}],"predecessor-version":[{"id":1197,"href":"https:\/\/www.hsu-hh.de\/ees\/wp-json\/wp\/v2\/pages\/1192\/revisions\/1197"}],"up":[{"embeddable":true,"href":"https:\/\/www.hsu-hh.de\/ees\/wp-json\/wp\/v2\/pages\/1213"}],"wp:attachment":[{"href":"https:\/\/www.hsu-hh.de\/ees\/wp-json\/wp\/v2\/media?parent=1192"}],"wp:term":[{"taxonomy":"category","embeddable":true,"href":"https:\/\/www.hsu-hh.de\/ees\/wp-json\/wp\/v2\/categories?post=1192"},{"taxonomy":"post_tag","embeddable":true,"href":"https:\/\/www.hsu-hh.de\/ees\/wp-json\/wp\/v2\/tags?post=1192"}],"curies":[{"name":"wp","href":"https:\/\/api.w.org\/{rel}","templated":true}]}}