{"id":1177,"date":"2018-03-05T11:26:10","date_gmt":"2018-03-05T10:26:10","guid":{"rendered":"https:\/\/www.hsu-hh.de\/ees\/?page_id=1177"},"modified":"2021-02-12T13:08:22","modified_gmt":"2021-02-12T12:08:22","slug":"vorbereitung-und-begleitung-der-erstellung-des-erfahrungsberichts-2014-gemaess-%c2%a7-65-eeg-vorhaben-iie-windenergie","status":"publish","type":"page","link":"https:\/\/www.hsu-hh.de\/ees\/forschung\/vorbereitung-und-begleitung-der-erstellung-des-erfahrungsberichts-2014-gemaess-%c2%a7-65-eeg-vorhaben-iie-windenergie","title":{"rendered":"Vorbereitung und Begleitung der Erstellung des Erfahrungsberichts 2014 gem\u00e4\u00df \u00a7 65 EEG \u2013 Vorhaben IIe Windenergie"},"content":{"rendered":"<p>Das Leipziger Institut f\u00fcr Energie <abbr title=\"Gesellschaft mit beschr\u00e4nkter Haftung\">GmbH<\/abbr> (IE Leipzig) wurde mit seinen Projektpartnern, der Helmut-Schmidt-Universit\u00e4t \/ Universit\u00e4t\u00a0der Bundeswehr Hamburg (<abbr title=\"Helmut-Schmidt-Universit\u00e4t\">HSU<\/abbr>) sowie der BioConsult SH <abbr title=\"Gesellschaft mit beschr\u00e4nkter Haftung\">GmbH<\/abbr> &amp; Co <abbr title=\"Kommanditgesellschaft\">KG<\/abbr> in Husum (BioConsult), vom Bundesministerium f\u00fcr Umwelt, Naturschutz und Reaktorsicherheit (BMU) mit der Vorbereitung und wissenschaftlichen Begleitung bei der Erstellung eines Erfahrungsberichtes 2014 gem\u00e4\u00df \u00a7 65 Erneuerbare-Energien-Gesetz (EEG) f\u00fcr die Sparte Windenergie beauftragt.<\/p>\n<p>Ziel dieses Auftrages ist es, vor dem Hintergrund des EEG darzulegen, wie sich die Windenergie entwickelt hat und welche Handlungsfelder sich perspektivisch f\u00fcr den weiteren Ausbau der Windenergie an Land und auf See identifizieren lassen. Auf dieser Grundlage kann die bisherige Strategie der Bundesregierung zum Ausbau bewertet werden, sodass Handlungsempfehlungen inner- und au\u00dferhalb des EEG entworfen werden k\u00f6nnen. Insbesondere die Bereiche Wirtschaftlichkeit, Technologieentwicklung und Potenzialabsch\u00e4tzungen sind zu betrachten.<\/p>\n<p>Die Aufgaben der <abbr title=\"Helmut-Schmidt-Universit\u00e4t\">HSU<\/abbr> sind angesiedelt in den Bereichen der Systemdienstleistungen, der Abregelung von Windenergieanalagen und der Steuerung des Windenergieausbaus. Im Bereich der Systemdienstleistung werden die Regelungen nach \u00a7\u00a7 6, 64 und 66 Abs. 1 Nr. 8 EEG in Verbindung mit der SDLWindV untersucht und bewertet. Dazu ist eine Erhebung anzufertigen, die den Anteil an modernisierten\/neuen Anlagen und alten Anlagen aufzeigt, welche keine Systemdienstleistungen \u00fcbernehmen k\u00f6nnen. Dabei ist der Beitrag von SDLWindV-Anlagen zu der Systemstabilit\u00e4t und Sicherheit zu untersuchen. Die Notwendigkeit einer Anpassung oder Neuformulierung der Anforderungen an Systemdienstleistungen mit dem Ziel einer besseren Integration von WEA ist ebenfalls zu bewerten.\u00a0 Dies soll vor dem Hintergrund einer sinkenden Erzeugung in konventionellen Kraftwerken geschehen, die heute den \u00fcberwiegenden Anteil an Systemdienstleistungen erbringen.<\/p>\n<p>Im Bereich der Abregelung wird festgestellt, in welchem Umfang Windenergieanlagen nach \u00a7 11 Abs. 1 EEG und nach \u00a7 13 Abs. 2 EnWG abgeregelt wurden und in welchem Verh\u00e4ltnis sich die abgeregelte Strommenge zur insgesamt von der Windenergie erzeugten Strommenge verh\u00e4lt und in welcher H\u00f6he dadurch Kosten beim Verbraucher angefallen sind. Die Ergebnisse sind zu bewerten und den Kosten f\u00fcr eine alternative Nutzung des Stroms z. B. f\u00fcr die Speicherung, genauer Ein- und Ausspeicherung des Stroms, gegen\u00fcberzustellen. Dar\u00fcber hinaus sollen Handlungsstrategien entwickelt werden, wie vor dem Hintergrund des verz\u00f6gerten Netzausbaus die F\u00e4lle der Abregelung von Windenergieanlagen aufgrund von Ma\u00dfnahmen nach \u00a7 11 Abs. 1 EEG oder \u00a7 13 Abs. 2 EnWG m\u00f6glichst gering gehalten werden k\u00f6nnen.<\/p>\n<p>Bei der Steuerung des Windenergieausbaus werden zusammen mit dem IE Leipzig m\u00f6gliche Instrumente zur besseren und zielgerichteteren Steuerung des weiteren Ausbaus der Windkraft untersucht.<\/p>\n<figure id=\"attachment_1175\" aria-describedby=\"caption-attachment-1175\" style=\"width: 698px\" class=\"wp-caption alignleft\"><img loading=\"lazy\" decoding=\"async\" class=\"wp-image-1175\" src=\"https:\/\/www.hsu-hh.de\/ees\/wp-content\/uploads\/sites\/680\/2018\/03\/abgeregelte-Energie-vs-PV-und-Windeinspeisung.jpg\" alt=\"Abregegelte Leistung im Vergleich zu PV- und Windeinspeisung\" width=\"698\" height=\"250\" srcset=\"https:\/\/www.hsu-hh.de\/ees\/wp-content\/uploads\/sites\/680\/2018\/03\/abgeregelte-Energie-vs-PV-und-Windeinspeisung.jpg 1231w, https:\/\/www.hsu-hh.de\/ees\/wp-content\/uploads\/sites\/680\/2018\/03\/abgeregelte-Energie-vs-PV-und-Windeinspeisung-300x107.jpg 300w, https:\/\/www.hsu-hh.de\/ees\/wp-content\/uploads\/sites\/680\/2018\/03\/abgeregelte-Energie-vs-PV-und-Windeinspeisung-768x275.jpg 768w, https:\/\/www.hsu-hh.de\/ees\/wp-content\/uploads\/sites\/680\/2018\/03\/abgeregelte-Energie-vs-PV-und-Windeinspeisung-1024x367.jpg 1024w\" sizes=\"auto, (max-width: 698px) 100vw, 698px\" \/><figcaption id=\"caption-attachment-1175\" class=\"wp-caption-text\">Abregegelte Leistung im Vergleich zu PV- und Windeinspeisung<\/figcaption><\/figure>\n<figure id=\"attachment_1176\" aria-describedby=\"caption-attachment-1176\" style=\"width: 241px\" class=\"wp-caption alignright\"><img loading=\"lazy\" decoding=\"async\" class=\"wp-image-1176\" src=\"https:\/\/www.hsu-hh.de\/ees\/wp-content\/uploads\/sites\/680\/2018\/03\/Verteilung_abgeregelte_E.jpeg\" alt=\"Verteilung der abgeregelten Energie in Deutschland 2012\" width=\"241\" height=\"250\" srcset=\"https:\/\/www.hsu-hh.de\/ees\/wp-content\/uploads\/sites\/680\/2018\/03\/Verteilung_abgeregelte_E.jpeg 742w, https:\/\/www.hsu-hh.de\/ees\/wp-content\/uploads\/sites\/680\/2018\/03\/Verteilung_abgeregelte_E-289x300.jpeg 289w\" sizes=\"auto, (max-width: 241px) 100vw, 241px\" \/><figcaption id=\"caption-attachment-1176\" class=\"wp-caption-text\">Verteilung der abgeregelten Energie in Deutschland 2012<\/figcaption><\/figure>\n<p>&nbsp;<\/p>\n<p>&nbsp;<\/p>\n<p>&nbsp;<\/p>\n<p>&nbsp;<\/p>\n<p>&nbsp;<\/p>\n<p>&nbsp;<\/p>\n<p>&nbsp;<\/p>\n<p>&nbsp;<\/p>\n<div id=\"contentblock\">\n<h2>Ansprechpartner:<\/h2>\n<p><a href=\"https:\/\/www.hsu-hh.de\/ees\/team\">Prof. <abbr title=\"Doktor der Ingenieurwissenschaften\">Dr.-Ing.<\/abbr> <abbr title=\"habilitatus\">habil.<\/abbr> Detlef Schulz<\/a>\u00a0(<u>Teilprojektleiter<\/u>)<br \/>\nFakult\u00e4t f\u00fcr Elektrotechnik<br \/>\nElektrische Energiesysteme<\/p>\n<\/div>\n<div class=\"top_bookmark_link\"><img loading=\"lazy\" decoding=\"async\" title=\"nach oben zum Seitenanfang\" src=\"https:\/\/webbox.hsu-hh.de\/image_bricks\/hsuhh_icon_topofpage.gif\" alt=\"nach oben zum Seitenanfang\" width=\"5\" height=\"7\" \/><\/div>\n","protected":false},"excerpt":{"rendered":"<p>Das Leipziger Institut f\u00fcr Energie GmbH (IE Leipzig) wurde mit seinen Projektpartnern, der Helmut-Schmidt-Universit\u00e4t \/ Universit\u00e4t\u00a0der Bundeswehr Hamburg (HSU) sowie der BioConsult SH GmbH &amp; Co KG in Husum (BioConsult), [&hellip;]<\/p>\n","protected":false},"author":57,"featured_media":0,"parent":3500,"menu_order":0,"comment_status":"closed","ping_status":"closed","template":"","meta":{"footnotes":""},"categories":[4,118],"tags":[],"class_list":["post-1177","page","type-page","status-publish","hentry","category-forschung","category-projekte"],"_links":{"self":[{"href":"https:\/\/www.hsu-hh.de\/ees\/wp-json\/wp\/v2\/pages\/1177","targetHints":{"allow":["GET"]}}],"collection":[{"href":"https:\/\/www.hsu-hh.de\/ees\/wp-json\/wp\/v2\/pages"}],"about":[{"href":"https:\/\/www.hsu-hh.de\/ees\/wp-json\/wp\/v2\/types\/page"}],"author":[{"embeddable":true,"href":"https:\/\/www.hsu-hh.de\/ees\/wp-json\/wp\/v2\/users\/57"}],"replies":[{"embeddable":true,"href":"https:\/\/www.hsu-hh.de\/ees\/wp-json\/wp\/v2\/comments?post=1177"}],"version-history":[{"count":5,"href":"https:\/\/www.hsu-hh.de\/ees\/wp-json\/wp\/v2\/pages\/1177\/revisions"}],"predecessor-version":[{"id":2136,"href":"https:\/\/www.hsu-hh.de\/ees\/wp-json\/wp\/v2\/pages\/1177\/revisions\/2136"}],"up":[{"embeddable":true,"href":"https:\/\/www.hsu-hh.de\/ees\/wp-json\/wp\/v2\/pages\/3500"}],"wp:attachment":[{"href":"https:\/\/www.hsu-hh.de\/ees\/wp-json\/wp\/v2\/media?parent=1177"}],"wp:term":[{"taxonomy":"category","embeddable":true,"href":"https:\/\/www.hsu-hh.de\/ees\/wp-json\/wp\/v2\/categories?post=1177"},{"taxonomy":"post_tag","embeddable":true,"href":"https:\/\/www.hsu-hh.de\/ees\/wp-json\/wp\/v2\/tags?post=1177"}],"curies":[{"name":"wp","href":"https:\/\/api.w.org\/{rel}","templated":true}]}}