{"id":1145,"date":"2018-03-05T10:27:58","date_gmt":"2018-03-05T09:27:58","guid":{"rendered":"https:\/\/www.hsu-hh.de\/ees\/?page_id=1145"},"modified":"2022-05-11T10:04:13","modified_gmt":"2022-05-11T08:04:13","slug":"autarke-notstromversorgung-der-bevoelkerung-unterhalb-der-kritis-schwelle","status":"publish","type":"page","link":"https:\/\/www.hsu-hh.de\/ees\/forschung\/forschungsgebiete\/autarke-notstromversorgung-der-bevoelkerung-unterhalb-der-kritis-schwelle","title":{"rendered":"Autarke Notstromversorgung der Bev\u00f6lkerung unterhalb der KRITIS-Schwelle"},"content":{"rendered":"\n<p>In Deutschland und Europa nimmt die Wahrscheinlichkeit gro\u00dffl\u00e4chiger Stromausf\u00e4lle stark zu. F\u00fcr \u00f6ffentliche Einrichtungen wie <abbr title=\"zum Beispiel\">z.B.<\/abbr> Krankenh\u00e4user, Polizei oder Feuerwehr existieren bereits Notfallpl\u00e4ne und Versorgungssysteme, um im Falle eines Blackouts weiterhin ihre Funktion erf\u00fcllen zu k\u00f6nnen. Diese Einrichtungen z\u00e4hlen zu den sogenannten kritischen Infrastrukturen. Unter kritischen Infrastrukturen (KRITIS) versteht man Organisationen und Einrichtungen mit wichtiger Bedeutung f\u00fcr das staatliche Gemeinwesen, bei deren Ausfall oder Beeintr\u00e4chtigung nachhaltig wirkende Versorgungsengp\u00e4sse, erhebliche St\u00f6rungen der \u00f6ffentlichen Sicherheit oder andere dramatische Folgen eintreten w\u00fcrden.<\/p>\n\n\n\n<div class=\"wp-block-image\"><figure class=\"alignleft size-large is-resized\"><img loading=\"lazy\" decoding=\"async\" src=\"https:\/\/www.hsu-hh.de\/ees\/wp-content\/uploads\/sites\/680\/2018\/03\/Kritis_Bild1-1024x768.jpg\" data-credit=\"HSU \/ DLab\" alt=\"Demonstrator\" class=\"wp-image-1143\" width=\"512\" height=\"384\" srcset=\"https:\/\/www.hsu-hh.de\/ees\/wp-content\/uploads\/sites\/680\/2018\/03\/Kritis_Bild1-1024x768.jpg 1024w, https:\/\/www.hsu-hh.de\/ees\/wp-content\/uploads\/sites\/680\/2018\/03\/Kritis_Bild1-300x225.jpg 300w, https:\/\/www.hsu-hh.de\/ees\/wp-content\/uploads\/sites\/680\/2018\/03\/Kritis_Bild1-768x576.jpg 768w, https:\/\/www.hsu-hh.de\/ees\/wp-content\/uploads\/sites\/680\/2018\/03\/Kritis_Bild1.jpg 1386w\" sizes=\"auto, (max-width: 512px) 100vw, 512px\" \/><\/figure><\/div>\n\n\n\n<div style=\"height:20px\" aria-hidden=\"true\" class=\"wp-block-spacer\"><\/div>\n\n\n\n<p>Im Rahmen des Projektes wurde im ersten Schritt ein Hardware-Demonstrator als Hausmodell mit einer Steuerung \u00fcber einen Industrie-<abbr title=\"Personal Computer\">PC<\/abbr> zur Veranschaulichung der Aufgabenstellung und L\u00f6sungsans\u00e4tze aufgebaut (siehe Abbildung). Er dient der anschaulichen Darstellung der Funktionsweise eines Notstromversorgungssystems. Die Betriebszust\u00e4nde eines Notstromversorgungssystems werden exemplarisch an einem Einfamilienhaus gezeigt. In \u00e4hnlicher Weise k\u00f6nnen auch Mehrfamilienh\u00e4user und sogar ganze Siedlungen mit den hier vorgestellten Notstromversorgungstypen ausgestattet werden.<\/p>\n\n\n\n<p>Um die Thematik der Notstromversorgung dar\u00fcber hinaus einer breiten \u00d6ffentlichkeit zur Verf\u00fcgung zu stellen, wurde die Funktionsweise dieses Demonstrators in Form einer interaktiven Internet-Anwendung weiterentwickelt, die selbst getestet werden kann.<\/p>\n\n\n\n<div style=\"height:20px\" aria-hidden=\"true\" class=\"wp-block-spacer\"><\/div>\n\n\n\n<div class=\"wp-block-columns is-layout-flex wp-container-core-columns-is-layout-9d6595d7 wp-block-columns-is-layout-flex\">\n<div class=\"wp-block-column is-layout-flow wp-block-column-is-layout-flow\">\n<figure class=\"wp-block-image size-large\"><img loading=\"lazy\" decoding=\"async\" width=\"1024\" height=\"640\" src=\"https:\/\/www.hsu-hh.de\/ees\/wp-content\/uploads\/sites\/680\/2018\/03\/Kritis_Bild2-1024x640.png\" data-credit=\"HSU \/ DLab\" alt=\"Startseite der Software\" class=\"wp-image-1144\" srcset=\"https:\/\/www.hsu-hh.de\/ees\/wp-content\/uploads\/sites\/680\/2018\/03\/Kritis_Bild2-1024x640.png 1024w, https:\/\/www.hsu-hh.de\/ees\/wp-content\/uploads\/sites\/680\/2018\/03\/Kritis_Bild2-300x188.png 300w, https:\/\/www.hsu-hh.de\/ees\/wp-content\/uploads\/sites\/680\/2018\/03\/Kritis_Bild2-768x480.png 768w, https:\/\/www.hsu-hh.de\/ees\/wp-content\/uploads\/sites\/680\/2018\/03\/Kritis_Bild2.png 1280w\" sizes=\"auto, (max-width: 1024px) 100vw, 1024px\" \/><figcaption>Startseite der Software<\/figcaption><\/figure>\n<\/div>\n\n\n\n<div class=\"wp-block-column is-layout-flow wp-block-column-is-layout-flow\">\n<figure class=\"wp-block-image size-large\"><img loading=\"lazy\" decoding=\"async\" width=\"1024\" height=\"640\" src=\"https:\/\/www.hsu-hh.de\/ees\/wp-content\/uploads\/sites\/680\/2018\/03\/Kritis_Bild3-1024x640.png\" data-credit=\"HSU \/ DLab\" alt=\"Beispiel eines Betriebszustands\" class=\"wp-image-1140\" srcset=\"https:\/\/www.hsu-hh.de\/ees\/wp-content\/uploads\/sites\/680\/2018\/03\/Kritis_Bild3-1024x640.png 1024w, https:\/\/www.hsu-hh.de\/ees\/wp-content\/uploads\/sites\/680\/2018\/03\/Kritis_Bild3-300x188.png 300w, https:\/\/www.hsu-hh.de\/ees\/wp-content\/uploads\/sites\/680\/2018\/03\/Kritis_Bild3-768x480.png 768w, https:\/\/www.hsu-hh.de\/ees\/wp-content\/uploads\/sites\/680\/2018\/03\/Kritis_Bild3.png 1280w\" sizes=\"auto, (max-width: 1024px) 100vw, 1024px\" \/><figcaption>Beispiel eines Betriebszustands<\/figcaption><\/figure>\n<\/div>\n<\/div>\n\n\n\n<h2 class=\"wp-block-heading\">Projektergebnisse<\/h2>\n\n\n\n<p>Die Studie hat gezeigt, dass neben photovoltaische Inselanlagen und Energiespeichersystemen zur Realisierung von Notstromversorgungssystemen auch weitere Technologien einsetzbar sind wie <abbr title=\"zum Beispiel\">z.B.<\/abbr> Batteriesysteme, Brennstoffzellensysteme, Windkraftanlagen, Blockheizkraftwerke, Dieselgeneratoren oder manuell betriebene Generatoren. All diese Technologien weisen jedoch spezifische Vor- und Nachteile bez\u00fcglich der betrachteten Bewertungskriterien (<em>Stromausfalldauer, Preis, Leistung, Umwelteinfluss, Handhabung und Genehmigungsaufwand<\/em>) auf. Nichtsdestotrotz lassen sich ihre Potentiale durch optimale Einsatzbedingungen (Verbraucher\/Erzeuger- Abh\u00e4ngigkeit oder szenariobedingte Erzeugungstechnologie) erh\u00f6hen.<\/p>\n\n\n\n<div style=\"height:20px\" aria-hidden=\"true\" class=\"wp-block-spacer\"><\/div>\n\n\n\n<div class=\"wp-block-columns is-layout-flex wp-container-core-columns-is-layout-9d6595d7 wp-block-columns-is-layout-flex\">\n<div class=\"wp-block-column is-layout-flow wp-block-column-is-layout-flow\">\n<figure class=\"wp-block-image size-large\"><img loading=\"lazy\" decoding=\"async\" width=\"1024\" height=\"640\" src=\"https:\/\/www.hsu-hh.de\/ees\/wp-content\/uploads\/sites\/680\/2018\/03\/Kritis_Bild4-1024x640.png\" data-credit=\"HSU \/ DLab\" alt=\"Ergebnisse der Studie\" class=\"wp-image-1141\" srcset=\"https:\/\/www.hsu-hh.de\/ees\/wp-content\/uploads\/sites\/680\/2018\/03\/Kritis_Bild4-1024x640.png 1024w, https:\/\/www.hsu-hh.de\/ees\/wp-content\/uploads\/sites\/680\/2018\/03\/Kritis_Bild4-300x188.png 300w, https:\/\/www.hsu-hh.de\/ees\/wp-content\/uploads\/sites\/680\/2018\/03\/Kritis_Bild4-768x480.png 768w, https:\/\/www.hsu-hh.de\/ees\/wp-content\/uploads\/sites\/680\/2018\/03\/Kritis_Bild4.png 1280w\" sizes=\"auto, (max-width: 1024px) 100vw, 1024px\" \/><figcaption>Ergebnisse der Studie<\/figcaption><\/figure>\n<\/div>\n\n\n\n<div class=\"wp-block-column is-layout-flow wp-block-column-is-layout-flow\">\n<figure class=\"wp-block-image size-large\"><img loading=\"lazy\" decoding=\"async\" width=\"1024\" height=\"640\" src=\"https:\/\/www.hsu-hh.de\/ees\/wp-content\/uploads\/sites\/680\/2018\/03\/Kritis_Bild5-1024x640.png\" data-credit=\"HSU \/ DLab\" alt=\"Technologievergleich f\u00fcr ein Szenario\" class=\"wp-image-1142\" srcset=\"https:\/\/www.hsu-hh.de\/ees\/wp-content\/uploads\/sites\/680\/2018\/03\/Kritis_Bild5-1024x640.png 1024w, https:\/\/www.hsu-hh.de\/ees\/wp-content\/uploads\/sites\/680\/2018\/03\/Kritis_Bild5-300x188.png 300w, https:\/\/www.hsu-hh.de\/ees\/wp-content\/uploads\/sites\/680\/2018\/03\/Kritis_Bild5-768x480.png 768w, https:\/\/www.hsu-hh.de\/ees\/wp-content\/uploads\/sites\/680\/2018\/03\/Kritis_Bild5.png 1280w\" sizes=\"auto, (max-width: 1024px) 100vw, 1024px\" \/><figcaption>Technologievergleich f\u00fcr ein Szenario<\/figcaption><\/figure>\n<\/div>\n<\/div>\n\n\n\n<div style=\"height:30px\" aria-hidden=\"true\" class=\"wp-block-spacer\"><\/div>\n\n\n\n<h2 class=\"wp-block-heading\">Ansprechpartner<\/h2>\n\n\n\n<p><a href=\"https:\/\/www.hsu-hh.de\/ees\/team2020\/team-3#Schulz\" target=\"_blank\" rel=\"noreferrer noopener\"><abbr title=\"Professor\">Prof.<\/abbr> <abbr title=\"Doktor\">Dr.<\/abbr>&#8211;<abbr title=\"Ingenieur\">Ing.<\/abbr> <abbr title=\"habilitatus\">habil.<\/abbr> Detlef Schulz<\/a>&nbsp;(Projektleiter)<br>Fakult\u00e4t f\u00fcr Elektrotechnik<br>Elektrische Energiesysteme<\/p>\n","protected":false},"excerpt":{"rendered":"<p>In Deutschland und Europa nimmt die Wahrscheinlichkeit gro\u00dffl\u00e4chiger Stromausf\u00e4lle stark zu. F\u00fcr \u00f6ffentliche Einrichtungen wie z.B. Krankenh\u00e4user, Polizei oder Feuerwehr existieren bereits Notfallpl\u00e4ne und Versorgungssysteme, um im Falle eines Blackouts [&hellip;]<\/p>\n","protected":false},"author":57,"featured_media":0,"parent":3518,"menu_order":0,"comment_status":"closed","ping_status":"closed","template":"","meta":{"footnotes":""},"categories":[4,118],"tags":[],"class_list":["post-1145","page","type-page","status-publish","hentry","category-forschung","category-projekte"],"_links":{"self":[{"href":"https:\/\/www.hsu-hh.de\/ees\/wp-json\/wp\/v2\/pages\/1145","targetHints":{"allow":["GET"]}}],"collection":[{"href":"https:\/\/www.hsu-hh.de\/ees\/wp-json\/wp\/v2\/pages"}],"about":[{"href":"https:\/\/www.hsu-hh.de\/ees\/wp-json\/wp\/v2\/types\/page"}],"author":[{"embeddable":true,"href":"https:\/\/www.hsu-hh.de\/ees\/wp-json\/wp\/v2\/users\/57"}],"replies":[{"embeddable":true,"href":"https:\/\/www.hsu-hh.de\/ees\/wp-json\/wp\/v2\/comments?post=1145"}],"version-history":[{"count":42,"href":"https:\/\/www.hsu-hh.de\/ees\/wp-json\/wp\/v2\/pages\/1145\/revisions"}],"predecessor-version":[{"id":5180,"href":"https:\/\/www.hsu-hh.de\/ees\/wp-json\/wp\/v2\/pages\/1145\/revisions\/5180"}],"up":[{"embeddable":true,"href":"https:\/\/www.hsu-hh.de\/ees\/wp-json\/wp\/v2\/pages\/3518"}],"wp:attachment":[{"href":"https:\/\/www.hsu-hh.de\/ees\/wp-json\/wp\/v2\/media?parent=1145"}],"wp:term":[{"taxonomy":"category","embeddable":true,"href":"https:\/\/www.hsu-hh.de\/ees\/wp-json\/wp\/v2\/categories?post=1145"},{"taxonomy":"post_tag","embeddable":true,"href":"https:\/\/www.hsu-hh.de\/ees\/wp-json\/wp\/v2\/tags?post=1145"}],"curies":[{"name":"wp","href":"https:\/\/api.w.org\/{rel}","templated":true}]}}