{"id":1105,"date":"2018-02-26T07:56:56","date_gmt":"2018-02-26T06:56:56","guid":{"rendered":"https:\/\/www.hsu-hh.de\/ees\/?page_id=1105"},"modified":"2021-05-27T13:25:50","modified_gmt":"2021-05-27T11:25:50","slug":"untersuchung-der-auswirkungen-der-integration-von-dezentralen-erzeugungsanlagen-in-den-verschiedenen-spannungsebenen-auf-den-koordinierten-geraete-und-anlagenschutz","status":"publish","type":"page","link":"https:\/\/www.hsu-hh.de\/ees\/forschung\/forschungsgebiete\/untersuchung-der-auswirkungen-der-integration-von-dezentralen-erzeugungsanlagen-in-den-verschiedenen-spannungsebenen-auf-den-koordinierten-geraete-und-anlagenschutz","title":{"rendered":"Untersuchung der Auswirkungen der Integration von dezentralen Erzeugungsanlagen in den verschiedenen Spannungsebenen auf den koordinierten Ger\u00e4te- und Anlagenschutz"},"content":{"rendered":"<h2><strong>Aktuelle Situation der Energieversorgung und deren Perspektive<\/strong><\/h2>\n<p>Der stetig wachsende Anteil erneuerbarer Energieanlagen (EEA) an der Energieversorgung ver\u00e4ndert nicht nur die Lastflussrichtung des Energieversorgungsnetzes, sondern auch die Netzstruktur. Bei einer Erzeugungsstruktur mit zentralen Gro\u00dfkraftwerken verl\u00e4uft der Lastfluss von der H\u00f6chst- <abbr title=\"beziehungsweise\">bzw.<\/abbr> Hochspannung \u00fcber die Mittelspannung zu den Verbrauchern auf der Niederspannung. Das H\u00f6chstspannungsnetz bildet das \u00dcbertragungsnetz und die Hoch-, Mittel- sowie Niederspannung verteilen die Energie zu den angeschlossenen Verbrauchern, siehe Bild links. Durch zahlreiche einspeisende EEA auf allen Spannungsebenen kehrt sich der Lastfluss teilweise dauerhaft um. Der Zubau von leistungsstarken Wind- und PV-Parks ist mit einem wirtschaftlich zumutbaren Netzausbau verbunden, woraus sich neue Netzstrukturen ergeben, siehe Bild rechts. Das (n-1)-Kriterium verdeutlicht, dass die Versorgungssicherheit einen hohen Stellenwert bei der Auslegung von Energieversorgungsnetzen hat. Daher muss die Schutztechnik m\u00f6gliche Fehler schnell, sicher und selektiv abschalten, um neben dem Schutz von Sachwerten und Personen die Versorgungssicherheit zu gew\u00e4hrleisten.<\/p>\n<figure id=\"attachment_1717\" aria-describedby=\"caption-attachment-1717\" style=\"width: 676px\" class=\"wp-caption alignnone\"><img loading=\"lazy\" decoding=\"async\" class=\"wp-image-1717\" src=\"https:\/\/www.hsu-hh.de\/ees\/wp-content\/uploads\/sites\/680\/2018\/07\/Abb07-Model-1.jpg\" alt=\"Netzebenen\" width=\"676\" height=\"400\" srcset=\"https:\/\/www.hsu-hh.de\/ees\/wp-content\/uploads\/sites\/680\/2018\/07\/Abb07-Model-1.jpg 2679w, https:\/\/www.hsu-hh.de\/ees\/wp-content\/uploads\/sites\/680\/2018\/07\/Abb07-Model-1-300x178.jpg 300w, https:\/\/www.hsu-hh.de\/ees\/wp-content\/uploads\/sites\/680\/2018\/07\/Abb07-Model-1-768x455.jpg 768w, https:\/\/www.hsu-hh.de\/ees\/wp-content\/uploads\/sites\/680\/2018\/07\/Abb07-Model-1-1024x606.jpg 1024w\" sizes=\"auto, (max-width: 676px) 100vw, 676px\" \/><figcaption id=\"caption-attachment-1717\" class=\"wp-caption-text\">Bild: Neue Problemstellungen durch eine dezentrale Erzeugungsstruktur<\/figcaption><\/figure>\n<p>Schon heute erfordert die Umkehr der Lastflussrichtung eine angepasste Schutztechnik zur selektiven Fehlererkennung. Zus\u00e4tzlich m\u00fcssen Problemstellungen gel\u00f6st werden, die sich abh\u00e4ngig von der zunehmenden dezentralen Erzeugung versch\u00e4rfen und alle Einfluss auf die Dimensionierung der Schutztechnik haben:<\/p>\n<ul>\n<li>sinkender Kurzschlussstrom,<\/li>\n<li>wetterabh\u00e4ngiger Kurzschlussstrom,<\/li>\n<li>kontrollierter Inselnetzbetrieb,<\/li>\n<li>ver\u00e4nderte Netzimpedanz.<\/li>\n<\/ul>\n<p>Die zuvor beschriebenen Problemstellungen erfordern neuartige L\u00f6sungsans\u00e4tze zur sicheren und selektiven Abschaltung von Netzfehlern. Es m\u00fcssen neue Detektionsmethoden entwickelt werden, die unter allen zuvor beschriebenen Randbedingungen sicher zwischen Betriebs- und Fehlerstr\u00f6men unterscheiden k\u00f6nnen. Die Schutztechnik muss sich an die sich \u00e4ndernden Bedingungen anpassen. Daf\u00fcr kann eine schrittweise Adaption der Schutztechnik erforderlich sein, im g\u00fcnstigsten Fall kann man den gesamten Parameterraum durch mehrstufige Schutzsysteme ber\u00fccksichtigen.<\/p>\n<h2>Ansprechpartner:<\/h2>\n<p>Prof. <abbr title=\"Doktor der Ingenieurwissenschaften\">Dr.-Ing.<\/abbr> <abbr title=\"habilitatus\">habil.<\/abbr> Detlef Schulz (<u>Projektleiter<\/u>)<br \/>\nFakult\u00e4t f\u00fcr Elektrotechnik<br \/>\nElektrische Energiesysteme<\/p>\n<h2>Projektpartner:<\/h2>\n<p><a href=\"http:\/\/www.dehn.de\/de\" target=\"_blank\" rel=\"noopener noreferrer\">DEHN <abbr>SE + Co <abbr title=\"Kommanditgesellschaft\">KG<\/abbr><\/abbr><\/a><\/p>\n","protected":false},"excerpt":{"rendered":"<p>Aktuelle Situation der Energieversorgung und deren Perspektive Der stetig wachsende Anteil erneuerbarer Energieanlagen (EEA) an der Energieversorgung ver\u00e4ndert nicht nur die Lastflussrichtung des Energieversorgungsnetzes, sondern auch die Netzstruktur. Bei einer [&hellip;]<\/p>\n","protected":false},"author":57,"featured_media":0,"parent":3518,"menu_order":0,"comment_status":"closed","ping_status":"closed","template":"","meta":{"footnotes":""},"categories":[4,118],"tags":[],"class_list":["post-1105","page","type-page","status-publish","hentry","category-forschung","category-projekte"],"_links":{"self":[{"href":"https:\/\/www.hsu-hh.de\/ees\/wp-json\/wp\/v2\/pages\/1105","targetHints":{"allow":["GET"]}}],"collection":[{"href":"https:\/\/www.hsu-hh.de\/ees\/wp-json\/wp\/v2\/pages"}],"about":[{"href":"https:\/\/www.hsu-hh.de\/ees\/wp-json\/wp\/v2\/types\/page"}],"author":[{"embeddable":true,"href":"https:\/\/www.hsu-hh.de\/ees\/wp-json\/wp\/v2\/users\/57"}],"replies":[{"embeddable":true,"href":"https:\/\/www.hsu-hh.de\/ees\/wp-json\/wp\/v2\/comments?post=1105"}],"version-history":[{"count":18,"href":"https:\/\/www.hsu-hh.de\/ees\/wp-json\/wp\/v2\/pages\/1105\/revisions"}],"predecessor-version":[{"id":4639,"href":"https:\/\/www.hsu-hh.de\/ees\/wp-json\/wp\/v2\/pages\/1105\/revisions\/4639"}],"up":[{"embeddable":true,"href":"https:\/\/www.hsu-hh.de\/ees\/wp-json\/wp\/v2\/pages\/3518"}],"wp:attachment":[{"href":"https:\/\/www.hsu-hh.de\/ees\/wp-json\/wp\/v2\/media?parent=1105"}],"wp:term":[{"taxonomy":"category","embeddable":true,"href":"https:\/\/www.hsu-hh.de\/ees\/wp-json\/wp\/v2\/categories?post=1105"},{"taxonomy":"post_tag","embeddable":true,"href":"https:\/\/www.hsu-hh.de\/ees\/wp-json\/wp\/v2\/tags?post=1105"}],"curies":[{"name":"wp","href":"https:\/\/api.w.org\/{rel}","templated":true}]}}